{"id":18396,"date":"2020-02-17T11:48:56","date_gmt":"2020-02-17T10:48:56","guid":{"rendered":"https:\/\/global-exam.com\/blog\/?page_id=18396"},"modified":"2022-09-16T11:26:13","modified_gmt":"2022-09-16T09:26:13","slug":"ielts","status":"publish","type":"page","link":"https:\/\/global-exam.com\/blog\/es\/examenes\/ielts\/","title":{"rendered":"IELTS"},"content":{"rendered":"<p>IELTS (International English Language Testing System)<\/p>\n<p style=\"text-align: left;\">El IELTS es <strong>un examen reconocido mundialmente<\/strong> como prueba del nivel de ingl\u00e9s de una persona. Eval\u00faa las habilidades de comprensi\u00f3n oral y lectora pero tambi\u00e9n de expresi\u00f3n oral y escrita del candidato.<br \/>\nLa prueba <strong>dura 2 horas y 45 minutos<\/strong> en total. Cada secci\u00f3n es puntuada de <strong>9 puntos<\/strong>, para una puntuaci\u00f3n final de 9 (el promedio de las 4 puntuaciones obtenidas).<\/p>\n<p style=\"text-align: left;\">Hay dos versiones del test: <strong>el IELTS Acad\u00e9mico<\/strong> que mide el nivel de ingl\u00e9s en un entorno acad\u00e9mico, como en una universidad por ejemplo. <strong>El IELTS General Training<\/strong> mide la habilidad del candidato para comunicarse en ingl\u00e9s en la vida diaria.<\/p>\n","protected":false},"excerpt":{"rendered":"<p>IELTS (International English Language Testing System) El IELTS es un examen reconocido mundialmente como prueba del nivel de ingl\u00e9s de una persona. [&hellip;]<\/p>\n","protected":false},"author":24,"featured_media":0,"parent":14852,"menu_order":0,"comment_status":"closed","ping_status":"closed","template":"","meta":[],"acf":[],"yoast_head":"<!-- This site is optimized with the Yoast SEO plugin v17.2.1 - https:\/\/yoast.com\/wordpress\/plugins\/seo\/ -->\n<title>IELTS<\/title>\n<meta name=\"robots\" content=\"index, follow, max-snippet:-1, max-image-preview:large, max-video-preview:-1\" \/>\n<link rel=\"canonical\" href=\"https:\/\/global-exam.com\/blog\/es\/examenes\/ielts\/\" \/>\n<meta property=\"og:locale\" content=\"fr_FR\" \/>\n<meta property=\"og:type\" content=\"article\" \/>\n<meta property=\"og:title\" content=\"IELTS\" \/>\n<meta property=\"og:description\" content=\"IELTS (International English Language Testing System) El IELTS es un examen reconocido mundialmente como prueba del nivel de ingl\u00e9s de una persona. [&hellip;]\" \/>\n<meta property=\"og:url\" content=\"https:\/\/global-exam.com\/blog\/es\/examenes\/ielts\/\" \/>\n<meta property=\"og:site_name\" content=\"GlobalExam Blog\" \/>\n<meta property=\"article:publisher\" content=\"https:\/\/www.facebook.com\/Global.Exam\" \/>\n<meta property=\"article:modified_time\" content=\"2022-09-16T09:26:13+00:00\" \/>\n<meta name=\"twitter:card\" content=\"summary_large_image\" \/>\n<meta name=\"twitter:site\" content=\"@Global_Exam\" \/>\n<meta name=\"twitter:label1\" content=\"Dur\u00e9e de lecture estim\u00e9e\" \/>\n\t<meta name=\"twitter:data1\" content=\"1 minute\" \/>\n<script type=\"application\/ld+json\" class=\"yoast-schema-graph\">{\"@context\":\"https:\/\/schema.org\",\"@graph\":[{\"@type\":\"WebSite\",\"@id\":\"https:\/\/global-exam.com\/blog\/#website\",\"url\":\"https:\/\/global-exam.com\/blog\/\",\"name\":\"GlobalExam Blog\",\"description\":\"Le blog du sp\\u00e9cialiste de la certification linguistique\",\"potentialAction\":[{\"@type\":\"SearchAction\",\"target\":{\"@type\":\"EntryPoint\",\"urlTemplate\":\"https:\/\/global-exam.com\/blog\/?s={search_term_string}\"},\"query-input\":\"required name=search_term_string\"}],\"inLanguage\":\"fr-FR\"},{\"@type\":\"WebPage\",\"@id\":\"https:\/\/global-exam.com\/blog\/es\/examenes\/ielts\/#webpage\",\"url\":\"https:\/\/global-exam.com\/blog\/es\/examenes\/ielts\/\",\"name\":\"IELTS\",\"isPartOf\":{\"@id\":\"https:\/\/global-exam.com\/blog\/#website\"},\"datePublished\":\"2020-02-17T10:48:56+00:00\",\"dateModified\":\"2022-09-16T09:26:13+00:00\",\"breadcrumb\":{\"@id\":\"https:\/\/global-exam.com\/blog\/es\/examenes\/ielts\/#breadcrumb\"},\"inLanguage\":\"fr-FR\",\"potentialAction\":[{\"@type\":\"ReadAction\",\"target\":[\"https:\/\/global-exam.com\/blog\/es\/examenes\/ielts\/\"]}]},{\"@type\":\"BreadcrumbList\",\"@id\":\"https:\/\/global-exam.com\/blog\/es\/examenes\/ielts\/#breadcrumb\",\"itemListElement\":[{\"@type\":\"ListItem\",\"position\":1,\"name\":\"Ex\\u00e1menes de idioma\",\"item\":\"https:\/\/global-exam.com\/blog\/es\/examenes\/\"},{\"@type\":\"ListItem\",\"position\":2,\"name\":\"IELTS\"}]}]}<\/script>\n<!-- \/ Yoast SEO plugin. -->","yoast_head_json":{"title":"IELTS","robots":{"index":"index","follow":"follow","max-snippet":"max-snippet:-1","max-image-preview":"max-image-preview:large","max-video-preview":"max-video-preview:-1"},"canonical":"https:\/\/global-exam.com\/blog\/es\/examenes\/ielts\/","og_locale":"fr_FR","og_type":"article","og_title":"IELTS","og_description":"IELTS (International English Language Testing System) El IELTS es un examen reconocido mundialmente como prueba del nivel de ingl\u00e9s de una persona. [&hellip;]","og_url":"https:\/\/global-exam.com\/blog\/es\/examenes\/ielts\/","og_site_name":"GlobalExam Blog","article_publisher":"https:\/\/www.facebook.com\/Global.Exam","article_modified_time":"2022-09-16T09:26:13+00:00","twitter_card":"summary_large_image","twitter_site":"@Global_Exam","twitter_misc":{"Dur\u00e9e de lecture estim\u00e9e":"1 minute"},"schema":{"@context":"https:\/\/schema.org","@graph":[{"@type":"WebSite","@id":"https:\/\/global-exam.com\/blog\/#website","url":"https:\/\/global-exam.com\/blog\/","name":"GlobalExam Blog","description":"Le blog du sp\u00e9cialiste de la certification linguistique","potentialAction":[{"@type":"SearchAction","target":{"@type":"EntryPoint","urlTemplate":"https:\/\/global-exam.com\/blog\/?s={search_term_string}"},"query-input":"required name=search_term_string"}],"inLanguage":"fr-FR"},{"@type":"WebPage","@id":"https:\/\/global-exam.com\/blog\/es\/examenes\/ielts\/#webpage","url":"https:\/\/global-exam.com\/blog\/es\/examenes\/ielts\/","name":"IELTS","isPartOf":{"@id":"https:\/\/global-exam.com\/blog\/#website"},"datePublished":"2020-02-17T10:48:56+00:00","dateModified":"2022-09-16T09:26:13+00:00","breadcrumb":{"@id":"https:\/\/global-exam.com\/blog\/es\/examenes\/ielts\/#breadcrumb"},"inLanguage":"fr-FR","potentialAction":[{"@type":"ReadAction","target":["https:\/\/global-exam.com\/blog\/es\/examenes\/ielts\/"]}]},{"@type":"BreadcrumbList","@id":"https:\/\/global-exam.com\/blog\/es\/examenes\/ielts\/#breadcrumb","itemListElement":[{"@type":"ListItem","position":1,"name":"Ex\u00e1menes de idioma","item":"https:\/\/global-exam.com\/blog\/es\/examenes\/"},{"@type":"ListItem","position":2,"name":"IELTS"}]}]}},"lang":"es","translations":{"en":3120,"fr":2851,"es":18396,"pt":19567,"ja":19613,"zh":19651,"de":20133,"it":21133,"ko":21182,"id":22168,"th":22296,"vi":22324},"pll_sync_post":[],"_links":{"self":[{"href":"https:\/\/global-exam.com\/blog\/wp-json\/wp\/v2\/pages\/18396"}],"collection":[{"href":"https:\/\/global-exam.com\/blog\/wp-json\/wp\/v2\/pages"}],"about":[{"href":"https:\/\/global-exam.com\/blog\/wp-json\/wp\/v2\/types\/page"}],"author":[{"embeddable":true,"href":"https:\/\/global-exam.com\/blog\/wp-json\/wp\/v2\/users\/24"}],"replies":[{"embeddable":true,"href":"https:\/\/global-exam.com\/blog\/wp-json\/wp\/v2\/comments?post=18396"}],"version-history":[{"count":12,"href":"https:\/\/global-exam.com\/blog\/wp-json\/wp\/v2\/pages\/18396\/revisions"}],"predecessor-version":[{"id":79511,"href":"https:\/\/global-exam.com\/blog\/wp-json\/wp\/v2\/pages\/18396\/revisions\/79511"}],"up":[{"embeddable":true,"href":"https:\/\/global-exam.com\/blog\/wp-json\/wp\/v2\/pages\/14852"}],"wp:attachment":[{"href":"https:\/\/global-exam.com\/blog\/wp-json\/wp\/v2\/media?parent=18396"}],"curies":[{"name":"wp","href":"https:\/\/api.w.org\/{rel}","templated":true}]}}