{"id":18625,"date":"2020-02-19T14:49:19","date_gmt":"2020-02-19T13:49:19","guid":{"rendered":"https:\/\/global-exam.com\/blog\/?page_id=18625"},"modified":"2022-06-27T17:27:42","modified_gmt":"2022-06-27T15:27:42","slug":"bright-english","status":"publish","type":"page","link":"https:\/\/global-exam.com\/blog\/es\/examenes\/bright-english\/","title":{"rendered":"BRIGHT English"},"content":{"rendered":"<p>BRIGHT English<\/p>\n<p style=\"text-align: center;\">Eval\u00faa tus habilidades profesionales en ingl\u00e9s<\/p>\n<p style=\"text-align: center;\"><strong>Bright English<\/strong> es un examen de ingl\u00e9s que <strong>eval\u00faa el nivel de idioma<\/strong> de los empleados o estudiantes de todo el mundo. Se puede tomar en l\u00ednea y dura una hora.<\/p>\n<p style=\"text-align: center;\">La prueba consta de <strong>dos secciones<\/strong>: Listening and Reading. Cada secci\u00f3n dura 30 minutos y consta de 60 preguntas, para un total de 120 preguntas. <strong>La puntuaci\u00f3n va de 0 a 5.<\/strong><\/p>\n","protected":false},"excerpt":{"rendered":"<p>BRIGHT English Eval\u00faa tus habilidades profesionales en ingl\u00e9s Bright English es un examen de ingl\u00e9s que eval\u00faa el nivel de idioma de [&hellip;]<\/p>\n","protected":false},"author":2,"featured_media":0,"parent":14852,"menu_order":0,"comment_status":"closed","ping_status":"closed","template":"","meta":[],"acf":[],"yoast_head":"<!-- This site is optimized with the Yoast SEO plugin v17.2.1 - https:\/\/yoast.com\/wordpress\/plugins\/seo\/ -->\n<title>BRIGHT English<\/title>\n<meta name=\"robots\" content=\"index, follow, max-snippet:-1, max-image-preview:large, max-video-preview:-1\" \/>\n<link rel=\"canonical\" href=\"https:\/\/global-exam.com\/blog\/es\/examenes\/bright-english\/\" \/>\n<meta property=\"og:locale\" content=\"fr_FR\" \/>\n<meta property=\"og:type\" content=\"article\" \/>\n<meta property=\"og:title\" content=\"BRIGHT English\" \/>\n<meta property=\"og:description\" content=\"BRIGHT English Eval\u00faa tus habilidades profesionales en ingl\u00e9s Bright English es un examen de ingl\u00e9s que eval\u00faa el nivel de idioma de [&hellip;]\" \/>\n<meta property=\"og:url\" content=\"https:\/\/global-exam.com\/blog\/es\/examenes\/bright-english\/\" \/>\n<meta property=\"og:site_name\" content=\"GlobalExam Blog\" \/>\n<meta property=\"article:publisher\" content=\"https:\/\/www.facebook.com\/Global.Exam\" \/>\n<meta property=\"article:modified_time\" content=\"2022-06-27T15:27:42+00:00\" \/>\n<meta name=\"twitter:card\" content=\"summary_large_image\" \/>\n<meta name=\"twitter:site\" content=\"@Global_Exam\" \/>\n<script type=\"application\/ld+json\" class=\"yoast-schema-graph\">{\"@context\":\"https:\/\/schema.org\",\"@graph\":[{\"@type\":\"WebSite\",\"@id\":\"https:\/\/global-exam.com\/blog\/#website\",\"url\":\"https:\/\/global-exam.com\/blog\/\",\"name\":\"GlobalExam Blog\",\"description\":\"Le blog du sp\\u00e9cialiste de la certification linguistique\",\"potentialAction\":[{\"@type\":\"SearchAction\",\"target\":{\"@type\":\"EntryPoint\",\"urlTemplate\":\"https:\/\/global-exam.com\/blog\/?s={search_term_string}\"},\"query-input\":\"required name=search_term_string\"}],\"inLanguage\":\"fr-FR\"},{\"@type\":\"WebPage\",\"@id\":\"https:\/\/global-exam.com\/blog\/es\/examenes\/bright-english\/#webpage\",\"url\":\"https:\/\/global-exam.com\/blog\/es\/examenes\/bright-english\/\",\"name\":\"BRIGHT English\",\"isPartOf\":{\"@id\":\"https:\/\/global-exam.com\/blog\/#website\"},\"datePublished\":\"2020-02-19T13:49:19+00:00\",\"dateModified\":\"2022-06-27T15:27:42+00:00\",\"breadcrumb\":{\"@id\":\"https:\/\/global-exam.com\/blog\/es\/examenes\/bright-english\/#breadcrumb\"},\"inLanguage\":\"fr-FR\",\"potentialAction\":[{\"@type\":\"ReadAction\",\"target\":[\"https:\/\/global-exam.com\/blog\/es\/examenes\/bright-english\/\"]}]},{\"@type\":\"BreadcrumbList\",\"@id\":\"https:\/\/global-exam.com\/blog\/es\/examenes\/bright-english\/#breadcrumb\",\"itemListElement\":[{\"@type\":\"ListItem\",\"position\":1,\"name\":\"Ex\\u00e1menes de idioma\",\"item\":\"https:\/\/global-exam.com\/blog\/es\/examenes\/\"},{\"@type\":\"ListItem\",\"position\":2,\"name\":\"BRIGHT English\"}]}]}<\/script>\n<!-- \/ Yoast SEO plugin. -->","yoast_head_json":{"title":"BRIGHT English","robots":{"index":"index","follow":"follow","max-snippet":"max-snippet:-1","max-image-preview":"max-image-preview:large","max-video-preview":"max-video-preview:-1"},"canonical":"https:\/\/global-exam.com\/blog\/es\/examenes\/bright-english\/","og_locale":"fr_FR","og_type":"article","og_title":"BRIGHT English","og_description":"BRIGHT English Eval\u00faa tus habilidades profesionales en ingl\u00e9s Bright English es un examen de ingl\u00e9s que eval\u00faa el nivel de idioma de [&hellip;]","og_url":"https:\/\/global-exam.com\/blog\/es\/examenes\/bright-english\/","og_site_name":"GlobalExam Blog","article_publisher":"https:\/\/www.facebook.com\/Global.Exam","article_modified_time":"2022-06-27T15:27:42+00:00","twitter_card":"summary_large_image","twitter_site":"@Global_Exam","schema":{"@context":"https:\/\/schema.org","@graph":[{"@type":"WebSite","@id":"https:\/\/global-exam.com\/blog\/#website","url":"https:\/\/global-exam.com\/blog\/","name":"GlobalExam Blog","description":"Le blog du sp\u00e9cialiste de la certification linguistique","potentialAction":[{"@type":"SearchAction","target":{"@type":"EntryPoint","urlTemplate":"https:\/\/global-exam.com\/blog\/?s={search_term_string}"},"query-input":"required name=search_term_string"}],"inLanguage":"fr-FR"},{"@type":"WebPage","@id":"https:\/\/global-exam.com\/blog\/es\/examenes\/bright-english\/#webpage","url":"https:\/\/global-exam.com\/blog\/es\/examenes\/bright-english\/","name":"BRIGHT English","isPartOf":{"@id":"https:\/\/global-exam.com\/blog\/#website"},"datePublished":"2020-02-19T13:49:19+00:00","dateModified":"2022-06-27T15:27:42+00:00","breadcrumb":{"@id":"https:\/\/global-exam.com\/blog\/es\/examenes\/bright-english\/#breadcrumb"},"inLanguage":"fr-FR","potentialAction":[{"@type":"ReadAction","target":["https:\/\/global-exam.com\/blog\/es\/examenes\/bright-english\/"]}]},{"@type":"BreadcrumbList","@id":"https:\/\/global-exam.com\/blog\/es\/examenes\/bright-english\/#breadcrumb","itemListElement":[{"@type":"ListItem","position":1,"name":"Ex\u00e1menes de idioma","item":"https:\/\/global-exam.com\/blog\/es\/examenes\/"},{"@type":"ListItem","position":2,"name":"BRIGHT English"}]}]}},"lang":"es","translations":{"en":3116,"fr":2847,"es":18625},"pll_sync_post":[],"_links":{"self":[{"href":"https:\/\/global-exam.com\/blog\/wp-json\/wp\/v2\/pages\/18625"}],"collection":[{"href":"https:\/\/global-exam.com\/blog\/wp-json\/wp\/v2\/pages"}],"about":[{"href":"https:\/\/global-exam.com\/blog\/wp-json\/wp\/v2\/types\/page"}],"author":[{"embeddable":true,"href":"https:\/\/global-exam.com\/blog\/wp-json\/wp\/v2\/users\/2"}],"replies":[{"embeddable":true,"href":"https:\/\/global-exam.com\/blog\/wp-json\/wp\/v2\/comments?post=18625"}],"version-history":[{"count":8,"href":"https:\/\/global-exam.com\/blog\/wp-json\/wp\/v2\/pages\/18625\/revisions"}],"predecessor-version":[{"id":76942,"href":"https:\/\/global-exam.com\/blog\/wp-json\/wp\/v2\/pages\/18625\/revisions\/76942"}],"up":[{"embeddable":true,"href":"https:\/\/global-exam.com\/blog\/wp-json\/wp\/v2\/pages\/14852"}],"wp:attachment":[{"href":"https:\/\/global-exam.com\/blog\/wp-json\/wp\/v2\/media?parent=18625"}],"curies":[{"name":"wp","href":"https:\/\/api.w.org\/{rel}","templated":true}]}}