{"id":18655,"date":"2020-02-19T15:28:58","date_gmt":"2020-02-19T14:28:58","guid":{"rendered":"https:\/\/global-exam.com\/blog\/?page_id=18655"},"modified":"2022-06-27T17:27:40","modified_gmt":"2022-06-27T15:27:40","slug":"bright-deutsch","status":"publish","type":"page","link":"https:\/\/global-exam.com\/blog\/es\/examenes\/bright-deutsch\/","title":{"rendered":"BRIGHT Deutsch"},"content":{"rendered":"<p>BRIGHT Deutsch<\/p>\n<p style=\"text-align: center;\">Eval\u00faa tus habilidades profesionales en alem\u00e1n<\/p>\n<p style=\"text-align: center;\">El <strong>BRIGHT Deutsch<\/strong> es un test estandarizado utilizado por empresas de m\u00e1s de 80 pa\u00edses para evaluar las habilidades de sus empleados en el idioma en cuesti\u00f3n. Tambi\u00e9n es muy solicitado por los candidatos durante<strong> un proceso de contrataci\u00f3n<\/strong>, con el fin de certificar un cierto nivel de competencia.<\/p>\n<p style=\"text-align: center;\">El BRIGHT Deutsch eval\u00faa las <strong>habilidades de comprensi\u00f3n escrita y oral<\/strong>. La prueba dura una hora. Hay 60 preguntas por secci\u00f3n, 120 preguntas en total. La certificaci\u00f3n otorga<strong> una puntuaci\u00f3n de 5 puntos<\/strong> con una equivalencia de nivel en la escala del MCER, que va del nivel A1 hasta el C2.<\/p>\n","protected":false},"excerpt":{"rendered":"<p>BRIGHT Deutsch Eval\u00faa tus habilidades profesionales en alem\u00e1n El BRIGHT Deutsch es un test estandarizado utilizado por empresas de m\u00e1s de 80 [&hellip;]<\/p>\n","protected":false},"author":2,"featured_media":0,"parent":14852,"menu_order":0,"comment_status":"closed","ping_status":"closed","template":"","meta":[],"acf":[],"yoast_head":"<!-- This site is optimized with the Yoast SEO plugin v17.2.1 - https:\/\/yoast.com\/wordpress\/plugins\/seo\/ -->\n<title>BRIGHT Deutsch<\/title>\n<meta name=\"robots\" content=\"index, follow, max-snippet:-1, max-image-preview:large, max-video-preview:-1\" \/>\n<link rel=\"canonical\" href=\"https:\/\/global-exam.com\/blog\/es\/examenes\/bright-deutsch\/\" \/>\n<meta property=\"og:locale\" content=\"fr_FR\" \/>\n<meta property=\"og:type\" content=\"article\" \/>\n<meta property=\"og:title\" content=\"BRIGHT Deutsch\" \/>\n<meta property=\"og:description\" content=\"BRIGHT Deutsch Eval\u00faa tus habilidades profesionales en alem\u00e1n El BRIGHT Deutsch es un test estandarizado utilizado por empresas de m\u00e1s de 80 [&hellip;]\" \/>\n<meta property=\"og:url\" content=\"https:\/\/global-exam.com\/blog\/es\/examenes\/bright-deutsch\/\" \/>\n<meta property=\"og:site_name\" content=\"GlobalExam Blog\" \/>\n<meta property=\"article:publisher\" content=\"https:\/\/www.facebook.com\/Global.Exam\" \/>\n<meta property=\"article:modified_time\" content=\"2022-06-27T15:27:40+00:00\" \/>\n<meta name=\"twitter:card\" content=\"summary_large_image\" \/>\n<meta name=\"twitter:site\" content=\"@Global_Exam\" \/>\n<meta name=\"twitter:label1\" content=\"Dur\u00e9e de lecture estim\u00e9e\" \/>\n\t<meta name=\"twitter:data1\" content=\"1 minute\" \/>\n<script type=\"application\/ld+json\" class=\"yoast-schema-graph\">{\"@context\":\"https:\/\/schema.org\",\"@graph\":[{\"@type\":\"WebSite\",\"@id\":\"https:\/\/global-exam.com\/blog\/#website\",\"url\":\"https:\/\/global-exam.com\/blog\/\",\"name\":\"GlobalExam Blog\",\"description\":\"Le blog du sp\\u00e9cialiste de la certification linguistique\",\"potentialAction\":[{\"@type\":\"SearchAction\",\"target\":{\"@type\":\"EntryPoint\",\"urlTemplate\":\"https:\/\/global-exam.com\/blog\/?s={search_term_string}\"},\"query-input\":\"required name=search_term_string\"}],\"inLanguage\":\"fr-FR\"},{\"@type\":\"WebPage\",\"@id\":\"https:\/\/global-exam.com\/blog\/es\/examenes\/bright-deutsch\/#webpage\",\"url\":\"https:\/\/global-exam.com\/blog\/es\/examenes\/bright-deutsch\/\",\"name\":\"BRIGHT Deutsch\",\"isPartOf\":{\"@id\":\"https:\/\/global-exam.com\/blog\/#website\"},\"datePublished\":\"2020-02-19T14:28:58+00:00\",\"dateModified\":\"2022-06-27T15:27:40+00:00\",\"breadcrumb\":{\"@id\":\"https:\/\/global-exam.com\/blog\/es\/examenes\/bright-deutsch\/#breadcrumb\"},\"inLanguage\":\"fr-FR\",\"potentialAction\":[{\"@type\":\"ReadAction\",\"target\":[\"https:\/\/global-exam.com\/blog\/es\/examenes\/bright-deutsch\/\"]}]},{\"@type\":\"BreadcrumbList\",\"@id\":\"https:\/\/global-exam.com\/blog\/es\/examenes\/bright-deutsch\/#breadcrumb\",\"itemListElement\":[{\"@type\":\"ListItem\",\"position\":1,\"name\":\"Ex\\u00e1menes de idioma\",\"item\":\"https:\/\/global-exam.com\/blog\/es\/examenes\/\"},{\"@type\":\"ListItem\",\"position\":2,\"name\":\"BRIGHT Deutsch\"}]}]}<\/script>\n<!-- \/ Yoast SEO plugin. -->","yoast_head_json":{"title":"BRIGHT Deutsch","robots":{"index":"index","follow":"follow","max-snippet":"max-snippet:-1","max-image-preview":"max-image-preview:large","max-video-preview":"max-video-preview:-1"},"canonical":"https:\/\/global-exam.com\/blog\/es\/examenes\/bright-deutsch\/","og_locale":"fr_FR","og_type":"article","og_title":"BRIGHT Deutsch","og_description":"BRIGHT Deutsch Eval\u00faa tus habilidades profesionales en alem\u00e1n El BRIGHT Deutsch es un test estandarizado utilizado por empresas de m\u00e1s de 80 [&hellip;]","og_url":"https:\/\/global-exam.com\/blog\/es\/examenes\/bright-deutsch\/","og_site_name":"GlobalExam Blog","article_publisher":"https:\/\/www.facebook.com\/Global.Exam","article_modified_time":"2022-06-27T15:27:40+00:00","twitter_card":"summary_large_image","twitter_site":"@Global_Exam","twitter_misc":{"Dur\u00e9e de lecture estim\u00e9e":"1 minute"},"schema":{"@context":"https:\/\/schema.org","@graph":[{"@type":"WebSite","@id":"https:\/\/global-exam.com\/blog\/#website","url":"https:\/\/global-exam.com\/blog\/","name":"GlobalExam Blog","description":"Le blog du sp\u00e9cialiste de la certification linguistique","potentialAction":[{"@type":"SearchAction","target":{"@type":"EntryPoint","urlTemplate":"https:\/\/global-exam.com\/blog\/?s={search_term_string}"},"query-input":"required name=search_term_string"}],"inLanguage":"fr-FR"},{"@type":"WebPage","@id":"https:\/\/global-exam.com\/blog\/es\/examenes\/bright-deutsch\/#webpage","url":"https:\/\/global-exam.com\/blog\/es\/examenes\/bright-deutsch\/","name":"BRIGHT Deutsch","isPartOf":{"@id":"https:\/\/global-exam.com\/blog\/#website"},"datePublished":"2020-02-19T14:28:58+00:00","dateModified":"2022-06-27T15:27:40+00:00","breadcrumb":{"@id":"https:\/\/global-exam.com\/blog\/es\/examenes\/bright-deutsch\/#breadcrumb"},"inLanguage":"fr-FR","potentialAction":[{"@type":"ReadAction","target":["https:\/\/global-exam.com\/blog\/es\/examenes\/bright-deutsch\/"]}]},{"@type":"BreadcrumbList","@id":"https:\/\/global-exam.com\/blog\/es\/examenes\/bright-deutsch\/#breadcrumb","itemListElement":[{"@type":"ListItem","position":1,"name":"Ex\u00e1menes de idioma","item":"https:\/\/global-exam.com\/blog\/es\/examenes\/"},{"@type":"ListItem","position":2,"name":"BRIGHT Deutsch"}]}]}},"lang":"es","translations":{"es":18655},"pll_sync_post":[],"_links":{"self":[{"href":"https:\/\/global-exam.com\/blog\/wp-json\/wp\/v2\/pages\/18655"}],"collection":[{"href":"https:\/\/global-exam.com\/blog\/wp-json\/wp\/v2\/pages"}],"about":[{"href":"https:\/\/global-exam.com\/blog\/wp-json\/wp\/v2\/types\/page"}],"author":[{"embeddable":true,"href":"https:\/\/global-exam.com\/blog\/wp-json\/wp\/v2\/users\/2"}],"replies":[{"embeddable":true,"href":"https:\/\/global-exam.com\/blog\/wp-json\/wp\/v2\/comments?post=18655"}],"version-history":[{"count":7,"href":"https:\/\/global-exam.com\/blog\/wp-json\/wp\/v2\/pages\/18655\/revisions"}],"predecessor-version":[{"id":76940,"href":"https:\/\/global-exam.com\/blog\/wp-json\/wp\/v2\/pages\/18655\/revisions\/76940"}],"up":[{"embeddable":true,"href":"https:\/\/global-exam.com\/blog\/wp-json\/wp\/v2\/pages\/14852"}],"wp:attachment":[{"href":"https:\/\/global-exam.com\/blog\/wp-json\/wp\/v2\/media?parent=18655"}],"curies":[{"name":"wp","href":"https:\/\/api.w.org\/{rel}","templated":true}]}}