{"id":18688,"date":"2020-02-19T16:40:47","date_gmt":"2020-02-19T15:40:47","guid":{"rendered":"https:\/\/global-exam.com\/blog\/?page_id=18688"},"modified":"2022-06-27T17:27:39","modified_gmt":"2022-06-27T15:27:39","slug":"widaf","status":"publish","type":"page","link":"https:\/\/global-exam.com\/blog\/es\/examenes\/widaf\/","title":{"rendered":"WiDaF"},"content":{"rendered":"<p>WiDaF<\/p>\n<p style=\"text-align: center;\">Deutsch als Fremdsprache in der Wirtschaft<\/p>\n<p style=\"text-align: center;\">El WiDaF es un test que <strong>mide tu nivel de alem\u00e1n<\/strong> en un contexto profesional. Las empresas suelen utilizar esta prueba para fines de contrataci\u00f3n o para medir los progresos realizados tras la capacitaci\u00f3n de sus empleados.<\/p>\n<p style=\"text-align: center;\">Consta de <strong>150 preguntas de opci\u00f3n m\u00faltiple<\/strong> y est\u00e1 dividida en dos partes con una duraci\u00f3n total de unas tres horas. La prueba tiene una puntuaci\u00f3n de 0 a 990, y proporciona un nivel equivalente en la escala del MCER con una descripci\u00f3n de las competencias.<\/p>\n","protected":false},"excerpt":{"rendered":"<p>WiDaF Deutsch als Fremdsprache in der Wirtschaft El WiDaF es un test que mide tu nivel de alem\u00e1n en un contexto profesional. [&hellip;]<\/p>\n","protected":false},"author":2,"featured_media":0,"parent":14852,"menu_order":0,"comment_status":"closed","ping_status":"closed","template":"","meta":[],"acf":[],"yoast_head":"<!-- This site is optimized with the Yoast SEO plugin v17.2.1 - https:\/\/yoast.com\/wordpress\/plugins\/seo\/ -->\n<title>WiDaF<\/title>\n<meta name=\"robots\" content=\"index, follow, max-snippet:-1, max-image-preview:large, max-video-preview:-1\" \/>\n<link rel=\"canonical\" href=\"https:\/\/global-exam.com\/blog\/es\/examenes\/widaf\/\" \/>\n<meta property=\"og:locale\" content=\"fr_FR\" \/>\n<meta property=\"og:type\" content=\"article\" \/>\n<meta property=\"og:title\" content=\"WiDaF\" \/>\n<meta property=\"og:description\" content=\"WiDaF Deutsch als Fremdsprache in der Wirtschaft El WiDaF es un test que mide tu nivel de alem\u00e1n en un contexto profesional. [&hellip;]\" \/>\n<meta property=\"og:url\" content=\"https:\/\/global-exam.com\/blog\/es\/examenes\/widaf\/\" \/>\n<meta property=\"og:site_name\" content=\"GlobalExam Blog\" \/>\n<meta property=\"article:publisher\" content=\"https:\/\/www.facebook.com\/Global.Exam\" \/>\n<meta property=\"article:modified_time\" content=\"2022-06-27T15:27:39+00:00\" \/>\n<meta name=\"twitter:card\" content=\"summary_large_image\" \/>\n<meta name=\"twitter:site\" content=\"@Global_Exam\" \/>\n<script type=\"application\/ld+json\" class=\"yoast-schema-graph\">{\"@context\":\"https:\/\/schema.org\",\"@graph\":[{\"@type\":\"WebSite\",\"@id\":\"https:\/\/global-exam.com\/blog\/#website\",\"url\":\"https:\/\/global-exam.com\/blog\/\",\"name\":\"GlobalExam Blog\",\"description\":\"Le blog du sp\\u00e9cialiste de la certification linguistique\",\"potentialAction\":[{\"@type\":\"SearchAction\",\"target\":{\"@type\":\"EntryPoint\",\"urlTemplate\":\"https:\/\/global-exam.com\/blog\/?s={search_term_string}\"},\"query-input\":\"required name=search_term_string\"}],\"inLanguage\":\"fr-FR\"},{\"@type\":\"WebPage\",\"@id\":\"https:\/\/global-exam.com\/blog\/es\/examenes\/widaf\/#webpage\",\"url\":\"https:\/\/global-exam.com\/blog\/es\/examenes\/widaf\/\",\"name\":\"WiDaF\",\"isPartOf\":{\"@id\":\"https:\/\/global-exam.com\/blog\/#website\"},\"datePublished\":\"2020-02-19T15:40:47+00:00\",\"dateModified\":\"2022-06-27T15:27:39+00:00\",\"breadcrumb\":{\"@id\":\"https:\/\/global-exam.com\/blog\/es\/examenes\/widaf\/#breadcrumb\"},\"inLanguage\":\"fr-FR\",\"potentialAction\":[{\"@type\":\"ReadAction\",\"target\":[\"https:\/\/global-exam.com\/blog\/es\/examenes\/widaf\/\"]}]},{\"@type\":\"BreadcrumbList\",\"@id\":\"https:\/\/global-exam.com\/blog\/es\/examenes\/widaf\/#breadcrumb\",\"itemListElement\":[{\"@type\":\"ListItem\",\"position\":1,\"name\":\"Ex\\u00e1menes de idioma\",\"item\":\"https:\/\/global-exam.com\/blog\/es\/examenes\/\"},{\"@type\":\"ListItem\",\"position\":2,\"name\":\"WiDaF\"}]}]}<\/script>\n<!-- \/ Yoast SEO plugin. -->","yoast_head_json":{"title":"WiDaF","robots":{"index":"index","follow":"follow","max-snippet":"max-snippet:-1","max-image-preview":"max-image-preview:large","max-video-preview":"max-video-preview:-1"},"canonical":"https:\/\/global-exam.com\/blog\/es\/examenes\/widaf\/","og_locale":"fr_FR","og_type":"article","og_title":"WiDaF","og_description":"WiDaF Deutsch als Fremdsprache in der Wirtschaft El WiDaF es un test que mide tu nivel de alem\u00e1n en un contexto profesional. [&hellip;]","og_url":"https:\/\/global-exam.com\/blog\/es\/examenes\/widaf\/","og_site_name":"GlobalExam Blog","article_publisher":"https:\/\/www.facebook.com\/Global.Exam","article_modified_time":"2022-06-27T15:27:39+00:00","twitter_card":"summary_large_image","twitter_site":"@Global_Exam","schema":{"@context":"https:\/\/schema.org","@graph":[{"@type":"WebSite","@id":"https:\/\/global-exam.com\/blog\/#website","url":"https:\/\/global-exam.com\/blog\/","name":"GlobalExam Blog","description":"Le blog du sp\u00e9cialiste de la certification linguistique","potentialAction":[{"@type":"SearchAction","target":{"@type":"EntryPoint","urlTemplate":"https:\/\/global-exam.com\/blog\/?s={search_term_string}"},"query-input":"required name=search_term_string"}],"inLanguage":"fr-FR"},{"@type":"WebPage","@id":"https:\/\/global-exam.com\/blog\/es\/examenes\/widaf\/#webpage","url":"https:\/\/global-exam.com\/blog\/es\/examenes\/widaf\/","name":"WiDaF","isPartOf":{"@id":"https:\/\/global-exam.com\/blog\/#website"},"datePublished":"2020-02-19T15:40:47+00:00","dateModified":"2022-06-27T15:27:39+00:00","breadcrumb":{"@id":"https:\/\/global-exam.com\/blog\/es\/examenes\/widaf\/#breadcrumb"},"inLanguage":"fr-FR","potentialAction":[{"@type":"ReadAction","target":["https:\/\/global-exam.com\/blog\/es\/examenes\/widaf\/"]}]},{"@type":"BreadcrumbList","@id":"https:\/\/global-exam.com\/blog\/es\/examenes\/widaf\/#breadcrumb","itemListElement":[{"@type":"ListItem","position":1,"name":"Ex\u00e1menes de idioma","item":"https:\/\/global-exam.com\/blog\/es\/examenes\/"},{"@type":"ListItem","position":2,"name":"WiDaF"}]}]}},"lang":"es","translations":{"fr":2867,"es":18688,"en":3142},"pll_sync_post":[],"_links":{"self":[{"href":"https:\/\/global-exam.com\/blog\/wp-json\/wp\/v2\/pages\/18688"}],"collection":[{"href":"https:\/\/global-exam.com\/blog\/wp-json\/wp\/v2\/pages"}],"about":[{"href":"https:\/\/global-exam.com\/blog\/wp-json\/wp\/v2\/types\/page"}],"author":[{"embeddable":true,"href":"https:\/\/global-exam.com\/blog\/wp-json\/wp\/v2\/users\/2"}],"replies":[{"embeddable":true,"href":"https:\/\/global-exam.com\/blog\/wp-json\/wp\/v2\/comments?post=18688"}],"version-history":[{"count":6,"href":"https:\/\/global-exam.com\/blog\/wp-json\/wp\/v2\/pages\/18688\/revisions"}],"predecessor-version":[{"id":76938,"href":"https:\/\/global-exam.com\/blog\/wp-json\/wp\/v2\/pages\/18688\/revisions\/76938"}],"up":[{"embeddable":true,"href":"https:\/\/global-exam.com\/blog\/wp-json\/wp\/v2\/pages\/14852"}],"wp:attachment":[{"href":"https:\/\/global-exam.com\/blog\/wp-json\/wp\/v2\/media?parent=18688"}],"curies":[{"name":"wp","href":"https:\/\/api.w.org\/{rel}","templated":true}]}}