{"id":18699,"date":"2020-02-19T16:53:53","date_gmt":"2020-02-19T15:53:53","guid":{"rendered":"https:\/\/global-exam.com\/blog\/?page_id=18699"},"modified":"2022-06-27T17:27:38","modified_gmt":"2022-06-27T15:27:38","slug":"hsk","status":"publish","type":"page","link":"https:\/\/global-exam.com\/blog\/es\/examenes\/hsk\/","title":{"rendered":"HSK"},"content":{"rendered":"<p>HSK<\/p>\n<p style=\"text-align: center;\">Hanyu Shuiping Kaoshi<\/p>\n<p style=\"text-align: center;\">El HSK es una <strong>prueba estandarizada de chino mandar\u00edn<\/strong> para los que no hablan chino como lengua materna. Eval\u00faa la habilidad de los candidatos para usar el idioma en la vida diaria. La prueba consta de <strong>una parte escrita y otra oral.<\/strong><\/p>\n<p style=\"text-align: center;\"><strong>El HSK est\u00e1 dividido en 6 niveles<\/strong>: el HSK 1 es el examen para principiantes y el HSK 6 para avanzados. Se requiere el conocimiento de los caracteres chinos para tomar el examen. Despu\u00e9s del examen se env\u00eda un certificado con el resultado, que <strong>ser\u00e1 v\u00e1lido por 2 a\u00f1os<\/strong>.<\/p>\n","protected":false},"excerpt":{"rendered":"<p>HSK Hanyu Shuiping Kaoshi El HSK es una prueba estandarizada de chino mandar\u00edn para los que no hablan chino como lengua materna. [&hellip;]<\/p>\n","protected":false},"author":2,"featured_media":0,"parent":14852,"menu_order":0,"comment_status":"closed","ping_status":"closed","template":"","meta":[],"acf":[],"yoast_head":"<!-- This site is optimized with the Yoast SEO plugin v17.2.1 - https:\/\/yoast.com\/wordpress\/plugins\/seo\/ -->\n<title>HSK<\/title>\n<meta name=\"robots\" content=\"index, follow, max-snippet:-1, max-image-preview:large, max-video-preview:-1\" \/>\n<link rel=\"canonical\" href=\"https:\/\/global-exam.com\/blog\/es\/examenes\/hsk\/\" \/>\n<meta property=\"og:locale\" content=\"fr_FR\" \/>\n<meta property=\"og:type\" content=\"article\" \/>\n<meta property=\"og:title\" content=\"HSK\" \/>\n<meta property=\"og:description\" content=\"HSK Hanyu Shuiping Kaoshi El HSK es una prueba estandarizada de chino mandar\u00edn para los que no hablan chino como lengua materna. [&hellip;]\" \/>\n<meta property=\"og:url\" content=\"https:\/\/global-exam.com\/blog\/es\/examenes\/hsk\/\" \/>\n<meta property=\"og:site_name\" content=\"GlobalExam Blog\" \/>\n<meta property=\"article:publisher\" content=\"https:\/\/www.facebook.com\/Global.Exam\" \/>\n<meta property=\"article:modified_time\" content=\"2022-06-27T15:27:38+00:00\" \/>\n<meta name=\"twitter:card\" content=\"summary_large_image\" \/>\n<meta name=\"twitter:site\" content=\"@Global_Exam\" \/>\n<script type=\"application\/ld+json\" class=\"yoast-schema-graph\">{\"@context\":\"https:\/\/schema.org\",\"@graph\":[{\"@type\":\"WebSite\",\"@id\":\"https:\/\/global-exam.com\/blog\/#website\",\"url\":\"https:\/\/global-exam.com\/blog\/\",\"name\":\"GlobalExam Blog\",\"description\":\"Le blog du sp\\u00e9cialiste de la certification linguistique\",\"potentialAction\":[{\"@type\":\"SearchAction\",\"target\":{\"@type\":\"EntryPoint\",\"urlTemplate\":\"https:\/\/global-exam.com\/blog\/?s={search_term_string}\"},\"query-input\":\"required name=search_term_string\"}],\"inLanguage\":\"fr-FR\"},{\"@type\":\"WebPage\",\"@id\":\"https:\/\/global-exam.com\/blog\/es\/examenes\/hsk\/#webpage\",\"url\":\"https:\/\/global-exam.com\/blog\/es\/examenes\/hsk\/\",\"name\":\"HSK\",\"isPartOf\":{\"@id\":\"https:\/\/global-exam.com\/blog\/#website\"},\"datePublished\":\"2020-02-19T15:53:53+00:00\",\"dateModified\":\"2022-06-27T15:27:38+00:00\",\"breadcrumb\":{\"@id\":\"https:\/\/global-exam.com\/blog\/es\/examenes\/hsk\/#breadcrumb\"},\"inLanguage\":\"fr-FR\",\"potentialAction\":[{\"@type\":\"ReadAction\",\"target\":[\"https:\/\/global-exam.com\/blog\/es\/examenes\/hsk\/\"]}]},{\"@type\":\"BreadcrumbList\",\"@id\":\"https:\/\/global-exam.com\/blog\/es\/examenes\/hsk\/#breadcrumb\",\"itemListElement\":[{\"@type\":\"ListItem\",\"position\":1,\"name\":\"Ex\\u00e1menes de idioma\",\"item\":\"https:\/\/global-exam.com\/blog\/es\/examenes\/\"},{\"@type\":\"ListItem\",\"position\":2,\"name\":\"HSK\"}]}]}<\/script>\n<!-- \/ Yoast SEO plugin. -->","yoast_head_json":{"title":"HSK","robots":{"index":"index","follow":"follow","max-snippet":"max-snippet:-1","max-image-preview":"max-image-preview:large","max-video-preview":"max-video-preview:-1"},"canonical":"https:\/\/global-exam.com\/blog\/es\/examenes\/hsk\/","og_locale":"fr_FR","og_type":"article","og_title":"HSK","og_description":"HSK Hanyu Shuiping Kaoshi El HSK es una prueba estandarizada de chino mandar\u00edn para los que no hablan chino como lengua materna. [&hellip;]","og_url":"https:\/\/global-exam.com\/blog\/es\/examenes\/hsk\/","og_site_name":"GlobalExam Blog","article_publisher":"https:\/\/www.facebook.com\/Global.Exam","article_modified_time":"2022-06-27T15:27:38+00:00","twitter_card":"summary_large_image","twitter_site":"@Global_Exam","schema":{"@context":"https:\/\/schema.org","@graph":[{"@type":"WebSite","@id":"https:\/\/global-exam.com\/blog\/#website","url":"https:\/\/global-exam.com\/blog\/","name":"GlobalExam Blog","description":"Le blog du sp\u00e9cialiste de la certification linguistique","potentialAction":[{"@type":"SearchAction","target":{"@type":"EntryPoint","urlTemplate":"https:\/\/global-exam.com\/blog\/?s={search_term_string}"},"query-input":"required name=search_term_string"}],"inLanguage":"fr-FR"},{"@type":"WebPage","@id":"https:\/\/global-exam.com\/blog\/es\/examenes\/hsk\/#webpage","url":"https:\/\/global-exam.com\/blog\/es\/examenes\/hsk\/","name":"HSK","isPartOf":{"@id":"https:\/\/global-exam.com\/blog\/#website"},"datePublished":"2020-02-19T15:53:53+00:00","dateModified":"2022-06-27T15:27:38+00:00","breadcrumb":{"@id":"https:\/\/global-exam.com\/blog\/es\/examenes\/hsk\/#breadcrumb"},"inLanguage":"fr-FR","potentialAction":[{"@type":"ReadAction","target":["https:\/\/global-exam.com\/blog\/es\/examenes\/hsk\/"]}]},{"@type":"BreadcrumbList","@id":"https:\/\/global-exam.com\/blog\/es\/examenes\/hsk\/#breadcrumb","itemListElement":[{"@type":"ListItem","position":1,"name":"Ex\u00e1menes de idioma","item":"https:\/\/global-exam.com\/blog\/es\/examenes\/"},{"@type":"ListItem","position":2,"name":"HSK"}]}]}},"lang":"es","translations":{"fr":2855,"es":18699,"th":22299,"ja":19621,"it":50527,"ko":21184,"en":3129,"vi":22334},"pll_sync_post":[],"_links":{"self":[{"href":"https:\/\/global-exam.com\/blog\/wp-json\/wp\/v2\/pages\/18699"}],"collection":[{"href":"https:\/\/global-exam.com\/blog\/wp-json\/wp\/v2\/pages"}],"about":[{"href":"https:\/\/global-exam.com\/blog\/wp-json\/wp\/v2\/types\/page"}],"author":[{"embeddable":true,"href":"https:\/\/global-exam.com\/blog\/wp-json\/wp\/v2\/users\/2"}],"replies":[{"embeddable":true,"href":"https:\/\/global-exam.com\/blog\/wp-json\/wp\/v2\/comments?post=18699"}],"version-history":[{"count":6,"href":"https:\/\/global-exam.com\/blog\/wp-json\/wp\/v2\/pages\/18699\/revisions"}],"predecessor-version":[{"id":76937,"href":"https:\/\/global-exam.com\/blog\/wp-json\/wp\/v2\/pages\/18699\/revisions\/76937"}],"up":[{"embeddable":true,"href":"https:\/\/global-exam.com\/blog\/wp-json\/wp\/v2\/pages\/14852"}],"wp:attachment":[{"href":"https:\/\/global-exam.com\/blog\/wp-json\/wp\/v2\/media?parent=18699"}],"curies":[{"name":"wp","href":"https:\/\/api.w.org\/{rel}","templated":true}]}}