{"id":20114,"date":"2020-03-17T10:25:20","date_gmt":"2020-03-17T09:25:20","guid":{"rendered":"https:\/\/global-exam.com\/blog\/?page_id=20114"},"modified":"2022-06-27T17:27:33","modified_gmt":"2022-06-27T15:27:33","slug":"pruefungen","status":"publish","type":"page","link":"https:\/\/global-exam.com\/blog\/de\/pruefungen\/","title":{"rendered":"Pr\u00fcfungen"},"content":{"rendered":"<p>Pr\u00fcfungen<\/p>\n<p style=\"text-align: center;\">Alle Schl\u00fcssel zum Erflog Ihres Sprachtests<\/p>\n","protected":false},"excerpt":{"rendered":"<p>Pr\u00fcfungen Alle Schl\u00fcssel zum Erflog Ihres Sprachtests<\/p>\n","protected":false},"author":2,"featured_media":0,"parent":0,"menu_order":0,"comment_status":"closed","ping_status":"closed","template":"","meta":[],"acf":[],"yoast_head":"<!-- This site is optimized with the Yoast SEO plugin v17.2.1 - https:\/\/yoast.com\/wordpress\/plugins\/seo\/ -->\n<title>Pr\u00fcfungen<\/title>\n<meta name=\"robots\" content=\"index, follow, max-snippet:-1, max-image-preview:large, max-video-preview:-1\" \/>\n<link rel=\"canonical\" href=\"https:\/\/global-exam.com\/blog\/de\/pruefungen\/\" \/>\n<meta property=\"og:locale\" content=\"fr_FR\" \/>\n<meta property=\"og:type\" content=\"article\" \/>\n<meta property=\"og:title\" content=\"Pr\u00fcfungen\" \/>\n<meta property=\"og:description\" content=\"Pr\u00fcfungen Alle Schl\u00fcssel zum Erflog Ihres Sprachtests\" \/>\n<meta property=\"og:url\" content=\"https:\/\/global-exam.com\/blog\/de\/pruefungen\/\" \/>\n<meta property=\"og:site_name\" content=\"GlobalExam Blog\" \/>\n<meta property=\"article:publisher\" content=\"https:\/\/www.facebook.com\/Global.Exam\" \/>\n<meta property=\"article:modified_time\" content=\"2022-06-27T15:27:33+00:00\" \/>\n<meta name=\"twitter:card\" content=\"summary_large_image\" \/>\n<meta name=\"twitter:site\" content=\"@Global_Exam\" \/>\n<script type=\"application\/ld+json\" class=\"yoast-schema-graph\">{\"@context\":\"https:\/\/schema.org\",\"@graph\":[{\"@type\":\"WebSite\",\"@id\":\"https:\/\/global-exam.com\/blog\/#website\",\"url\":\"https:\/\/global-exam.com\/blog\/\",\"name\":\"GlobalExam Blog\",\"description\":\"Le blog du sp\\u00e9cialiste de la certification linguistique\",\"potentialAction\":[{\"@type\":\"SearchAction\",\"target\":{\"@type\":\"EntryPoint\",\"urlTemplate\":\"https:\/\/global-exam.com\/blog\/?s={search_term_string}\"},\"query-input\":\"required name=search_term_string\"}],\"inLanguage\":\"fr-FR\"},{\"@type\":\"WebPage\",\"@id\":\"https:\/\/global-exam.com\/blog\/de\/pruefungen\/#webpage\",\"url\":\"https:\/\/global-exam.com\/blog\/de\/pruefungen\/\",\"name\":\"Pr\\u00fcfungen\",\"isPartOf\":{\"@id\":\"https:\/\/global-exam.com\/blog\/#website\"},\"datePublished\":\"2020-03-17T09:25:20+00:00\",\"dateModified\":\"2022-06-27T15:27:33+00:00\",\"breadcrumb\":{\"@id\":\"https:\/\/global-exam.com\/blog\/de\/pruefungen\/#breadcrumb\"},\"inLanguage\":\"fr-FR\",\"potentialAction\":[{\"@type\":\"ReadAction\",\"target\":[\"https:\/\/global-exam.com\/blog\/de\/pruefungen\/\"]}]},{\"@type\":\"BreadcrumbList\",\"@id\":\"https:\/\/global-exam.com\/blog\/de\/pruefungen\/#breadcrumb\",\"itemListElement\":[{\"@type\":\"ListItem\",\"position\":1,\"name\":\"Pr\\u00fcfungen\"}]}]}<\/script>\n<!-- \/ Yoast SEO plugin. -->","yoast_head_json":{"title":"Pr\u00fcfungen","robots":{"index":"index","follow":"follow","max-snippet":"max-snippet:-1","max-image-preview":"max-image-preview:large","max-video-preview":"max-video-preview:-1"},"canonical":"https:\/\/global-exam.com\/blog\/de\/pruefungen\/","og_locale":"fr_FR","og_type":"article","og_title":"Pr\u00fcfungen","og_description":"Pr\u00fcfungen Alle Schl\u00fcssel zum Erflog Ihres Sprachtests","og_url":"https:\/\/global-exam.com\/blog\/de\/pruefungen\/","og_site_name":"GlobalExam Blog","article_publisher":"https:\/\/www.facebook.com\/Global.Exam","article_modified_time":"2022-06-27T15:27:33+00:00","twitter_card":"summary_large_image","twitter_site":"@Global_Exam","schema":{"@context":"https:\/\/schema.org","@graph":[{"@type":"WebSite","@id":"https:\/\/global-exam.com\/blog\/#website","url":"https:\/\/global-exam.com\/blog\/","name":"GlobalExam Blog","description":"Le blog du sp\u00e9cialiste de la certification linguistique","potentialAction":[{"@type":"SearchAction","target":{"@type":"EntryPoint","urlTemplate":"https:\/\/global-exam.com\/blog\/?s={search_term_string}"},"query-input":"required name=search_term_string"}],"inLanguage":"fr-FR"},{"@type":"WebPage","@id":"https:\/\/global-exam.com\/blog\/de\/pruefungen\/#webpage","url":"https:\/\/global-exam.com\/blog\/de\/pruefungen\/","name":"Pr\u00fcfungen","isPartOf":{"@id":"https:\/\/global-exam.com\/blog\/#website"},"datePublished":"2020-03-17T09:25:20+00:00","dateModified":"2022-06-27T15:27:33+00:00","breadcrumb":{"@id":"https:\/\/global-exam.com\/blog\/de\/pruefungen\/#breadcrumb"},"inLanguage":"fr-FR","potentialAction":[{"@type":"ReadAction","target":["https:\/\/global-exam.com\/blog\/de\/pruefungen\/"]}]},{"@type":"BreadcrumbList","@id":"https:\/\/global-exam.com\/blog\/de\/pruefungen\/#breadcrumb","itemListElement":[{"@type":"ListItem","position":1,"name":"Pr\u00fcfungen"}]}]}},"lang":"de","translations":{"es":14852,"fr":2839,"en":3050,"pt":19555,"ja":19595,"zh":19642,"de":20114,"it":21123,"ko":21173,"id":22157,"th":22242,"vi":22318},"pll_sync_post":[],"_links":{"self":[{"href":"https:\/\/global-exam.com\/blog\/wp-json\/wp\/v2\/pages\/20114"}],"collection":[{"href":"https:\/\/global-exam.com\/blog\/wp-json\/wp\/v2\/pages"}],"about":[{"href":"https:\/\/global-exam.com\/blog\/wp-json\/wp\/v2\/types\/page"}],"author":[{"embeddable":true,"href":"https:\/\/global-exam.com\/blog\/wp-json\/wp\/v2\/users\/2"}],"replies":[{"embeddable":true,"href":"https:\/\/global-exam.com\/blog\/wp-json\/wp\/v2\/comments?post=20114"}],"version-history":[{"count":6,"href":"https:\/\/global-exam.com\/blog\/wp-json\/wp\/v2\/pages\/20114\/revisions"}],"predecessor-version":[{"id":76931,"href":"https:\/\/global-exam.com\/blog\/wp-json\/wp\/v2\/pages\/20114\/revisions\/76931"}],"wp:attachment":[{"href":"https:\/\/global-exam.com\/blog\/wp-json\/wp\/v2\/media?parent=20114"}],"curies":[{"name":"wp","href":"https:\/\/api.w.org\/{rel}","templated":true}]}}