{"id":22318,"date":"2020-04-23T16:28:43","date_gmt":"2020-04-23T14:28:43","guid":{"rendered":"https:\/\/global-exam.com\/blog\/?page_id=22318"},"modified":"2022-06-27T16:48:55","modified_gmt":"2022-06-27T14:48:55","slug":"exams","status":"publish","type":"page","link":"https:\/\/global-exam.com\/blog\/vi\/bai-kiem-tra\/","title":{"rendered":"B\u00e0i ki\u1ec3m tra"},"content":{"rendered":"<p>B\u00e0i ki\u1ec3m tra<\/p>\n<p style=\"text-align: center;\">T\u1ea5t c\u1ea3 ch\u00eca kh\u00f3a d\u1eabn t\u1edbi th\u00e0nh c\u00f4ng cho k\u00ec thi \u0111\u00e1nh gi\u00e1 ng\u00f4n ng\u1eef c\u1ee7a b\u1ea1n<\/p>\n","protected":false},"excerpt":{"rendered":"<p>B\u00e0i ki\u1ec3m tra T\u1ea5t c\u1ea3 ch\u00eca kh\u00f3a d\u1eabn t\u1edbi th\u00e0nh c\u00f4ng cho k\u00ec thi \u0111\u00e1nh gi\u00e1 ng\u00f4n ng\u1eef c\u1ee7a b\u1ea1n<\/p>\n","protected":false},"author":2,"featured_media":0,"parent":0,"menu_order":0,"comment_status":"closed","ping_status":"closed","template":"","meta":[],"acf":[],"yoast_head":"<!-- This site is optimized with the Yoast SEO plugin v17.2.1 - https:\/\/yoast.com\/wordpress\/plugins\/seo\/ -->\n<title>B\u00e0i ki\u1ec3m tra - GlobalExam Blog<\/title>\n<meta name=\"robots\" content=\"index, follow, max-snippet:-1, max-image-preview:large, max-video-preview:-1\" \/>\n<link rel=\"canonical\" href=\"https:\/\/global-exam.com\/blog\/vi\/bai-kiem-tra\/\" \/>\n<meta property=\"og:locale\" content=\"fr_FR\" \/>\n<meta property=\"og:type\" content=\"article\" \/>\n<meta property=\"og:title\" content=\"B\u00e0i ki\u1ec3m tra - GlobalExam Blog\" \/>\n<meta property=\"og:description\" content=\"B\u00e0i ki\u1ec3m tra T\u1ea5t c\u1ea3 ch\u00eca kh\u00f3a d\u1eabn t\u1edbi th\u00e0nh c\u00f4ng cho k\u00ec thi \u0111\u00e1nh gi\u00e1 ng\u00f4n ng\u1eef c\u1ee7a b\u1ea1n\" \/>\n<meta property=\"og:url\" content=\"https:\/\/global-exam.com\/blog\/vi\/bai-kiem-tra\/\" \/>\n<meta property=\"og:site_name\" content=\"GlobalExam Blog\" \/>\n<meta property=\"article:publisher\" content=\"https:\/\/www.facebook.com\/Global.Exam\" \/>\n<meta property=\"article:modified_time\" content=\"2022-06-27T14:48:55+00:00\" \/>\n<meta name=\"twitter:card\" content=\"summary_large_image\" \/>\n<meta name=\"twitter:site\" content=\"@Global_Exam\" \/>\n<script type=\"application\/ld+json\" class=\"yoast-schema-graph\">{\"@context\":\"https:\/\/schema.org\",\"@graph\":[{\"@type\":\"WebSite\",\"@id\":\"https:\/\/global-exam.com\/blog\/#website\",\"url\":\"https:\/\/global-exam.com\/blog\/\",\"name\":\"GlobalExam Blog\",\"description\":\"Le blog du sp\\u00e9cialiste de la certification linguistique\",\"potentialAction\":[{\"@type\":\"SearchAction\",\"target\":{\"@type\":\"EntryPoint\",\"urlTemplate\":\"https:\/\/global-exam.com\/blog\/?s={search_term_string}\"},\"query-input\":\"required name=search_term_string\"}],\"inLanguage\":\"fr-FR\"},{\"@type\":\"WebPage\",\"@id\":\"https:\/\/global-exam.com\/blog\/vi\/bai-kiem-tra\/#webpage\",\"url\":\"https:\/\/global-exam.com\/blog\/vi\/bai-kiem-tra\/\",\"name\":\"B\\u00e0i ki\\u1ec3m tra - GlobalExam Blog\",\"isPartOf\":{\"@id\":\"https:\/\/global-exam.com\/blog\/#website\"},\"datePublished\":\"2020-04-23T14:28:43+00:00\",\"dateModified\":\"2022-06-27T14:48:55+00:00\",\"breadcrumb\":{\"@id\":\"https:\/\/global-exam.com\/blog\/vi\/bai-kiem-tra\/#breadcrumb\"},\"inLanguage\":\"fr-FR\",\"potentialAction\":[{\"@type\":\"ReadAction\",\"target\":[\"https:\/\/global-exam.com\/blog\/vi\/bai-kiem-tra\/\"]}]},{\"@type\":\"BreadcrumbList\",\"@id\":\"https:\/\/global-exam.com\/blog\/vi\/bai-kiem-tra\/#breadcrumb\",\"itemListElement\":[{\"@type\":\"ListItem\",\"position\":1,\"name\":\"B\\u00e0i ki\\u1ec3m tra\"}]}]}<\/script>\n<!-- \/ Yoast SEO plugin. -->","yoast_head_json":{"title":"B\u00e0i ki\u1ec3m tra - GlobalExam Blog","robots":{"index":"index","follow":"follow","max-snippet":"max-snippet:-1","max-image-preview":"max-image-preview:large","max-video-preview":"max-video-preview:-1"},"canonical":"https:\/\/global-exam.com\/blog\/vi\/bai-kiem-tra\/","og_locale":"fr_FR","og_type":"article","og_title":"B\u00e0i ki\u1ec3m tra - GlobalExam Blog","og_description":"B\u00e0i ki\u1ec3m tra T\u1ea5t c\u1ea3 ch\u00eca kh\u00f3a d\u1eabn t\u1edbi th\u00e0nh c\u00f4ng cho k\u00ec thi \u0111\u00e1nh gi\u00e1 ng\u00f4n ng\u1eef c\u1ee7a b\u1ea1n","og_url":"https:\/\/global-exam.com\/blog\/vi\/bai-kiem-tra\/","og_site_name":"GlobalExam Blog","article_publisher":"https:\/\/www.facebook.com\/Global.Exam","article_modified_time":"2022-06-27T14:48:55+00:00","twitter_card":"summary_large_image","twitter_site":"@Global_Exam","schema":{"@context":"https:\/\/schema.org","@graph":[{"@type":"WebSite","@id":"https:\/\/global-exam.com\/blog\/#website","url":"https:\/\/global-exam.com\/blog\/","name":"GlobalExam Blog","description":"Le blog du sp\u00e9cialiste de la certification linguistique","potentialAction":[{"@type":"SearchAction","target":{"@type":"EntryPoint","urlTemplate":"https:\/\/global-exam.com\/blog\/?s={search_term_string}"},"query-input":"required name=search_term_string"}],"inLanguage":"fr-FR"},{"@type":"WebPage","@id":"https:\/\/global-exam.com\/blog\/vi\/bai-kiem-tra\/#webpage","url":"https:\/\/global-exam.com\/blog\/vi\/bai-kiem-tra\/","name":"B\u00e0i ki\u1ec3m tra - GlobalExam Blog","isPartOf":{"@id":"https:\/\/global-exam.com\/blog\/#website"},"datePublished":"2020-04-23T14:28:43+00:00","dateModified":"2022-06-27T14:48:55+00:00","breadcrumb":{"@id":"https:\/\/global-exam.com\/blog\/vi\/bai-kiem-tra\/#breadcrumb"},"inLanguage":"fr-FR","potentialAction":[{"@type":"ReadAction","target":["https:\/\/global-exam.com\/blog\/vi\/bai-kiem-tra\/"]}]},{"@type":"BreadcrumbList","@id":"https:\/\/global-exam.com\/blog\/vi\/bai-kiem-tra\/#breadcrumb","itemListElement":[{"@type":"ListItem","position":1,"name":"B\u00e0i ki\u1ec3m tra"}]}]}},"lang":"vi","translations":{"es":14852,"fr":2839,"en":3050,"pt":19555,"ja":19595,"zh":19642,"de":20114,"it":21123,"ko":21173,"id":22157,"th":22242,"vi":22318},"pll_sync_post":[],"_links":{"self":[{"href":"https:\/\/global-exam.com\/blog\/wp-json\/wp\/v2\/pages\/22318"}],"collection":[{"href":"https:\/\/global-exam.com\/blog\/wp-json\/wp\/v2\/pages"}],"about":[{"href":"https:\/\/global-exam.com\/blog\/wp-json\/wp\/v2\/types\/page"}],"author":[{"embeddable":true,"href":"https:\/\/global-exam.com\/blog\/wp-json\/wp\/v2\/users\/2"}],"replies":[{"embeddable":true,"href":"https:\/\/global-exam.com\/blog\/wp-json\/wp\/v2\/comments?post=22318"}],"version-history":[{"count":5,"href":"https:\/\/global-exam.com\/blog\/wp-json\/wp\/v2\/pages\/22318\/revisions"}],"predecessor-version":[{"id":76905,"href":"https:\/\/global-exam.com\/blog\/wp-json\/wp\/v2\/pages\/22318\/revisions\/76905"}],"wp:attachment":[{"href":"https:\/\/global-exam.com\/blog\/wp-json\/wp\/v2\/media?parent=22318"}],"curies":[{"name":"wp","href":"https:\/\/api.w.org\/{rel}","templated":true}]}}