{"id":23023,"date":"2020-05-11T12:27:56","date_gmt":"2020-05-11T10:27:56","guid":{"rendered":"https:\/\/global-exam.com\/blog\/?page_id=23023"},"modified":"2022-09-16T11:25:01","modified_gmt":"2022-09-16T09:25:01","slug":"business-english","status":"publish","type":"page","link":"https:\/\/global-exam.com\/blog\/es\/business-english\/","title":{"rendered":"Business English: repasa tu ingl\u00e9s profesional"},"content":{"rendered":"<p style=\"text-align: left;\">Progresar en el ingl\u00e9s profesional<\/p>\n<p style=\"text-align: left;\">\u00bfQuieres mejorar tu nivel de ingl\u00e9s profesional para impulsar tu carrera? Tienes raz\u00f3n porque el ingl\u00e9s es el idioma n\u00famero uno en el mundo de los negocios.<\/p>\n<p style=\"text-align: left;\">En este blog encontrar\u00e1s todas nuestras mejores pr\u00e1cticas y consejos para que tu carrera despegue gracias al ingl\u00e9s. GlobalExam pone a tu disposici\u00f3n una amplia gama de contenidos para ayudarte a progresar en el ingl\u00e9s comercial seg\u00fan tu profesi\u00f3n o sector de actividad. Descubre tambi\u00e9n nuestros consejos para encontrar trabajo y superar las entrevistas en ingl\u00e9s. GlobalExam te acompa\u00f1a con la formaci\u00f3n en ingl\u00e9s comercial global.<\/p>\n","protected":false},"excerpt":{"rendered":"<p>Progresar en el ingl\u00e9s profesional \u00bfQuieres mejorar tu nivel de ingl\u00e9s profesional para impulsar tu carrera? Tienes raz\u00f3n porque el ingl\u00e9s es [&hellip;]<\/p>\n","protected":false},"author":24,"featured_media":79504,"parent":0,"menu_order":0,"comment_status":"closed","ping_status":"closed","template":"","meta":[],"acf":[],"yoast_head":"<!-- This site is optimized with the Yoast SEO plugin v17.2.1 - https:\/\/yoast.com\/wordpress\/plugins\/seo\/ -->\n<title>Business English: repasa tu ingl\u00e9s profesional<\/title>\n<meta name=\"robots\" content=\"index, follow, max-snippet:-1, max-image-preview:large, max-video-preview:-1\" \/>\n<link rel=\"canonical\" href=\"https:\/\/global-exam.com\/blog\/es\/business-english\/\" \/>\n<meta property=\"og:locale\" content=\"fr_FR\" \/>\n<meta property=\"og:type\" content=\"article\" \/>\n<meta property=\"og:title\" content=\"Business English: repasa tu ingl\u00e9s profesional\" \/>\n<meta property=\"og:description\" content=\"Progresar en el ingl\u00e9s profesional \u00bfQuieres mejorar tu nivel de ingl\u00e9s profesional para impulsar tu carrera? Tienes raz\u00f3n porque el ingl\u00e9s es [&hellip;]\" \/>\n<meta property=\"og:url\" content=\"https:\/\/global-exam.com\/blog\/es\/business-english\/\" \/>\n<meta property=\"og:site_name\" content=\"GlobalExam Blog\" \/>\n<meta property=\"article:publisher\" content=\"https:\/\/www.facebook.com\/Global.Exam\" \/>\n<meta property=\"article:modified_time\" content=\"2022-09-16T09:25:01+00:00\" \/>\n<meta name=\"twitter:card\" content=\"summary_large_image\" \/>\n<meta name=\"twitter:image\" content=\"https:\/\/global-exam.com\/blog\/wp-content\/uploads\/2022\/09\/aprender-global-business.webp\" \/>\n<meta name=\"twitter:site\" content=\"@Global_Exam\" \/>\n<meta name=\"twitter:label1\" content=\"Dur\u00e9e de lecture estim\u00e9e\" \/>\n\t<meta name=\"twitter:data1\" content=\"1 minute\" \/>\n<script type=\"application\/ld+json\" class=\"yoast-schema-graph\">{\"@context\":\"https:\/\/schema.org\",\"@graph\":[{\"@type\":\"WebSite\",\"@id\":\"https:\/\/global-exam.com\/blog\/#website\",\"url\":\"https:\/\/global-exam.com\/blog\/\",\"name\":\"GlobalExam Blog\",\"description\":\"Le blog du sp\\u00e9cialiste de la certification linguistique\",\"potentialAction\":[{\"@type\":\"SearchAction\",\"target\":{\"@type\":\"EntryPoint\",\"urlTemplate\":\"https:\/\/global-exam.com\/blog\/?s={search_term_string}\"},\"query-input\":\"required name=search_term_string\"}],\"inLanguage\":\"fr-FR\"},{\"@type\":\"ImageObject\",\"@id\":\"https:\/\/global-exam.com\/blog\/es\/business-english\/#primaryimage\",\"inLanguage\":\"fr-FR\",\"url\":\"https:\/\/global-exam.com\/blog\/wp-content\/uploads\/2022\/09\/aprender-global-business.webp\",\"contentUrl\":\"https:\/\/global-exam.com\/blog\/wp-content\/uploads\/2022\/09\/aprender-global-business.webp\",\"width\":650,\"height\":650,\"caption\":\"Aprender ingl\\u00e9s con Global Business\"},{\"@type\":\"WebPage\",\"@id\":\"https:\/\/global-exam.com\/blog\/es\/business-english\/#webpage\",\"url\":\"https:\/\/global-exam.com\/blog\/es\/business-english\/\",\"name\":\"Business English: repasa tu ingl\\u00e9s profesional\",\"isPartOf\":{\"@id\":\"https:\/\/global-exam.com\/blog\/#website\"},\"primaryImageOfPage\":{\"@id\":\"https:\/\/global-exam.com\/blog\/es\/business-english\/#primaryimage\"},\"datePublished\":\"2020-05-11T10:27:56+00:00\",\"dateModified\":\"2022-09-16T09:25:01+00:00\",\"breadcrumb\":{\"@id\":\"https:\/\/global-exam.com\/blog\/es\/business-english\/#breadcrumb\"},\"inLanguage\":\"fr-FR\",\"potentialAction\":[{\"@type\":\"ReadAction\",\"target\":[\"https:\/\/global-exam.com\/blog\/es\/business-english\/\"]}]},{\"@type\":\"BreadcrumbList\",\"@id\":\"https:\/\/global-exam.com\/blog\/es\/business-english\/#breadcrumb\",\"itemListElement\":[{\"@type\":\"ListItem\",\"position\":1,\"name\":\"Business English: repasa tu ingl\\u00e9s profesional\"}]}]}<\/script>\n<!-- \/ Yoast SEO plugin. -->","yoast_head_json":{"title":"Business English: repasa tu ingl\u00e9s profesional","robots":{"index":"index","follow":"follow","max-snippet":"max-snippet:-1","max-image-preview":"max-image-preview:large","max-video-preview":"max-video-preview:-1"},"canonical":"https:\/\/global-exam.com\/blog\/es\/business-english\/","og_locale":"fr_FR","og_type":"article","og_title":"Business English: repasa tu ingl\u00e9s profesional","og_description":"Progresar en el ingl\u00e9s profesional \u00bfQuieres mejorar tu nivel de ingl\u00e9s profesional para impulsar tu carrera? Tienes raz\u00f3n porque el ingl\u00e9s es [&hellip;]","og_url":"https:\/\/global-exam.com\/blog\/es\/business-english\/","og_site_name":"GlobalExam Blog","article_publisher":"https:\/\/www.facebook.com\/Global.Exam","article_modified_time":"2022-09-16T09:25:01+00:00","twitter_card":"summary_large_image","twitter_image":"https:\/\/global-exam.com\/blog\/wp-content\/uploads\/2022\/09\/aprender-global-business.webp","twitter_site":"@Global_Exam","twitter_misc":{"Dur\u00e9e de lecture estim\u00e9e":"1 minute"},"schema":{"@context":"https:\/\/schema.org","@graph":[{"@type":"WebSite","@id":"https:\/\/global-exam.com\/blog\/#website","url":"https:\/\/global-exam.com\/blog\/","name":"GlobalExam Blog","description":"Le blog du sp\u00e9cialiste de la certification linguistique","potentialAction":[{"@type":"SearchAction","target":{"@type":"EntryPoint","urlTemplate":"https:\/\/global-exam.com\/blog\/?s={search_term_string}"},"query-input":"required name=search_term_string"}],"inLanguage":"fr-FR"},{"@type":"ImageObject","@id":"https:\/\/global-exam.com\/blog\/es\/business-english\/#primaryimage","inLanguage":"fr-FR","url":"https:\/\/global-exam.com\/blog\/wp-content\/uploads\/2022\/09\/aprender-global-business.webp","contentUrl":"https:\/\/global-exam.com\/blog\/wp-content\/uploads\/2022\/09\/aprender-global-business.webp","width":650,"height":650,"caption":"Aprender ingl\u00e9s con Global Business"},{"@type":"WebPage","@id":"https:\/\/global-exam.com\/blog\/es\/business-english\/#webpage","url":"https:\/\/global-exam.com\/blog\/es\/business-english\/","name":"Business English: repasa tu ingl\u00e9s profesional","isPartOf":{"@id":"https:\/\/global-exam.com\/blog\/#website"},"primaryImageOfPage":{"@id":"https:\/\/global-exam.com\/blog\/es\/business-english\/#primaryimage"},"datePublished":"2020-05-11T10:27:56+00:00","dateModified":"2022-09-16T09:25:01+00:00","breadcrumb":{"@id":"https:\/\/global-exam.com\/blog\/es\/business-english\/#breadcrumb"},"inLanguage":"fr-FR","potentialAction":[{"@type":"ReadAction","target":["https:\/\/global-exam.com\/blog\/es\/business-english\/"]}]},{"@type":"BreadcrumbList","@id":"https:\/\/global-exam.com\/blog\/es\/business-english\/#breadcrumb","itemListElement":[{"@type":"ListItem","position":1,"name":"Business English: repasa tu ingl\u00e9s profesional"}]}]}},"lang":"es","translations":{"it":28067,"fr":23041,"es":23023,"en":23113,"vi":27685,"ja":27673,"pt":27693,"zh":27695,"de":27858,"th":30123},"pll_sync_post":[],"_links":{"self":[{"href":"https:\/\/global-exam.com\/blog\/wp-json\/wp\/v2\/pages\/23023"}],"collection":[{"href":"https:\/\/global-exam.com\/blog\/wp-json\/wp\/v2\/pages"}],"about":[{"href":"https:\/\/global-exam.com\/blog\/wp-json\/wp\/v2\/types\/page"}],"author":[{"embeddable":true,"href":"https:\/\/global-exam.com\/blog\/wp-json\/wp\/v2\/users\/24"}],"replies":[{"embeddable":true,"href":"https:\/\/global-exam.com\/blog\/wp-json\/wp\/v2\/comments?post=23023"}],"version-history":[{"count":25,"href":"https:\/\/global-exam.com\/blog\/wp-json\/wp\/v2\/pages\/23023\/revisions"}],"predecessor-version":[{"id":79510,"href":"https:\/\/global-exam.com\/blog\/wp-json\/wp\/v2\/pages\/23023\/revisions\/79510"}],"wp:featuredmedia":[{"embeddable":true,"href":"https:\/\/global-exam.com\/blog\/wp-json\/wp\/v2\/media\/79504"}],"wp:attachment":[{"href":"https:\/\/global-exam.com\/blog\/wp-json\/wp\/v2\/media?parent=23023"}],"curies":[{"name":"wp","href":"https:\/\/api.w.org\/{rel}","templated":true}]}}