{"id":23041,"date":"2020-05-11T14:09:36","date_gmt":"2020-05-11T12:09:36","guid":{"rendered":"https:\/\/global-exam.com\/blog\/?page_id=23041"},"modified":"2022-07-01T14:30:34","modified_gmt":"2022-07-01T12:30:34","slug":"business-english","status":"publish","type":"page","link":"https:\/\/global-exam.com\/blog\/fr\/anglais-professionnel-business-english\/","title":{"rendered":"Business English : r\u00e9visez l&rsquo;anglais professionnel"},"content":{"rendered":"<h1>Progresser en anglais professionnel<\/h1>\n<p style=\"text-align: center;\">Vous souhaitez am\u00e9liorer votre niveau en anglais professionnel pour booster votre carri\u00e8re ? Vous avez raison de vouloir progresser car l&rsquo;anglais est la langue n\u00b01 dans le monde des affaires.<\/p>\n<p style=\"text-align: center;\">Retrouvez sur ce blog l&rsquo;ensemble de nos bonnes pratiques et astuces pour faire d\u00e9coller votre carri\u00e8re gr\u00e2ce \u00e0 l&rsquo;anglais. GlobalExam met \u00e0 votre disposition de nombreux contenus pour progresser en anglais des affaires en fonction de votre m\u00e9tier ou de votre secteur d&rsquo;activit\u00e9. D\u00e9couvrez \u00e9galement nos conseils pour trouver un emploi et passer des entretiens en anglais. GlobalExam vous accompagne gr\u00e2ce \u00e0 la formation \u00e0 l&rsquo;anglais professionnel Global Business.<\/p>\n","protected":false},"excerpt":{"rendered":"<p>Progresser en anglais professionnel Vous souhaitez am\u00e9liorer votre niveau en anglais professionnel pour booster votre carri\u00e8re ? Vous avez raison de vouloir [&hellip;]<\/p>\n","protected":false},"author":2,"featured_media":77099,"parent":0,"menu_order":0,"comment_status":"closed","ping_status":"closed","template":"","meta":[],"acf":[],"yoast_head":"<!-- This site is optimized with the Yoast SEO plugin v17.2.1 - https:\/\/yoast.com\/wordpress\/plugins\/seo\/ -->\n<title>Business English : r\u00e9visez l&#039;anglais professionnel - GlobalExam Blog<\/title>\n<meta name=\"description\" content=\"D\u00e9couvrez le Business English de GlobalExam et progressez en anglais professionnel avec nos exercices en ligne, quel que soit votre niveau !\" \/>\n<meta name=\"robots\" content=\"index, follow, max-snippet:-1, max-image-preview:large, max-video-preview:-1\" \/>\n<link rel=\"canonical\" href=\"https:\/\/global-exam.com\/blog\/fr\/anglais-professionnel-business-english\/\" \/>\n<meta property=\"og:locale\" content=\"fr_FR\" \/>\n<meta property=\"og:type\" content=\"article\" \/>\n<meta property=\"og:title\" content=\"Business English : r\u00e9visez l&#039;anglais professionnel - GlobalExam Blog\" \/>\n<meta property=\"og:description\" content=\"D\u00e9couvrez le Business English de GlobalExam et progressez en anglais professionnel avec nos exercices en ligne, quel que soit votre niveau !\" \/>\n<meta property=\"og:url\" content=\"https:\/\/global-exam.com\/blog\/fr\/anglais-professionnel-business-english\/\" \/>\n<meta property=\"og:site_name\" content=\"GlobalExam Blog\" \/>\n<meta property=\"article:publisher\" content=\"https:\/\/www.facebook.com\/Global.Exam\" \/>\n<meta property=\"article:modified_time\" content=\"2022-07-01T12:30:34+00:00\" \/>\n<meta property=\"og:image\" content=\"https:\/\/global-exam.com\/blog\/wp-content\/uploads\/2022\/06\/apprendre-business-english-e1656516996194.jpg\" \/>\n\t<meta property=\"og:image:width\" content=\"650\" \/>\n\t<meta property=\"og:image:height\" content=\"650\" \/>\n<meta name=\"twitter:card\" content=\"summary_large_image\" \/>\n<meta name=\"twitter:site\" content=\"@Global_Exam\" \/>\n<meta name=\"twitter:label1\" content=\"Dur\u00e9e de lecture estim\u00e9e\" \/>\n\t<meta name=\"twitter:data1\" content=\"3 minutes\" \/>\n<script type=\"application\/ld+json\" class=\"yoast-schema-graph\">{\"@context\":\"https:\/\/schema.org\",\"@graph\":[{\"@type\":\"WebSite\",\"@id\":\"https:\/\/global-exam.com\/blog\/#website\",\"url\":\"https:\/\/global-exam.com\/blog\/\",\"name\":\"GlobalExam Blog\",\"description\":\"Le blog du sp\\u00e9cialiste de la certification linguistique\",\"potentialAction\":[{\"@type\":\"SearchAction\",\"target\":{\"@type\":\"EntryPoint\",\"urlTemplate\":\"https:\/\/global-exam.com\/blog\/?s={search_term_string}\"},\"query-input\":\"required name=search_term_string\"}],\"inLanguage\":\"fr-FR\"},{\"@type\":\"ImageObject\",\"@id\":\"https:\/\/global-exam.com\/blog\/fr\/anglais-professionnel-business-english\/#primaryimage\",\"inLanguage\":\"fr-FR\",\"url\":\"https:\/\/global-exam.com\/blog\/wp-content\/uploads\/2022\/06\/apprendre-business-english-e1656516996194.jpg\",\"contentUrl\":\"https:\/\/global-exam.com\/blog\/wp-content\/uploads\/2022\/06\/apprendre-business-english-e1656516996194.jpg\",\"width\":650,\"height\":650,\"caption\":\"Apprendre le Business English avec GlobalExam\"},{\"@type\":\"WebPage\",\"@id\":\"https:\/\/global-exam.com\/blog\/fr\/anglais-professionnel-business-english\/#webpage\",\"url\":\"https:\/\/global-exam.com\/blog\/fr\/anglais-professionnel-business-english\/\",\"name\":\"Business English : r\\u00e9visez l'anglais professionnel - GlobalExam Blog\",\"isPartOf\":{\"@id\":\"https:\/\/global-exam.com\/blog\/#website\"},\"primaryImageOfPage\":{\"@id\":\"https:\/\/global-exam.com\/blog\/fr\/anglais-professionnel-business-english\/#primaryimage\"},\"datePublished\":\"2020-05-11T12:09:36+00:00\",\"dateModified\":\"2022-07-01T12:30:34+00:00\",\"description\":\"D\\u00e9couvrez le Business English de GlobalExam et progressez en anglais professionnel avec nos exercices en ligne, quel que soit votre niveau !\",\"breadcrumb\":{\"@id\":\"https:\/\/global-exam.com\/blog\/fr\/anglais-professionnel-business-english\/#breadcrumb\"},\"inLanguage\":\"fr-FR\",\"potentialAction\":[{\"@type\":\"ReadAction\",\"target\":[\"https:\/\/global-exam.com\/blog\/fr\/anglais-professionnel-business-english\/\"]}]},{\"@type\":\"BreadcrumbList\",\"@id\":\"https:\/\/global-exam.com\/blog\/fr\/anglais-professionnel-business-english\/#breadcrumb\",\"itemListElement\":[{\"@type\":\"ListItem\",\"position\":1,\"name\":\"Business English : r\\u00e9visez l&rsquo;anglais professionnel\"}]}]}<\/script>\n<!-- \/ Yoast SEO plugin. -->","yoast_head_json":{"title":"Business English : r\u00e9visez l'anglais professionnel - GlobalExam Blog","description":"D\u00e9couvrez le Business English de GlobalExam et progressez en anglais professionnel avec nos exercices en ligne, quel que soit votre niveau !","robots":{"index":"index","follow":"follow","max-snippet":"max-snippet:-1","max-image-preview":"max-image-preview:large","max-video-preview":"max-video-preview:-1"},"canonical":"https:\/\/global-exam.com\/blog\/fr\/anglais-professionnel-business-english\/","og_locale":"fr_FR","og_type":"article","og_title":"Business English : r\u00e9visez l'anglais professionnel - GlobalExam Blog","og_description":"D\u00e9couvrez le Business English de GlobalExam et progressez en anglais professionnel avec nos exercices en ligne, quel que soit votre niveau !","og_url":"https:\/\/global-exam.com\/blog\/fr\/anglais-professionnel-business-english\/","og_site_name":"GlobalExam Blog","article_publisher":"https:\/\/www.facebook.com\/Global.Exam","article_modified_time":"2022-07-01T12:30:34+00:00","og_image":[{"width":650,"height":650,"url":"https:\/\/global-exam.com\/blog\/wp-content\/uploads\/2022\/06\/apprendre-business-english-e1656516996194.jpg","path":"\/home\/forge\/preprod.global-exam.com\/wp-content\/uploads\/2022\/06\/apprendre-business-english-e1656516996194.jpg","size":"full","id":77099,"alt":"Apprendre le Business English avec GlobalExam","pixels":422500,"type":"image\/jpeg"}],"twitter_card":"summary_large_image","twitter_site":"@Global_Exam","twitter_misc":{"Dur\u00e9e de lecture estim\u00e9e":"3 minutes"},"schema":{"@context":"https:\/\/schema.org","@graph":[{"@type":"WebSite","@id":"https:\/\/global-exam.com\/blog\/#website","url":"https:\/\/global-exam.com\/blog\/","name":"GlobalExam Blog","description":"Le blog du sp\u00e9cialiste de la certification linguistique","potentialAction":[{"@type":"SearchAction","target":{"@type":"EntryPoint","urlTemplate":"https:\/\/global-exam.com\/blog\/?s={search_term_string}"},"query-input":"required name=search_term_string"}],"inLanguage":"fr-FR"},{"@type":"ImageObject","@id":"https:\/\/global-exam.com\/blog\/fr\/anglais-professionnel-business-english\/#primaryimage","inLanguage":"fr-FR","url":"https:\/\/global-exam.com\/blog\/wp-content\/uploads\/2022\/06\/apprendre-business-english-e1656516996194.jpg","contentUrl":"https:\/\/global-exam.com\/blog\/wp-content\/uploads\/2022\/06\/apprendre-business-english-e1656516996194.jpg","width":650,"height":650,"caption":"Apprendre le Business English avec GlobalExam"},{"@type":"WebPage","@id":"https:\/\/global-exam.com\/blog\/fr\/anglais-professionnel-business-english\/#webpage","url":"https:\/\/global-exam.com\/blog\/fr\/anglais-professionnel-business-english\/","name":"Business English : r\u00e9visez l'anglais professionnel - GlobalExam Blog","isPartOf":{"@id":"https:\/\/global-exam.com\/blog\/#website"},"primaryImageOfPage":{"@id":"https:\/\/global-exam.com\/blog\/fr\/anglais-professionnel-business-english\/#primaryimage"},"datePublished":"2020-05-11T12:09:36+00:00","dateModified":"2022-07-01T12:30:34+00:00","description":"D\u00e9couvrez le Business English de GlobalExam et progressez en anglais professionnel avec nos exercices en ligne, quel que soit votre niveau !","breadcrumb":{"@id":"https:\/\/global-exam.com\/blog\/fr\/anglais-professionnel-business-english\/#breadcrumb"},"inLanguage":"fr-FR","potentialAction":[{"@type":"ReadAction","target":["https:\/\/global-exam.com\/blog\/fr\/anglais-professionnel-business-english\/"]}]},{"@type":"BreadcrumbList","@id":"https:\/\/global-exam.com\/blog\/fr\/anglais-professionnel-business-english\/#breadcrumb","itemListElement":[{"@type":"ListItem","position":1,"name":"Business English : r\u00e9visez l&rsquo;anglais professionnel"}]}]}},"lang":"fr","translations":{"it":28067,"fr":23041,"es":23023,"en":23113,"vi":27685,"ja":27673,"pt":27693,"zh":27695,"de":27858,"th":30123},"pll_sync_post":[],"_links":{"self":[{"href":"https:\/\/global-exam.com\/blog\/wp-json\/wp\/v2\/pages\/23041"}],"collection":[{"href":"https:\/\/global-exam.com\/blog\/wp-json\/wp\/v2\/pages"}],"about":[{"href":"https:\/\/global-exam.com\/blog\/wp-json\/wp\/v2\/types\/page"}],"author":[{"embeddable":true,"href":"https:\/\/global-exam.com\/blog\/wp-json\/wp\/v2\/users\/2"}],"replies":[{"embeddable":true,"href":"https:\/\/global-exam.com\/blog\/wp-json\/wp\/v2\/comments?post=23041"}],"version-history":[{"count":19,"href":"https:\/\/global-exam.com\/blog\/wp-json\/wp\/v2\/pages\/23041\/revisions"}],"predecessor-version":[{"id":77110,"href":"https:\/\/global-exam.com\/blog\/wp-json\/wp\/v2\/pages\/23041\/revisions\/77110"}],"wp:featuredmedia":[{"embeddable":true,"href":"https:\/\/global-exam.com\/blog\/wp-json\/wp\/v2\/media\/77099"}],"wp:attachment":[{"href":"https:\/\/global-exam.com\/blog\/wp-json\/wp\/v2\/media?parent=23041"}],"curies":[{"name":"wp","href":"https:\/\/api.w.org\/{rel}","templated":true}]}}