{"id":2839,"date":"2019-02-13T12:24:49","date_gmt":"2019-02-13T11:24:49","guid":{"rendered":"https:\/\/global-exam.com\/?page_id=2839"},"modified":"2022-06-29T18:16:27","modified_gmt":"2022-06-29T16:16:27","slug":"examens","status":"publish","type":"page","link":"https:\/\/global-exam.com\/blog\/fr\/examens\/","title":{"rendered":"Les examens de langue"},"content":{"rendered":"<h1>Pr\u00e9parer sa certification en langues<\/h1>\n<p style=\"text-align: center;\">Vous souhaitez valider votre niveau de langue en passant une certification ? Mettez toutes les chances de votre c\u00f4t\u00e9 en pr\u00e9parant le passage de votre examen !<\/p>\n<p style=\"text-align: center;\">Sur ce blog, retrouvez nos astuces, conseils et bonnes pratiques pour booster votre score et r\u00e9ussir votre test de langue ! Nos articles sont l\u00e0 pour vous aider \u00e0 ma\u00eetriser les consignes et la structure de votre test sur le bout des doigts. D\u00e9couvrez \u00e9galement nos recommandations d&rsquo;entra\u00eenement et nos fiches de r\u00e9vision pour obtenir le meilleur score possible. De votre inscription \u00e0 l&rsquo;examen jusqu&rsquo;\u00e0 l&rsquo;obtention de votre certification, laissez-vous guider par les pr\u00e9parations Global Exam !<\/p>\n","protected":false},"excerpt":{"rendered":"<p>Pr\u00e9parer sa certification en langues Vous souhaitez valider votre niveau de langue en passant une certification ? Mettez toutes les chances de [&hellip;]<\/p>\n","protected":false},"author":1,"featured_media":0,"parent":0,"menu_order":0,"comment_status":"closed","ping_status":"closed","template":"","meta":[],"acf":[],"yoast_head":"<!-- This site is optimized with the Yoast SEO plugin v17.2.1 - https:\/\/yoast.com\/wordpress\/plugins\/seo\/ -->\n<title>Les examens de langue - GlobalExam Blog<\/title>\n<meta name=\"robots\" content=\"index, follow, max-snippet:-1, max-image-preview:large, max-video-preview:-1\" \/>\n<link rel=\"canonical\" href=\"https:\/\/global-exam.com\/blog\/fr\/examens\/\" \/>\n<meta property=\"og:locale\" content=\"fr_FR\" \/>\n<meta property=\"og:type\" content=\"article\" \/>\n<meta property=\"og:title\" content=\"Les examens de langue - GlobalExam Blog\" \/>\n<meta property=\"og:description\" content=\"Pr\u00e9parer sa certification en langues Vous souhaitez valider votre niveau de langue en passant une certification ? Mettez toutes les chances de [&hellip;]\" \/>\n<meta property=\"og:url\" content=\"https:\/\/global-exam.com\/blog\/fr\/examens\/\" \/>\n<meta property=\"og:site_name\" content=\"GlobalExam Blog\" \/>\n<meta property=\"article:publisher\" content=\"https:\/\/www.facebook.com\/Global.Exam\" \/>\n<meta property=\"article:modified_time\" content=\"2022-06-29T16:16:27+00:00\" \/>\n<meta name=\"twitter:card\" content=\"summary_large_image\" \/>\n<meta name=\"twitter:site\" content=\"@Global_Exam\" \/>\n<meta name=\"twitter:label1\" content=\"Dur\u00e9e de lecture estim\u00e9e\" \/>\n\t<meta name=\"twitter:data1\" content=\"11 minutes\" \/>\n<script type=\"application\/ld+json\" class=\"yoast-schema-graph\">{\"@context\":\"https:\/\/schema.org\",\"@graph\":[{\"@type\":\"WebSite\",\"@id\":\"https:\/\/global-exam.com\/blog\/#website\",\"url\":\"https:\/\/global-exam.com\/blog\/\",\"name\":\"GlobalExam Blog\",\"description\":\"Le blog du sp\\u00e9cialiste de la certification linguistique\",\"potentialAction\":[{\"@type\":\"SearchAction\",\"target\":{\"@type\":\"EntryPoint\",\"urlTemplate\":\"https:\/\/global-exam.com\/blog\/?s={search_term_string}\"},\"query-input\":\"required name=search_term_string\"}],\"inLanguage\":\"fr-FR\"},{\"@type\":\"WebPage\",\"@id\":\"https:\/\/global-exam.com\/blog\/fr\/examens\/#webpage\",\"url\":\"https:\/\/global-exam.com\/blog\/fr\/examens\/\",\"name\":\"Les examens de langue - GlobalExam Blog\",\"isPartOf\":{\"@id\":\"https:\/\/global-exam.com\/blog\/#website\"},\"datePublished\":\"2019-02-13T11:24:49+00:00\",\"dateModified\":\"2022-06-29T16:16:27+00:00\",\"breadcrumb\":{\"@id\":\"https:\/\/global-exam.com\/blog\/fr\/examens\/#breadcrumb\"},\"inLanguage\":\"fr-FR\",\"potentialAction\":[{\"@type\":\"ReadAction\",\"target\":[\"https:\/\/global-exam.com\/blog\/fr\/examens\/\"]}]},{\"@type\":\"BreadcrumbList\",\"@id\":\"https:\/\/global-exam.com\/blog\/fr\/examens\/#breadcrumb\",\"itemListElement\":[{\"@type\":\"ListItem\",\"position\":1,\"name\":\"Les examens de langue\"}]}]}<\/script>\n<!-- \/ Yoast SEO plugin. -->","yoast_head_json":{"title":"Les examens de langue - GlobalExam Blog","robots":{"index":"index","follow":"follow","max-snippet":"max-snippet:-1","max-image-preview":"max-image-preview:large","max-video-preview":"max-video-preview:-1"},"canonical":"https:\/\/global-exam.com\/blog\/fr\/examens\/","og_locale":"fr_FR","og_type":"article","og_title":"Les examens de langue - GlobalExam Blog","og_description":"Pr\u00e9parer sa certification en langues Vous souhaitez valider votre niveau de langue en passant une certification ? Mettez toutes les chances de [&hellip;]","og_url":"https:\/\/global-exam.com\/blog\/fr\/examens\/","og_site_name":"GlobalExam Blog","article_publisher":"https:\/\/www.facebook.com\/Global.Exam","article_modified_time":"2022-06-29T16:16:27+00:00","twitter_card":"summary_large_image","twitter_site":"@Global_Exam","twitter_misc":{"Dur\u00e9e de lecture estim\u00e9e":"11 minutes"},"schema":{"@context":"https:\/\/schema.org","@graph":[{"@type":"WebSite","@id":"https:\/\/global-exam.com\/blog\/#website","url":"https:\/\/global-exam.com\/blog\/","name":"GlobalExam Blog","description":"Le blog du sp\u00e9cialiste de la certification linguistique","potentialAction":[{"@type":"SearchAction","target":{"@type":"EntryPoint","urlTemplate":"https:\/\/global-exam.com\/blog\/?s={search_term_string}"},"query-input":"required name=search_term_string"}],"inLanguage":"fr-FR"},{"@type":"WebPage","@id":"https:\/\/global-exam.com\/blog\/fr\/examens\/#webpage","url":"https:\/\/global-exam.com\/blog\/fr\/examens\/","name":"Les examens de langue - GlobalExam Blog","isPartOf":{"@id":"https:\/\/global-exam.com\/blog\/#website"},"datePublished":"2019-02-13T11:24:49+00:00","dateModified":"2022-06-29T16:16:27+00:00","breadcrumb":{"@id":"https:\/\/global-exam.com\/blog\/fr\/examens\/#breadcrumb"},"inLanguage":"fr-FR","potentialAction":[{"@type":"ReadAction","target":["https:\/\/global-exam.com\/blog\/fr\/examens\/"]}]},{"@type":"BreadcrumbList","@id":"https:\/\/global-exam.com\/blog\/fr\/examens\/#breadcrumb","itemListElement":[{"@type":"ListItem","position":1,"name":"Les examens de langue"}]}]}},"lang":"fr","translations":{"es":14852,"fr":2839,"en":3050,"pt":19555,"ja":19595,"zh":19642,"de":20114,"it":21123,"ko":21173,"id":22157,"th":22242,"vi":22318},"pll_sync_post":[],"_links":{"self":[{"href":"https:\/\/global-exam.com\/blog\/wp-json\/wp\/v2\/pages\/2839"}],"collection":[{"href":"https:\/\/global-exam.com\/blog\/wp-json\/wp\/v2\/pages"}],"about":[{"href":"https:\/\/global-exam.com\/blog\/wp-json\/wp\/v2\/types\/page"}],"author":[{"embeddable":true,"href":"https:\/\/global-exam.com\/blog\/wp-json\/wp\/v2\/users\/1"}],"replies":[{"embeddable":true,"href":"https:\/\/global-exam.com\/blog\/wp-json\/wp\/v2\/comments?post=2839"}],"version-history":[{"count":15,"href":"https:\/\/global-exam.com\/blog\/wp-json\/wp\/v2\/pages\/2839\/revisions"}],"predecessor-version":[{"id":77106,"href":"https:\/\/global-exam.com\/blog\/wp-json\/wp\/v2\/pages\/2839\/revisions\/77106"}],"wp:attachment":[{"href":"https:\/\/global-exam.com\/blog\/wp-json\/wp\/v2\/media?parent=2839"}],"curies":[{"name":"wp","href":"https:\/\/api.w.org\/{rel}","templated":true}]}}