{"id":2843,"date":"2019-02-13T12:26:49","date_gmt":"2019-02-13T11:26:49","guid":{"rendered":"https:\/\/global-exam.com\/?page_id=2843"},"modified":"2022-08-31T14:27:06","modified_gmt":"2022-08-31T12:27:06","slug":"bulats","status":"publish","type":"page","link":"https:\/\/global-exam.com\/blog\/fr\/examens\/bulats\/","title":{"rendered":"Linguaskill (BULATS)"},"content":{"rendered":"<p>Passer le Linguaskill (BULATS)<\/p>\n<p style=\"text-align: center;\">Le <strong>Linguaskill <\/strong>(anciennement BULATS) est un <strong>test d&rsquo;anglais <\/strong>reconnu \u00e0 l&rsquo;international. Cet examen comporte quatre sections : Listening, Reading, Writing et Speaking. Le test s&rsquo;effectue sur un ordinateur, et d\u00e9livre un <strong>score sur 180<\/strong> qui correspond aux <strong>niveaux europ\u00e9ens du<\/strong> <strong>CECRL<\/strong>.<\/p>\n<p style=\"text-align: center;\">Le Linguaskill est un <strong>test adaptatif<\/strong>, c&rsquo;est-\u00e0-dire qu&rsquo;il n&rsquo;y a jamais le m\u00eame nombre de questions. Chaque r\u00e9ponse du candidat aide l&rsquo;ordinateur \u00e0 d\u00e9terminer son niveau et ainsi \u00e0 lui proposer des questions adapt\u00e9es.<\/p>\n<p style=\"text-align: center;\">Depuis 2020, le BULATS a \u00e9t\u00e9 remplac\u00e9 par le <strong>Linguaskill Business<\/strong>.<\/p>\n","protected":false},"excerpt":{"rendered":"<p>Passer le Linguaskill (BULATS) Le Linguaskill (anciennement BULATS) est un test d&rsquo;anglais reconnu \u00e0 l&rsquo;international. Cet examen comporte quatre sections : Listening, [&hellip;]<\/p>\n","protected":false},"author":1,"featured_media":0,"parent":2839,"menu_order":0,"comment_status":"closed","ping_status":"closed","template":"","meta":[],"acf":[],"yoast_head":"<!-- This site is optimized with the Yoast SEO plugin v17.2.1 - https:\/\/yoast.com\/wordpress\/plugins\/seo\/ -->\n<title>Linguaskill (BULATS) - GlobalExam Blog<\/title>\n<meta name=\"description\" content=\"Vous allez passer le Linguaskill pour certifier votre niveau d&#039;anglais ? D\u00e9couvrez toutes les informations relatives \u00e0 ce test de langue.\" \/>\n<meta name=\"robots\" content=\"index, follow, max-snippet:-1, max-image-preview:large, max-video-preview:-1\" \/>\n<link rel=\"canonical\" href=\"https:\/\/global-exam.com\/blog\/fr\/examens\/bulats\/\" \/>\n<meta property=\"og:locale\" content=\"fr_FR\" \/>\n<meta property=\"og:type\" content=\"article\" \/>\n<meta property=\"og:title\" content=\"Linguaskill (BULATS) - GlobalExam Blog\" \/>\n<meta property=\"og:description\" content=\"Vous allez passer le Linguaskill pour certifier votre niveau d&#039;anglais ? D\u00e9couvrez toutes les informations relatives \u00e0 ce test de langue.\" \/>\n<meta property=\"og:url\" content=\"https:\/\/global-exam.com\/blog\/fr\/examens\/bulats\/\" \/>\n<meta property=\"og:site_name\" content=\"GlobalExam Blog\" \/>\n<meta property=\"article:publisher\" content=\"https:\/\/www.facebook.com\/Global.Exam\" \/>\n<meta property=\"article:modified_time\" content=\"2022-08-31T12:27:06+00:00\" \/>\n<meta name=\"twitter:card\" content=\"summary_large_image\" \/>\n<meta name=\"twitter:site\" content=\"@Global_Exam\" \/>\n<script type=\"application\/ld+json\" class=\"yoast-schema-graph\">{\"@context\":\"https:\/\/schema.org\",\"@graph\":[{\"@type\":\"WebSite\",\"@id\":\"https:\/\/global-exam.com\/blog\/#website\",\"url\":\"https:\/\/global-exam.com\/blog\/\",\"name\":\"GlobalExam Blog\",\"description\":\"Le blog du sp\\u00e9cialiste de la certification linguistique\",\"potentialAction\":[{\"@type\":\"SearchAction\",\"target\":{\"@type\":\"EntryPoint\",\"urlTemplate\":\"https:\/\/global-exam.com\/blog\/?s={search_term_string}\"},\"query-input\":\"required name=search_term_string\"}],\"inLanguage\":\"fr-FR\"},{\"@type\":\"WebPage\",\"@id\":\"https:\/\/global-exam.com\/blog\/fr\/examens\/bulats\/#webpage\",\"url\":\"https:\/\/global-exam.com\/blog\/fr\/examens\/bulats\/\",\"name\":\"Linguaskill (BULATS) - GlobalExam Blog\",\"isPartOf\":{\"@id\":\"https:\/\/global-exam.com\/blog\/#website\"},\"datePublished\":\"2019-02-13T11:26:49+00:00\",\"dateModified\":\"2022-08-31T12:27:06+00:00\",\"description\":\"Vous allez passer le Linguaskill pour certifier votre niveau d'anglais ? D\\u00e9couvrez toutes les informations relatives \\u00e0 ce test de langue.\",\"breadcrumb\":{\"@id\":\"https:\/\/global-exam.com\/blog\/fr\/examens\/bulats\/#breadcrumb\"},\"inLanguage\":\"fr-FR\",\"potentialAction\":[{\"@type\":\"ReadAction\",\"target\":[\"https:\/\/global-exam.com\/blog\/fr\/examens\/bulats\/\"]}]},{\"@type\":\"BreadcrumbList\",\"@id\":\"https:\/\/global-exam.com\/blog\/fr\/examens\/bulats\/#breadcrumb\",\"itemListElement\":[{\"@type\":\"ListItem\",\"position\":1,\"name\":\"Les examens de langue\",\"item\":\"https:\/\/global-exam.com\/blog\/fr\/examens\/\"},{\"@type\":\"ListItem\",\"position\":2,\"name\":\"Linguaskill (BULATS)\"}]}]}<\/script>\n<!-- \/ Yoast SEO plugin. -->","yoast_head_json":{"title":"Linguaskill (BULATS) - GlobalExam Blog","description":"Vous allez passer le Linguaskill pour certifier votre niveau d'anglais ? D\u00e9couvrez toutes les informations relatives \u00e0 ce test de langue.","robots":{"index":"index","follow":"follow","max-snippet":"max-snippet:-1","max-image-preview":"max-image-preview:large","max-video-preview":"max-video-preview:-1"},"canonical":"https:\/\/global-exam.com\/blog\/fr\/examens\/bulats\/","og_locale":"fr_FR","og_type":"article","og_title":"Linguaskill (BULATS) - GlobalExam Blog","og_description":"Vous allez passer le Linguaskill pour certifier votre niveau d'anglais ? D\u00e9couvrez toutes les informations relatives \u00e0 ce test de langue.","og_url":"https:\/\/global-exam.com\/blog\/fr\/examens\/bulats\/","og_site_name":"GlobalExam Blog","article_publisher":"https:\/\/www.facebook.com\/Global.Exam","article_modified_time":"2022-08-31T12:27:06+00:00","twitter_card":"summary_large_image","twitter_site":"@Global_Exam","schema":{"@context":"https:\/\/schema.org","@graph":[{"@type":"WebSite","@id":"https:\/\/global-exam.com\/blog\/#website","url":"https:\/\/global-exam.com\/blog\/","name":"GlobalExam Blog","description":"Le blog du sp\u00e9cialiste de la certification linguistique","potentialAction":[{"@type":"SearchAction","target":{"@type":"EntryPoint","urlTemplate":"https:\/\/global-exam.com\/blog\/?s={search_term_string}"},"query-input":"required name=search_term_string"}],"inLanguage":"fr-FR"},{"@type":"WebPage","@id":"https:\/\/global-exam.com\/blog\/fr\/examens\/bulats\/#webpage","url":"https:\/\/global-exam.com\/blog\/fr\/examens\/bulats\/","name":"Linguaskill (BULATS) - GlobalExam Blog","isPartOf":{"@id":"https:\/\/global-exam.com\/blog\/#website"},"datePublished":"2019-02-13T11:26:49+00:00","dateModified":"2022-08-31T12:27:06+00:00","description":"Vous allez passer le Linguaskill pour certifier votre niveau d'anglais ? D\u00e9couvrez toutes les informations relatives \u00e0 ce test de langue.","breadcrumb":{"@id":"https:\/\/global-exam.com\/blog\/fr\/examens\/bulats\/#breadcrumb"},"inLanguage":"fr-FR","potentialAction":[{"@type":"ReadAction","target":["https:\/\/global-exam.com\/blog\/fr\/examens\/bulats\/"]}]},{"@type":"BreadcrumbList","@id":"https:\/\/global-exam.com\/blog\/fr\/examens\/bulats\/#breadcrumb","itemListElement":[{"@type":"ListItem","position":1,"name":"Les examens de langue","item":"https:\/\/global-exam.com\/blog\/fr\/examens\/"},{"@type":"ListItem","position":2,"name":"Linguaskill (BULATS)"}]}]}},"lang":"fr","translations":{"fr":2843,"es":18604,"it":50548,"en":3108},"pll_sync_post":[],"_links":{"self":[{"href":"https:\/\/global-exam.com\/blog\/wp-json\/wp\/v2\/pages\/2843"}],"collection":[{"href":"https:\/\/global-exam.com\/blog\/wp-json\/wp\/v2\/pages"}],"about":[{"href":"https:\/\/global-exam.com\/blog\/wp-json\/wp\/v2\/types\/page"}],"author":[{"embeddable":true,"href":"https:\/\/global-exam.com\/blog\/wp-json\/wp\/v2\/users\/1"}],"replies":[{"embeddable":true,"href":"https:\/\/global-exam.com\/blog\/wp-json\/wp\/v2\/comments?post=2843"}],"version-history":[{"count":23,"href":"https:\/\/global-exam.com\/blog\/wp-json\/wp\/v2\/pages\/2843\/revisions"}],"predecessor-version":[{"id":79192,"href":"https:\/\/global-exam.com\/blog\/wp-json\/wp\/v2\/pages\/2843\/revisions\/79192"}],"up":[{"embeddable":true,"href":"https:\/\/global-exam.com\/blog\/wp-json\/wp\/v2\/pages\/2839"}],"wp:attachment":[{"href":"https:\/\/global-exam.com\/blog\/wp-json\/wp\/v2\/media?parent=2843"}],"curies":[{"name":"wp","href":"https:\/\/api.w.org\/{rel}","templated":true}]}}