{"id":2845,"date":"2019-02-13T12:31:39","date_gmt":"2019-02-13T11:31:39","guid":{"rendered":"https:\/\/global-exam.com\/?page_id=2845"},"modified":"2022-08-17T15:18:51","modified_gmt":"2022-08-17T13:18:51","slug":"toefl-ibt","status":"publish","type":"page","link":"https:\/\/global-exam.com\/blog\/fr\/examens\/toefl-ibt\/","title":{"rendered":"TOEFL IBT : pr\u00e9parer le test"},"content":{"rendered":"<p>Passer le TOEFL IBT<\/p>\n<p style=\"text-align: center;\">Le <a href=\"https:\/\/global-exam.com\/fr\/exam\/toefl-ibt\" target=\"_blank\" rel=\"noopener\">TOEFL iBT<\/a> (Test of English as a Foreign Language &#8211; Internet Based Test) \u00e9value la capacit\u00e9 d&rsquo;une personne \u00e0 comprendre l&rsquo;anglais dans un environnement <strong>scolaire<\/strong>. Il \u00e9value \u00e9galement la facult\u00e9 d&rsquo;une personne \u00e0 combiner \u00e0 la fois <strong>compr\u00e9hension \u00e9crite et orale<\/strong>, mais aussi <strong>expression \u00e9crite et orale<\/strong>. Le test est <strong>not\u00e9 sur 120 points<\/strong> (30 points par section) et est valide pendant 2 ans.<\/p>\n<p style=\"text-align: center;\">Les scores TOEFL sont <strong>accept\u00e9s et reconnus dans plus de 10 000 universit\u00e9s et \u00e9coles \u00e0 travers le monde<\/strong>, comme en Australie, au Canada, en Nouvelle-Z\u00e9lande, au Royaume-Uni, aux Etats-Unis ou encore en Asie.<\/p>\n","protected":false},"excerpt":{"rendered":"<p>Passer le TOEFL IBT Le TOEFL iBT (Test of English as a Foreign Language &#8211; Internet Based Test) \u00e9value la capacit\u00e9 d&rsquo;une [&hellip;]<\/p>\n","protected":false},"author":1,"featured_media":0,"parent":2839,"menu_order":0,"comment_status":"closed","ping_status":"closed","template":"","meta":[],"acf":[],"yoast_head":"<!-- This site is optimized with the Yoast SEO plugin v17.2.1 - https:\/\/yoast.com\/wordpress\/plugins\/seo\/ -->\n<title>TOEFL IBT : pr\u00e9parer le test - GlobalExam Blog<\/title>\n<meta name=\"description\" content=\"Vous souhaitez passer le TOEFL IBT ? D\u00e9couvrez nos programmes de pr\u00e9paration sur-mesure pour booster votre score le jour de l&#039;examen !\" \/>\n<meta name=\"robots\" content=\"index, follow, max-snippet:-1, max-image-preview:large, max-video-preview:-1\" \/>\n<link rel=\"canonical\" href=\"https:\/\/global-exam.com\/blog\/fr\/examens\/toefl-ibt\/\" \/>\n<meta property=\"og:locale\" content=\"fr_FR\" \/>\n<meta property=\"og:type\" content=\"article\" \/>\n<meta property=\"og:title\" content=\"TOEFL IBT : pr\u00e9parer le test - GlobalExam Blog\" \/>\n<meta property=\"og:description\" content=\"Vous souhaitez passer le TOEFL IBT ? D\u00e9couvrez nos programmes de pr\u00e9paration sur-mesure pour booster votre score le jour de l&#039;examen !\" \/>\n<meta property=\"og:url\" content=\"https:\/\/global-exam.com\/blog\/fr\/examens\/toefl-ibt\/\" \/>\n<meta property=\"og:site_name\" content=\"GlobalExam Blog\" \/>\n<meta property=\"article:publisher\" content=\"https:\/\/www.facebook.com\/Global.Exam\" \/>\n<meta property=\"article:modified_time\" content=\"2022-08-17T13:18:51+00:00\" \/>\n<meta name=\"twitter:card\" content=\"summary_large_image\" \/>\n<meta name=\"twitter:site\" content=\"@Global_Exam\" \/>\n<meta name=\"twitter:label1\" content=\"Dur\u00e9e de lecture estim\u00e9e\" \/>\n\t<meta name=\"twitter:data1\" content=\"2 minutes\" \/>\n<script type=\"application\/ld+json\" class=\"yoast-schema-graph\">{\"@context\":\"https:\/\/schema.org\",\"@graph\":[{\"@type\":\"WebSite\",\"@id\":\"https:\/\/global-exam.com\/blog\/#website\",\"url\":\"https:\/\/global-exam.com\/blog\/\",\"name\":\"GlobalExam Blog\",\"description\":\"Le blog du sp\\u00e9cialiste de la certification linguistique\",\"potentialAction\":[{\"@type\":\"SearchAction\",\"target\":{\"@type\":\"EntryPoint\",\"urlTemplate\":\"https:\/\/global-exam.com\/blog\/?s={search_term_string}\"},\"query-input\":\"required name=search_term_string\"}],\"inLanguage\":\"fr-FR\"},{\"@type\":\"WebPage\",\"@id\":\"https:\/\/global-exam.com\/blog\/fr\/examens\/toefl-ibt\/#webpage\",\"url\":\"https:\/\/global-exam.com\/blog\/fr\/examens\/toefl-ibt\/\",\"name\":\"TOEFL IBT : pr\\u00e9parer le test - GlobalExam Blog\",\"isPartOf\":{\"@id\":\"https:\/\/global-exam.com\/blog\/#website\"},\"datePublished\":\"2019-02-13T11:31:39+00:00\",\"dateModified\":\"2022-08-17T13:18:51+00:00\",\"description\":\"Vous souhaitez passer le TOEFL IBT ? D\\u00e9couvrez nos programmes de pr\\u00e9paration sur-mesure pour booster votre score le jour de l'examen !\",\"breadcrumb\":{\"@id\":\"https:\/\/global-exam.com\/blog\/fr\/examens\/toefl-ibt\/#breadcrumb\"},\"inLanguage\":\"fr-FR\",\"potentialAction\":[{\"@type\":\"ReadAction\",\"target\":[\"https:\/\/global-exam.com\/blog\/fr\/examens\/toefl-ibt\/\"]}]},{\"@type\":\"BreadcrumbList\",\"@id\":\"https:\/\/global-exam.com\/blog\/fr\/examens\/toefl-ibt\/#breadcrumb\",\"itemListElement\":[{\"@type\":\"ListItem\",\"position\":1,\"name\":\"Les examens de langue\",\"item\":\"https:\/\/global-exam.com\/blog\/fr\/examens\/\"},{\"@type\":\"ListItem\",\"position\":2,\"name\":\"TOEFL IBT : pr\\u00e9parer le test\"}]}]}<\/script>\n<!-- \/ Yoast SEO plugin. -->","yoast_head_json":{"title":"TOEFL IBT : pr\u00e9parer le test - GlobalExam Blog","description":"Vous souhaitez passer le TOEFL IBT ? D\u00e9couvrez nos programmes de pr\u00e9paration sur-mesure pour booster votre score le jour de l'examen !","robots":{"index":"index","follow":"follow","max-snippet":"max-snippet:-1","max-image-preview":"max-image-preview:large","max-video-preview":"max-video-preview:-1"},"canonical":"https:\/\/global-exam.com\/blog\/fr\/examens\/toefl-ibt\/","og_locale":"fr_FR","og_type":"article","og_title":"TOEFL IBT : pr\u00e9parer le test - GlobalExam Blog","og_description":"Vous souhaitez passer le TOEFL IBT ? D\u00e9couvrez nos programmes de pr\u00e9paration sur-mesure pour booster votre score le jour de l'examen !","og_url":"https:\/\/global-exam.com\/blog\/fr\/examens\/toefl-ibt\/","og_site_name":"GlobalExam Blog","article_publisher":"https:\/\/www.facebook.com\/Global.Exam","article_modified_time":"2022-08-17T13:18:51+00:00","twitter_card":"summary_large_image","twitter_site":"@Global_Exam","twitter_misc":{"Dur\u00e9e de lecture estim\u00e9e":"2 minutes"},"schema":{"@context":"https:\/\/schema.org","@graph":[{"@type":"WebSite","@id":"https:\/\/global-exam.com\/blog\/#website","url":"https:\/\/global-exam.com\/blog\/","name":"GlobalExam Blog","description":"Le blog du sp\u00e9cialiste de la certification linguistique","potentialAction":[{"@type":"SearchAction","target":{"@type":"EntryPoint","urlTemplate":"https:\/\/global-exam.com\/blog\/?s={search_term_string}"},"query-input":"required name=search_term_string"}],"inLanguage":"fr-FR"},{"@type":"WebPage","@id":"https:\/\/global-exam.com\/blog\/fr\/examens\/toefl-ibt\/#webpage","url":"https:\/\/global-exam.com\/blog\/fr\/examens\/toefl-ibt\/","name":"TOEFL IBT : pr\u00e9parer le test - GlobalExam Blog","isPartOf":{"@id":"https:\/\/global-exam.com\/blog\/#website"},"datePublished":"2019-02-13T11:31:39+00:00","dateModified":"2022-08-17T13:18:51+00:00","description":"Vous souhaitez passer le TOEFL IBT ? D\u00e9couvrez nos programmes de pr\u00e9paration sur-mesure pour booster votre score le jour de l'examen !","breadcrumb":{"@id":"https:\/\/global-exam.com\/blog\/fr\/examens\/toefl-ibt\/#breadcrumb"},"inLanguage":"fr-FR","potentialAction":[{"@type":"ReadAction","target":["https:\/\/global-exam.com\/blog\/fr\/examens\/toefl-ibt\/"]}]},{"@type":"BreadcrumbList","@id":"https:\/\/global-exam.com\/blog\/fr\/examens\/toefl-ibt\/#breadcrumb","itemListElement":[{"@type":"ListItem","position":1,"name":"Les examens de langue","item":"https:\/\/global-exam.com\/blog\/fr\/examens\/"},{"@type":"ListItem","position":2,"name":"TOEFL IBT : pr\u00e9parer le test"}]}]}},"lang":"fr","translations":{"it":47642,"fr":2845},"pll_sync_post":[],"_links":{"self":[{"href":"https:\/\/global-exam.com\/blog\/wp-json\/wp\/v2\/pages\/2845"}],"collection":[{"href":"https:\/\/global-exam.com\/blog\/wp-json\/wp\/v2\/pages"}],"about":[{"href":"https:\/\/global-exam.com\/blog\/wp-json\/wp\/v2\/types\/page"}],"author":[{"embeddable":true,"href":"https:\/\/global-exam.com\/blog\/wp-json\/wp\/v2\/users\/1"}],"replies":[{"embeddable":true,"href":"https:\/\/global-exam.com\/blog\/wp-json\/wp\/v2\/comments?post=2845"}],"version-history":[{"count":23,"href":"https:\/\/global-exam.com\/blog\/wp-json\/wp\/v2\/pages\/2845\/revisions"}],"predecessor-version":[{"id":78061,"href":"https:\/\/global-exam.com\/blog\/wp-json\/wp\/v2\/pages\/2845\/revisions\/78061"}],"up":[{"embeddable":true,"href":"https:\/\/global-exam.com\/blog\/wp-json\/wp\/v2\/pages\/2839"}],"wp:attachment":[{"href":"https:\/\/global-exam.com\/blog\/wp-json\/wp\/v2\/media?parent=2845"}],"curies":[{"name":"wp","href":"https:\/\/api.w.org\/{rel}","templated":true}]}}