{"id":2849,"date":"2019-02-13T12:32:06","date_gmt":"2019-02-13T11:32:06","guid":{"rendered":"https:\/\/global-exam.com\/?page_id=2849"},"modified":"2022-08-17T15:35:44","modified_gmt":"2022-08-17T13:35:44","slug":"toefl-itp","status":"publish","type":"page","link":"https:\/\/global-exam.com\/blog\/fr\/examens\/toefl-itp\/","title":{"rendered":"TOEFL ITP : nos conseils de pr\u00e9paration"},"content":{"rendered":"<p>Passer le TOEFL ITP<\/p>\n<p style=\"text-align: center;\">Le TOEFL ITP (Test Of English as a Foreign Language &#8211; Paper Based) est un test <strong>administr\u00e9 sur papier<\/strong>, qui \u00e9value le <strong>niveau d&rsquo;anglais<\/strong> des personnes dont ce n&rsquo;est pas la langue maternelle. Il est g\u00e9n\u00e9ralement utilis\u00e9 \u00e0 des fins d&rsquo;<strong>\u00e9valuation acad\u00e9mique<\/strong> pour <strong>d\u00e9terminer un niveau de d\u00e9part<\/strong>, une <strong>progression<\/strong>, ou un <strong>niveau en fin de parcours<\/strong>.<\/p>\n<p style=\"text-align: center;\">Le test peut se passer sur un des deux niveaux : le <strong>niveau 1<\/strong> (interm\u00e9diaire \u00e0 avanc\u00e9) et <strong>niveau 2<\/strong> (d\u00e9butant \u00e0 interm\u00e9diaire). Les scores obtenus sont associ\u00e9s au <strong>CECRL<\/strong> et les personnes ayant pass\u00e9 le test re\u00e7oivent un \u00ab\u00a0certificate of achievement\u00a0\u00bb.<\/p>\n<p style=\"text-align: center;\">Le TOEFL ITP contient <strong>trois parties<\/strong> : Listening, Reading, et Structure and Written Expression. La derni\u00e8re partie \u00e9value la <strong>grammaire<\/strong> et la capacit\u00e9 \u00e0 <strong>rep\u00e9rer des erreurs dans les textes<\/strong>.<\/p>\n","protected":false},"excerpt":{"rendered":"<p>Passer le TOEFL ITP Le TOEFL ITP (Test Of English as a Foreign Language &#8211; Paper Based) est un test administr\u00e9 sur [&hellip;]<\/p>\n","protected":false},"author":1,"featured_media":0,"parent":2839,"menu_order":0,"comment_status":"closed","ping_status":"closed","template":"","meta":[],"acf":[],"yoast_head":"<!-- This site is optimized with the Yoast SEO plugin v17.2.1 - https:\/\/yoast.com\/wordpress\/plugins\/seo\/ -->\n<title>TOEFL ITP : nos conseils de pr\u00e9paration - GlobalExam Blog<\/title>\n<meta name=\"robots\" content=\"index, follow, max-snippet:-1, max-image-preview:large, max-video-preview:-1\" \/>\n<link rel=\"canonical\" href=\"https:\/\/global-exam.com\/blog\/fr\/examens\/toefl-itp\/\" \/>\n<meta property=\"og:locale\" content=\"fr_FR\" \/>\n<meta property=\"og:type\" content=\"article\" \/>\n<meta property=\"og:title\" content=\"TOEFL ITP : nos conseils de pr\u00e9paration - GlobalExam Blog\" \/>\n<meta property=\"og:description\" content=\"Passer le TOEFL ITP Le TOEFL ITP (Test Of English as a Foreign Language &#8211; Paper Based) est un test administr\u00e9 sur [&hellip;]\" \/>\n<meta property=\"og:url\" content=\"https:\/\/global-exam.com\/blog\/fr\/examens\/toefl-itp\/\" \/>\n<meta property=\"og:site_name\" content=\"GlobalExam Blog\" \/>\n<meta property=\"article:publisher\" content=\"https:\/\/www.facebook.com\/Global.Exam\" \/>\n<meta property=\"article:modified_time\" content=\"2022-08-17T13:35:44+00:00\" \/>\n<meta name=\"twitter:card\" content=\"summary_large_image\" \/>\n<meta name=\"twitter:site\" content=\"@Global_Exam\" \/>\n<meta name=\"twitter:label1\" content=\"Dur\u00e9e de lecture estim\u00e9e\" \/>\n\t<meta name=\"twitter:data1\" content=\"2 minutes\" \/>\n<script type=\"application\/ld+json\" class=\"yoast-schema-graph\">{\"@context\":\"https:\/\/schema.org\",\"@graph\":[{\"@type\":\"WebSite\",\"@id\":\"https:\/\/global-exam.com\/blog\/#website\",\"url\":\"https:\/\/global-exam.com\/blog\/\",\"name\":\"GlobalExam Blog\",\"description\":\"Le blog du sp\\u00e9cialiste de la certification linguistique\",\"potentialAction\":[{\"@type\":\"SearchAction\",\"target\":{\"@type\":\"EntryPoint\",\"urlTemplate\":\"https:\/\/global-exam.com\/blog\/?s={search_term_string}\"},\"query-input\":\"required name=search_term_string\"}],\"inLanguage\":\"fr-FR\"},{\"@type\":\"WebPage\",\"@id\":\"https:\/\/global-exam.com\/blog\/fr\/examens\/toefl-itp\/#webpage\",\"url\":\"https:\/\/global-exam.com\/blog\/fr\/examens\/toefl-itp\/\",\"name\":\"TOEFL ITP : nos conseils de pr\\u00e9paration - GlobalExam Blog\",\"isPartOf\":{\"@id\":\"https:\/\/global-exam.com\/blog\/#website\"},\"datePublished\":\"2019-02-13T11:32:06+00:00\",\"dateModified\":\"2022-08-17T13:35:44+00:00\",\"breadcrumb\":{\"@id\":\"https:\/\/global-exam.com\/blog\/fr\/examens\/toefl-itp\/#breadcrumb\"},\"inLanguage\":\"fr-FR\",\"potentialAction\":[{\"@type\":\"ReadAction\",\"target\":[\"https:\/\/global-exam.com\/blog\/fr\/examens\/toefl-itp\/\"]}]},{\"@type\":\"BreadcrumbList\",\"@id\":\"https:\/\/global-exam.com\/blog\/fr\/examens\/toefl-itp\/#breadcrumb\",\"itemListElement\":[{\"@type\":\"ListItem\",\"position\":1,\"name\":\"Les examens de langue\",\"item\":\"https:\/\/global-exam.com\/blog\/fr\/examens\/\"},{\"@type\":\"ListItem\",\"position\":2,\"name\":\"TOEFL ITP : nos conseils de pr\\u00e9paration\"}]}]}<\/script>\n<!-- \/ Yoast SEO plugin. -->","yoast_head_json":{"title":"TOEFL ITP : nos conseils de pr\u00e9paration - GlobalExam Blog","robots":{"index":"index","follow":"follow","max-snippet":"max-snippet:-1","max-image-preview":"max-image-preview:large","max-video-preview":"max-video-preview:-1"},"canonical":"https:\/\/global-exam.com\/blog\/fr\/examens\/toefl-itp\/","og_locale":"fr_FR","og_type":"article","og_title":"TOEFL ITP : nos conseils de pr\u00e9paration - GlobalExam Blog","og_description":"Passer le TOEFL ITP Le TOEFL ITP (Test Of English as a Foreign Language &#8211; Paper Based) est un test administr\u00e9 sur [&hellip;]","og_url":"https:\/\/global-exam.com\/blog\/fr\/examens\/toefl-itp\/","og_site_name":"GlobalExam Blog","article_publisher":"https:\/\/www.facebook.com\/Global.Exam","article_modified_time":"2022-08-17T13:35:44+00:00","twitter_card":"summary_large_image","twitter_site":"@Global_Exam","twitter_misc":{"Dur\u00e9e de lecture estim\u00e9e":"2 minutes"},"schema":{"@context":"https:\/\/schema.org","@graph":[{"@type":"WebSite","@id":"https:\/\/global-exam.com\/blog\/#website","url":"https:\/\/global-exam.com\/blog\/","name":"GlobalExam Blog","description":"Le blog du sp\u00e9cialiste de la certification linguistique","potentialAction":[{"@type":"SearchAction","target":{"@type":"EntryPoint","urlTemplate":"https:\/\/global-exam.com\/blog\/?s={search_term_string}"},"query-input":"required name=search_term_string"}],"inLanguage":"fr-FR"},{"@type":"WebPage","@id":"https:\/\/global-exam.com\/blog\/fr\/examens\/toefl-itp\/#webpage","url":"https:\/\/global-exam.com\/blog\/fr\/examens\/toefl-itp\/","name":"TOEFL ITP : nos conseils de pr\u00e9paration - GlobalExam Blog","isPartOf":{"@id":"https:\/\/global-exam.com\/blog\/#website"},"datePublished":"2019-02-13T11:32:06+00:00","dateModified":"2022-08-17T13:35:44+00:00","breadcrumb":{"@id":"https:\/\/global-exam.com\/blog\/fr\/examens\/toefl-itp\/#breadcrumb"},"inLanguage":"fr-FR","potentialAction":[{"@type":"ReadAction","target":["https:\/\/global-exam.com\/blog\/fr\/examens\/toefl-itp\/"]}]},{"@type":"BreadcrumbList","@id":"https:\/\/global-exam.com\/blog\/fr\/examens\/toefl-itp\/#breadcrumb","itemListElement":[{"@type":"ListItem","position":1,"name":"Les examens de langue","item":"https:\/\/global-exam.com\/blog\/fr\/examens\/"},{"@type":"ListItem","position":2,"name":"TOEFL ITP : nos conseils de pr\u00e9paration"}]}]}},"lang":"fr","translations":{"es":14867,"fr":2849,"en":3123,"pt":19572,"ja":19618,"id":22173},"pll_sync_post":[],"_links":{"self":[{"href":"https:\/\/global-exam.com\/blog\/wp-json\/wp\/v2\/pages\/2849"}],"collection":[{"href":"https:\/\/global-exam.com\/blog\/wp-json\/wp\/v2\/pages"}],"about":[{"href":"https:\/\/global-exam.com\/blog\/wp-json\/wp\/v2\/types\/page"}],"author":[{"embeddable":true,"href":"https:\/\/global-exam.com\/blog\/wp-json\/wp\/v2\/users\/1"}],"replies":[{"embeddable":true,"href":"https:\/\/global-exam.com\/blog\/wp-json\/wp\/v2\/comments?post=2849"}],"version-history":[{"count":16,"href":"https:\/\/global-exam.com\/blog\/wp-json\/wp\/v2\/pages\/2849\/revisions"}],"predecessor-version":[{"id":78072,"href":"https:\/\/global-exam.com\/blog\/wp-json\/wp\/v2\/pages\/2849\/revisions\/78072"}],"up":[{"embeddable":true,"href":"https:\/\/global-exam.com\/blog\/wp-json\/wp\/v2\/pages\/2839"}],"wp:attachment":[{"href":"https:\/\/global-exam.com\/blog\/wp-json\/wp\/v2\/media?parent=2849"}],"curies":[{"name":"wp","href":"https:\/\/api.w.org\/{rel}","templated":true}]}}