{"id":2851,"date":"2019-02-13T12:32:15","date_gmt":"2019-02-13T11:32:15","guid":{"rendered":"https:\/\/global-exam.com\/?page_id=2851"},"modified":"2022-08-31T14:14:50","modified_gmt":"2022-08-31T12:14:50","slug":"ielts","status":"publish","type":"page","link":"https:\/\/global-exam.com\/blog\/fr\/examens\/ielts\/","title":{"rendered":"IELTS Test : examen d&rsquo;anglais"},"content":{"rendered":"<p>Passer l&rsquo;IELTS<\/p>\n<p style=\"text-align: center;\">L&rsquo;IELTS (International English Language Testing System) est un test de langue <strong>reconnu mondialement<\/strong> comme une <strong>preuve du niveau d&rsquo;anglais<\/strong> d&rsquo;une personne. Il \u00e9value la <strong>compr\u00e9hension orale et \u00e9crite<\/strong>, mais \u00e9galement l&rsquo;<strong>expression orale et \u00e9crite<\/strong> d&rsquo;un candidat.<\/p>\n<p style=\"text-align: center;\">Le test dure au total <strong>2 heures et 45 minutes<\/strong>. Chaque section est not\u00e9e sur 9 points, pour un <strong>score final sur 9<\/strong> (la moyenne des 4 scores obtenus).<\/p>\n<p style=\"text-align: center;\">Il existe <strong>2 versions du test<\/strong> : l&rsquo;<strong>IELTS Academic<\/strong> qui mesure le niveau d&rsquo;anglais dans un environnement acad\u00e9mique, comme dans une universit\u00e9 par exemple. L&rsquo;<strong>IELTS General Training<\/strong>, quant \u00e0 lui, \u00e9value la capacit\u00e9 d&rsquo;un candidat \u00e0 communiquer en anglais dans la vie de tous les jours.<\/p>\n","protected":false},"excerpt":{"rendered":"<p>Passer l&rsquo;IELTS L&rsquo;IELTS (International English Language Testing System) est un test de langue reconnu mondialement comme une preuve du niveau d&rsquo;anglais d&rsquo;une [&hellip;]<\/p>\n","protected":false},"author":1,"featured_media":0,"parent":2839,"menu_order":0,"comment_status":"closed","ping_status":"closed","template":"","meta":[],"acf":[],"yoast_head":"<!-- This site is optimized with the Yoast SEO plugin v17.2.1 - https:\/\/yoast.com\/wordpress\/plugins\/seo\/ -->\n<title>IELTS Test : examen d&#039;anglais - GlobalExam Blog<\/title>\n<meta name=\"description\" content=\"Pr\u00e9parez l&#039;IELTS en suivant nos conseils et astuces pour booster votre score \u00e0 ce test d&#039;anglais reconnu \u00e0 l&#039;international.\" \/>\n<meta name=\"robots\" content=\"index, follow, max-snippet:-1, max-image-preview:large, max-video-preview:-1\" \/>\n<link rel=\"canonical\" href=\"https:\/\/global-exam.com\/blog\/fr\/examens\/ielts\/\" \/>\n<meta property=\"og:locale\" content=\"fr_FR\" \/>\n<meta property=\"og:type\" content=\"article\" \/>\n<meta property=\"og:title\" content=\"IELTS Test : examen d&#039;anglais - GlobalExam Blog\" \/>\n<meta property=\"og:description\" content=\"Pr\u00e9parez l&#039;IELTS en suivant nos conseils et astuces pour booster votre score \u00e0 ce test d&#039;anglais reconnu \u00e0 l&#039;international.\" \/>\n<meta property=\"og:url\" content=\"https:\/\/global-exam.com\/blog\/fr\/examens\/ielts\/\" \/>\n<meta property=\"og:site_name\" content=\"GlobalExam Blog\" \/>\n<meta property=\"article:publisher\" content=\"https:\/\/www.facebook.com\/Global.Exam\" \/>\n<meta property=\"article:modified_time\" content=\"2022-08-31T12:14:50+00:00\" \/>\n<meta name=\"twitter:card\" content=\"summary_large_image\" \/>\n<meta name=\"twitter:site\" content=\"@Global_Exam\" \/>\n<meta name=\"twitter:label1\" content=\"Dur\u00e9e de lecture estim\u00e9e\" \/>\n\t<meta name=\"twitter:data1\" content=\"2 minutes\" \/>\n<script type=\"application\/ld+json\" class=\"yoast-schema-graph\">{\"@context\":\"https:\/\/schema.org\",\"@graph\":[{\"@type\":\"WebSite\",\"@id\":\"https:\/\/global-exam.com\/blog\/#website\",\"url\":\"https:\/\/global-exam.com\/blog\/\",\"name\":\"GlobalExam Blog\",\"description\":\"Le blog du sp\\u00e9cialiste de la certification linguistique\",\"potentialAction\":[{\"@type\":\"SearchAction\",\"target\":{\"@type\":\"EntryPoint\",\"urlTemplate\":\"https:\/\/global-exam.com\/blog\/?s={search_term_string}\"},\"query-input\":\"required name=search_term_string\"}],\"inLanguage\":\"fr-FR\"},{\"@type\":\"WebPage\",\"@id\":\"https:\/\/global-exam.com\/blog\/fr\/examens\/ielts\/#webpage\",\"url\":\"https:\/\/global-exam.com\/blog\/fr\/examens\/ielts\/\",\"name\":\"IELTS Test : examen d'anglais - GlobalExam Blog\",\"isPartOf\":{\"@id\":\"https:\/\/global-exam.com\/blog\/#website\"},\"datePublished\":\"2019-02-13T11:32:15+00:00\",\"dateModified\":\"2022-08-31T12:14:50+00:00\",\"description\":\"Pr\\u00e9parez l'IELTS en suivant nos conseils et astuces pour booster votre score \\u00e0 ce test d'anglais reconnu \\u00e0 l'international.\",\"breadcrumb\":{\"@id\":\"https:\/\/global-exam.com\/blog\/fr\/examens\/ielts\/#breadcrumb\"},\"inLanguage\":\"fr-FR\",\"potentialAction\":[{\"@type\":\"ReadAction\",\"target\":[\"https:\/\/global-exam.com\/blog\/fr\/examens\/ielts\/\"]}]},{\"@type\":\"BreadcrumbList\",\"@id\":\"https:\/\/global-exam.com\/blog\/fr\/examens\/ielts\/#breadcrumb\",\"itemListElement\":[{\"@type\":\"ListItem\",\"position\":1,\"name\":\"Les examens de langue\",\"item\":\"https:\/\/global-exam.com\/blog\/fr\/examens\/\"},{\"@type\":\"ListItem\",\"position\":2,\"name\":\"IELTS Test : examen d&rsquo;anglais\"}]}]}<\/script>\n<!-- \/ Yoast SEO plugin. -->","yoast_head_json":{"title":"IELTS Test : examen d'anglais - GlobalExam Blog","description":"Pr\u00e9parez l'IELTS en suivant nos conseils et astuces pour booster votre score \u00e0 ce test d'anglais reconnu \u00e0 l'international.","robots":{"index":"index","follow":"follow","max-snippet":"max-snippet:-1","max-image-preview":"max-image-preview:large","max-video-preview":"max-video-preview:-1"},"canonical":"https:\/\/global-exam.com\/blog\/fr\/examens\/ielts\/","og_locale":"fr_FR","og_type":"article","og_title":"IELTS Test : examen d'anglais - GlobalExam Blog","og_description":"Pr\u00e9parez l'IELTS en suivant nos conseils et astuces pour booster votre score \u00e0 ce test d'anglais reconnu \u00e0 l'international.","og_url":"https:\/\/global-exam.com\/blog\/fr\/examens\/ielts\/","og_site_name":"GlobalExam Blog","article_publisher":"https:\/\/www.facebook.com\/Global.Exam","article_modified_time":"2022-08-31T12:14:50+00:00","twitter_card":"summary_large_image","twitter_site":"@Global_Exam","twitter_misc":{"Dur\u00e9e de lecture estim\u00e9e":"2 minutes"},"schema":{"@context":"https:\/\/schema.org","@graph":[{"@type":"WebSite","@id":"https:\/\/global-exam.com\/blog\/#website","url":"https:\/\/global-exam.com\/blog\/","name":"GlobalExam Blog","description":"Le blog du sp\u00e9cialiste de la certification linguistique","potentialAction":[{"@type":"SearchAction","target":{"@type":"EntryPoint","urlTemplate":"https:\/\/global-exam.com\/blog\/?s={search_term_string}"},"query-input":"required name=search_term_string"}],"inLanguage":"fr-FR"},{"@type":"WebPage","@id":"https:\/\/global-exam.com\/blog\/fr\/examens\/ielts\/#webpage","url":"https:\/\/global-exam.com\/blog\/fr\/examens\/ielts\/","name":"IELTS Test : examen d'anglais - GlobalExam Blog","isPartOf":{"@id":"https:\/\/global-exam.com\/blog\/#website"},"datePublished":"2019-02-13T11:32:15+00:00","dateModified":"2022-08-31T12:14:50+00:00","description":"Pr\u00e9parez l'IELTS en suivant nos conseils et astuces pour booster votre score \u00e0 ce test d'anglais reconnu \u00e0 l'international.","breadcrumb":{"@id":"https:\/\/global-exam.com\/blog\/fr\/examens\/ielts\/#breadcrumb"},"inLanguage":"fr-FR","potentialAction":[{"@type":"ReadAction","target":["https:\/\/global-exam.com\/blog\/fr\/examens\/ielts\/"]}]},{"@type":"BreadcrumbList","@id":"https:\/\/global-exam.com\/blog\/fr\/examens\/ielts\/#breadcrumb","itemListElement":[{"@type":"ListItem","position":1,"name":"Les examens de langue","item":"https:\/\/global-exam.com\/blog\/fr\/examens\/"},{"@type":"ListItem","position":2,"name":"IELTS Test : examen d&rsquo;anglais"}]}]}},"lang":"fr","translations":{"en":3120,"fr":2851,"es":18396,"pt":19567,"ja":19613,"zh":19651,"de":20133,"it":21133,"ko":21182,"id":22168,"th":22296,"vi":22324},"pll_sync_post":[],"_links":{"self":[{"href":"https:\/\/global-exam.com\/blog\/wp-json\/wp\/v2\/pages\/2851"}],"collection":[{"href":"https:\/\/global-exam.com\/blog\/wp-json\/wp\/v2\/pages"}],"about":[{"href":"https:\/\/global-exam.com\/blog\/wp-json\/wp\/v2\/types\/page"}],"author":[{"embeddable":true,"href":"https:\/\/global-exam.com\/blog\/wp-json\/wp\/v2\/users\/1"}],"replies":[{"embeddable":true,"href":"https:\/\/global-exam.com\/blog\/wp-json\/wp\/v2\/comments?post=2851"}],"version-history":[{"count":21,"href":"https:\/\/global-exam.com\/blog\/wp-json\/wp\/v2\/pages\/2851\/revisions"}],"predecessor-version":[{"id":79178,"href":"https:\/\/global-exam.com\/blog\/wp-json\/wp\/v2\/pages\/2851\/revisions\/79178"}],"up":[{"embeddable":true,"href":"https:\/\/global-exam.com\/blog\/wp-json\/wp\/v2\/pages\/2839"}],"wp:attachment":[{"href":"https:\/\/global-exam.com\/blog\/wp-json\/wp\/v2\/media?parent=2851"}],"curies":[{"name":"wp","href":"https:\/\/api.w.org\/{rel}","templated":true}]}}