{"id":2855,"date":"2019-02-13T12:32:33","date_gmt":"2019-02-13T11:32:33","guid":{"rendered":"https:\/\/global-exam.com\/?page_id=2855"},"modified":"2022-09-08T15:21:37","modified_gmt":"2022-09-08T13:21:37","slug":"hsk","status":"publish","type":"page","link":"https:\/\/global-exam.com\/blog\/fr\/examens\/hsk\/","title":{"rendered":"HSK : attestez votre niveau de chinois"},"content":{"rendered":"<p>Passer le HSK<\/p>\n<p style=\"text-align: center;\">Le HSK (Hanyu Shuiping Kaoshi ou Chinese Proficiency Test) est un test de <strong>Chinois Mandarin standardis\u00e9<\/strong> pour les personnes dont ce n&rsquo;est pas la langue maternelle. Il \u00e9value la capacit\u00e9 des candidats \u00e0 utiliser la langue dans la vie de tous les jours. Le test comprend <strong>une partie \u00e9crite et une partie orale<\/strong>.<\/p>\n<p style=\"text-align: center;\">Le HSK se divise en <strong>6 niveaux<\/strong> : le HSK 1 \u00e9tant le test pour les d\u00e9butants, et le HSK 6 pour les plus avanc\u00e9s. La connaissance des caract\u00e8res chinois est requise pour passer le test. Une attestation est envoy\u00e9e \u00e0 la suite du test, avec le r\u00e9sultat, qui sera <strong>valide pendant 2 ans<\/strong>.<\/p>\n","protected":false},"excerpt":{"rendered":"<p>Passer le HSK Le HSK (Hanyu Shuiping Kaoshi ou Chinese Proficiency Test) est un test de Chinois Mandarin standardis\u00e9 pour les personnes [&hellip;]<\/p>\n","protected":false},"author":1,"featured_media":0,"parent":2839,"menu_order":0,"comment_status":"closed","ping_status":"closed","template":"","meta":[],"acf":[],"yoast_head":"<!-- This site is optimized with the Yoast SEO plugin v17.2.1 - https:\/\/yoast.com\/wordpress\/plugins\/seo\/ -->\n<title>HSK : attestez votre niveau de chinois - GlobalExam Blog<\/title>\n<meta name=\"robots\" content=\"index, follow, max-snippet:-1, max-image-preview:large, max-video-preview:-1\" \/>\n<link rel=\"canonical\" href=\"https:\/\/global-exam.com\/blog\/fr\/examens\/hsk\/\" \/>\n<meta property=\"og:locale\" content=\"fr_FR\" \/>\n<meta property=\"og:type\" content=\"article\" \/>\n<meta property=\"og:title\" content=\"HSK : attestez votre niveau de chinois - GlobalExam Blog\" \/>\n<meta property=\"og:description\" content=\"Passer le HSK Le HSK (Hanyu Shuiping Kaoshi ou Chinese Proficiency Test) est un test de Chinois Mandarin standardis\u00e9 pour les personnes [&hellip;]\" \/>\n<meta property=\"og:url\" content=\"https:\/\/global-exam.com\/blog\/fr\/examens\/hsk\/\" \/>\n<meta property=\"og:site_name\" content=\"GlobalExam Blog\" \/>\n<meta property=\"article:publisher\" content=\"https:\/\/www.facebook.com\/Global.Exam\" \/>\n<meta property=\"article:modified_time\" content=\"2022-09-08T13:21:37+00:00\" \/>\n<meta name=\"twitter:card\" content=\"summary_large_image\" \/>\n<meta name=\"twitter:site\" content=\"@Global_Exam\" \/>\n<meta name=\"twitter:label1\" content=\"Dur\u00e9e de lecture estim\u00e9e\" \/>\n\t<meta name=\"twitter:data1\" content=\"2 minutes\" \/>\n<script type=\"application\/ld+json\" class=\"yoast-schema-graph\">{\"@context\":\"https:\/\/schema.org\",\"@graph\":[{\"@type\":\"WebSite\",\"@id\":\"https:\/\/global-exam.com\/blog\/#website\",\"url\":\"https:\/\/global-exam.com\/blog\/\",\"name\":\"GlobalExam Blog\",\"description\":\"Le blog du sp\\u00e9cialiste de la certification linguistique\",\"potentialAction\":[{\"@type\":\"SearchAction\",\"target\":{\"@type\":\"EntryPoint\",\"urlTemplate\":\"https:\/\/global-exam.com\/blog\/?s={search_term_string}\"},\"query-input\":\"required name=search_term_string\"}],\"inLanguage\":\"fr-FR\"},{\"@type\":\"WebPage\",\"@id\":\"https:\/\/global-exam.com\/blog\/fr\/examens\/hsk\/#webpage\",\"url\":\"https:\/\/global-exam.com\/blog\/fr\/examens\/hsk\/\",\"name\":\"HSK : attestez votre niveau de chinois - GlobalExam Blog\",\"isPartOf\":{\"@id\":\"https:\/\/global-exam.com\/blog\/#website\"},\"datePublished\":\"2019-02-13T11:32:33+00:00\",\"dateModified\":\"2022-09-08T13:21:37+00:00\",\"breadcrumb\":{\"@id\":\"https:\/\/global-exam.com\/blog\/fr\/examens\/hsk\/#breadcrumb\"},\"inLanguage\":\"fr-FR\",\"potentialAction\":[{\"@type\":\"ReadAction\",\"target\":[\"https:\/\/global-exam.com\/blog\/fr\/examens\/hsk\/\"]}]},{\"@type\":\"BreadcrumbList\",\"@id\":\"https:\/\/global-exam.com\/blog\/fr\/examens\/hsk\/#breadcrumb\",\"itemListElement\":[{\"@type\":\"ListItem\",\"position\":1,\"name\":\"Les examens de langue\",\"item\":\"https:\/\/global-exam.com\/blog\/fr\/examens\/\"},{\"@type\":\"ListItem\",\"position\":2,\"name\":\"HSK : attestez votre niveau de chinois\"}]}]}<\/script>\n<!-- \/ Yoast SEO plugin. -->","yoast_head_json":{"title":"HSK : attestez votre niveau de chinois - GlobalExam Blog","robots":{"index":"index","follow":"follow","max-snippet":"max-snippet:-1","max-image-preview":"max-image-preview:large","max-video-preview":"max-video-preview:-1"},"canonical":"https:\/\/global-exam.com\/blog\/fr\/examens\/hsk\/","og_locale":"fr_FR","og_type":"article","og_title":"HSK : attestez votre niveau de chinois - GlobalExam Blog","og_description":"Passer le HSK Le HSK (Hanyu Shuiping Kaoshi ou Chinese Proficiency Test) est un test de Chinois Mandarin standardis\u00e9 pour les personnes [&hellip;]","og_url":"https:\/\/global-exam.com\/blog\/fr\/examens\/hsk\/","og_site_name":"GlobalExam Blog","article_publisher":"https:\/\/www.facebook.com\/Global.Exam","article_modified_time":"2022-09-08T13:21:37+00:00","twitter_card":"summary_large_image","twitter_site":"@Global_Exam","twitter_misc":{"Dur\u00e9e de lecture estim\u00e9e":"2 minutes"},"schema":{"@context":"https:\/\/schema.org","@graph":[{"@type":"WebSite","@id":"https:\/\/global-exam.com\/blog\/#website","url":"https:\/\/global-exam.com\/blog\/","name":"GlobalExam Blog","description":"Le blog du sp\u00e9cialiste de la certification linguistique","potentialAction":[{"@type":"SearchAction","target":{"@type":"EntryPoint","urlTemplate":"https:\/\/global-exam.com\/blog\/?s={search_term_string}"},"query-input":"required name=search_term_string"}],"inLanguage":"fr-FR"},{"@type":"WebPage","@id":"https:\/\/global-exam.com\/blog\/fr\/examens\/hsk\/#webpage","url":"https:\/\/global-exam.com\/blog\/fr\/examens\/hsk\/","name":"HSK : attestez votre niveau de chinois - GlobalExam Blog","isPartOf":{"@id":"https:\/\/global-exam.com\/blog\/#website"},"datePublished":"2019-02-13T11:32:33+00:00","dateModified":"2022-09-08T13:21:37+00:00","breadcrumb":{"@id":"https:\/\/global-exam.com\/blog\/fr\/examens\/hsk\/#breadcrumb"},"inLanguage":"fr-FR","potentialAction":[{"@type":"ReadAction","target":["https:\/\/global-exam.com\/blog\/fr\/examens\/hsk\/"]}]},{"@type":"BreadcrumbList","@id":"https:\/\/global-exam.com\/blog\/fr\/examens\/hsk\/#breadcrumb","itemListElement":[{"@type":"ListItem","position":1,"name":"Les examens de langue","item":"https:\/\/global-exam.com\/blog\/fr\/examens\/"},{"@type":"ListItem","position":2,"name":"HSK : attestez votre niveau de chinois"}]}]}},"lang":"fr","translations":{"fr":2855,"es":18699,"th":22299,"ja":19621,"it":50527,"ko":21184,"en":3129,"vi":22334},"pll_sync_post":[],"_links":{"self":[{"href":"https:\/\/global-exam.com\/blog\/wp-json\/wp\/v2\/pages\/2855"}],"collection":[{"href":"https:\/\/global-exam.com\/blog\/wp-json\/wp\/v2\/pages"}],"about":[{"href":"https:\/\/global-exam.com\/blog\/wp-json\/wp\/v2\/types\/page"}],"author":[{"embeddable":true,"href":"https:\/\/global-exam.com\/blog\/wp-json\/wp\/v2\/users\/1"}],"replies":[{"embeddable":true,"href":"https:\/\/global-exam.com\/blog\/wp-json\/wp\/v2\/comments?post=2855"}],"version-history":[{"count":13,"href":"https:\/\/global-exam.com\/blog\/wp-json\/wp\/v2\/pages\/2855\/revisions"}],"predecessor-version":[{"id":79324,"href":"https:\/\/global-exam.com\/blog\/wp-json\/wp\/v2\/pages\/2855\/revisions\/79324"}],"up":[{"embeddable":true,"href":"https:\/\/global-exam.com\/blog\/wp-json\/wp\/v2\/pages\/2839"}],"wp:attachment":[{"href":"https:\/\/global-exam.com\/blog\/wp-json\/wp\/v2\/media?parent=2855"}],"curies":[{"name":"wp","href":"https:\/\/api.w.org\/{rel}","templated":true}]}}