{"id":2861,"date":"2019-02-13T12:33:43","date_gmt":"2019-02-13T11:33:43","guid":{"rendered":"https:\/\/global-exam.com\/?page_id=2861"},"modified":"2022-08-18T10:52:49","modified_gmt":"2022-08-18T08:52:49","slug":"bright-espanol","status":"publish","type":"page","link":"https:\/\/global-exam.com\/blog\/fr\/examens\/bright-espanol\/","title":{"rendered":"BRIGHT Espa\u00f1ol"},"content":{"rendered":"<p>Passer le BRIGHT Espa\u00f1ol<\/p>\n<p style=\"text-align: center;\">Le BRIGHT Espagnol est un test de langue qui mesure le niveau de langue d&#8217;employ\u00e9s et de candidats pour des postes \u00e0 travers le monde. Il \u00e9value la <strong>compr\u00e9hension orale<\/strong> et la <strong>compr\u00e9hension \u00e9crite<\/strong> dans un <strong>environnement professionnel<\/strong>. Chaque <strong>module contient 60 questions<\/strong>, le test a donc <strong>120 questions au total<\/strong>, pour une <strong>dur\u00e9e d&rsquo;une heure environ<\/strong>.<\/p>\n<p style=\"text-align: center;\">Le test est <strong>not\u00e9 de 0 \u00e0 5<\/strong>, la note est attribu\u00e9e presque instantan\u00e9ment apr\u00e8s le test \u00e9tant donn\u00e9 que ce dernier est effectu\u00e9 sur ordinateur, et <strong>corrig\u00e9 par l&rsquo;ordinateur.<\/strong><\/p>\n","protected":false},"excerpt":{"rendered":"<p>Passer le BRIGHT Espa\u00f1ol Le BRIGHT Espagnol est un test de langue qui mesure le niveau de langue d&#8217;employ\u00e9s et de candidats [&hellip;]<\/p>\n","protected":false},"author":1,"featured_media":0,"parent":2839,"menu_order":0,"comment_status":"closed","ping_status":"closed","template":"","meta":[],"acf":[],"yoast_head":"<!-- This site is optimized with the Yoast SEO plugin v17.2.1 - https:\/\/yoast.com\/wordpress\/plugins\/seo\/ -->\n<title>BRIGHT Espa\u00f1ol - GlobalExam Blog<\/title>\n<meta name=\"robots\" content=\"index, follow, max-snippet:-1, max-image-preview:large, max-video-preview:-1\" \/>\n<link rel=\"canonical\" href=\"https:\/\/global-exam.com\/blog\/fr\/examens\/bright-espanol\/\" \/>\n<meta property=\"og:locale\" content=\"fr_FR\" \/>\n<meta property=\"og:type\" content=\"article\" \/>\n<meta property=\"og:title\" content=\"BRIGHT Espa\u00f1ol - GlobalExam Blog\" \/>\n<meta property=\"og:description\" content=\"Passer le BRIGHT Espa\u00f1ol Le BRIGHT Espagnol est un test de langue qui mesure le niveau de langue d&#8217;employ\u00e9s et de candidats [&hellip;]\" \/>\n<meta property=\"og:url\" content=\"https:\/\/global-exam.com\/blog\/fr\/examens\/bright-espanol\/\" \/>\n<meta property=\"og:site_name\" content=\"GlobalExam Blog\" \/>\n<meta property=\"article:publisher\" content=\"https:\/\/www.facebook.com\/Global.Exam\" \/>\n<meta property=\"article:modified_time\" content=\"2022-08-18T08:52:49+00:00\" \/>\n<meta name=\"twitter:card\" content=\"summary_large_image\" \/>\n<meta name=\"twitter:site\" content=\"@Global_Exam\" \/>\n<script type=\"application\/ld+json\" class=\"yoast-schema-graph\">{\"@context\":\"https:\/\/schema.org\",\"@graph\":[{\"@type\":\"WebSite\",\"@id\":\"https:\/\/global-exam.com\/blog\/#website\",\"url\":\"https:\/\/global-exam.com\/blog\/\",\"name\":\"GlobalExam Blog\",\"description\":\"Le blog du sp\\u00e9cialiste de la certification linguistique\",\"potentialAction\":[{\"@type\":\"SearchAction\",\"target\":{\"@type\":\"EntryPoint\",\"urlTemplate\":\"https:\/\/global-exam.com\/blog\/?s={search_term_string}\"},\"query-input\":\"required name=search_term_string\"}],\"inLanguage\":\"fr-FR\"},{\"@type\":\"WebPage\",\"@id\":\"https:\/\/global-exam.com\/blog\/fr\/examens\/bright-espanol\/#webpage\",\"url\":\"https:\/\/global-exam.com\/blog\/fr\/examens\/bright-espanol\/\",\"name\":\"BRIGHT Espa\\u00f1ol - GlobalExam Blog\",\"isPartOf\":{\"@id\":\"https:\/\/global-exam.com\/blog\/#website\"},\"datePublished\":\"2019-02-13T11:33:43+00:00\",\"dateModified\":\"2022-08-18T08:52:49+00:00\",\"breadcrumb\":{\"@id\":\"https:\/\/global-exam.com\/blog\/fr\/examens\/bright-espanol\/#breadcrumb\"},\"inLanguage\":\"fr-FR\",\"potentialAction\":[{\"@type\":\"ReadAction\",\"target\":[\"https:\/\/global-exam.com\/blog\/fr\/examens\/bright-espanol\/\"]}]},{\"@type\":\"BreadcrumbList\",\"@id\":\"https:\/\/global-exam.com\/blog\/fr\/examens\/bright-espanol\/#breadcrumb\",\"itemListElement\":[{\"@type\":\"ListItem\",\"position\":1,\"name\":\"Les examens de langue\",\"item\":\"https:\/\/global-exam.com\/blog\/fr\/examens\/\"},{\"@type\":\"ListItem\",\"position\":2,\"name\":\"BRIGHT Espa\\u00f1ol\"}]}]}<\/script>\n<!-- \/ Yoast SEO plugin. -->","yoast_head_json":{"title":"BRIGHT Espa\u00f1ol - GlobalExam Blog","robots":{"index":"index","follow":"follow","max-snippet":"max-snippet:-1","max-image-preview":"max-image-preview:large","max-video-preview":"max-video-preview:-1"},"canonical":"https:\/\/global-exam.com\/blog\/fr\/examens\/bright-espanol\/","og_locale":"fr_FR","og_type":"article","og_title":"BRIGHT Espa\u00f1ol - GlobalExam Blog","og_description":"Passer le BRIGHT Espa\u00f1ol Le BRIGHT Espagnol est un test de langue qui mesure le niveau de langue d&#8217;employ\u00e9s et de candidats [&hellip;]","og_url":"https:\/\/global-exam.com\/blog\/fr\/examens\/bright-espanol\/","og_site_name":"GlobalExam Blog","article_publisher":"https:\/\/www.facebook.com\/Global.Exam","article_modified_time":"2022-08-18T08:52:49+00:00","twitter_card":"summary_large_image","twitter_site":"@Global_Exam","schema":{"@context":"https:\/\/schema.org","@graph":[{"@type":"WebSite","@id":"https:\/\/global-exam.com\/blog\/#website","url":"https:\/\/global-exam.com\/blog\/","name":"GlobalExam Blog","description":"Le blog du sp\u00e9cialiste de la certification linguistique","potentialAction":[{"@type":"SearchAction","target":{"@type":"EntryPoint","urlTemplate":"https:\/\/global-exam.com\/blog\/?s={search_term_string}"},"query-input":"required name=search_term_string"}],"inLanguage":"fr-FR"},{"@type":"WebPage","@id":"https:\/\/global-exam.com\/blog\/fr\/examens\/bright-espanol\/#webpage","url":"https:\/\/global-exam.com\/blog\/fr\/examens\/bright-espanol\/","name":"BRIGHT Espa\u00f1ol - GlobalExam Blog","isPartOf":{"@id":"https:\/\/global-exam.com\/blog\/#website"},"datePublished":"2019-02-13T11:33:43+00:00","dateModified":"2022-08-18T08:52:49+00:00","breadcrumb":{"@id":"https:\/\/global-exam.com\/blog\/fr\/examens\/bright-espanol\/#breadcrumb"},"inLanguage":"fr-FR","potentialAction":[{"@type":"ReadAction","target":["https:\/\/global-exam.com\/blog\/fr\/examens\/bright-espanol\/"]}]},{"@type":"BreadcrumbList","@id":"https:\/\/global-exam.com\/blog\/fr\/examens\/bright-espanol\/#breadcrumb","itemListElement":[{"@type":"ListItem","position":1,"name":"Les examens de langue","item":"https:\/\/global-exam.com\/blog\/fr\/examens\/"},{"@type":"ListItem","position":2,"name":"BRIGHT Espa\u00f1ol"}]}]}},"lang":"fr","translations":{"en":3131,"fr":2861,"es":18645},"pll_sync_post":[],"_links":{"self":[{"href":"https:\/\/global-exam.com\/blog\/wp-json\/wp\/v2\/pages\/2861"}],"collection":[{"href":"https:\/\/global-exam.com\/blog\/wp-json\/wp\/v2\/pages"}],"about":[{"href":"https:\/\/global-exam.com\/blog\/wp-json\/wp\/v2\/types\/page"}],"author":[{"embeddable":true,"href":"https:\/\/global-exam.com\/blog\/wp-json\/wp\/v2\/users\/1"}],"replies":[{"embeddable":true,"href":"https:\/\/global-exam.com\/blog\/wp-json\/wp\/v2\/comments?post=2861"}],"version-history":[{"count":11,"href":"https:\/\/global-exam.com\/blog\/wp-json\/wp\/v2\/pages\/2861\/revisions"}],"predecessor-version":[{"id":78187,"href":"https:\/\/global-exam.com\/blog\/wp-json\/wp\/v2\/pages\/2861\/revisions\/78187"}],"up":[{"embeddable":true,"href":"https:\/\/global-exam.com\/blog\/wp-json\/wp\/v2\/pages\/2839"}],"wp:attachment":[{"href":"https:\/\/global-exam.com\/blog\/wp-json\/wp\/v2\/media?parent=2861"}],"curies":[{"name":"wp","href":"https:\/\/api.w.org\/{rel}","templated":true}]}}