{"id":2863,"date":"2019-02-13T12:33:56","date_gmt":"2019-02-13T11:33:56","guid":{"rendered":"https:\/\/global-exam.com\/?page_id=2863"},"modified":"2022-08-17T17:27:55","modified_gmt":"2022-08-17T15:27:55","slug":"tcf","status":"publish","type":"page","link":"https:\/\/global-exam.com\/blog\/fr\/examens\/tcf\/","title":{"rendered":"TCF : attestez de votre niveau de fran\u00e7ais"},"content":{"rendered":"<p>Passer le TCF<\/p>\n<p style=\"text-align: center;\">Le TCF, ou Test de Connaissance du Fran\u00e7ais, est le test linguistique des minist\u00e8res fran\u00e7ais de l\u2019\u00c9ducation Nationale et du minist\u00e8re de l\u2019Enseignement Sup\u00e9rieur et de la Recherche. Il permet d\u2019<strong>\u00e9valuer le niveau et les comp\u00e9tences g\u00e9n\u00e9rales de fran\u00e7ais<\/strong> d\u2019individus dont ce n\u2019est pas la langue maternelle. Pour obtenir le meilleur score, une bonne <a href=\"https:\/\/global-exam.com\/fr\/exam\/tcf\" target=\"_blank\" rel=\"noopener\">pr\u00e9paration au TCF<\/a> constitue un avantage non n\u00e9gligeable.<\/p>\n<p style=\"text-align: center;\">Le TCF est\u00a0<strong>not\u00e9 de 0 \u00e0 699<\/strong>. Chaque score correspond \u00e0 un niveau des <strong>six paliers du CECRL <\/strong>(A1, A2, B1, B2, C1, C2). Le TCF \u00e9value donc tous les niveaux : votre score refl\u00e8te donc votre niveau de fran\u00e7ais.<\/p>\n","protected":false},"excerpt":{"rendered":"<p>Passer le TCF Le TCF, ou Test de Connaissance du Fran\u00e7ais, est le test linguistique des minist\u00e8res fran\u00e7ais de l\u2019\u00c9ducation Nationale et [&hellip;]<\/p>\n","protected":false},"author":1,"featured_media":0,"parent":2839,"menu_order":0,"comment_status":"closed","ping_status":"closed","template":"","meta":[],"acf":[],"yoast_head":"<!-- This site is optimized with the Yoast SEO plugin v17.2.1 - https:\/\/yoast.com\/wordpress\/plugins\/seo\/ -->\n<title>TCF : attestez de votre niveau de fran\u00e7ais - GlobalExam Blog<\/title>\n<meta name=\"description\" content=\"Certifiez votre niveau de fran\u00e7ais avec le TCF. Le TCF est une certification linguistique destin\u00e9e aux personnes non francophones.\" \/>\n<meta name=\"robots\" content=\"index, follow, max-snippet:-1, max-image-preview:large, max-video-preview:-1\" \/>\n<link rel=\"canonical\" href=\"https:\/\/global-exam.com\/blog\/fr\/examens\/tcf\/\" \/>\n<meta property=\"og:locale\" content=\"fr_FR\" \/>\n<meta property=\"og:type\" content=\"article\" \/>\n<meta property=\"og:title\" content=\"TCF : attestez de votre niveau de fran\u00e7ais - GlobalExam Blog\" \/>\n<meta property=\"og:description\" content=\"Certifiez votre niveau de fran\u00e7ais avec le TCF. Le TCF est une certification linguistique destin\u00e9e aux personnes non francophones.\" \/>\n<meta property=\"og:url\" content=\"https:\/\/global-exam.com\/blog\/fr\/examens\/tcf\/\" \/>\n<meta property=\"og:site_name\" content=\"GlobalExam Blog\" \/>\n<meta property=\"article:publisher\" content=\"https:\/\/www.facebook.com\/Global.Exam\" \/>\n<meta property=\"article:modified_time\" content=\"2022-08-17T15:27:55+00:00\" \/>\n<meta name=\"twitter:card\" content=\"summary_large_image\" \/>\n<meta name=\"twitter:site\" content=\"@Global_Exam\" \/>\n<meta name=\"twitter:label1\" content=\"Dur\u00e9e de lecture estim\u00e9e\" \/>\n\t<meta name=\"twitter:data1\" content=\"2 minutes\" \/>\n<script type=\"application\/ld+json\" class=\"yoast-schema-graph\">{\"@context\":\"https:\/\/schema.org\",\"@graph\":[{\"@type\":\"WebSite\",\"@id\":\"https:\/\/global-exam.com\/blog\/#website\",\"url\":\"https:\/\/global-exam.com\/blog\/\",\"name\":\"GlobalExam Blog\",\"description\":\"Le blog du sp\\u00e9cialiste de la certification linguistique\",\"potentialAction\":[{\"@type\":\"SearchAction\",\"target\":{\"@type\":\"EntryPoint\",\"urlTemplate\":\"https:\/\/global-exam.com\/blog\/?s={search_term_string}\"},\"query-input\":\"required name=search_term_string\"}],\"inLanguage\":\"fr-FR\"},{\"@type\":\"WebPage\",\"@id\":\"https:\/\/global-exam.com\/blog\/fr\/examens\/tcf\/#webpage\",\"url\":\"https:\/\/global-exam.com\/blog\/fr\/examens\/tcf\/\",\"name\":\"TCF : attestez de votre niveau de fran\\u00e7ais - GlobalExam Blog\",\"isPartOf\":{\"@id\":\"https:\/\/global-exam.com\/blog\/#website\"},\"datePublished\":\"2019-02-13T11:33:56+00:00\",\"dateModified\":\"2022-08-17T15:27:55+00:00\",\"description\":\"Certifiez votre niveau de fran\\u00e7ais avec le TCF. Le TCF est une certification linguistique destin\\u00e9e aux personnes non francophones.\",\"breadcrumb\":{\"@id\":\"https:\/\/global-exam.com\/blog\/fr\/examens\/tcf\/#breadcrumb\"},\"inLanguage\":\"fr-FR\",\"potentialAction\":[{\"@type\":\"ReadAction\",\"target\":[\"https:\/\/global-exam.com\/blog\/fr\/examens\/tcf\/\"]}]},{\"@type\":\"BreadcrumbList\",\"@id\":\"https:\/\/global-exam.com\/blog\/fr\/examens\/tcf\/#breadcrumb\",\"itemListElement\":[{\"@type\":\"ListItem\",\"position\":1,\"name\":\"Les examens de langue\",\"item\":\"https:\/\/global-exam.com\/blog\/fr\/examens\/\"},{\"@type\":\"ListItem\",\"position\":2,\"name\":\"TCF : attestez de votre niveau de fran\\u00e7ais\"}]}]}<\/script>\n<!-- \/ Yoast SEO plugin. -->","yoast_head_json":{"title":"TCF : attestez de votre niveau de fran\u00e7ais - GlobalExam Blog","description":"Certifiez votre niveau de fran\u00e7ais avec le TCF. Le TCF est une certification linguistique destin\u00e9e aux personnes non francophones.","robots":{"index":"index","follow":"follow","max-snippet":"max-snippet:-1","max-image-preview":"max-image-preview:large","max-video-preview":"max-video-preview:-1"},"canonical":"https:\/\/global-exam.com\/blog\/fr\/examens\/tcf\/","og_locale":"fr_FR","og_type":"article","og_title":"TCF : attestez de votre niveau de fran\u00e7ais - GlobalExam Blog","og_description":"Certifiez votre niveau de fran\u00e7ais avec le TCF. Le TCF est une certification linguistique destin\u00e9e aux personnes non francophones.","og_url":"https:\/\/global-exam.com\/blog\/fr\/examens\/tcf\/","og_site_name":"GlobalExam Blog","article_publisher":"https:\/\/www.facebook.com\/Global.Exam","article_modified_time":"2022-08-17T15:27:55+00:00","twitter_card":"summary_large_image","twitter_site":"@Global_Exam","twitter_misc":{"Dur\u00e9e de lecture estim\u00e9e":"2 minutes"},"schema":{"@context":"https:\/\/schema.org","@graph":[{"@type":"WebSite","@id":"https:\/\/global-exam.com\/blog\/#website","url":"https:\/\/global-exam.com\/blog\/","name":"GlobalExam Blog","description":"Le blog du sp\u00e9cialiste de la certification linguistique","potentialAction":[{"@type":"SearchAction","target":{"@type":"EntryPoint","urlTemplate":"https:\/\/global-exam.com\/blog\/?s={search_term_string}"},"query-input":"required name=search_term_string"}],"inLanguage":"fr-FR"},{"@type":"WebPage","@id":"https:\/\/global-exam.com\/blog\/fr\/examens\/tcf\/#webpage","url":"https:\/\/global-exam.com\/blog\/fr\/examens\/tcf\/","name":"TCF : attestez de votre niveau de fran\u00e7ais - GlobalExam Blog","isPartOf":{"@id":"https:\/\/global-exam.com\/blog\/#website"},"datePublished":"2019-02-13T11:33:56+00:00","dateModified":"2022-08-17T15:27:55+00:00","description":"Certifiez votre niveau de fran\u00e7ais avec le TCF. Le TCF est une certification linguistique destin\u00e9e aux personnes non francophones.","breadcrumb":{"@id":"https:\/\/global-exam.com\/blog\/fr\/examens\/tcf\/#breadcrumb"},"inLanguage":"fr-FR","potentialAction":[{"@type":"ReadAction","target":["https:\/\/global-exam.com\/blog\/fr\/examens\/tcf\/"]}]},{"@type":"BreadcrumbList","@id":"https:\/\/global-exam.com\/blog\/fr\/examens\/tcf\/#breadcrumb","itemListElement":[{"@type":"ListItem","position":1,"name":"Les examens de langue","item":"https:\/\/global-exam.com\/blog\/fr\/examens\/"},{"@type":"ListItem","position":2,"name":"TCF : attestez de votre niveau de fran\u00e7ais"}]}]}},"lang":"fr","translations":{"fr":2863,"es":18664,"it":50566,"en":17992},"pll_sync_post":[],"_links":{"self":[{"href":"https:\/\/global-exam.com\/blog\/wp-json\/wp\/v2\/pages\/2863"}],"collection":[{"href":"https:\/\/global-exam.com\/blog\/wp-json\/wp\/v2\/pages"}],"about":[{"href":"https:\/\/global-exam.com\/blog\/wp-json\/wp\/v2\/types\/page"}],"author":[{"embeddable":true,"href":"https:\/\/global-exam.com\/blog\/wp-json\/wp\/v2\/users\/1"}],"replies":[{"embeddable":true,"href":"https:\/\/global-exam.com\/blog\/wp-json\/wp\/v2\/comments?post=2863"}],"version-history":[{"count":16,"href":"https:\/\/global-exam.com\/blog\/wp-json\/wp\/v2\/pages\/2863\/revisions"}],"predecessor-version":[{"id":78126,"href":"https:\/\/global-exam.com\/blog\/wp-json\/wp\/v2\/pages\/2863\/revisions\/78126"}],"up":[{"embeddable":true,"href":"https:\/\/global-exam.com\/blog\/wp-json\/wp\/v2\/pages\/2839"}],"wp:attachment":[{"href":"https:\/\/global-exam.com\/blog\/wp-json\/wp\/v2\/media?parent=2863"}],"curies":[{"name":"wp","href":"https:\/\/api.w.org\/{rel}","templated":true}]}}