{"id":2867,"date":"2019-02-13T12:34:36","date_gmt":"2019-02-13T11:34:36","guid":{"rendered":"https:\/\/global-exam.com\/?page_id=2867"},"modified":"2022-08-18T15:18:33","modified_gmt":"2022-08-18T13:18:33","slug":"widaf","status":"publish","type":"page","link":"https:\/\/global-exam.com\/blog\/fr\/examens\/widaf\/","title":{"rendered":"WiDaf : \u00e9valuez votre allemand"},"content":{"rendered":"<p>Passer le WiDaF<\/p>\n<p style=\"text-align: center;\">Le WiDaF (Deutsch als Fremdsprache in der Wirtschaft) est un test qui mesure votre <strong>niveau d&rsquo;Allemand dans un contexte professionnel<\/strong>. Les entreprises utilisent g\u00e9n\u00e9ralement ce test \u00e0 des fins de recrutement, ou pour mesurer les progr\u00e8s suite \u00e0 une formation aupr\u00e8s de leurs employ\u00e9s.<\/p>\n<p style=\"text-align: center;\">Il comporte <strong>150 questions \u00e0 choix multiple<\/strong>, le tout est divis\u00e9 en <strong>deux parties<\/strong>, pour une <strong>dur\u00e9e totale d&rsquo;environ trois heures<\/strong>. L&rsquo;examen est <strong>not\u00e9 de 0 \u00e0 990<\/strong>, et donne un \u00e9quivalent de niveau sur l&rsquo;\u00e9chelle du CECRL avec une description des comp\u00e9tences.<\/p>\n","protected":false},"excerpt":{"rendered":"<p>Passer le WiDaF Le WiDaF (Deutsch als Fremdsprache in der Wirtschaft) est un test qui mesure votre niveau d&rsquo;Allemand dans un contexte [&hellip;]<\/p>\n","protected":false},"author":1,"featured_media":0,"parent":2839,"menu_order":0,"comment_status":"closed","ping_status":"closed","template":"","meta":[],"acf":[],"yoast_head":"<!-- This site is optimized with the Yoast SEO plugin v17.2.1 - https:\/\/yoast.com\/wordpress\/plugins\/seo\/ -->\n<title>WiDaf : \u00e9valuez votre allemand - GlobalExam Blog<\/title>\n<meta name=\"robots\" content=\"index, follow, max-snippet:-1, max-image-preview:large, max-video-preview:-1\" \/>\n<link rel=\"canonical\" href=\"https:\/\/global-exam.com\/blog\/fr\/examens\/widaf\/\" \/>\n<meta property=\"og:locale\" content=\"fr_FR\" \/>\n<meta property=\"og:type\" content=\"article\" \/>\n<meta property=\"og:title\" content=\"WiDaf : \u00e9valuez votre allemand - GlobalExam Blog\" \/>\n<meta property=\"og:description\" content=\"Passer le WiDaF Le WiDaF (Deutsch als Fremdsprache in der Wirtschaft) est un test qui mesure votre niveau d&rsquo;Allemand dans un contexte [&hellip;]\" \/>\n<meta property=\"og:url\" content=\"https:\/\/global-exam.com\/blog\/fr\/examens\/widaf\/\" \/>\n<meta property=\"og:site_name\" content=\"GlobalExam Blog\" \/>\n<meta property=\"article:publisher\" content=\"https:\/\/www.facebook.com\/Global.Exam\" \/>\n<meta property=\"article:modified_time\" content=\"2022-08-18T13:18:33+00:00\" \/>\n<meta name=\"twitter:card\" content=\"summary_large_image\" \/>\n<meta name=\"twitter:site\" content=\"@Global_Exam\" \/>\n<meta name=\"twitter:label1\" content=\"Dur\u00e9e de lecture estim\u00e9e\" \/>\n\t<meta name=\"twitter:data1\" content=\"2 minutes\" \/>\n<script type=\"application\/ld+json\" class=\"yoast-schema-graph\">{\"@context\":\"https:\/\/schema.org\",\"@graph\":[{\"@type\":\"WebSite\",\"@id\":\"https:\/\/global-exam.com\/blog\/#website\",\"url\":\"https:\/\/global-exam.com\/blog\/\",\"name\":\"GlobalExam Blog\",\"description\":\"Le blog du sp\\u00e9cialiste de la certification linguistique\",\"potentialAction\":[{\"@type\":\"SearchAction\",\"target\":{\"@type\":\"EntryPoint\",\"urlTemplate\":\"https:\/\/global-exam.com\/blog\/?s={search_term_string}\"},\"query-input\":\"required name=search_term_string\"}],\"inLanguage\":\"fr-FR\"},{\"@type\":\"WebPage\",\"@id\":\"https:\/\/global-exam.com\/blog\/fr\/examens\/widaf\/#webpage\",\"url\":\"https:\/\/global-exam.com\/blog\/fr\/examens\/widaf\/\",\"name\":\"WiDaf : \\u00e9valuez votre allemand - GlobalExam Blog\",\"isPartOf\":{\"@id\":\"https:\/\/global-exam.com\/blog\/#website\"},\"datePublished\":\"2019-02-13T11:34:36+00:00\",\"dateModified\":\"2022-08-18T13:18:33+00:00\",\"breadcrumb\":{\"@id\":\"https:\/\/global-exam.com\/blog\/fr\/examens\/widaf\/#breadcrumb\"},\"inLanguage\":\"fr-FR\",\"potentialAction\":[{\"@type\":\"ReadAction\",\"target\":[\"https:\/\/global-exam.com\/blog\/fr\/examens\/widaf\/\"]}]},{\"@type\":\"BreadcrumbList\",\"@id\":\"https:\/\/global-exam.com\/blog\/fr\/examens\/widaf\/#breadcrumb\",\"itemListElement\":[{\"@type\":\"ListItem\",\"position\":1,\"name\":\"Les examens de langue\",\"item\":\"https:\/\/global-exam.com\/blog\/fr\/examens\/\"},{\"@type\":\"ListItem\",\"position\":2,\"name\":\"WiDaf : \\u00e9valuez votre allemand\"}]}]}<\/script>\n<!-- \/ Yoast SEO plugin. -->","yoast_head_json":{"title":"WiDaf : \u00e9valuez votre allemand - GlobalExam Blog","robots":{"index":"index","follow":"follow","max-snippet":"max-snippet:-1","max-image-preview":"max-image-preview:large","max-video-preview":"max-video-preview:-1"},"canonical":"https:\/\/global-exam.com\/blog\/fr\/examens\/widaf\/","og_locale":"fr_FR","og_type":"article","og_title":"WiDaf : \u00e9valuez votre allemand - GlobalExam Blog","og_description":"Passer le WiDaF Le WiDaF (Deutsch als Fremdsprache in der Wirtschaft) est un test qui mesure votre niveau d&rsquo;Allemand dans un contexte [&hellip;]","og_url":"https:\/\/global-exam.com\/blog\/fr\/examens\/widaf\/","og_site_name":"GlobalExam Blog","article_publisher":"https:\/\/www.facebook.com\/Global.Exam","article_modified_time":"2022-08-18T13:18:33+00:00","twitter_card":"summary_large_image","twitter_site":"@Global_Exam","twitter_misc":{"Dur\u00e9e de lecture estim\u00e9e":"2 minutes"},"schema":{"@context":"https:\/\/schema.org","@graph":[{"@type":"WebSite","@id":"https:\/\/global-exam.com\/blog\/#website","url":"https:\/\/global-exam.com\/blog\/","name":"GlobalExam Blog","description":"Le blog du sp\u00e9cialiste de la certification linguistique","potentialAction":[{"@type":"SearchAction","target":{"@type":"EntryPoint","urlTemplate":"https:\/\/global-exam.com\/blog\/?s={search_term_string}"},"query-input":"required name=search_term_string"}],"inLanguage":"fr-FR"},{"@type":"WebPage","@id":"https:\/\/global-exam.com\/blog\/fr\/examens\/widaf\/#webpage","url":"https:\/\/global-exam.com\/blog\/fr\/examens\/widaf\/","name":"WiDaf : \u00e9valuez votre allemand - GlobalExam Blog","isPartOf":{"@id":"https:\/\/global-exam.com\/blog\/#website"},"datePublished":"2019-02-13T11:34:36+00:00","dateModified":"2022-08-18T13:18:33+00:00","breadcrumb":{"@id":"https:\/\/global-exam.com\/blog\/fr\/examens\/widaf\/#breadcrumb"},"inLanguage":"fr-FR","potentialAction":[{"@type":"ReadAction","target":["https:\/\/global-exam.com\/blog\/fr\/examens\/widaf\/"]}]},{"@type":"BreadcrumbList","@id":"https:\/\/global-exam.com\/blog\/fr\/examens\/widaf\/#breadcrumb","itemListElement":[{"@type":"ListItem","position":1,"name":"Les examens de langue","item":"https:\/\/global-exam.com\/blog\/fr\/examens\/"},{"@type":"ListItem","position":2,"name":"WiDaf : \u00e9valuez votre allemand"}]}]}},"lang":"fr","translations":{"fr":2867,"es":18688,"en":3142},"pll_sync_post":[],"_links":{"self":[{"href":"https:\/\/global-exam.com\/blog\/wp-json\/wp\/v2\/pages\/2867"}],"collection":[{"href":"https:\/\/global-exam.com\/blog\/wp-json\/wp\/v2\/pages"}],"about":[{"href":"https:\/\/global-exam.com\/blog\/wp-json\/wp\/v2\/types\/page"}],"author":[{"embeddable":true,"href":"https:\/\/global-exam.com\/blog\/wp-json\/wp\/v2\/users\/1"}],"replies":[{"embeddable":true,"href":"https:\/\/global-exam.com\/blog\/wp-json\/wp\/v2\/comments?post=2867"}],"version-history":[{"count":11,"href":"https:\/\/global-exam.com\/blog\/wp-json\/wp\/v2\/pages\/2867\/revisions"}],"predecessor-version":[{"id":78229,"href":"https:\/\/global-exam.com\/blog\/wp-json\/wp\/v2\/pages\/2867\/revisions\/78229"}],"up":[{"embeddable":true,"href":"https:\/\/global-exam.com\/blog\/wp-json\/wp\/v2\/pages\/2839"}],"wp:attachment":[{"href":"https:\/\/global-exam.com\/blog\/wp-json\/wp\/v2\/media?parent=2867"}],"curies":[{"name":"wp","href":"https:\/\/api.w.org\/{rel}","templated":true}]}}