{"id":35442,"date":"2020-10-28T16:21:50","date_gmt":"2020-10-28T15:21:50","guid":{"rendered":"https:\/\/global-exam.com\/blog\/?page_id=35442"},"modified":"2022-08-31T14:38:43","modified_gmt":"2022-08-31T12:38:43","slug":"cambridge-english-a2-key-ket","status":"publish","type":"page","link":"https:\/\/global-exam.com\/blog\/fr\/examens\/cambridge-english-a2-key-ket\/","title":{"rendered":"A2 Key (KET)"},"content":{"rendered":"<p>Passer le A2 Key (KET)<\/p>\n<p style=\"text-align: center;\">Le KET est destin\u00e9 aux \u00e9tudiants d&rsquo;anglais de niveau \u00e9l\u00e9mentaire. Il \u00e9value la facult\u00e9 du candidat \u00e0 combiner \u00e0 la fois <strong>compr\u00e9hension \u00e9crite et orale<\/strong>, mais aussi <strong>expression \u00e9crite et orale<\/strong>. Le test est <strong>not\u00e9 sur 150 points<\/strong>\u00a0et comporte trois parties.<\/p>\n","protected":false},"excerpt":{"rendered":"<p>Passer le A2 Key (KET) Le KET est destin\u00e9 aux \u00e9tudiants d&rsquo;anglais de niveau \u00e9l\u00e9mentaire. Il \u00e9value la facult\u00e9 du candidat \u00e0 [&hellip;]<\/p>\n","protected":false},"author":2,"featured_media":0,"parent":2839,"menu_order":0,"comment_status":"closed","ping_status":"closed","template":"","meta":[],"acf":[],"yoast_head":"<!-- This site is optimized with the Yoast SEO plugin v17.2.1 - https:\/\/yoast.com\/wordpress\/plugins\/seo\/ -->\n<title>A2 Key (KET) - GlobalExam Blog<\/title>\n<meta name=\"robots\" content=\"index, follow, max-snippet:-1, max-image-preview:large, max-video-preview:-1\" \/>\n<link rel=\"canonical\" href=\"https:\/\/global-exam.com\/blog\/fr\/examens\/cambridge-english-a2-key-ket\/\" \/>\n<meta property=\"og:locale\" content=\"fr_FR\" \/>\n<meta property=\"og:type\" content=\"article\" \/>\n<meta property=\"og:title\" content=\"A2 Key (KET) - GlobalExam Blog\" \/>\n<meta property=\"og:description\" content=\"Passer le A2 Key (KET) Le KET est destin\u00e9 aux \u00e9tudiants d&rsquo;anglais de niveau \u00e9l\u00e9mentaire. Il \u00e9value la facult\u00e9 du candidat \u00e0 [&hellip;]\" \/>\n<meta property=\"og:url\" content=\"https:\/\/global-exam.com\/blog\/fr\/examens\/cambridge-english-a2-key-ket\/\" \/>\n<meta property=\"og:site_name\" content=\"GlobalExam Blog\" \/>\n<meta property=\"article:publisher\" content=\"https:\/\/www.facebook.com\/Global.Exam\" \/>\n<meta property=\"article:modified_time\" content=\"2022-08-31T12:38:43+00:00\" \/>\n<meta name=\"twitter:card\" content=\"summary_large_image\" \/>\n<meta name=\"twitter:site\" content=\"@Global_Exam\" \/>\n<meta name=\"twitter:label1\" content=\"Dur\u00e9e de lecture estim\u00e9e\" \/>\n\t<meta name=\"twitter:data1\" content=\"2 minutes\" \/>\n<script type=\"application\/ld+json\" class=\"yoast-schema-graph\">{\"@context\":\"https:\/\/schema.org\",\"@graph\":[{\"@type\":\"WebSite\",\"@id\":\"https:\/\/global-exam.com\/blog\/#website\",\"url\":\"https:\/\/global-exam.com\/blog\/\",\"name\":\"GlobalExam Blog\",\"description\":\"Le blog du sp\\u00e9cialiste de la certification linguistique\",\"potentialAction\":[{\"@type\":\"SearchAction\",\"target\":{\"@type\":\"EntryPoint\",\"urlTemplate\":\"https:\/\/global-exam.com\/blog\/?s={search_term_string}\"},\"query-input\":\"required name=search_term_string\"}],\"inLanguage\":\"fr-FR\"},{\"@type\":\"WebPage\",\"@id\":\"https:\/\/global-exam.com\/blog\/fr\/examens\/cambridge-english-a2-key-ket\/#webpage\",\"url\":\"https:\/\/global-exam.com\/blog\/fr\/examens\/cambridge-english-a2-key-ket\/\",\"name\":\"A2 Key (KET) - GlobalExam Blog\",\"isPartOf\":{\"@id\":\"https:\/\/global-exam.com\/blog\/#website\"},\"datePublished\":\"2020-10-28T15:21:50+00:00\",\"dateModified\":\"2022-08-31T12:38:43+00:00\",\"breadcrumb\":{\"@id\":\"https:\/\/global-exam.com\/blog\/fr\/examens\/cambridge-english-a2-key-ket\/#breadcrumb\"},\"inLanguage\":\"fr-FR\",\"potentialAction\":[{\"@type\":\"ReadAction\",\"target\":[\"https:\/\/global-exam.com\/blog\/fr\/examens\/cambridge-english-a2-key-ket\/\"]}]},{\"@type\":\"BreadcrumbList\",\"@id\":\"https:\/\/global-exam.com\/blog\/fr\/examens\/cambridge-english-a2-key-ket\/#breadcrumb\",\"itemListElement\":[{\"@type\":\"ListItem\",\"position\":1,\"name\":\"Les examens de langue\",\"item\":\"https:\/\/global-exam.com\/blog\/fr\/examens\/\"},{\"@type\":\"ListItem\",\"position\":2,\"name\":\"A2 Key (KET)\"}]}]}<\/script>\n<!-- \/ Yoast SEO plugin. -->","yoast_head_json":{"title":"A2 Key (KET) - GlobalExam Blog","robots":{"index":"index","follow":"follow","max-snippet":"max-snippet:-1","max-image-preview":"max-image-preview:large","max-video-preview":"max-video-preview:-1"},"canonical":"https:\/\/global-exam.com\/blog\/fr\/examens\/cambridge-english-a2-key-ket\/","og_locale":"fr_FR","og_type":"article","og_title":"A2 Key (KET) - GlobalExam Blog","og_description":"Passer le A2 Key (KET) Le KET est destin\u00e9 aux \u00e9tudiants d&rsquo;anglais de niveau \u00e9l\u00e9mentaire. Il \u00e9value la facult\u00e9 du candidat \u00e0 [&hellip;]","og_url":"https:\/\/global-exam.com\/blog\/fr\/examens\/cambridge-english-a2-key-ket\/","og_site_name":"GlobalExam Blog","article_publisher":"https:\/\/www.facebook.com\/Global.Exam","article_modified_time":"2022-08-31T12:38:43+00:00","twitter_card":"summary_large_image","twitter_site":"@Global_Exam","twitter_misc":{"Dur\u00e9e de lecture estim\u00e9e":"2 minutes"},"schema":{"@context":"https:\/\/schema.org","@graph":[{"@type":"WebSite","@id":"https:\/\/global-exam.com\/blog\/#website","url":"https:\/\/global-exam.com\/blog\/","name":"GlobalExam Blog","description":"Le blog du sp\u00e9cialiste de la certification linguistique","potentialAction":[{"@type":"SearchAction","target":{"@type":"EntryPoint","urlTemplate":"https:\/\/global-exam.com\/blog\/?s={search_term_string}"},"query-input":"required name=search_term_string"}],"inLanguage":"fr-FR"},{"@type":"WebPage","@id":"https:\/\/global-exam.com\/blog\/fr\/examens\/cambridge-english-a2-key-ket\/#webpage","url":"https:\/\/global-exam.com\/blog\/fr\/examens\/cambridge-english-a2-key-ket\/","name":"A2 Key (KET) - GlobalExam Blog","isPartOf":{"@id":"https:\/\/global-exam.com\/blog\/#website"},"datePublished":"2020-10-28T15:21:50+00:00","dateModified":"2022-08-31T12:38:43+00:00","breadcrumb":{"@id":"https:\/\/global-exam.com\/blog\/fr\/examens\/cambridge-english-a2-key-ket\/#breadcrumb"},"inLanguage":"fr-FR","potentialAction":[{"@type":"ReadAction","target":["https:\/\/global-exam.com\/blog\/fr\/examens\/cambridge-english-a2-key-ket\/"]}]},{"@type":"BreadcrumbList","@id":"https:\/\/global-exam.com\/blog\/fr\/examens\/cambridge-english-a2-key-ket\/#breadcrumb","itemListElement":[{"@type":"ListItem","position":1,"name":"Les examens de langue","item":"https:\/\/global-exam.com\/blog\/fr\/examens\/"},{"@type":"ListItem","position":2,"name":"A2 Key (KET)"}]}]}},"lang":"fr","translations":{"fr":35442,"en":34480,"es":37027},"pll_sync_post":[],"_links":{"self":[{"href":"https:\/\/global-exam.com\/blog\/wp-json\/wp\/v2\/pages\/35442"}],"collection":[{"href":"https:\/\/global-exam.com\/blog\/wp-json\/wp\/v2\/pages"}],"about":[{"href":"https:\/\/global-exam.com\/blog\/wp-json\/wp\/v2\/types\/page"}],"author":[{"embeddable":true,"href":"https:\/\/global-exam.com\/blog\/wp-json\/wp\/v2\/users\/2"}],"replies":[{"embeddable":true,"href":"https:\/\/global-exam.com\/blog\/wp-json\/wp\/v2\/comments?post=35442"}],"version-history":[{"count":14,"href":"https:\/\/global-exam.com\/blog\/wp-json\/wp\/v2\/pages\/35442\/revisions"}],"predecessor-version":[{"id":79206,"href":"https:\/\/global-exam.com\/blog\/wp-json\/wp\/v2\/pages\/35442\/revisions\/79206"}],"up":[{"embeddable":true,"href":"https:\/\/global-exam.com\/blog\/wp-json\/wp\/v2\/pages\/2839"}],"wp:attachment":[{"href":"https:\/\/global-exam.com\/blog\/wp-json\/wp\/v2\/media?parent=35442"}],"curies":[{"name":"wp","href":"https:\/\/api.w.org\/{rel}","templated":true}]}}