{"id":35466,"date":"2020-10-28T16:44:39","date_gmt":"2020-10-28T15:44:39","guid":{"rendered":"https:\/\/global-exam.com\/blog\/?page_id=35466"},"modified":"2022-08-31T14:39:53","modified_gmt":"2022-08-31T12:39:53","slug":"cambridge-english-b1-preliminary-pet","status":"publish","type":"page","link":"https:\/\/global-exam.com\/blog\/fr\/examens\/cambridge-english-b1-preliminary-pet\/","title":{"rendered":"B1 Preliminary (PET)"},"content":{"rendered":"<p>Passer le B1 Preliminary (PET)<\/p>\n<p style=\"text-align: center;\">Le PET est destin\u00e9 aux \u00e9tudiants d\u2019anglais de niveau interm\u00e9diaire. Il \u00e9value la facult\u00e9 du candidat \u00e0 combiner \u00e0 la fois <strong>compr\u00e9hension \u00e9crite et orale<\/strong>, mais aussi\u00a0<strong>expression \u00e9crite et orale<\/strong>. Le test est\u00a0<strong>not\u00e9 sur 170 points<\/strong>\u00a0et comporte 3 parties.<\/p>\n","protected":false},"excerpt":{"rendered":"<p>Passer le B1 Preliminary (PET) Le PET est destin\u00e9 aux \u00e9tudiants d\u2019anglais de niveau interm\u00e9diaire. Il \u00e9value la facult\u00e9 du candidat \u00e0 [&hellip;]<\/p>\n","protected":false},"author":2,"featured_media":0,"parent":2839,"menu_order":0,"comment_status":"closed","ping_status":"closed","template":"","meta":[],"acf":[],"yoast_head":"<!-- This site is optimized with the Yoast SEO plugin v17.2.1 - https:\/\/yoast.com\/wordpress\/plugins\/seo\/ -->\n<title>Cambridge English B1 Preliminary (PET) | GlobalExam<\/title>\n<meta name=\"robots\" content=\"index, follow, max-snippet:-1, max-image-preview:large, max-video-preview:-1\" \/>\n<link rel=\"canonical\" href=\"https:\/\/global-exam.com\/blog\/fr\/examens\/cambridge-english-b1-preliminary-pet\/\" \/>\n<meta property=\"og:locale\" content=\"fr_FR\" \/>\n<meta property=\"og:type\" content=\"article\" \/>\n<meta property=\"og:title\" content=\"Cambridge English B1 Preliminary (PET) | GlobalExam\" \/>\n<meta property=\"og:description\" content=\"Passer le B1 Preliminary (PET) Le PET est destin\u00e9 aux \u00e9tudiants d\u2019anglais de niveau interm\u00e9diaire. Il \u00e9value la facult\u00e9 du candidat \u00e0 [&hellip;]\" \/>\n<meta property=\"og:url\" content=\"https:\/\/global-exam.com\/blog\/fr\/examens\/cambridge-english-b1-preliminary-pet\/\" \/>\n<meta property=\"og:site_name\" content=\"GlobalExam Blog\" \/>\n<meta property=\"article:publisher\" content=\"https:\/\/www.facebook.com\/Global.Exam\" \/>\n<meta property=\"article:modified_time\" content=\"2022-08-31T12:39:53+00:00\" \/>\n<meta name=\"twitter:card\" content=\"summary_large_image\" \/>\n<meta name=\"twitter:site\" content=\"@Global_Exam\" \/>\n<meta name=\"twitter:label1\" content=\"Dur\u00e9e de lecture estim\u00e9e\" \/>\n\t<meta name=\"twitter:data1\" content=\"2 minutes\" \/>\n<script type=\"application\/ld+json\" class=\"yoast-schema-graph\">{\"@context\":\"https:\/\/schema.org\",\"@graph\":[{\"@type\":\"WebSite\",\"@id\":\"https:\/\/global-exam.com\/blog\/#website\",\"url\":\"https:\/\/global-exam.com\/blog\/\",\"name\":\"GlobalExam Blog\",\"description\":\"Le blog du sp\\u00e9cialiste de la certification linguistique\",\"potentialAction\":[{\"@type\":\"SearchAction\",\"target\":{\"@type\":\"EntryPoint\",\"urlTemplate\":\"https:\/\/global-exam.com\/blog\/?s={search_term_string}\"},\"query-input\":\"required name=search_term_string\"}],\"inLanguage\":\"fr-FR\"},{\"@type\":\"WebPage\",\"@id\":\"https:\/\/global-exam.com\/blog\/fr\/examens\/cambridge-english-b1-preliminary-pet\/#webpage\",\"url\":\"https:\/\/global-exam.com\/blog\/fr\/examens\/cambridge-english-b1-preliminary-pet\/\",\"name\":\"Cambridge English B1 Preliminary (PET) | GlobalExam\",\"isPartOf\":{\"@id\":\"https:\/\/global-exam.com\/blog\/#website\"},\"datePublished\":\"2020-10-28T15:44:39+00:00\",\"dateModified\":\"2022-08-31T12:39:53+00:00\",\"breadcrumb\":{\"@id\":\"https:\/\/global-exam.com\/blog\/fr\/examens\/cambridge-english-b1-preliminary-pet\/#breadcrumb\"},\"inLanguage\":\"fr-FR\",\"potentialAction\":[{\"@type\":\"ReadAction\",\"target\":[\"https:\/\/global-exam.com\/blog\/fr\/examens\/cambridge-english-b1-preliminary-pet\/\"]}]},{\"@type\":\"BreadcrumbList\",\"@id\":\"https:\/\/global-exam.com\/blog\/fr\/examens\/cambridge-english-b1-preliminary-pet\/#breadcrumb\",\"itemListElement\":[{\"@type\":\"ListItem\",\"position\":1,\"name\":\"Les examens de langue\",\"item\":\"https:\/\/global-exam.com\/blog\/fr\/examens\/\"},{\"@type\":\"ListItem\",\"position\":2,\"name\":\"B1 Preliminary (PET)\"}]}]}<\/script>\n<!-- \/ Yoast SEO plugin. -->","yoast_head_json":{"title":"Cambridge English B1 Preliminary (PET) | GlobalExam","robots":{"index":"index","follow":"follow","max-snippet":"max-snippet:-1","max-image-preview":"max-image-preview:large","max-video-preview":"max-video-preview:-1"},"canonical":"https:\/\/global-exam.com\/blog\/fr\/examens\/cambridge-english-b1-preliminary-pet\/","og_locale":"fr_FR","og_type":"article","og_title":"Cambridge English B1 Preliminary (PET) | GlobalExam","og_description":"Passer le B1 Preliminary (PET) Le PET est destin\u00e9 aux \u00e9tudiants d\u2019anglais de niveau interm\u00e9diaire. Il \u00e9value la facult\u00e9 du candidat \u00e0 [&hellip;]","og_url":"https:\/\/global-exam.com\/blog\/fr\/examens\/cambridge-english-b1-preliminary-pet\/","og_site_name":"GlobalExam Blog","article_publisher":"https:\/\/www.facebook.com\/Global.Exam","article_modified_time":"2022-08-31T12:39:53+00:00","twitter_card":"summary_large_image","twitter_site":"@Global_Exam","twitter_misc":{"Dur\u00e9e de lecture estim\u00e9e":"2 minutes"},"schema":{"@context":"https:\/\/schema.org","@graph":[{"@type":"WebSite","@id":"https:\/\/global-exam.com\/blog\/#website","url":"https:\/\/global-exam.com\/blog\/","name":"GlobalExam Blog","description":"Le blog du sp\u00e9cialiste de la certification linguistique","potentialAction":[{"@type":"SearchAction","target":{"@type":"EntryPoint","urlTemplate":"https:\/\/global-exam.com\/blog\/?s={search_term_string}"},"query-input":"required name=search_term_string"}],"inLanguage":"fr-FR"},{"@type":"WebPage","@id":"https:\/\/global-exam.com\/blog\/fr\/examens\/cambridge-english-b1-preliminary-pet\/#webpage","url":"https:\/\/global-exam.com\/blog\/fr\/examens\/cambridge-english-b1-preliminary-pet\/","name":"Cambridge English B1 Preliminary (PET) | GlobalExam","isPartOf":{"@id":"https:\/\/global-exam.com\/blog\/#website"},"datePublished":"2020-10-28T15:44:39+00:00","dateModified":"2022-08-31T12:39:53+00:00","breadcrumb":{"@id":"https:\/\/global-exam.com\/blog\/fr\/examens\/cambridge-english-b1-preliminary-pet\/#breadcrumb"},"inLanguage":"fr-FR","potentialAction":[{"@type":"ReadAction","target":["https:\/\/global-exam.com\/blog\/fr\/examens\/cambridge-english-b1-preliminary-pet\/"]}]},{"@type":"BreadcrumbList","@id":"https:\/\/global-exam.com\/blog\/fr\/examens\/cambridge-english-b1-preliminary-pet\/#breadcrumb","itemListElement":[{"@type":"ListItem","position":1,"name":"Les examens de langue","item":"https:\/\/global-exam.com\/blog\/fr\/examens\/"},{"@type":"ListItem","position":2,"name":"B1 Preliminary (PET)"}]}]}},"lang":"fr","translations":{"fr":35466,"en":34419,"es":36996},"pll_sync_post":[],"_links":{"self":[{"href":"https:\/\/global-exam.com\/blog\/wp-json\/wp\/v2\/pages\/35466"}],"collection":[{"href":"https:\/\/global-exam.com\/blog\/wp-json\/wp\/v2\/pages"}],"about":[{"href":"https:\/\/global-exam.com\/blog\/wp-json\/wp\/v2\/types\/page"}],"author":[{"embeddable":true,"href":"https:\/\/global-exam.com\/blog\/wp-json\/wp\/v2\/users\/2"}],"replies":[{"embeddable":true,"href":"https:\/\/global-exam.com\/blog\/wp-json\/wp\/v2\/comments?post=35466"}],"version-history":[{"count":11,"href":"https:\/\/global-exam.com\/blog\/wp-json\/wp\/v2\/pages\/35466\/revisions"}],"predecessor-version":[{"id":79208,"href":"https:\/\/global-exam.com\/blog\/wp-json\/wp\/v2\/pages\/35466\/revisions\/79208"}],"up":[{"embeddable":true,"href":"https:\/\/global-exam.com\/blog\/wp-json\/wp\/v2\/pages\/2839"}],"wp:attachment":[{"href":"https:\/\/global-exam.com\/blog\/wp-json\/wp\/v2\/media?parent=35466"}],"curies":[{"name":"wp","href":"https:\/\/api.w.org\/{rel}","templated":true}]}}