{"id":35569,"date":"2020-11-06T14:38:01","date_gmt":"2020-11-06T13:38:01","guid":{"rendered":"https:\/\/global-exam.com\/blog\/?page_id=35569"},"modified":"2022-09-16T11:13:34","modified_gmt":"2022-09-16T09:13:34","slug":"toefl-junior","status":"publish","type":"page","link":"https:\/\/global-exam.com\/blog\/es\/examenes\/toefl-junior\/","title":{"rendered":"TOEFL Junior"},"content":{"rendered":"<p style=\"text-align: left;\">TOEFL Junior (Test of English as a Foreign Language &#8211; For kids)<\/p>\n<p style=\"text-align: left;\">El TOEFL Junior es la versi\u00f3n del TOEFL para ni\u00f1os de 11 a\u00f1os o m\u00e1s. Eval\u00faa el nivel de ingl\u00e9s de los candidatos.<\/p>\n","protected":false},"excerpt":{"rendered":"<p>TOEFL Junior (Test of English as a Foreign Language &#8211; For kids) El TOEFL Junior es la versi\u00f3n del TOEFL para ni\u00f1os [&hellip;]<\/p>\n","protected":false},"author":24,"featured_media":0,"parent":14852,"menu_order":0,"comment_status":"closed","ping_status":"closed","template":"","meta":[],"acf":[],"yoast_head":"<!-- This site is optimized with the Yoast SEO plugin v17.2.1 - https:\/\/yoast.com\/wordpress\/plugins\/seo\/ -->\n<title>TOEFL Junior<\/title>\n<meta name=\"robots\" content=\"index, follow, max-snippet:-1, max-image-preview:large, max-video-preview:-1\" \/>\n<link rel=\"canonical\" href=\"https:\/\/global-exam.com\/blog\/es\/examenes\/toefl-junior\/\" \/>\n<meta property=\"og:locale\" content=\"fr_FR\" \/>\n<meta property=\"og:type\" content=\"article\" \/>\n<meta property=\"og:title\" content=\"TOEFL Junior\" \/>\n<meta property=\"og:description\" content=\"TOEFL Junior (Test of English as a Foreign Language &#8211; For kids) El TOEFL Junior es la versi\u00f3n del TOEFL para ni\u00f1os [&hellip;]\" \/>\n<meta property=\"og:url\" content=\"https:\/\/global-exam.com\/blog\/es\/examenes\/toefl-junior\/\" \/>\n<meta property=\"og:site_name\" content=\"GlobalExam Blog\" \/>\n<meta property=\"article:publisher\" content=\"https:\/\/www.facebook.com\/Global.Exam\" \/>\n<meta property=\"article:modified_time\" content=\"2022-09-16T09:13:34+00:00\" \/>\n<meta name=\"twitter:card\" content=\"summary_large_image\" \/>\n<meta name=\"twitter:site\" content=\"@Global_Exam\" \/>\n<meta name=\"twitter:label1\" content=\"Dur\u00e9e de lecture estim\u00e9e\" \/>\n\t<meta name=\"twitter:data1\" content=\"1 minute\" \/>\n<script type=\"application\/ld+json\" class=\"yoast-schema-graph\">{\"@context\":\"https:\/\/schema.org\",\"@graph\":[{\"@type\":\"WebSite\",\"@id\":\"https:\/\/global-exam.com\/blog\/#website\",\"url\":\"https:\/\/global-exam.com\/blog\/\",\"name\":\"GlobalExam Blog\",\"description\":\"Le blog du sp\\u00e9cialiste de la certification linguistique\",\"potentialAction\":[{\"@type\":\"SearchAction\",\"target\":{\"@type\":\"EntryPoint\",\"urlTemplate\":\"https:\/\/global-exam.com\/blog\/?s={search_term_string}\"},\"query-input\":\"required name=search_term_string\"}],\"inLanguage\":\"fr-FR\"},{\"@type\":\"WebPage\",\"@id\":\"https:\/\/global-exam.com\/blog\/es\/examenes\/toefl-junior\/#webpage\",\"url\":\"https:\/\/global-exam.com\/blog\/es\/examenes\/toefl-junior\/\",\"name\":\"TOEFL Junior\",\"isPartOf\":{\"@id\":\"https:\/\/global-exam.com\/blog\/#website\"},\"datePublished\":\"2020-11-06T13:38:01+00:00\",\"dateModified\":\"2022-09-16T09:13:34+00:00\",\"breadcrumb\":{\"@id\":\"https:\/\/global-exam.com\/blog\/es\/examenes\/toefl-junior\/#breadcrumb\"},\"inLanguage\":\"fr-FR\",\"potentialAction\":[{\"@type\":\"ReadAction\",\"target\":[\"https:\/\/global-exam.com\/blog\/es\/examenes\/toefl-junior\/\"]}]},{\"@type\":\"BreadcrumbList\",\"@id\":\"https:\/\/global-exam.com\/blog\/es\/examenes\/toefl-junior\/#breadcrumb\",\"itemListElement\":[{\"@type\":\"ListItem\",\"position\":1,\"name\":\"Ex\\u00e1menes de idioma\",\"item\":\"https:\/\/global-exam.com\/blog\/es\/examenes\/\"},{\"@type\":\"ListItem\",\"position\":2,\"name\":\"TOEFL Junior\"}]}]}<\/script>\n<!-- \/ Yoast SEO plugin. -->","yoast_head_json":{"title":"TOEFL Junior","robots":{"index":"index","follow":"follow","max-snippet":"max-snippet:-1","max-image-preview":"max-image-preview:large","max-video-preview":"max-video-preview:-1"},"canonical":"https:\/\/global-exam.com\/blog\/es\/examenes\/toefl-junior\/","og_locale":"fr_FR","og_type":"article","og_title":"TOEFL Junior","og_description":"TOEFL Junior (Test of English as a Foreign Language &#8211; For kids) El TOEFL Junior es la versi\u00f3n del TOEFL para ni\u00f1os [&hellip;]","og_url":"https:\/\/global-exam.com\/blog\/es\/examenes\/toefl-junior\/","og_site_name":"GlobalExam Blog","article_publisher":"https:\/\/www.facebook.com\/Global.Exam","article_modified_time":"2022-09-16T09:13:34+00:00","twitter_card":"summary_large_image","twitter_site":"@Global_Exam","twitter_misc":{"Dur\u00e9e de lecture estim\u00e9e":"1 minute"},"schema":{"@context":"https:\/\/schema.org","@graph":[{"@type":"WebSite","@id":"https:\/\/global-exam.com\/blog\/#website","url":"https:\/\/global-exam.com\/blog\/","name":"GlobalExam Blog","description":"Le blog du sp\u00e9cialiste de la certification linguistique","potentialAction":[{"@type":"SearchAction","target":{"@type":"EntryPoint","urlTemplate":"https:\/\/global-exam.com\/blog\/?s={search_term_string}"},"query-input":"required name=search_term_string"}],"inLanguage":"fr-FR"},{"@type":"WebPage","@id":"https:\/\/global-exam.com\/blog\/es\/examenes\/toefl-junior\/#webpage","url":"https:\/\/global-exam.com\/blog\/es\/examenes\/toefl-junior\/","name":"TOEFL Junior","isPartOf":{"@id":"https:\/\/global-exam.com\/blog\/#website"},"datePublished":"2020-11-06T13:38:01+00:00","dateModified":"2022-09-16T09:13:34+00:00","breadcrumb":{"@id":"https:\/\/global-exam.com\/blog\/es\/examenes\/toefl-junior\/#breadcrumb"},"inLanguage":"fr-FR","potentialAction":[{"@type":"ReadAction","target":["https:\/\/global-exam.com\/blog\/es\/examenes\/toefl-junior\/"]}]},{"@type":"BreadcrumbList","@id":"https:\/\/global-exam.com\/blog\/es\/examenes\/toefl-junior\/#breadcrumb","itemListElement":[{"@type":"ListItem","position":1,"name":"Ex\u00e1menes de idioma","item":"https:\/\/global-exam.com\/blog\/es\/examenes\/"},{"@type":"ListItem","position":2,"name":"TOEFL Junior"}]}]}},"lang":"es","translations":{"en":34308,"fr":34294,"es":35569},"pll_sync_post":[],"_links":{"self":[{"href":"https:\/\/global-exam.com\/blog\/wp-json\/wp\/v2\/pages\/35569"}],"collection":[{"href":"https:\/\/global-exam.com\/blog\/wp-json\/wp\/v2\/pages"}],"about":[{"href":"https:\/\/global-exam.com\/blog\/wp-json\/wp\/v2\/types\/page"}],"author":[{"embeddable":true,"href":"https:\/\/global-exam.com\/blog\/wp-json\/wp\/v2\/users\/24"}],"replies":[{"embeddable":true,"href":"https:\/\/global-exam.com\/blog\/wp-json\/wp\/v2\/comments?post=35569"}],"version-history":[{"count":6,"href":"https:\/\/global-exam.com\/blog\/wp-json\/wp\/v2\/pages\/35569\/revisions"}],"predecessor-version":[{"id":79496,"href":"https:\/\/global-exam.com\/blog\/wp-json\/wp\/v2\/pages\/35569\/revisions\/79496"}],"up":[{"embeddable":true,"href":"https:\/\/global-exam.com\/blog\/wp-json\/wp\/v2\/pages\/14852"}],"wp:attachment":[{"href":"https:\/\/global-exam.com\/blog\/wp-json\/wp\/v2\/media?parent=35569"}],"curies":[{"name":"wp","href":"https:\/\/api.w.org\/{rel}","templated":true}]}}