{"id":35579,"date":"2020-10-28T19:28:57","date_gmt":"2020-10-28T18:28:57","guid":{"rendered":"https:\/\/global-exam.com\/blog\/?page_id=35579"},"modified":"2022-09-16T11:46:24","modified_gmt":"2022-09-16T09:46:24","slug":"dalf","status":"publish","type":"page","link":"https:\/\/global-exam.com\/blog\/es\/examenes\/dalf\/","title":{"rendered":"DALF"},"content":{"rendered":"<p style=\"text-align: left;\">DALF (Dipl\u00f4me Approfondi de Langue Fran\u00e7aise)<\/p>\n<p style=\"text-align: left;\">El DALF es un examen que certifica un <strong>nivel avanzado de franc\u00e9s<\/strong>. Los niveles evaluados son los <strong>niveles C1 y C2<\/strong>.<\/p>\n<p style=\"text-align: left;\">Consta de 4 pruebas: comprensi\u00f3n oral y escrita, producci\u00f3n oral y escrita. El examen dura <strong>cuatro horas<\/strong>.<\/p>\n","protected":false},"excerpt":{"rendered":"<p>DALF (Dipl\u00f4me Approfondi de Langue Fran\u00e7aise) El DALF es un examen que certifica un nivel avanzado de franc\u00e9s. Los niveles evaluados son [&hellip;]<\/p>\n","protected":false},"author":24,"featured_media":0,"parent":14852,"menu_order":0,"comment_status":"closed","ping_status":"closed","template":"","meta":[],"acf":[],"yoast_head":"<!-- This site is optimized with the Yoast SEO plugin v17.2.1 - https:\/\/yoast.com\/wordpress\/plugins\/seo\/ -->\n<title>DALF<\/title>\n<meta name=\"robots\" content=\"index, follow, max-snippet:-1, max-image-preview:large, max-video-preview:-1\" \/>\n<link rel=\"canonical\" href=\"https:\/\/global-exam.com\/blog\/es\/examenes\/dalf\/\" \/>\n<meta property=\"og:locale\" content=\"fr_FR\" \/>\n<meta property=\"og:type\" content=\"article\" \/>\n<meta property=\"og:title\" content=\"DALF\" \/>\n<meta property=\"og:description\" content=\"DALF (Dipl\u00f4me Approfondi de Langue Fran\u00e7aise) El DALF es un examen que certifica un nivel avanzado de franc\u00e9s. Los niveles evaluados son [&hellip;]\" \/>\n<meta property=\"og:url\" content=\"https:\/\/global-exam.com\/blog\/es\/examenes\/dalf\/\" \/>\n<meta property=\"og:site_name\" content=\"GlobalExam Blog\" \/>\n<meta property=\"article:publisher\" content=\"https:\/\/www.facebook.com\/Global.Exam\" \/>\n<meta property=\"article:modified_time\" content=\"2022-09-16T09:46:24+00:00\" \/>\n<meta name=\"twitter:card\" content=\"summary_large_image\" \/>\n<meta name=\"twitter:site\" content=\"@Global_Exam\" \/>\n<meta name=\"twitter:label1\" content=\"Dur\u00e9e de lecture estim\u00e9e\" \/>\n\t<meta name=\"twitter:data1\" content=\"1 minute\" \/>\n<script type=\"application\/ld+json\" class=\"yoast-schema-graph\">{\"@context\":\"https:\/\/schema.org\",\"@graph\":[{\"@type\":\"WebSite\",\"@id\":\"https:\/\/global-exam.com\/blog\/#website\",\"url\":\"https:\/\/global-exam.com\/blog\/\",\"name\":\"GlobalExam Blog\",\"description\":\"Le blog du sp\\u00e9cialiste de la certification linguistique\",\"potentialAction\":[{\"@type\":\"SearchAction\",\"target\":{\"@type\":\"EntryPoint\",\"urlTemplate\":\"https:\/\/global-exam.com\/blog\/?s={search_term_string}\"},\"query-input\":\"required name=search_term_string\"}],\"inLanguage\":\"fr-FR\"},{\"@type\":\"WebPage\",\"@id\":\"https:\/\/global-exam.com\/blog\/es\/examenes\/dalf\/#webpage\",\"url\":\"https:\/\/global-exam.com\/blog\/es\/examenes\/dalf\/\",\"name\":\"DALF\",\"isPartOf\":{\"@id\":\"https:\/\/global-exam.com\/blog\/#website\"},\"datePublished\":\"2020-10-28T18:28:57+00:00\",\"dateModified\":\"2022-09-16T09:46:24+00:00\",\"breadcrumb\":{\"@id\":\"https:\/\/global-exam.com\/blog\/es\/examenes\/dalf\/#breadcrumb\"},\"inLanguage\":\"fr-FR\",\"potentialAction\":[{\"@type\":\"ReadAction\",\"target\":[\"https:\/\/global-exam.com\/blog\/es\/examenes\/dalf\/\"]}]},{\"@type\":\"BreadcrumbList\",\"@id\":\"https:\/\/global-exam.com\/blog\/es\/examenes\/dalf\/#breadcrumb\",\"itemListElement\":[{\"@type\":\"ListItem\",\"position\":1,\"name\":\"Ex\\u00e1menes de idioma\",\"item\":\"https:\/\/global-exam.com\/blog\/es\/examenes\/\"},{\"@type\":\"ListItem\",\"position\":2,\"name\":\"DALF\"}]}]}<\/script>\n<!-- \/ Yoast SEO plugin. -->","yoast_head_json":{"title":"DALF","robots":{"index":"index","follow":"follow","max-snippet":"max-snippet:-1","max-image-preview":"max-image-preview:large","max-video-preview":"max-video-preview:-1"},"canonical":"https:\/\/global-exam.com\/blog\/es\/examenes\/dalf\/","og_locale":"fr_FR","og_type":"article","og_title":"DALF","og_description":"DALF (Dipl\u00f4me Approfondi de Langue Fran\u00e7aise) El DALF es un examen que certifica un nivel avanzado de franc\u00e9s. Los niveles evaluados son [&hellip;]","og_url":"https:\/\/global-exam.com\/blog\/es\/examenes\/dalf\/","og_site_name":"GlobalExam Blog","article_publisher":"https:\/\/www.facebook.com\/Global.Exam","article_modified_time":"2022-09-16T09:46:24+00:00","twitter_card":"summary_large_image","twitter_site":"@Global_Exam","twitter_misc":{"Dur\u00e9e de lecture estim\u00e9e":"1 minute"},"schema":{"@context":"https:\/\/schema.org","@graph":[{"@type":"WebSite","@id":"https:\/\/global-exam.com\/blog\/#website","url":"https:\/\/global-exam.com\/blog\/","name":"GlobalExam Blog","description":"Le blog du sp\u00e9cialiste de la certification linguistique","potentialAction":[{"@type":"SearchAction","target":{"@type":"EntryPoint","urlTemplate":"https:\/\/global-exam.com\/blog\/?s={search_term_string}"},"query-input":"required name=search_term_string"}],"inLanguage":"fr-FR"},{"@type":"WebPage","@id":"https:\/\/global-exam.com\/blog\/es\/examenes\/dalf\/#webpage","url":"https:\/\/global-exam.com\/blog\/es\/examenes\/dalf\/","name":"DALF","isPartOf":{"@id":"https:\/\/global-exam.com\/blog\/#website"},"datePublished":"2020-10-28T18:28:57+00:00","dateModified":"2022-09-16T09:46:24+00:00","breadcrumb":{"@id":"https:\/\/global-exam.com\/blog\/es\/examenes\/dalf\/#breadcrumb"},"inLanguage":"fr-FR","potentialAction":[{"@type":"ReadAction","target":["https:\/\/global-exam.com\/blog\/es\/examenes\/dalf\/"]}]},{"@type":"BreadcrumbList","@id":"https:\/\/global-exam.com\/blog\/es\/examenes\/dalf\/#breadcrumb","itemListElement":[{"@type":"ListItem","position":1,"name":"Ex\u00e1menes de idioma","item":"https:\/\/global-exam.com\/blog\/es\/examenes\/"},{"@type":"ListItem","position":2,"name":"DALF"}]}]}},"lang":"es","translations":{"fr":36124,"es":35579,"en":36210},"pll_sync_post":[],"_links":{"self":[{"href":"https:\/\/global-exam.com\/blog\/wp-json\/wp\/v2\/pages\/35579"}],"collection":[{"href":"https:\/\/global-exam.com\/blog\/wp-json\/wp\/v2\/pages"}],"about":[{"href":"https:\/\/global-exam.com\/blog\/wp-json\/wp\/v2\/types\/page"}],"author":[{"embeddable":true,"href":"https:\/\/global-exam.com\/blog\/wp-json\/wp\/v2\/users\/24"}],"replies":[{"embeddable":true,"href":"https:\/\/global-exam.com\/blog\/wp-json\/wp\/v2\/comments?post=35579"}],"version-history":[{"count":7,"href":"https:\/\/global-exam.com\/blog\/wp-json\/wp\/v2\/pages\/35579\/revisions"}],"predecessor-version":[{"id":79530,"href":"https:\/\/global-exam.com\/blog\/wp-json\/wp\/v2\/pages\/35579\/revisions\/79530"}],"up":[{"embeddable":true,"href":"https:\/\/global-exam.com\/blog\/wp-json\/wp\/v2\/pages\/14852"}],"wp:attachment":[{"href":"https:\/\/global-exam.com\/blog\/wp-json\/wp\/v2\/media?parent=35579"}],"curies":[{"name":"wp","href":"https:\/\/api.w.org\/{rel}","templated":true}]}}