{"id":36124,"date":"2020-11-06T18:18:12","date_gmt":"2020-11-06T17:18:12","guid":{"rendered":"https:\/\/global-exam.com\/blog\/?page_id=36124"},"modified":"2022-08-17T16:27:54","modified_gmt":"2022-08-17T14:27:54","slug":"dalf","status":"publish","type":"page","link":"https:\/\/global-exam.com\/blog\/fr\/examens\/dalf\/","title":{"rendered":"DALF : certifier son niveau de fran\u00e7ais"},"content":{"rendered":"<p>Passer le DALF<\/p>\n<p style=\"text-align: center;\">Le DALF (Dipl\u00f4me Approfondi de Langue Fran\u00e7aise) est une\u00a0<strong>certification de tr\u00e8s haut niveau<\/strong>\u00a0qui valide les\u00a0niveaux <strong>C1 et C2<\/strong> du CECRL (Cadre Europ\u00e9en Commun de R\u00e9f\u00e9rence pour les Langues) en <strong>langue fran\u00e7aise<\/strong>. Il s\u2019adresse \u00e0 un public non francophone de naissance. Il est la version avanc\u00e9e du DELF, qui valide les niveaux allant de A1 \u00e0 B2.<\/p>\n<p style=\"text-align: center;\">Le test est compos\u00e9 de <strong>4 \u00e9preuves<\/strong> : compr\u00e9hension \u00e9crite, compr\u00e9hension orale, expression \u00e9crite et expression orale.<\/p>\n","protected":false},"excerpt":{"rendered":"<p>Passer le DALF Le DALF (Dipl\u00f4me Approfondi de Langue Fran\u00e7aise) est une\u00a0certification de tr\u00e8s haut niveau\u00a0qui valide les\u00a0niveaux C1 et C2 du [&hellip;]<\/p>\n","protected":false},"author":2,"featured_media":0,"parent":2839,"menu_order":0,"comment_status":"closed","ping_status":"closed","template":"","meta":[],"acf":[],"yoast_head":"<!-- This site is optimized with the Yoast SEO plugin v17.2.1 - https:\/\/yoast.com\/wordpress\/plugins\/seo\/ -->\n<title>DALF : certifier son niveau de fran\u00e7ais - GlobalExam Blog<\/title>\n<meta name=\"description\" content=\"Validez votre niveau C1 ou C2 en fran\u00e7ais en passant la certification du DALF gr\u00e2ce aux pr\u00e9parations sur-mesure GlobalExam.\" \/>\n<meta name=\"robots\" content=\"index, follow, max-snippet:-1, max-image-preview:large, max-video-preview:-1\" \/>\n<link rel=\"canonical\" href=\"https:\/\/global-exam.com\/blog\/fr\/examens\/dalf\/\" \/>\n<meta property=\"og:locale\" content=\"fr_FR\" \/>\n<meta property=\"og:type\" content=\"article\" \/>\n<meta property=\"og:title\" content=\"DALF : certifier son niveau de fran\u00e7ais - GlobalExam Blog\" \/>\n<meta property=\"og:description\" content=\"Validez votre niveau C1 ou C2 en fran\u00e7ais en passant la certification du DALF gr\u00e2ce aux pr\u00e9parations sur-mesure GlobalExam.\" \/>\n<meta property=\"og:url\" content=\"https:\/\/global-exam.com\/blog\/fr\/examens\/dalf\/\" \/>\n<meta property=\"og:site_name\" content=\"GlobalExam Blog\" \/>\n<meta property=\"article:publisher\" content=\"https:\/\/www.facebook.com\/Global.Exam\" \/>\n<meta property=\"article:modified_time\" content=\"2022-08-17T14:27:54+00:00\" \/>\n<meta name=\"twitter:card\" content=\"summary_large_image\" \/>\n<meta name=\"twitter:site\" content=\"@Global_Exam\" \/>\n<meta name=\"twitter:label1\" content=\"Dur\u00e9e de lecture estim\u00e9e\" \/>\n\t<meta name=\"twitter:data1\" content=\"2 minutes\" \/>\n<script type=\"application\/ld+json\" class=\"yoast-schema-graph\">{\"@context\":\"https:\/\/schema.org\",\"@graph\":[{\"@type\":\"WebSite\",\"@id\":\"https:\/\/global-exam.com\/blog\/#website\",\"url\":\"https:\/\/global-exam.com\/blog\/\",\"name\":\"GlobalExam Blog\",\"description\":\"Le blog du sp\\u00e9cialiste de la certification linguistique\",\"potentialAction\":[{\"@type\":\"SearchAction\",\"target\":{\"@type\":\"EntryPoint\",\"urlTemplate\":\"https:\/\/global-exam.com\/blog\/?s={search_term_string}\"},\"query-input\":\"required name=search_term_string\"}],\"inLanguage\":\"fr-FR\"},{\"@type\":\"WebPage\",\"@id\":\"https:\/\/global-exam.com\/blog\/fr\/examens\/dalf\/#webpage\",\"url\":\"https:\/\/global-exam.com\/blog\/fr\/examens\/dalf\/\",\"name\":\"DALF : certifier son niveau de fran\\u00e7ais - GlobalExam Blog\",\"isPartOf\":{\"@id\":\"https:\/\/global-exam.com\/blog\/#website\"},\"datePublished\":\"2020-11-06T17:18:12+00:00\",\"dateModified\":\"2022-08-17T14:27:54+00:00\",\"description\":\"Validez votre niveau C1 ou C2 en fran\\u00e7ais en passant la certification du DALF gr\\u00e2ce aux pr\\u00e9parations sur-mesure GlobalExam.\",\"breadcrumb\":{\"@id\":\"https:\/\/global-exam.com\/blog\/fr\/examens\/dalf\/#breadcrumb\"},\"inLanguage\":\"fr-FR\",\"potentialAction\":[{\"@type\":\"ReadAction\",\"target\":[\"https:\/\/global-exam.com\/blog\/fr\/examens\/dalf\/\"]}]},{\"@type\":\"BreadcrumbList\",\"@id\":\"https:\/\/global-exam.com\/blog\/fr\/examens\/dalf\/#breadcrumb\",\"itemListElement\":[{\"@type\":\"ListItem\",\"position\":1,\"name\":\"Les examens de langue\",\"item\":\"https:\/\/global-exam.com\/blog\/fr\/examens\/\"},{\"@type\":\"ListItem\",\"position\":2,\"name\":\"DALF : certifier son niveau de fran\\u00e7ais\"}]}]}<\/script>\n<!-- \/ Yoast SEO plugin. -->","yoast_head_json":{"title":"DALF : certifier son niveau de fran\u00e7ais - GlobalExam Blog","description":"Validez votre niveau C1 ou C2 en fran\u00e7ais en passant la certification du DALF gr\u00e2ce aux pr\u00e9parations sur-mesure GlobalExam.","robots":{"index":"index","follow":"follow","max-snippet":"max-snippet:-1","max-image-preview":"max-image-preview:large","max-video-preview":"max-video-preview:-1"},"canonical":"https:\/\/global-exam.com\/blog\/fr\/examens\/dalf\/","og_locale":"fr_FR","og_type":"article","og_title":"DALF : certifier son niveau de fran\u00e7ais - GlobalExam Blog","og_description":"Validez votre niveau C1 ou C2 en fran\u00e7ais en passant la certification du DALF gr\u00e2ce aux pr\u00e9parations sur-mesure GlobalExam.","og_url":"https:\/\/global-exam.com\/blog\/fr\/examens\/dalf\/","og_site_name":"GlobalExam Blog","article_publisher":"https:\/\/www.facebook.com\/Global.Exam","article_modified_time":"2022-08-17T14:27:54+00:00","twitter_card":"summary_large_image","twitter_site":"@Global_Exam","twitter_misc":{"Dur\u00e9e de lecture estim\u00e9e":"2 minutes"},"schema":{"@context":"https:\/\/schema.org","@graph":[{"@type":"WebSite","@id":"https:\/\/global-exam.com\/blog\/#website","url":"https:\/\/global-exam.com\/blog\/","name":"GlobalExam Blog","description":"Le blog du sp\u00e9cialiste de la certification linguistique","potentialAction":[{"@type":"SearchAction","target":{"@type":"EntryPoint","urlTemplate":"https:\/\/global-exam.com\/blog\/?s={search_term_string}"},"query-input":"required name=search_term_string"}],"inLanguage":"fr-FR"},{"@type":"WebPage","@id":"https:\/\/global-exam.com\/blog\/fr\/examens\/dalf\/#webpage","url":"https:\/\/global-exam.com\/blog\/fr\/examens\/dalf\/","name":"DALF : certifier son niveau de fran\u00e7ais - GlobalExam Blog","isPartOf":{"@id":"https:\/\/global-exam.com\/blog\/#website"},"datePublished":"2020-11-06T17:18:12+00:00","dateModified":"2022-08-17T14:27:54+00:00","description":"Validez votre niveau C1 ou C2 en fran\u00e7ais en passant la certification du DALF gr\u00e2ce aux pr\u00e9parations sur-mesure GlobalExam.","breadcrumb":{"@id":"https:\/\/global-exam.com\/blog\/fr\/examens\/dalf\/#breadcrumb"},"inLanguage":"fr-FR","potentialAction":[{"@type":"ReadAction","target":["https:\/\/global-exam.com\/blog\/fr\/examens\/dalf\/"]}]},{"@type":"BreadcrumbList","@id":"https:\/\/global-exam.com\/blog\/fr\/examens\/dalf\/#breadcrumb","itemListElement":[{"@type":"ListItem","position":1,"name":"Les examens de langue","item":"https:\/\/global-exam.com\/blog\/fr\/examens\/"},{"@type":"ListItem","position":2,"name":"DALF : certifier son niveau de fran\u00e7ais"}]}]}},"lang":"fr","translations":{"fr":36124,"es":35579,"en":36210},"pll_sync_post":[],"_links":{"self":[{"href":"https:\/\/global-exam.com\/blog\/wp-json\/wp\/v2\/pages\/36124"}],"collection":[{"href":"https:\/\/global-exam.com\/blog\/wp-json\/wp\/v2\/pages"}],"about":[{"href":"https:\/\/global-exam.com\/blog\/wp-json\/wp\/v2\/types\/page"}],"author":[{"embeddable":true,"href":"https:\/\/global-exam.com\/blog\/wp-json\/wp\/v2\/users\/2"}],"replies":[{"embeddable":true,"href":"https:\/\/global-exam.com\/blog\/wp-json\/wp\/v2\/comments?post=36124"}],"version-history":[{"count":13,"href":"https:\/\/global-exam.com\/blog\/wp-json\/wp\/v2\/pages\/36124\/revisions"}],"predecessor-version":[{"id":78121,"href":"https:\/\/global-exam.com\/blog\/wp-json\/wp\/v2\/pages\/36124\/revisions\/78121"}],"up":[{"embeddable":true,"href":"https:\/\/global-exam.com\/blog\/wp-json\/wp\/v2\/pages\/2839"}],"wp:attachment":[{"href":"https:\/\/global-exam.com\/blog\/wp-json\/wp\/v2\/media?parent=36124"}],"curies":[{"name":"wp","href":"https:\/\/api.w.org\/{rel}","templated":true}]}}