{"id":44616,"date":"2021-04-15T18:28:34","date_gmt":"2021-04-15T16:28:34","guid":{"rendered":"https:\/\/global-exam.com\/blog\/?page_id=44616"},"modified":"2022-07-01T15:17:47","modified_gmt":"2022-07-01T13:17:47","slug":"general-english-aprende-ingles-online","status":"publish","type":"page","link":"https:\/\/global-exam.com\/blog\/es\/aprendizaje-de-idiomas\/general-english-aprende-ingles-online\/","title":{"rendered":"Aprende ingl\u00e9s online con el Global General !"},"content":{"rendered":"<p>Aprender ingl\u00e9s online<\/p>\n<p style=\"text-align: center;\">Empieza a mejorar tu nivel en ingl\u00e9s hoy mismo leyendo los art\u00edculos que hemos seleccionado para ti.<\/p>\n<p>Hablar ingl\u00e9s conlleva una\u00a0gran cantidad de beneficios que puedes descubrir con esta categor\u00eda.<\/p>\n<p>Descubre los mejores m\u00e9todos para aprender ingl\u00e9s: podcasts, canciones, libros, series, etc.<\/p>\n<p>Aprende a pronunciar ingl\u00e9s con nuestros m\u00e9todos y ejercicios para hablar bien en este idioma.<\/p>\n<p>Dominar el vocabulario es esencial para aprender a hablar ingl\u00e9s. Descubre todas nuestras tarjetas<\/p>\n<p>Dominar las reglas gramaticales es muy importante para hablar bien el ingl\u00e9s. Consulta nuestras fichas.<\/p>\n","protected":false},"excerpt":{"rendered":"<p>Aprender ingl\u00e9s online Empieza a mejorar tu nivel en ingl\u00e9s hoy mismo leyendo los art\u00edculos que hemos seleccionado para ti. Hablar ingl\u00e9s [&hellip;]<\/p>\n","protected":false},"author":24,"featured_media":0,"parent":48166,"menu_order":0,"comment_status":"closed","ping_status":"closed","template":"","meta":[],"acf":[],"yoast_head":"<!-- This site is optimized with the Yoast SEO plugin v17.2.1 - https:\/\/yoast.com\/wordpress\/plugins\/seo\/ -->\n<title>Aprende ingl\u00e9s online con el Global General !<\/title>\n<meta name=\"robots\" content=\"index, follow, max-snippet:-1, max-image-preview:large, max-video-preview:-1\" \/>\n<link rel=\"canonical\" href=\"https:\/\/global-exam.com\/blog\/es\/aprendizaje-de-idiomas\/general-english-aprende-ingles-online\/\" \/>\n<meta property=\"og:locale\" content=\"fr_FR\" \/>\n<meta property=\"og:type\" content=\"article\" \/>\n<meta property=\"og:title\" content=\"Aprende ingl\u00e9s online con el Global General !\" \/>\n<meta property=\"og:description\" content=\"Aprender ingl\u00e9s online Empieza a mejorar tu nivel en ingl\u00e9s hoy mismo leyendo los art\u00edculos que hemos seleccionado para ti. Hablar ingl\u00e9s [&hellip;]\" \/>\n<meta property=\"og:url\" content=\"https:\/\/global-exam.com\/blog\/es\/aprendizaje-de-idiomas\/general-english-aprende-ingles-online\/\" \/>\n<meta property=\"og:site_name\" content=\"GlobalExam Blog\" \/>\n<meta property=\"article:publisher\" content=\"https:\/\/www.facebook.com\/Global.Exam\" \/>\n<meta property=\"article:modified_time\" content=\"2022-07-01T13:17:47+00:00\" \/>\n<meta name=\"twitter:card\" content=\"summary_large_image\" \/>\n<meta name=\"twitter:site\" content=\"@Global_Exam\" \/>\n<meta name=\"twitter:label1\" content=\"Dur\u00e9e de lecture estim\u00e9e\" \/>\n\t<meta name=\"twitter:data1\" content=\"3 minutes\" \/>\n<script type=\"application\/ld+json\" class=\"yoast-schema-graph\">{\"@context\":\"https:\/\/schema.org\",\"@graph\":[{\"@type\":\"WebSite\",\"@id\":\"https:\/\/global-exam.com\/blog\/#website\",\"url\":\"https:\/\/global-exam.com\/blog\/\",\"name\":\"GlobalExam Blog\",\"description\":\"Le blog du sp\\u00e9cialiste de la certification linguistique\",\"potentialAction\":[{\"@type\":\"SearchAction\",\"target\":{\"@type\":\"EntryPoint\",\"urlTemplate\":\"https:\/\/global-exam.com\/blog\/?s={search_term_string}\"},\"query-input\":\"required name=search_term_string\"}],\"inLanguage\":\"fr-FR\"},{\"@type\":\"WebPage\",\"@id\":\"https:\/\/global-exam.com\/blog\/es\/aprendizaje-de-idiomas\/general-english-aprende-ingles-online\/#webpage\",\"url\":\"https:\/\/global-exam.com\/blog\/es\/aprendizaje-de-idiomas\/general-english-aprende-ingles-online\/\",\"name\":\"Aprende ingl\\u00e9s online con el Global General !\",\"isPartOf\":{\"@id\":\"https:\/\/global-exam.com\/blog\/#website\"},\"datePublished\":\"2021-04-15T16:28:34+00:00\",\"dateModified\":\"2022-07-01T13:17:47+00:00\",\"breadcrumb\":{\"@id\":\"https:\/\/global-exam.com\/blog\/es\/aprendizaje-de-idiomas\/general-english-aprende-ingles-online\/#breadcrumb\"},\"inLanguage\":\"fr-FR\",\"potentialAction\":[{\"@type\":\"ReadAction\",\"target\":[\"https:\/\/global-exam.com\/blog\/es\/aprendizaje-de-idiomas\/general-english-aprende-ingles-online\/\"]}]},{\"@type\":\"BreadcrumbList\",\"@id\":\"https:\/\/global-exam.com\/blog\/es\/aprendizaje-de-idiomas\/general-english-aprende-ingles-online\/#breadcrumb\",\"itemListElement\":[{\"@type\":\"ListItem\",\"position\":1,\"name\":\"Aprendizaje de idiomas\",\"item\":\"https:\/\/global-exam.com\/blog\/es\/aprendizaje-de-idiomas\/\"},{\"@type\":\"ListItem\",\"position\":2,\"name\":\"Aprende ingl\\u00e9s online con el Global General !\"}]}]}<\/script>\n<!-- \/ Yoast SEO plugin. -->","yoast_head_json":{"title":"Aprende ingl\u00e9s online con el Global General !","robots":{"index":"index","follow":"follow","max-snippet":"max-snippet:-1","max-image-preview":"max-image-preview:large","max-video-preview":"max-video-preview:-1"},"canonical":"https:\/\/global-exam.com\/blog\/es\/aprendizaje-de-idiomas\/general-english-aprende-ingles-online\/","og_locale":"fr_FR","og_type":"article","og_title":"Aprende ingl\u00e9s online con el Global General !","og_description":"Aprender ingl\u00e9s online Empieza a mejorar tu nivel en ingl\u00e9s hoy mismo leyendo los art\u00edculos que hemos seleccionado para ti. Hablar ingl\u00e9s [&hellip;]","og_url":"https:\/\/global-exam.com\/blog\/es\/aprendizaje-de-idiomas\/general-english-aprende-ingles-online\/","og_site_name":"GlobalExam Blog","article_publisher":"https:\/\/www.facebook.com\/Global.Exam","article_modified_time":"2022-07-01T13:17:47+00:00","twitter_card":"summary_large_image","twitter_site":"@Global_Exam","twitter_misc":{"Dur\u00e9e de lecture estim\u00e9e":"3 minutes"},"schema":{"@context":"https:\/\/schema.org","@graph":[{"@type":"WebSite","@id":"https:\/\/global-exam.com\/blog\/#website","url":"https:\/\/global-exam.com\/blog\/","name":"GlobalExam Blog","description":"Le blog du sp\u00e9cialiste de la certification linguistique","potentialAction":[{"@type":"SearchAction","target":{"@type":"EntryPoint","urlTemplate":"https:\/\/global-exam.com\/blog\/?s={search_term_string}"},"query-input":"required name=search_term_string"}],"inLanguage":"fr-FR"},{"@type":"WebPage","@id":"https:\/\/global-exam.com\/blog\/es\/aprendizaje-de-idiomas\/general-english-aprende-ingles-online\/#webpage","url":"https:\/\/global-exam.com\/blog\/es\/aprendizaje-de-idiomas\/general-english-aprende-ingles-online\/","name":"Aprende ingl\u00e9s online con el Global General !","isPartOf":{"@id":"https:\/\/global-exam.com\/blog\/#website"},"datePublished":"2021-04-15T16:28:34+00:00","dateModified":"2022-07-01T13:17:47+00:00","breadcrumb":{"@id":"https:\/\/global-exam.com\/blog\/es\/aprendizaje-de-idiomas\/general-english-aprende-ingles-online\/#breadcrumb"},"inLanguage":"fr-FR","potentialAction":[{"@type":"ReadAction","target":["https:\/\/global-exam.com\/blog\/es\/aprendizaje-de-idiomas\/general-english-aprende-ingles-online\/"]}]},{"@type":"BreadcrumbList","@id":"https:\/\/global-exam.com\/blog\/es\/aprendizaje-de-idiomas\/general-english-aprende-ingles-online\/#breadcrumb","itemListElement":[{"@type":"ListItem","position":1,"name":"Aprendizaje de idiomas","item":"https:\/\/global-exam.com\/blog\/es\/aprendizaje-de-idiomas\/"},{"@type":"ListItem","position":2,"name":"Aprende ingl\u00e9s online con el Global General !"}]}]}},"lang":"es","translations":{"fr":43264,"es":44616,"it":47704,"en":49310},"pll_sync_post":[],"_links":{"self":[{"href":"https:\/\/global-exam.com\/blog\/wp-json\/wp\/v2\/pages\/44616"}],"collection":[{"href":"https:\/\/global-exam.com\/blog\/wp-json\/wp\/v2\/pages"}],"about":[{"href":"https:\/\/global-exam.com\/blog\/wp-json\/wp\/v2\/types\/page"}],"author":[{"embeddable":true,"href":"https:\/\/global-exam.com\/blog\/wp-json\/wp\/v2\/users\/24"}],"replies":[{"embeddable":true,"href":"https:\/\/global-exam.com\/blog\/wp-json\/wp\/v2\/comments?post=44616"}],"version-history":[{"count":18,"href":"https:\/\/global-exam.com\/blog\/wp-json\/wp\/v2\/pages\/44616\/revisions"}],"predecessor-version":[{"id":77278,"href":"https:\/\/global-exam.com\/blog\/wp-json\/wp\/v2\/pages\/44616\/revisions\/77278"}],"up":[{"embeddable":true,"href":"https:\/\/global-exam.com\/blog\/wp-json\/wp\/v2\/pages\/48166"}],"wp:attachment":[{"href":"https:\/\/global-exam.com\/blog\/wp-json\/wp\/v2\/media?parent=44616"}],"curies":[{"name":"wp","href":"https:\/\/api.w.org\/{rel}","templated":true}]}}