{"id":47510,"date":"2021-05-19T15:15:26","date_gmt":"2021-05-19T13:15:26","guid":{"rendered":"https:\/\/global-exam.com\/blog\/?page_id=47510"},"modified":"2022-09-07T10:06:28","modified_gmt":"2022-09-07T08:06:28","slug":"general-french-aprende-frances-online","status":"publish","type":"page","link":"https:\/\/global-exam.com\/blog\/es\/general-french-aprende-frances-online\/","title":{"rendered":"Aprende franc\u00e9s online gratis con Global General"},"content":{"rendered":"<p>Aprender franc\u00e9s en l\u00ednea<\/p>\n<p>Aprende el franc\u00e9s b\u00e1sico y mejora tu nivel poco a poco. Te damos trucos y consejos sobre c\u00f3mo aprender franc\u00e9s online y por d\u00f3nde comenzar.<\/p>\n<p>Aprende a dominar la gram\u00e1tica francesa para hablar el idioma correctamente. Encontrar\u00e1s toda la informaci\u00f3n que quieras saber sobre cu\u00e1les son los mejores m\u00e9todos para aprender franc\u00e9s. Te contamos de manera general todas las particularidades de la pronunciaci\u00f3n francesa.<\/p>\n<p>Aprender el vocabulario franc\u00e9s es esencial para expresarse en el idioma. \u00a1Empezamos!<\/p>\n","protected":false},"excerpt":{"rendered":"<p>Aprender franc\u00e9s en l\u00ednea Aprende el franc\u00e9s b\u00e1sico y mejora tu nivel poco a poco. Te damos trucos y consejos sobre c\u00f3mo [&hellip;]<\/p>\n","protected":false},"author":24,"featured_media":0,"parent":48166,"menu_order":0,"comment_status":"closed","ping_status":"closed","template":"","meta":[],"acf":[],"yoast_head":"<!-- This site is optimized with the Yoast SEO plugin v17.2.1 - https:\/\/yoast.com\/wordpress\/plugins\/seo\/ -->\n<title>Aprende franc\u00e9s online gratis con Global General - GlobalExam Blog<\/title>\n<meta name=\"description\" content=\"Explora nuestros recursos para aprender franc\u00e9s en l\u00ednea. Descubre el mejor m\u00e9todo para estudiar por tu cuenta asi como fichas de gram\u00e1tica, vocabulario, etc.\" \/>\n<meta name=\"robots\" content=\"index, follow, max-snippet:-1, max-image-preview:large, max-video-preview:-1\" \/>\n<link rel=\"canonical\" href=\"https:\/\/global-exam.com\/blog\/es\/general-french-aprende-frances-online\/\" \/>\n<meta property=\"og:locale\" content=\"fr_FR\" \/>\n<meta property=\"og:type\" content=\"article\" \/>\n<meta property=\"og:title\" content=\"Aprende franc\u00e9s online gratis con Global General - GlobalExam Blog\" \/>\n<meta property=\"og:description\" content=\"Explora nuestros recursos para aprender franc\u00e9s en l\u00ednea. Descubre el mejor m\u00e9todo para estudiar por tu cuenta asi como fichas de gram\u00e1tica, vocabulario, etc.\" \/>\n<meta property=\"og:url\" content=\"https:\/\/global-exam.com\/blog\/es\/general-french-aprende-frances-online\/\" \/>\n<meta property=\"og:site_name\" content=\"GlobalExam Blog\" \/>\n<meta property=\"article:publisher\" content=\"https:\/\/www.facebook.com\/Global.Exam\" \/>\n<meta property=\"article:modified_time\" content=\"2022-09-07T08:06:28+00:00\" \/>\n<meta name=\"twitter:card\" content=\"summary_large_image\" \/>\n<meta name=\"twitter:site\" content=\"@Global_Exam\" \/>\n<meta name=\"twitter:label1\" content=\"Dur\u00e9e de lecture estim\u00e9e\" \/>\n\t<meta name=\"twitter:data1\" content=\"1 minute\" \/>\n<script type=\"application\/ld+json\" class=\"yoast-schema-graph\">{\"@context\":\"https:\/\/schema.org\",\"@graph\":[{\"@type\":\"WebSite\",\"@id\":\"https:\/\/global-exam.com\/blog\/#website\",\"url\":\"https:\/\/global-exam.com\/blog\/\",\"name\":\"GlobalExam Blog\",\"description\":\"Le blog du sp\\u00e9cialiste de la certification linguistique\",\"potentialAction\":[{\"@type\":\"SearchAction\",\"target\":{\"@type\":\"EntryPoint\",\"urlTemplate\":\"https:\/\/global-exam.com\/blog\/?s={search_term_string}\"},\"query-input\":\"required name=search_term_string\"}],\"inLanguage\":\"fr-FR\"},{\"@type\":\"WebPage\",\"@id\":\"https:\/\/global-exam.com\/blog\/es\/general-french-aprende-frances-online\/#webpage\",\"url\":\"https:\/\/global-exam.com\/blog\/es\/general-french-aprende-frances-online\/\",\"name\":\"Aprende franc\\u00e9s online gratis con Global General - GlobalExam Blog\",\"isPartOf\":{\"@id\":\"https:\/\/global-exam.com\/blog\/#website\"},\"datePublished\":\"2021-05-19T13:15:26+00:00\",\"dateModified\":\"2022-09-07T08:06:28+00:00\",\"description\":\"Explora nuestros recursos para aprender franc\\u00e9s en l\\u00ednea. Descubre el mejor m\\u00e9todo para estudiar por tu cuenta asi como fichas de gram\\u00e1tica, vocabulario, etc.\",\"breadcrumb\":{\"@id\":\"https:\/\/global-exam.com\/blog\/es\/general-french-aprende-frances-online\/#breadcrumb\"},\"inLanguage\":\"fr-FR\",\"potentialAction\":[{\"@type\":\"ReadAction\",\"target\":[\"https:\/\/global-exam.com\/blog\/es\/general-french-aprende-frances-online\/\"]}]},{\"@type\":\"BreadcrumbList\",\"@id\":\"https:\/\/global-exam.com\/blog\/es\/general-french-aprende-frances-online\/#breadcrumb\",\"itemListElement\":[{\"@type\":\"ListItem\",\"position\":1,\"name\":\"Aprendizaje de idiomas\",\"item\":\"https:\/\/global-exam.com\/blog\/es\/aprendizaje-de-idiomas\/\"},{\"@type\":\"ListItem\",\"position\":2,\"name\":\"Aprende franc\\u00e9s online gratis con Global General\"}]}]}<\/script>\n<!-- \/ Yoast SEO plugin. -->","yoast_head_json":{"title":"Aprende franc\u00e9s online gratis con Global General - GlobalExam Blog","description":"Explora nuestros recursos para aprender franc\u00e9s en l\u00ednea. Descubre el mejor m\u00e9todo para estudiar por tu cuenta asi como fichas de gram\u00e1tica, vocabulario, etc.","robots":{"index":"index","follow":"follow","max-snippet":"max-snippet:-1","max-image-preview":"max-image-preview:large","max-video-preview":"max-video-preview:-1"},"canonical":"https:\/\/global-exam.com\/blog\/es\/general-french-aprende-frances-online\/","og_locale":"fr_FR","og_type":"article","og_title":"Aprende franc\u00e9s online gratis con Global General - GlobalExam Blog","og_description":"Explora nuestros recursos para aprender franc\u00e9s en l\u00ednea. Descubre el mejor m\u00e9todo para estudiar por tu cuenta asi como fichas de gram\u00e1tica, vocabulario, etc.","og_url":"https:\/\/global-exam.com\/blog\/es\/general-french-aprende-frances-online\/","og_site_name":"GlobalExam Blog","article_publisher":"https:\/\/www.facebook.com\/Global.Exam","article_modified_time":"2022-09-07T08:06:28+00:00","twitter_card":"summary_large_image","twitter_site":"@Global_Exam","twitter_misc":{"Dur\u00e9e de lecture estim\u00e9e":"1 minute"},"schema":{"@context":"https:\/\/schema.org","@graph":[{"@type":"WebSite","@id":"https:\/\/global-exam.com\/blog\/#website","url":"https:\/\/global-exam.com\/blog\/","name":"GlobalExam Blog","description":"Le blog du sp\u00e9cialiste de la certification linguistique","potentialAction":[{"@type":"SearchAction","target":{"@type":"EntryPoint","urlTemplate":"https:\/\/global-exam.com\/blog\/?s={search_term_string}"},"query-input":"required name=search_term_string"}],"inLanguage":"fr-FR"},{"@type":"WebPage","@id":"https:\/\/global-exam.com\/blog\/es\/general-french-aprende-frances-online\/#webpage","url":"https:\/\/global-exam.com\/blog\/es\/general-french-aprende-frances-online\/","name":"Aprende franc\u00e9s online gratis con Global General - GlobalExam Blog","isPartOf":{"@id":"https:\/\/global-exam.com\/blog\/#website"},"datePublished":"2021-05-19T13:15:26+00:00","dateModified":"2022-09-07T08:06:28+00:00","description":"Explora nuestros recursos para aprender franc\u00e9s en l\u00ednea. Descubre el mejor m\u00e9todo para estudiar por tu cuenta asi como fichas de gram\u00e1tica, vocabulario, etc.","breadcrumb":{"@id":"https:\/\/global-exam.com\/blog\/es\/general-french-aprende-frances-online\/#breadcrumb"},"inLanguage":"fr-FR","potentialAction":[{"@type":"ReadAction","target":["https:\/\/global-exam.com\/blog\/es\/general-french-aprende-frances-online\/"]}]},{"@type":"BreadcrumbList","@id":"https:\/\/global-exam.com\/blog\/es\/general-french-aprende-frances-online\/#breadcrumb","itemListElement":[{"@type":"ListItem","position":1,"name":"Aprendizaje de idiomas","item":"https:\/\/global-exam.com\/blog\/es\/aprendizaje-de-idiomas\/"},{"@type":"ListItem","position":2,"name":"Aprende franc\u00e9s online gratis con Global General"}]}]}},"lang":"es","translations":{"en":54788,"es":47510,"fr":53915},"pll_sync_post":[],"_links":{"self":[{"href":"https:\/\/global-exam.com\/blog\/wp-json\/wp\/v2\/pages\/47510"}],"collection":[{"href":"https:\/\/global-exam.com\/blog\/wp-json\/wp\/v2\/pages"}],"about":[{"href":"https:\/\/global-exam.com\/blog\/wp-json\/wp\/v2\/types\/page"}],"author":[{"embeddable":true,"href":"https:\/\/global-exam.com\/blog\/wp-json\/wp\/v2\/users\/24"}],"replies":[{"embeddable":true,"href":"https:\/\/global-exam.com\/blog\/wp-json\/wp\/v2\/comments?post=47510"}],"version-history":[{"count":15,"href":"https:\/\/global-exam.com\/blog\/wp-json\/wp\/v2\/pages\/47510\/revisions"}],"predecessor-version":[{"id":79296,"href":"https:\/\/global-exam.com\/blog\/wp-json\/wp\/v2\/pages\/47510\/revisions\/79296"}],"up":[{"embeddable":true,"href":"https:\/\/global-exam.com\/blog\/wp-json\/wp\/v2\/pages\/48166"}],"wp:attachment":[{"href":"https:\/\/global-exam.com\/blog\/wp-json\/wp\/v2\/media?parent=47510"}],"curies":[{"name":"wp","href":"https:\/\/api.w.org\/{rel}","templated":true}]}}