{"id":48041,"date":"2021-05-25T11:40:54","date_gmt":"2021-05-25T09:40:54","guid":{"rendered":"https:\/\/global-exam.com\/blog\/?page_id=48041"},"modified":"2022-07-01T15:17:44","modified_gmt":"2022-07-01T13:17:44","slug":"general-spanish-aprender-espanol-online","status":"publish","type":"page","link":"https:\/\/global-exam.com\/blog\/es\/aprendizaje-de-idiomas\/general-spanish-aprender-espanol-online\/","title":{"rendered":"Aprender espa\u00f1ol online con el Global General"},"content":{"rendered":"<p>Aprender espa\u00f1ol f\u00e1cil<\/p>\n<p style=\"text-align: center;\">Mejora tu espa\u00f1ol hoy mismo leyendo los art\u00edculos que hemos seleccionado para ti.<\/p>\n<p>Descubre c\u00f3mo aprender espa\u00f1ol de una manera sencilla y r\u00e1pida con los m\u00e9todos y consejos que te ofrecemos.<\/p>\n<p>La gram\u00e1tica del espa\u00f1ol es uno de los aspectos de la lengua m\u00e1s complejos. \u00a1Descubre nuestras fichas!<\/p>\n<p>Uno de los aspectos m\u00e1s importantes al aprender una lengua es el vocabulario.\u00a1Descubre nuestras fichas gratuitas!<\/p>\n","protected":false},"excerpt":{"rendered":"<p>Aprender espa\u00f1ol f\u00e1cil Mejora tu espa\u00f1ol hoy mismo leyendo los art\u00edculos que hemos seleccionado para ti. Descubre c\u00f3mo aprender espa\u00f1ol de una [&hellip;]<\/p>\n","protected":false},"author":24,"featured_media":0,"parent":48166,"menu_order":0,"comment_status":"closed","ping_status":"closed","template":"","meta":[],"acf":[],"yoast_head":"<!-- This site is optimized with the Yoast SEO plugin v17.2.1 - https:\/\/yoast.com\/wordpress\/plugins\/seo\/ -->\n<title>Aprender espa\u00f1ol online con el Global General<\/title>\n<meta name=\"robots\" content=\"index, follow, max-snippet:-1, max-image-preview:large, max-video-preview:-1\" \/>\n<link rel=\"canonical\" href=\"https:\/\/global-exam.com\/blog\/es\/aprendizaje-de-idiomas\/general-spanish-aprender-espanol-online\/\" \/>\n<meta property=\"og:locale\" content=\"fr_FR\" \/>\n<meta property=\"og:type\" content=\"article\" \/>\n<meta property=\"og:title\" content=\"Aprender espa\u00f1ol online con el Global General\" \/>\n<meta property=\"og:description\" content=\"Aprender espa\u00f1ol f\u00e1cil Mejora tu espa\u00f1ol hoy mismo leyendo los art\u00edculos que hemos seleccionado para ti. Descubre c\u00f3mo aprender espa\u00f1ol de una [&hellip;]\" \/>\n<meta property=\"og:url\" content=\"https:\/\/global-exam.com\/blog\/es\/aprendizaje-de-idiomas\/general-spanish-aprender-espanol-online\/\" \/>\n<meta property=\"og:site_name\" content=\"GlobalExam Blog\" \/>\n<meta property=\"article:publisher\" content=\"https:\/\/www.facebook.com\/Global.Exam\" \/>\n<meta property=\"article:modified_time\" content=\"2022-07-01T13:17:44+00:00\" \/>\n<meta name=\"twitter:card\" content=\"summary_large_image\" \/>\n<meta name=\"twitter:site\" content=\"@Global_Exam\" \/>\n<meta name=\"twitter:label1\" content=\"Dur\u00e9e de lecture estim\u00e9e\" \/>\n\t<meta name=\"twitter:data1\" content=\"3 minutes\" \/>\n<script type=\"application\/ld+json\" class=\"yoast-schema-graph\">{\"@context\":\"https:\/\/schema.org\",\"@graph\":[{\"@type\":\"WebSite\",\"@id\":\"https:\/\/global-exam.com\/blog\/#website\",\"url\":\"https:\/\/global-exam.com\/blog\/\",\"name\":\"GlobalExam Blog\",\"description\":\"Le blog du sp\\u00e9cialiste de la certification linguistique\",\"potentialAction\":[{\"@type\":\"SearchAction\",\"target\":{\"@type\":\"EntryPoint\",\"urlTemplate\":\"https:\/\/global-exam.com\/blog\/?s={search_term_string}\"},\"query-input\":\"required name=search_term_string\"}],\"inLanguage\":\"fr-FR\"},{\"@type\":\"WebPage\",\"@id\":\"https:\/\/global-exam.com\/blog\/es\/aprendizaje-de-idiomas\/general-spanish-aprender-espanol-online\/#webpage\",\"url\":\"https:\/\/global-exam.com\/blog\/es\/aprendizaje-de-idiomas\/general-spanish-aprender-espanol-online\/\",\"name\":\"Aprender espa\\u00f1ol online con el Global General\",\"isPartOf\":{\"@id\":\"https:\/\/global-exam.com\/blog\/#website\"},\"datePublished\":\"2021-05-25T09:40:54+00:00\",\"dateModified\":\"2022-07-01T13:17:44+00:00\",\"breadcrumb\":{\"@id\":\"https:\/\/global-exam.com\/blog\/es\/aprendizaje-de-idiomas\/general-spanish-aprender-espanol-online\/#breadcrumb\"},\"inLanguage\":\"fr-FR\",\"potentialAction\":[{\"@type\":\"ReadAction\",\"target\":[\"https:\/\/global-exam.com\/blog\/es\/aprendizaje-de-idiomas\/general-spanish-aprender-espanol-online\/\"]}]},{\"@type\":\"BreadcrumbList\",\"@id\":\"https:\/\/global-exam.com\/blog\/es\/aprendizaje-de-idiomas\/general-spanish-aprender-espanol-online\/#breadcrumb\",\"itemListElement\":[{\"@type\":\"ListItem\",\"position\":1,\"name\":\"Aprendizaje de idiomas\",\"item\":\"https:\/\/global-exam.com\/blog\/es\/aprendizaje-de-idiomas\/\"},{\"@type\":\"ListItem\",\"position\":2,\"name\":\"Aprender espa\\u00f1ol online con el Global General\"}]}]}<\/script>\n<!-- \/ Yoast SEO plugin. -->","yoast_head_json":{"title":"Aprender espa\u00f1ol online con el Global General","robots":{"index":"index","follow":"follow","max-snippet":"max-snippet:-1","max-image-preview":"max-image-preview:large","max-video-preview":"max-video-preview:-1"},"canonical":"https:\/\/global-exam.com\/blog\/es\/aprendizaje-de-idiomas\/general-spanish-aprender-espanol-online\/","og_locale":"fr_FR","og_type":"article","og_title":"Aprender espa\u00f1ol online con el Global General","og_description":"Aprender espa\u00f1ol f\u00e1cil Mejora tu espa\u00f1ol hoy mismo leyendo los art\u00edculos que hemos seleccionado para ti. Descubre c\u00f3mo aprender espa\u00f1ol de una [&hellip;]","og_url":"https:\/\/global-exam.com\/blog\/es\/aprendizaje-de-idiomas\/general-spanish-aprender-espanol-online\/","og_site_name":"GlobalExam Blog","article_publisher":"https:\/\/www.facebook.com\/Global.Exam","article_modified_time":"2022-07-01T13:17:44+00:00","twitter_card":"summary_large_image","twitter_site":"@Global_Exam","twitter_misc":{"Dur\u00e9e de lecture estim\u00e9e":"3 minutes"},"schema":{"@context":"https:\/\/schema.org","@graph":[{"@type":"WebSite","@id":"https:\/\/global-exam.com\/blog\/#website","url":"https:\/\/global-exam.com\/blog\/","name":"GlobalExam Blog","description":"Le blog du sp\u00e9cialiste de la certification linguistique","potentialAction":[{"@type":"SearchAction","target":{"@type":"EntryPoint","urlTemplate":"https:\/\/global-exam.com\/blog\/?s={search_term_string}"},"query-input":"required name=search_term_string"}],"inLanguage":"fr-FR"},{"@type":"WebPage","@id":"https:\/\/global-exam.com\/blog\/es\/aprendizaje-de-idiomas\/general-spanish-aprender-espanol-online\/#webpage","url":"https:\/\/global-exam.com\/blog\/es\/aprendizaje-de-idiomas\/general-spanish-aprender-espanol-online\/","name":"Aprender espa\u00f1ol online con el Global General","isPartOf":{"@id":"https:\/\/global-exam.com\/blog\/#website"},"datePublished":"2021-05-25T09:40:54+00:00","dateModified":"2022-07-01T13:17:44+00:00","breadcrumb":{"@id":"https:\/\/global-exam.com\/blog\/es\/aprendizaje-de-idiomas\/general-spanish-aprender-espanol-online\/#breadcrumb"},"inLanguage":"fr-FR","potentialAction":[{"@type":"ReadAction","target":["https:\/\/global-exam.com\/blog\/es\/aprendizaje-de-idiomas\/general-spanish-aprender-espanol-online\/"]}]},{"@type":"BreadcrumbList","@id":"https:\/\/global-exam.com\/blog\/es\/aprendizaje-de-idiomas\/general-spanish-aprender-espanol-online\/#breadcrumb","itemListElement":[{"@type":"ListItem","position":1,"name":"Aprendizaje de idiomas","item":"https:\/\/global-exam.com\/blog\/es\/aprendizaje-de-idiomas\/"},{"@type":"ListItem","position":2,"name":"Aprender espa\u00f1ol online con el Global General"}]}]}},"lang":"es","translations":{"en":54744,"es":48041,"fr":54179},"pll_sync_post":[],"_links":{"self":[{"href":"https:\/\/global-exam.com\/blog\/wp-json\/wp\/v2\/pages\/48041"}],"collection":[{"href":"https:\/\/global-exam.com\/blog\/wp-json\/wp\/v2\/pages"}],"about":[{"href":"https:\/\/global-exam.com\/blog\/wp-json\/wp\/v2\/types\/page"}],"author":[{"embeddable":true,"href":"https:\/\/global-exam.com\/blog\/wp-json\/wp\/v2\/users\/24"}],"replies":[{"embeddable":true,"href":"https:\/\/global-exam.com\/blog\/wp-json\/wp\/v2\/comments?post=48041"}],"version-history":[{"count":10,"href":"https:\/\/global-exam.com\/blog\/wp-json\/wp\/v2\/pages\/48041\/revisions"}],"predecessor-version":[{"id":77275,"href":"https:\/\/global-exam.com\/blog\/wp-json\/wp\/v2\/pages\/48041\/revisions\/77275"}],"up":[{"embeddable":true,"href":"https:\/\/global-exam.com\/blog\/wp-json\/wp\/v2\/pages\/48166"}],"wp:attachment":[{"href":"https:\/\/global-exam.com\/blog\/wp-json\/wp\/v2\/media?parent=48041"}],"curies":[{"name":"wp","href":"https:\/\/api.w.org\/{rel}","templated":true}]}}