{"id":48166,"date":"2021-05-26T11:03:11","date_gmt":"2021-05-26T09:03:11","guid":{"rendered":"https:\/\/global-exam.com\/blog\/?page_id=48166"},"modified":"2022-09-16T11:24:00","modified_gmt":"2022-09-16T09:24:00","slug":"aprendizaje-de-idiomas","status":"publish","type":"page","link":"https:\/\/global-exam.com\/blog\/es\/aprendizaje-de-idiomas\/","title":{"rendered":"Aprendizaje de idiomas"},"content":{"rendered":"<p style=\"text-align: left;\">Aprender un nuevo idioma extranjero<\/p>\n<p style=\"text-align: left;\">\u00bfQuieres desarrollar tus habilidades ling\u00fc\u00edsticas? GlobalExam te da las claves para empezar a aprender y mejorar tu nivel.<\/p>\n<p style=\"text-align: left;\">En este blog, encontrar\u00e1s consejos y trucos, as\u00ed como informaci\u00f3n \u00fatil si quieres empezar o seguir aprendiendo un idioma. Nuestros art\u00edculos te ense\u00f1an c\u00f3mo aprender un idioma de forma eficaz. Tambi\u00e9n puedes leer nuestras fichas para ayudarte a dominar las situaciones cotidianas, el vocabulario y la gram\u00e1tica del idioma que quieres aprender. GlobalExam ofrece formaciones en ingl\u00e9s, espa\u00f1ol, alem\u00e1n, franc\u00e9s e italiano.<\/p>\n","protected":false},"excerpt":{"rendered":"<p>Aprender un nuevo idioma extranjero \u00bfQuieres desarrollar tus habilidades ling\u00fc\u00edsticas? GlobalExam te da las claves para empezar a aprender y mejorar tu [&hellip;]<\/p>\n","protected":false},"author":24,"featured_media":79506,"parent":0,"menu_order":0,"comment_status":"closed","ping_status":"closed","template":"","meta":[],"acf":[],"yoast_head":"<!-- This site is optimized with the Yoast SEO plugin v17.2.1 - https:\/\/yoast.com\/wordpress\/plugins\/seo\/ -->\n<title>Aprendizaje de idiomas<\/title>\n<meta name=\"robots\" content=\"index, follow, max-snippet:-1, max-image-preview:large, max-video-preview:-1\" \/>\n<link rel=\"canonical\" href=\"https:\/\/global-exam.com\/blog\/es\/aprendizaje-de-idiomas\/\" \/>\n<meta property=\"og:locale\" content=\"fr_FR\" \/>\n<meta property=\"og:type\" content=\"article\" \/>\n<meta property=\"og:title\" content=\"Aprendizaje de idiomas\" \/>\n<meta property=\"og:description\" content=\"Aprender un nuevo idioma extranjero \u00bfQuieres desarrollar tus habilidades ling\u00fc\u00edsticas? GlobalExam te da las claves para empezar a aprender y mejorar tu [&hellip;]\" \/>\n<meta property=\"og:url\" content=\"https:\/\/global-exam.com\/blog\/es\/aprendizaje-de-idiomas\/\" \/>\n<meta property=\"og:site_name\" content=\"GlobalExam Blog\" \/>\n<meta property=\"article:publisher\" content=\"https:\/\/www.facebook.com\/Global.Exam\" \/>\n<meta property=\"article:modified_time\" content=\"2022-09-16T09:24:00+00:00\" \/>\n<meta name=\"twitter:card\" content=\"summary_large_image\" \/>\n<meta name=\"twitter:image\" content=\"https:\/\/global-exam.com\/blog\/wp-content\/uploads\/2022\/09\/aprender-nuevo-idioma.webp\" \/>\n<meta name=\"twitter:site\" content=\"@Global_Exam\" \/>\n<meta name=\"twitter:label1\" content=\"Dur\u00e9e de lecture estim\u00e9e\" \/>\n\t<meta name=\"twitter:data1\" content=\"1 minute\" \/>\n<script type=\"application\/ld+json\" class=\"yoast-schema-graph\">{\"@context\":\"https:\/\/schema.org\",\"@graph\":[{\"@type\":\"WebSite\",\"@id\":\"https:\/\/global-exam.com\/blog\/#website\",\"url\":\"https:\/\/global-exam.com\/blog\/\",\"name\":\"GlobalExam Blog\",\"description\":\"Le blog du sp\\u00e9cialiste de la certification linguistique\",\"potentialAction\":[{\"@type\":\"SearchAction\",\"target\":{\"@type\":\"EntryPoint\",\"urlTemplate\":\"https:\/\/global-exam.com\/blog\/?s={search_term_string}\"},\"query-input\":\"required name=search_term_string\"}],\"inLanguage\":\"fr-FR\"},{\"@type\":\"ImageObject\",\"@id\":\"https:\/\/global-exam.com\/blog\/es\/aprendizaje-de-idiomas\/#primaryimage\",\"inLanguage\":\"fr-FR\",\"url\":\"https:\/\/global-exam.com\/blog\/wp-content\/uploads\/2022\/09\/aprender-nuevo-idioma.webp\",\"contentUrl\":\"https:\/\/global-exam.com\/blog\/wp-content\/uploads\/2022\/09\/aprender-nuevo-idioma.webp\",\"width\":650,\"height\":650,\"caption\":\"Aprender un nuevo idioma\"},{\"@type\":\"WebPage\",\"@id\":\"https:\/\/global-exam.com\/blog\/es\/aprendizaje-de-idiomas\/#webpage\",\"url\":\"https:\/\/global-exam.com\/blog\/es\/aprendizaje-de-idiomas\/\",\"name\":\"Aprendizaje de idiomas\",\"isPartOf\":{\"@id\":\"https:\/\/global-exam.com\/blog\/#website\"},\"primaryImageOfPage\":{\"@id\":\"https:\/\/global-exam.com\/blog\/es\/aprendizaje-de-idiomas\/#primaryimage\"},\"datePublished\":\"2021-05-26T09:03:11+00:00\",\"dateModified\":\"2022-09-16T09:24:00+00:00\",\"breadcrumb\":{\"@id\":\"https:\/\/global-exam.com\/blog\/es\/aprendizaje-de-idiomas\/#breadcrumb\"},\"inLanguage\":\"fr-FR\",\"potentialAction\":[{\"@type\":\"ReadAction\",\"target\":[\"https:\/\/global-exam.com\/blog\/es\/aprendizaje-de-idiomas\/\"]}]},{\"@type\":\"BreadcrumbList\",\"@id\":\"https:\/\/global-exam.com\/blog\/es\/aprendizaje-de-idiomas\/#breadcrumb\",\"itemListElement\":[{\"@type\":\"ListItem\",\"position\":1,\"name\":\"Aprendizaje de idiomas\"}]}]}<\/script>\n<!-- \/ Yoast SEO plugin. -->","yoast_head_json":{"title":"Aprendizaje de idiomas","robots":{"index":"index","follow":"follow","max-snippet":"max-snippet:-1","max-image-preview":"max-image-preview:large","max-video-preview":"max-video-preview:-1"},"canonical":"https:\/\/global-exam.com\/blog\/es\/aprendizaje-de-idiomas\/","og_locale":"fr_FR","og_type":"article","og_title":"Aprendizaje de idiomas","og_description":"Aprender un nuevo idioma extranjero \u00bfQuieres desarrollar tus habilidades ling\u00fc\u00edsticas? GlobalExam te da las claves para empezar a aprender y mejorar tu [&hellip;]","og_url":"https:\/\/global-exam.com\/blog\/es\/aprendizaje-de-idiomas\/","og_site_name":"GlobalExam Blog","article_publisher":"https:\/\/www.facebook.com\/Global.Exam","article_modified_time":"2022-09-16T09:24:00+00:00","twitter_card":"summary_large_image","twitter_image":"https:\/\/global-exam.com\/blog\/wp-content\/uploads\/2022\/09\/aprender-nuevo-idioma.webp","twitter_site":"@Global_Exam","twitter_misc":{"Dur\u00e9e de lecture estim\u00e9e":"1 minute"},"schema":{"@context":"https:\/\/schema.org","@graph":[{"@type":"WebSite","@id":"https:\/\/global-exam.com\/blog\/#website","url":"https:\/\/global-exam.com\/blog\/","name":"GlobalExam Blog","description":"Le blog du sp\u00e9cialiste de la certification linguistique","potentialAction":[{"@type":"SearchAction","target":{"@type":"EntryPoint","urlTemplate":"https:\/\/global-exam.com\/blog\/?s={search_term_string}"},"query-input":"required name=search_term_string"}],"inLanguage":"fr-FR"},{"@type":"ImageObject","@id":"https:\/\/global-exam.com\/blog\/es\/aprendizaje-de-idiomas\/#primaryimage","inLanguage":"fr-FR","url":"https:\/\/global-exam.com\/blog\/wp-content\/uploads\/2022\/09\/aprender-nuevo-idioma.webp","contentUrl":"https:\/\/global-exam.com\/blog\/wp-content\/uploads\/2022\/09\/aprender-nuevo-idioma.webp","width":650,"height":650,"caption":"Aprender un nuevo idioma"},{"@type":"WebPage","@id":"https:\/\/global-exam.com\/blog\/es\/aprendizaje-de-idiomas\/#webpage","url":"https:\/\/global-exam.com\/blog\/es\/aprendizaje-de-idiomas\/","name":"Aprendizaje de idiomas","isPartOf":{"@id":"https:\/\/global-exam.com\/blog\/#website"},"primaryImageOfPage":{"@id":"https:\/\/global-exam.com\/blog\/es\/aprendizaje-de-idiomas\/#primaryimage"},"datePublished":"2021-05-26T09:03:11+00:00","dateModified":"2022-09-16T09:24:00+00:00","breadcrumb":{"@id":"https:\/\/global-exam.com\/blog\/es\/aprendizaje-de-idiomas\/#breadcrumb"},"inLanguage":"fr-FR","potentialAction":[{"@type":"ReadAction","target":["https:\/\/global-exam.com\/blog\/es\/aprendizaje-de-idiomas\/"]}]},{"@type":"BreadcrumbList","@id":"https:\/\/global-exam.com\/blog\/es\/aprendizaje-de-idiomas\/#breadcrumb","itemListElement":[{"@type":"ListItem","position":1,"name":"Aprendizaje de idiomas"}]}]}},"lang":"es","translations":{"fr":48160,"es":48166,"it":48213,"en":49301},"pll_sync_post":[],"_links":{"self":[{"href":"https:\/\/global-exam.com\/blog\/wp-json\/wp\/v2\/pages\/48166"}],"collection":[{"href":"https:\/\/global-exam.com\/blog\/wp-json\/wp\/v2\/pages"}],"about":[{"href":"https:\/\/global-exam.com\/blog\/wp-json\/wp\/v2\/types\/page"}],"author":[{"embeddable":true,"href":"https:\/\/global-exam.com\/blog\/wp-json\/wp\/v2\/users\/24"}],"replies":[{"embeddable":true,"href":"https:\/\/global-exam.com\/blog\/wp-json\/wp\/v2\/comments?post=48166"}],"version-history":[{"count":20,"href":"https:\/\/global-exam.com\/blog\/wp-json\/wp\/v2\/pages\/48166\/revisions"}],"predecessor-version":[{"id":79508,"href":"https:\/\/global-exam.com\/blog\/wp-json\/wp\/v2\/pages\/48166\/revisions\/79508"}],"wp:featuredmedia":[{"embeddable":true,"href":"https:\/\/global-exam.com\/blog\/wp-json\/wp\/v2\/media\/79506"}],"wp:attachment":[{"href":"https:\/\/global-exam.com\/blog\/wp-json\/wp\/v2\/media?parent=48166"}],"curies":[{"name":"wp","href":"https:\/\/api.w.org\/{rel}","templated":true}]}}