{"id":50566,"date":"2021-06-10T16:52:35","date_gmt":"2021-06-10T14:52:35","guid":{"rendered":"https:\/\/global-exam.com\/blog\/?page_id=50566"},"modified":"2022-06-30T17:51:57","modified_gmt":"2022-06-30T15:51:57","slug":"tcf","status":"publish","type":"page","link":"https:\/\/global-exam.com\/blog\/it\/esami\/tcf\/","title":{"rendered":"TCF"},"content":{"rendered":"<p>TCF<\/p>\n<p style=\"text-align: center;\">Test de Connaissance du Fran\u00e7ais<\/p>\n<p style=\"text-align: center;\">Il TCF, o Test de Connaissance du Fran\u00e7ais, \u00e8 il test linguistico del Ministero francese dell&rsquo;Educazione Nazionale, dell&rsquo;Istruzione Superiore e della Ricerca. Viene utilizzato per <strong>valutare il livello e la competenza generale in francese<\/strong> dei non madrelingua.<\/p>\n<p style=\"text-align: center;\">Il TCF \u00e8<strong> valutato da 0 a 699<\/strong>. Ogni punteggio corrisponde a uno dei sei livelli del <strong>QCER (A1, A2, B1, B2, C1, C2)<\/strong>. Il TCF valuta quindi tutti i livelli, e il tuo punteggio riflette il tuo livello di francese.<\/p>\n","protected":false},"excerpt":{"rendered":"<p>TCF Test de Connaissance du Fran\u00e7ais Il TCF, o Test de Connaissance du Fran\u00e7ais, \u00e8 il test linguistico del Ministero francese dell&rsquo;Educazione [&hellip;]<\/p>\n","protected":false},"author":24,"featured_media":0,"parent":21123,"menu_order":0,"comment_status":"closed","ping_status":"closed","template":"","meta":[],"acf":[],"yoast_head":"<!-- This site is optimized with the Yoast SEO plugin v17.2.1 - https:\/\/yoast.com\/wordpress\/plugins\/seo\/ -->\n<title>TCF<\/title>\n<meta name=\"robots\" content=\"index, follow, max-snippet:-1, max-image-preview:large, max-video-preview:-1\" \/>\n<link rel=\"canonical\" href=\"https:\/\/global-exam.com\/blog\/it\/esami\/tcf\/\" \/>\n<meta property=\"og:locale\" content=\"fr_FR\" \/>\n<meta property=\"og:type\" content=\"article\" \/>\n<meta property=\"og:title\" content=\"TCF\" \/>\n<meta property=\"og:description\" content=\"TCF Test de Connaissance du Fran\u00e7ais Il TCF, o Test de Connaissance du Fran\u00e7ais, \u00e8 il test linguistico del Ministero francese dell&rsquo;Educazione [&hellip;]\" \/>\n<meta property=\"og:url\" content=\"https:\/\/global-exam.com\/blog\/it\/esami\/tcf\/\" \/>\n<meta property=\"og:site_name\" content=\"GlobalExam Blog\" \/>\n<meta property=\"article:publisher\" content=\"https:\/\/www.facebook.com\/Global.Exam\" \/>\n<meta property=\"article:modified_time\" content=\"2022-06-30T15:51:57+00:00\" \/>\n<meta name=\"twitter:card\" content=\"summary_large_image\" \/>\n<meta name=\"twitter:site\" content=\"@Global_Exam\" \/>\n<meta name=\"twitter:label1\" content=\"Dur\u00e9e de lecture estim\u00e9e\" \/>\n\t<meta name=\"twitter:data1\" content=\"2 minutes\" \/>\n<script type=\"application\/ld+json\" class=\"yoast-schema-graph\">{\"@context\":\"https:\/\/schema.org\",\"@graph\":[{\"@type\":\"WebSite\",\"@id\":\"https:\/\/global-exam.com\/blog\/#website\",\"url\":\"https:\/\/global-exam.com\/blog\/\",\"name\":\"GlobalExam Blog\",\"description\":\"Le blog du sp\\u00e9cialiste de la certification linguistique\",\"potentialAction\":[{\"@type\":\"SearchAction\",\"target\":{\"@type\":\"EntryPoint\",\"urlTemplate\":\"https:\/\/global-exam.com\/blog\/?s={search_term_string}\"},\"query-input\":\"required name=search_term_string\"}],\"inLanguage\":\"fr-FR\"},{\"@type\":\"WebPage\",\"@id\":\"https:\/\/global-exam.com\/blog\/it\/esami\/tcf\/#webpage\",\"url\":\"https:\/\/global-exam.com\/blog\/it\/esami\/tcf\/\",\"name\":\"TCF\",\"isPartOf\":{\"@id\":\"https:\/\/global-exam.com\/blog\/#website\"},\"datePublished\":\"2021-06-10T14:52:35+00:00\",\"dateModified\":\"2022-06-30T15:51:57+00:00\",\"breadcrumb\":{\"@id\":\"https:\/\/global-exam.com\/blog\/it\/esami\/tcf\/#breadcrumb\"},\"inLanguage\":\"fr-FR\",\"potentialAction\":[{\"@type\":\"ReadAction\",\"target\":[\"https:\/\/global-exam.com\/blog\/it\/esami\/tcf\/\"]}]},{\"@type\":\"BreadcrumbList\",\"@id\":\"https:\/\/global-exam.com\/blog\/it\/esami\/tcf\/#breadcrumb\",\"itemListElement\":[{\"@type\":\"ListItem\",\"position\":1,\"name\":\"Esami\",\"item\":\"https:\/\/global-exam.com\/blog\/it\/esami\/\"},{\"@type\":\"ListItem\",\"position\":2,\"name\":\"TCF\"}]}]}<\/script>\n<!-- \/ Yoast SEO plugin. -->","yoast_head_json":{"title":"TCF","robots":{"index":"index","follow":"follow","max-snippet":"max-snippet:-1","max-image-preview":"max-image-preview:large","max-video-preview":"max-video-preview:-1"},"canonical":"https:\/\/global-exam.com\/blog\/it\/esami\/tcf\/","og_locale":"fr_FR","og_type":"article","og_title":"TCF","og_description":"TCF Test de Connaissance du Fran\u00e7ais Il TCF, o Test de Connaissance du Fran\u00e7ais, \u00e8 il test linguistico del Ministero francese dell&rsquo;Educazione [&hellip;]","og_url":"https:\/\/global-exam.com\/blog\/it\/esami\/tcf\/","og_site_name":"GlobalExam Blog","article_publisher":"https:\/\/www.facebook.com\/Global.Exam","article_modified_time":"2022-06-30T15:51:57+00:00","twitter_card":"summary_large_image","twitter_site":"@Global_Exam","twitter_misc":{"Dur\u00e9e de lecture estim\u00e9e":"2 minutes"},"schema":{"@context":"https:\/\/schema.org","@graph":[{"@type":"WebSite","@id":"https:\/\/global-exam.com\/blog\/#website","url":"https:\/\/global-exam.com\/blog\/","name":"GlobalExam Blog","description":"Le blog du sp\u00e9cialiste de la certification linguistique","potentialAction":[{"@type":"SearchAction","target":{"@type":"EntryPoint","urlTemplate":"https:\/\/global-exam.com\/blog\/?s={search_term_string}"},"query-input":"required name=search_term_string"}],"inLanguage":"fr-FR"},{"@type":"WebPage","@id":"https:\/\/global-exam.com\/blog\/it\/esami\/tcf\/#webpage","url":"https:\/\/global-exam.com\/blog\/it\/esami\/tcf\/","name":"TCF","isPartOf":{"@id":"https:\/\/global-exam.com\/blog\/#website"},"datePublished":"2021-06-10T14:52:35+00:00","dateModified":"2022-06-30T15:51:57+00:00","breadcrumb":{"@id":"https:\/\/global-exam.com\/blog\/it\/esami\/tcf\/#breadcrumb"},"inLanguage":"fr-FR","potentialAction":[{"@type":"ReadAction","target":["https:\/\/global-exam.com\/blog\/it\/esami\/tcf\/"]}]},{"@type":"BreadcrumbList","@id":"https:\/\/global-exam.com\/blog\/it\/esami\/tcf\/#breadcrumb","itemListElement":[{"@type":"ListItem","position":1,"name":"Esami","item":"https:\/\/global-exam.com\/blog\/it\/esami\/"},{"@type":"ListItem","position":2,"name":"TCF"}]}]}},"lang":"it","translations":{"fr":2863,"es":18664,"it":50566,"en":17992},"pll_sync_post":[],"_links":{"self":[{"href":"https:\/\/global-exam.com\/blog\/wp-json\/wp\/v2\/pages\/50566"}],"collection":[{"href":"https:\/\/global-exam.com\/blog\/wp-json\/wp\/v2\/pages"}],"about":[{"href":"https:\/\/global-exam.com\/blog\/wp-json\/wp\/v2\/types\/page"}],"author":[{"embeddable":true,"href":"https:\/\/global-exam.com\/blog\/wp-json\/wp\/v2\/users\/24"}],"replies":[{"embeddable":true,"href":"https:\/\/global-exam.com\/blog\/wp-json\/wp\/v2\/comments?post=50566"}],"version-history":[{"count":7,"href":"https:\/\/global-exam.com\/blog\/wp-json\/wp\/v2\/pages\/50566\/revisions"}],"predecessor-version":[{"id":77210,"href":"https:\/\/global-exam.com\/blog\/wp-json\/wp\/v2\/pages\/50566\/revisions\/77210"}],"up":[{"embeddable":true,"href":"https:\/\/global-exam.com\/blog\/wp-json\/wp\/v2\/pages\/21123"}],"wp:attachment":[{"href":"https:\/\/global-exam.com\/blog\/wp-json\/wp\/v2\/media?parent=50566"}],"curies":[{"name":"wp","href":"https:\/\/api.w.org\/{rel}","templated":true}]}}