{"id":53915,"date":"2021-07-07T17:54:55","date_gmt":"2021-07-07T15:54:55","guid":{"rendered":"https:\/\/global-exam.com\/blog\/?page_id=53915"},"modified":"2022-08-18T16:38:26","modified_gmt":"2022-08-18T14:38:26","slug":"general-french-apprenez-le-francais-en-ligne","status":"publish","type":"page","link":"https:\/\/global-exam.com\/blog\/fr\/apprentissage-des-langues\/general-french-apprenez-le-francais-en-ligne\/","title":{"rendered":"Apprenez le fran\u00e7ais en ligne : General Fran\u00e7ais"},"content":{"rendered":"<p>Apprendre le fran\u00e7ais<\/p>\n<p style=\"text-align: center;\">GlobalExam propose plusieurs m\u00e9thodes adapt\u00e9es \u00e0 tous les niveaux pour am\u00e9liorer votre ma\u00eetrise de la langue fran\u00e7aise.<\/p>\n<p>Les bonnes m\u00e9thodes \u00e0 conna\u00eetre pour pratiquer et am\u00e9liorer son niveau de fran\u00e7ais.<\/p>\n<p>D\u00e9couvrez les principaux termes \u00e0 conna\u00eetre pour ma\u00eetriser les situations de communication en fran\u00e7ais.<\/p>\n<p>Evaluez votre niveau en fran\u00e7ais gr\u00e2ce aux diff\u00e9rents tests de placement (A1, A2, B1, B2&#8230;).<\/p>\n<p>Apprenez le vocabulaire de base \u00e0 conna\u00eetre pour am\u00e9liorer votre fran\u00e7ais au quotidien.<\/p>\n","protected":false},"excerpt":{"rendered":"<p>Apprendre le fran\u00e7ais GlobalExam propose plusieurs m\u00e9thodes adapt\u00e9es \u00e0 tous les niveaux pour am\u00e9liorer votre ma\u00eetrise de la langue fran\u00e7aise. Les bonnes [&hellip;]<\/p>\n","protected":false},"author":24,"featured_media":77093,"parent":48160,"menu_order":0,"comment_status":"closed","ping_status":"closed","template":"","meta":[],"acf":[],"yoast_head":"<!-- This site is optimized with the Yoast SEO plugin v17.2.1 - https:\/\/yoast.com\/wordpress\/plugins\/seo\/ -->\n<title>Apprenez le fran\u00e7ais en ligne : General Fran\u00e7ais - GlobalExam Blog<\/title>\n<meta name=\"robots\" content=\"index, follow, max-snippet:-1, max-image-preview:large, max-video-preview:-1\" \/>\n<link rel=\"canonical\" href=\"https:\/\/global-exam.com\/blog\/fr\/apprentissage-des-langues\/general-french-apprenez-le-francais-en-ligne\/\" \/>\n<meta property=\"og:locale\" content=\"fr_FR\" \/>\n<meta property=\"og:type\" content=\"article\" \/>\n<meta property=\"og:title\" content=\"Apprenez le fran\u00e7ais en ligne : General Fran\u00e7ais - GlobalExam Blog\" \/>\n<meta property=\"og:description\" content=\"Apprendre le fran\u00e7ais GlobalExam propose plusieurs m\u00e9thodes adapt\u00e9es \u00e0 tous les niveaux pour am\u00e9liorer votre ma\u00eetrise de la langue fran\u00e7aise. Les bonnes [&hellip;]\" \/>\n<meta property=\"og:url\" content=\"https:\/\/global-exam.com\/blog\/fr\/apprentissage-des-langues\/general-french-apprenez-le-francais-en-ligne\/\" \/>\n<meta property=\"og:site_name\" content=\"GlobalExam Blog\" \/>\n<meta property=\"article:publisher\" content=\"https:\/\/www.facebook.com\/Global.Exam\" \/>\n<meta property=\"article:modified_time\" content=\"2022-08-18T14:38:26+00:00\" \/>\n<meta property=\"og:image\" content=\"https:\/\/global-exam.com\/blog\/wp-content\/uploads\/2022\/06\/apprendre-langues-e1656516516331.jpg\" \/>\n\t<meta property=\"og:image:width\" content=\"650\" \/>\n\t<meta property=\"og:image:height\" content=\"650\" \/>\n<meta name=\"twitter:card\" content=\"summary_large_image\" \/>\n<meta name=\"twitter:site\" content=\"@Global_Exam\" \/>\n<meta name=\"twitter:label1\" content=\"Dur\u00e9e de lecture estim\u00e9e\" \/>\n\t<meta name=\"twitter:data1\" content=\"3 minutes\" \/>\n<script type=\"application\/ld+json\" class=\"yoast-schema-graph\">{\"@context\":\"https:\/\/schema.org\",\"@graph\":[{\"@type\":\"WebSite\",\"@id\":\"https:\/\/global-exam.com\/blog\/#website\",\"url\":\"https:\/\/global-exam.com\/blog\/\",\"name\":\"GlobalExam Blog\",\"description\":\"Le blog du sp\\u00e9cialiste de la certification linguistique\",\"potentialAction\":[{\"@type\":\"SearchAction\",\"target\":{\"@type\":\"EntryPoint\",\"urlTemplate\":\"https:\/\/global-exam.com\/blog\/?s={search_term_string}\"},\"query-input\":\"required name=search_term_string\"}],\"inLanguage\":\"fr-FR\"},{\"@type\":\"ImageObject\",\"@id\":\"https:\/\/global-exam.com\/blog\/fr\/apprentissage-des-langues\/general-french-apprenez-le-francais-en-ligne\/#primaryimage\",\"inLanguage\":\"fr-FR\",\"url\":\"https:\/\/global-exam.com\/blog\/wp-content\/uploads\/2022\/06\/apprendre-langues-e1656516516331.jpg\",\"contentUrl\":\"https:\/\/global-exam.com\/blog\/wp-content\/uploads\/2022\/06\/apprendre-langues-e1656516516331.jpg\",\"width\":650,\"height\":650,\"caption\":\"Apprendre les langues en ligne\"},{\"@type\":\"WebPage\",\"@id\":\"https:\/\/global-exam.com\/blog\/fr\/apprentissage-des-langues\/general-french-apprenez-le-francais-en-ligne\/#webpage\",\"url\":\"https:\/\/global-exam.com\/blog\/fr\/apprentissage-des-langues\/general-french-apprenez-le-francais-en-ligne\/\",\"name\":\"Apprenez le fran\\u00e7ais en ligne : General Fran\\u00e7ais - GlobalExam Blog\",\"isPartOf\":{\"@id\":\"https:\/\/global-exam.com\/blog\/#website\"},\"primaryImageOfPage\":{\"@id\":\"https:\/\/global-exam.com\/blog\/fr\/apprentissage-des-langues\/general-french-apprenez-le-francais-en-ligne\/#primaryimage\"},\"datePublished\":\"2021-07-07T15:54:55+00:00\",\"dateModified\":\"2022-08-18T14:38:26+00:00\",\"breadcrumb\":{\"@id\":\"https:\/\/global-exam.com\/blog\/fr\/apprentissage-des-langues\/general-french-apprenez-le-francais-en-ligne\/#breadcrumb\"},\"inLanguage\":\"fr-FR\",\"potentialAction\":[{\"@type\":\"ReadAction\",\"target\":[\"https:\/\/global-exam.com\/blog\/fr\/apprentissage-des-langues\/general-french-apprenez-le-francais-en-ligne\/\"]}]},{\"@type\":\"BreadcrumbList\",\"@id\":\"https:\/\/global-exam.com\/blog\/fr\/apprentissage-des-langues\/general-french-apprenez-le-francais-en-ligne\/#breadcrumb\",\"itemListElement\":[{\"@type\":\"ListItem\",\"position\":1,\"name\":\"Apprentissage des langues\",\"item\":\"https:\/\/global-exam.com\/blog\/fr\/apprentissage-des-langues\/\"},{\"@type\":\"ListItem\",\"position\":2,\"name\":\"Apprenez le fran\\u00e7ais en ligne : General Fran\\u00e7ais\"}]}]}<\/script>\n<!-- \/ Yoast SEO plugin. -->","yoast_head_json":{"title":"Apprenez le fran\u00e7ais en ligne : General Fran\u00e7ais - GlobalExam Blog","robots":{"index":"index","follow":"follow","max-snippet":"max-snippet:-1","max-image-preview":"max-image-preview:large","max-video-preview":"max-video-preview:-1"},"canonical":"https:\/\/global-exam.com\/blog\/fr\/apprentissage-des-langues\/general-french-apprenez-le-francais-en-ligne\/","og_locale":"fr_FR","og_type":"article","og_title":"Apprenez le fran\u00e7ais en ligne : General Fran\u00e7ais - GlobalExam Blog","og_description":"Apprendre le fran\u00e7ais GlobalExam propose plusieurs m\u00e9thodes adapt\u00e9es \u00e0 tous les niveaux pour am\u00e9liorer votre ma\u00eetrise de la langue fran\u00e7aise. Les bonnes [&hellip;]","og_url":"https:\/\/global-exam.com\/blog\/fr\/apprentissage-des-langues\/general-french-apprenez-le-francais-en-ligne\/","og_site_name":"GlobalExam Blog","article_publisher":"https:\/\/www.facebook.com\/Global.Exam","article_modified_time":"2022-08-18T14:38:26+00:00","og_image":[{"width":650,"height":650,"url":"https:\/\/global-exam.com\/blog\/wp-content\/uploads\/2022\/06\/apprendre-langues-e1656516516331.jpg","path":"\/home\/forge\/prod-20220704.global-exam.com\/wp-content\/uploads\/2022\/06\/apprendre-langues-e1656516516331.jpg","size":"full","id":77093,"alt":"Apprendre les langues en ligne","pixels":422500,"type":"image\/jpeg"}],"twitter_card":"summary_large_image","twitter_site":"@Global_Exam","twitter_misc":{"Dur\u00e9e de lecture estim\u00e9e":"3 minutes"},"schema":{"@context":"https:\/\/schema.org","@graph":[{"@type":"WebSite","@id":"https:\/\/global-exam.com\/blog\/#website","url":"https:\/\/global-exam.com\/blog\/","name":"GlobalExam Blog","description":"Le blog du sp\u00e9cialiste de la certification linguistique","potentialAction":[{"@type":"SearchAction","target":{"@type":"EntryPoint","urlTemplate":"https:\/\/global-exam.com\/blog\/?s={search_term_string}"},"query-input":"required name=search_term_string"}],"inLanguage":"fr-FR"},{"@type":"ImageObject","@id":"https:\/\/global-exam.com\/blog\/fr\/apprentissage-des-langues\/general-french-apprenez-le-francais-en-ligne\/#primaryimage","inLanguage":"fr-FR","url":"https:\/\/global-exam.com\/blog\/wp-content\/uploads\/2022\/06\/apprendre-langues-e1656516516331.jpg","contentUrl":"https:\/\/global-exam.com\/blog\/wp-content\/uploads\/2022\/06\/apprendre-langues-e1656516516331.jpg","width":650,"height":650,"caption":"Apprendre les langues en ligne"},{"@type":"WebPage","@id":"https:\/\/global-exam.com\/blog\/fr\/apprentissage-des-langues\/general-french-apprenez-le-francais-en-ligne\/#webpage","url":"https:\/\/global-exam.com\/blog\/fr\/apprentissage-des-langues\/general-french-apprenez-le-francais-en-ligne\/","name":"Apprenez le fran\u00e7ais en ligne : General Fran\u00e7ais - GlobalExam Blog","isPartOf":{"@id":"https:\/\/global-exam.com\/blog\/#website"},"primaryImageOfPage":{"@id":"https:\/\/global-exam.com\/blog\/fr\/apprentissage-des-langues\/general-french-apprenez-le-francais-en-ligne\/#primaryimage"},"datePublished":"2021-07-07T15:54:55+00:00","dateModified":"2022-08-18T14:38:26+00:00","breadcrumb":{"@id":"https:\/\/global-exam.com\/blog\/fr\/apprentissage-des-langues\/general-french-apprenez-le-francais-en-ligne\/#breadcrumb"},"inLanguage":"fr-FR","potentialAction":[{"@type":"ReadAction","target":["https:\/\/global-exam.com\/blog\/fr\/apprentissage-des-langues\/general-french-apprenez-le-francais-en-ligne\/"]}]},{"@type":"BreadcrumbList","@id":"https:\/\/global-exam.com\/blog\/fr\/apprentissage-des-langues\/general-french-apprenez-le-francais-en-ligne\/#breadcrumb","itemListElement":[{"@type":"ListItem","position":1,"name":"Apprentissage des langues","item":"https:\/\/global-exam.com\/blog\/fr\/apprentissage-des-langues\/"},{"@type":"ListItem","position":2,"name":"Apprenez le fran\u00e7ais en ligne : General Fran\u00e7ais"}]}]}},"lang":"fr","translations":{"en":54788,"es":47510,"fr":53915},"pll_sync_post":[],"_links":{"self":[{"href":"https:\/\/global-exam.com\/blog\/wp-json\/wp\/v2\/pages\/53915"}],"collection":[{"href":"https:\/\/global-exam.com\/blog\/wp-json\/wp\/v2\/pages"}],"about":[{"href":"https:\/\/global-exam.com\/blog\/wp-json\/wp\/v2\/types\/page"}],"author":[{"embeddable":true,"href":"https:\/\/global-exam.com\/blog\/wp-json\/wp\/v2\/users\/24"}],"replies":[{"embeddable":true,"href":"https:\/\/global-exam.com\/blog\/wp-json\/wp\/v2\/comments?post=53915"}],"version-history":[{"count":23,"href":"https:\/\/global-exam.com\/blog\/wp-json\/wp\/v2\/pages\/53915\/revisions"}],"predecessor-version":[{"id":78255,"href":"https:\/\/global-exam.com\/blog\/wp-json\/wp\/v2\/pages\/53915\/revisions\/78255"}],"up":[{"embeddable":true,"href":"https:\/\/global-exam.com\/blog\/wp-json\/wp\/v2\/pages\/48160"}],"wp:featuredmedia":[{"embeddable":true,"href":"https:\/\/global-exam.com\/blog\/wp-json\/wp\/v2\/media\/77093"}],"wp:attachment":[{"href":"https:\/\/global-exam.com\/blog\/wp-json\/wp\/v2\/media?parent=53915"}],"curies":[{"name":"wp","href":"https:\/\/api.w.org\/{rel}","templated":true}]}}