{"id":54179,"date":"2021-07-30T10:10:43","date_gmt":"2021-07-30T08:10:43","guid":{"rendered":"https:\/\/global-exam.com\/blog\/?page_id=54179"},"modified":"2022-08-18T16:14:58","modified_gmt":"2022-08-18T14:14:58","slug":"general-spanish-apprenez-lespagnol-en-ligne","status":"publish","type":"page","link":"https:\/\/global-exam.com\/blog\/fr\/apprentissage-des-langues\/general-spanish-apprenez-lespagnol-en-ligne\/","title":{"rendered":"Apprenez l&rsquo;espagnol en ligne : General Espa\u00f1ol"},"content":{"rendered":"<p>Apprendre l&rsquo;espagnol<\/p>\n<p style=\"text-align: center;\">Am\u00e9liorez votre niveau en espagnol gr\u00e2ce \u00e0 notre m\u00e9thodologie et nos outils d&rsquo;entra\u00eenement en ligne.<\/p>\n<p>S\u00e9lection des m\u00e9thodes \u00e0 utiliser pour am\u00e9liorer votre niveau en espagnol.<\/p>\n<p>Des articles pour apprendre \u00e0 mieux communiquer au quotidien dans la langue espagnole.<\/p>\n<p>Apprenez-en plus sur les sp\u00e9cificit\u00e9s de la langue espagnole et ses r\u00e8gles grammaticales.<\/p>\n<p>Ma\u00eetriser l&rsquo;espagnol demande d&rsquo;apprendre le vocabulaire de base, \u00e0 d\u00e9couvrir ici.<\/p>\n","protected":false},"excerpt":{"rendered":"<p>Apprendre l&rsquo;espagnol Am\u00e9liorez votre niveau en espagnol gr\u00e2ce \u00e0 notre m\u00e9thodologie et nos outils d&rsquo;entra\u00eenement en ligne. S\u00e9lection des m\u00e9thodes \u00e0 utiliser [&hellip;]<\/p>\n","protected":false},"author":24,"featured_media":77093,"parent":48160,"menu_order":0,"comment_status":"closed","ping_status":"closed","template":"","meta":[],"acf":[],"yoast_head":"<!-- This site is optimized with the Yoast SEO plugin v17.2.1 - https:\/\/yoast.com\/wordpress\/plugins\/seo\/ -->\n<title>Apprenez l&#039;espagnol en ligne : General Espa\u00f1ol - GlobalExam Blog<\/title>\n<meta name=\"robots\" content=\"index, follow, max-snippet:-1, max-image-preview:large, max-video-preview:-1\" \/>\n<link rel=\"canonical\" href=\"https:\/\/global-exam.com\/blog\/fr\/apprentissage-des-langues\/general-spanish-apprenez-lespagnol-en-ligne\/\" \/>\n<meta property=\"og:locale\" content=\"fr_FR\" \/>\n<meta property=\"og:type\" content=\"article\" \/>\n<meta property=\"og:title\" content=\"Apprenez l&#039;espagnol en ligne : General Espa\u00f1ol - GlobalExam Blog\" \/>\n<meta property=\"og:description\" content=\"Apprendre l&rsquo;espagnol Am\u00e9liorez votre niveau en espagnol gr\u00e2ce \u00e0 notre m\u00e9thodologie et nos outils d&rsquo;entra\u00eenement en ligne. S\u00e9lection des m\u00e9thodes \u00e0 utiliser [&hellip;]\" \/>\n<meta property=\"og:url\" content=\"https:\/\/global-exam.com\/blog\/fr\/apprentissage-des-langues\/general-spanish-apprenez-lespagnol-en-ligne\/\" \/>\n<meta property=\"og:site_name\" content=\"GlobalExam Blog\" \/>\n<meta property=\"article:publisher\" content=\"https:\/\/www.facebook.com\/Global.Exam\" \/>\n<meta property=\"article:modified_time\" content=\"2022-08-18T14:14:58+00:00\" \/>\n<meta property=\"og:image\" content=\"https:\/\/global-exam.com\/blog\/wp-content\/uploads\/2022\/06\/apprendre-langues-e1656516516331.jpg\" \/>\n\t<meta property=\"og:image:width\" content=\"650\" \/>\n\t<meta property=\"og:image:height\" content=\"650\" \/>\n<meta name=\"twitter:card\" content=\"summary_large_image\" \/>\n<meta name=\"twitter:site\" content=\"@Global_Exam\" \/>\n<meta name=\"twitter:label1\" content=\"Dur\u00e9e de lecture estim\u00e9e\" \/>\n\t<meta name=\"twitter:data1\" content=\"3 minutes\" \/>\n<script type=\"application\/ld+json\" class=\"yoast-schema-graph\">{\"@context\":\"https:\/\/schema.org\",\"@graph\":[{\"@type\":\"WebSite\",\"@id\":\"https:\/\/global-exam.com\/blog\/#website\",\"url\":\"https:\/\/global-exam.com\/blog\/\",\"name\":\"GlobalExam Blog\",\"description\":\"Le blog du sp\\u00e9cialiste de la certification linguistique\",\"potentialAction\":[{\"@type\":\"SearchAction\",\"target\":{\"@type\":\"EntryPoint\",\"urlTemplate\":\"https:\/\/global-exam.com\/blog\/?s={search_term_string}\"},\"query-input\":\"required name=search_term_string\"}],\"inLanguage\":\"fr-FR\"},{\"@type\":\"ImageObject\",\"@id\":\"https:\/\/global-exam.com\/blog\/fr\/apprentissage-des-langues\/general-spanish-apprenez-lespagnol-en-ligne\/#primaryimage\",\"inLanguage\":\"fr-FR\",\"url\":\"https:\/\/global-exam.com\/blog\/wp-content\/uploads\/2022\/06\/apprendre-langues-e1656516516331.jpg\",\"contentUrl\":\"https:\/\/global-exam.com\/blog\/wp-content\/uploads\/2022\/06\/apprendre-langues-e1656516516331.jpg\",\"width\":650,\"height\":650,\"caption\":\"Apprendre les langues en ligne\"},{\"@type\":\"WebPage\",\"@id\":\"https:\/\/global-exam.com\/blog\/fr\/apprentissage-des-langues\/general-spanish-apprenez-lespagnol-en-ligne\/#webpage\",\"url\":\"https:\/\/global-exam.com\/blog\/fr\/apprentissage-des-langues\/general-spanish-apprenez-lespagnol-en-ligne\/\",\"name\":\"Apprenez l'espagnol en ligne : General Espa\\u00f1ol - GlobalExam Blog\",\"isPartOf\":{\"@id\":\"https:\/\/global-exam.com\/blog\/#website\"},\"primaryImageOfPage\":{\"@id\":\"https:\/\/global-exam.com\/blog\/fr\/apprentissage-des-langues\/general-spanish-apprenez-lespagnol-en-ligne\/#primaryimage\"},\"datePublished\":\"2021-07-30T08:10:43+00:00\",\"dateModified\":\"2022-08-18T14:14:58+00:00\",\"breadcrumb\":{\"@id\":\"https:\/\/global-exam.com\/blog\/fr\/apprentissage-des-langues\/general-spanish-apprenez-lespagnol-en-ligne\/#breadcrumb\"},\"inLanguage\":\"fr-FR\",\"potentialAction\":[{\"@type\":\"ReadAction\",\"target\":[\"https:\/\/global-exam.com\/blog\/fr\/apprentissage-des-langues\/general-spanish-apprenez-lespagnol-en-ligne\/\"]}]},{\"@type\":\"BreadcrumbList\",\"@id\":\"https:\/\/global-exam.com\/blog\/fr\/apprentissage-des-langues\/general-spanish-apprenez-lespagnol-en-ligne\/#breadcrumb\",\"itemListElement\":[{\"@type\":\"ListItem\",\"position\":1,\"name\":\"Apprentissage des langues\",\"item\":\"https:\/\/global-exam.com\/blog\/fr\/apprentissage-des-langues\/\"},{\"@type\":\"ListItem\",\"position\":2,\"name\":\"Apprenez l&rsquo;espagnol en ligne : General Espa\\u00f1ol\"}]}]}<\/script>\n<!-- \/ Yoast SEO plugin. -->","yoast_head_json":{"title":"Apprenez l'espagnol en ligne : General Espa\u00f1ol - GlobalExam Blog","robots":{"index":"index","follow":"follow","max-snippet":"max-snippet:-1","max-image-preview":"max-image-preview:large","max-video-preview":"max-video-preview:-1"},"canonical":"https:\/\/global-exam.com\/blog\/fr\/apprentissage-des-langues\/general-spanish-apprenez-lespagnol-en-ligne\/","og_locale":"fr_FR","og_type":"article","og_title":"Apprenez l'espagnol en ligne : General Espa\u00f1ol - GlobalExam Blog","og_description":"Apprendre l&rsquo;espagnol Am\u00e9liorez votre niveau en espagnol gr\u00e2ce \u00e0 notre m\u00e9thodologie et nos outils d&rsquo;entra\u00eenement en ligne. S\u00e9lection des m\u00e9thodes \u00e0 utiliser [&hellip;]","og_url":"https:\/\/global-exam.com\/blog\/fr\/apprentissage-des-langues\/general-spanish-apprenez-lespagnol-en-ligne\/","og_site_name":"GlobalExam Blog","article_publisher":"https:\/\/www.facebook.com\/Global.Exam","article_modified_time":"2022-08-18T14:14:58+00:00","og_image":[{"width":650,"height":650,"url":"https:\/\/global-exam.com\/blog\/wp-content\/uploads\/2022\/06\/apprendre-langues-e1656516516331.jpg","path":"\/home\/forge\/prod-20220704.global-exam.com\/wp-content\/uploads\/2022\/06\/apprendre-langues-e1656516516331.jpg","size":"full","id":77093,"alt":"Apprendre les langues en ligne","pixels":422500,"type":"image\/jpeg"}],"twitter_card":"summary_large_image","twitter_site":"@Global_Exam","twitter_misc":{"Dur\u00e9e de lecture estim\u00e9e":"3 minutes"},"schema":{"@context":"https:\/\/schema.org","@graph":[{"@type":"WebSite","@id":"https:\/\/global-exam.com\/blog\/#website","url":"https:\/\/global-exam.com\/blog\/","name":"GlobalExam Blog","description":"Le blog du sp\u00e9cialiste de la certification linguistique","potentialAction":[{"@type":"SearchAction","target":{"@type":"EntryPoint","urlTemplate":"https:\/\/global-exam.com\/blog\/?s={search_term_string}"},"query-input":"required name=search_term_string"}],"inLanguage":"fr-FR"},{"@type":"ImageObject","@id":"https:\/\/global-exam.com\/blog\/fr\/apprentissage-des-langues\/general-spanish-apprenez-lespagnol-en-ligne\/#primaryimage","inLanguage":"fr-FR","url":"https:\/\/global-exam.com\/blog\/wp-content\/uploads\/2022\/06\/apprendre-langues-e1656516516331.jpg","contentUrl":"https:\/\/global-exam.com\/blog\/wp-content\/uploads\/2022\/06\/apprendre-langues-e1656516516331.jpg","width":650,"height":650,"caption":"Apprendre les langues en ligne"},{"@type":"WebPage","@id":"https:\/\/global-exam.com\/blog\/fr\/apprentissage-des-langues\/general-spanish-apprenez-lespagnol-en-ligne\/#webpage","url":"https:\/\/global-exam.com\/blog\/fr\/apprentissage-des-langues\/general-spanish-apprenez-lespagnol-en-ligne\/","name":"Apprenez l'espagnol en ligne : General Espa\u00f1ol - GlobalExam Blog","isPartOf":{"@id":"https:\/\/global-exam.com\/blog\/#website"},"primaryImageOfPage":{"@id":"https:\/\/global-exam.com\/blog\/fr\/apprentissage-des-langues\/general-spanish-apprenez-lespagnol-en-ligne\/#primaryimage"},"datePublished":"2021-07-30T08:10:43+00:00","dateModified":"2022-08-18T14:14:58+00:00","breadcrumb":{"@id":"https:\/\/global-exam.com\/blog\/fr\/apprentissage-des-langues\/general-spanish-apprenez-lespagnol-en-ligne\/#breadcrumb"},"inLanguage":"fr-FR","potentialAction":[{"@type":"ReadAction","target":["https:\/\/global-exam.com\/blog\/fr\/apprentissage-des-langues\/general-spanish-apprenez-lespagnol-en-ligne\/"]}]},{"@type":"BreadcrumbList","@id":"https:\/\/global-exam.com\/blog\/fr\/apprentissage-des-langues\/general-spanish-apprenez-lespagnol-en-ligne\/#breadcrumb","itemListElement":[{"@type":"ListItem","position":1,"name":"Apprentissage des langues","item":"https:\/\/global-exam.com\/blog\/fr\/apprentissage-des-langues\/"},{"@type":"ListItem","position":2,"name":"Apprenez l&rsquo;espagnol en ligne : General Espa\u00f1ol"}]}]}},"lang":"fr","translations":{"en":54744,"es":48041,"fr":54179},"pll_sync_post":[],"_links":{"self":[{"href":"https:\/\/global-exam.com\/blog\/wp-json\/wp\/v2\/pages\/54179"}],"collection":[{"href":"https:\/\/global-exam.com\/blog\/wp-json\/wp\/v2\/pages"}],"about":[{"href":"https:\/\/global-exam.com\/blog\/wp-json\/wp\/v2\/types\/page"}],"author":[{"embeddable":true,"href":"https:\/\/global-exam.com\/blog\/wp-json\/wp\/v2\/users\/24"}],"replies":[{"embeddable":true,"href":"https:\/\/global-exam.com\/blog\/wp-json\/wp\/v2\/comments?post=54179"}],"version-history":[{"count":18,"href":"https:\/\/global-exam.com\/blog\/wp-json\/wp\/v2\/pages\/54179\/revisions"}],"predecessor-version":[{"id":78245,"href":"https:\/\/global-exam.com\/blog\/wp-json\/wp\/v2\/pages\/54179\/revisions\/78245"}],"up":[{"embeddable":true,"href":"https:\/\/global-exam.com\/blog\/wp-json\/wp\/v2\/pages\/48160"}],"wp:featuredmedia":[{"embeddable":true,"href":"https:\/\/global-exam.com\/blog\/wp-json\/wp\/v2\/media\/77093"}],"wp:attachment":[{"href":"https:\/\/global-exam.com\/blog\/wp-json\/wp\/v2\/media?parent=54179"}],"curies":[{"name":"wp","href":"https:\/\/api.w.org\/{rel}","templated":true}]}}