{"id":58758,"date":"2021-08-09T17:26:05","date_gmt":"2021-08-09T15:26:05","guid":{"rendered":"https:\/\/global-exam.com\/blog\/?page_id=58758"},"modified":"2022-07-20T16:18:15","modified_gmt":"2022-07-20T14:18:15","slug":"categorie-presentation-toeic","status":"publish","type":"page","link":"https:\/\/global-exam.com\/blog\/fr\/examens\/toeic\/categorie-presentation-toeic\/","title":{"rendered":"Pr\u00e9sentation du test TOEIC"},"content":{"rendered":"<p>Ce que vous devez savoir sur le TOEIC<\/p>\n<p style=\"text-align: center;\">Dans cette cat\u00e9gorie, retrouvez\u00a0<strong>toutes les informations sur le TOEIC<\/strong>, un examen d\u2019anglais reconnu dans le monde entier. Pour cause,\u00a0<strong>pr\u00e8s de 7 millions de personnes passent la certification TOEIC chaque ann\u00e9e<\/strong>. Tarifs, contenu du test, bar\u00e8me, th\u00e8mes abord\u00e9s\u2026 Tout y est ! D\u00e9couvrez \u00e9galement nos offres d&rsquo;<a href=\"https:\/\/global-exam.com\/fr\/exam\/toeic\" target=\"_blank\" rel=\"noopener\">entra\u00eenement au TOEIC<\/a> qui vous permettront d&rsquo;am\u00e9liorer votre score \u00e0 l&rsquo;examen.<\/p>\n<p style=\"text-align: center;\">Le TOEIC permet de tester les candidats sur leur aptitude \u00e0 comprendre l\u2019anglais professionnel. Ainsi,\u00a0<strong>les champs lexicaux sont vari\u00e9s<\/strong>\u00a0: entreprise, communication, nouvelles technologiques, finance\u2026 Tous les th\u00e8mes abord\u00e9s ont trait au monde des affaires. Il vous faudra donc assimiler un certain nombre de mots de vocabulaire pour pr\u00e9tendre \u00e0 la certification TOEIC.<\/p>\n","protected":false},"excerpt":{"rendered":"<p>Ce que vous devez savoir sur le TOEIC Dans cette cat\u00e9gorie, retrouvez\u00a0toutes les informations sur le TOEIC, un examen d\u2019anglais reconnu dans [&hellip;]<\/p>\n","protected":false},"author":2,"featured_media":0,"parent":2986,"menu_order":0,"comment_status":"closed","ping_status":"closed","template":"","meta":[],"acf":[],"yoast_head":"<!-- This site is optimized with the Yoast SEO plugin v17.2.1 - https:\/\/yoast.com\/wordpress\/plugins\/seo\/ -->\n<title>Pr\u00e9sentation du test TOEIC<\/title>\n<meta name=\"description\" content=\"Pour r\u00e9ussite son examen d&#039;anglais TOEIC il faut une bonne pr\u00e9paration. N&#039;h\u00e9sitez pas \u00e0 consulter les articles de GlobalExam sur la pr\u00e9sentation du test TOEIC.\" \/>\n<meta name=\"robots\" content=\"index, follow, max-snippet:-1, max-image-preview:large, max-video-preview:-1\" \/>\n<link rel=\"canonical\" href=\"https:\/\/global-exam.com\/blog\/fr\/examens\/toeic\/categorie-presentation-toeic\/\" \/>\n<meta property=\"og:locale\" content=\"fr_FR\" \/>\n<meta property=\"og:type\" content=\"article\" \/>\n<meta property=\"og:title\" content=\"Pr\u00e9sentation du test TOEIC\" \/>\n<meta property=\"og:description\" content=\"Pour r\u00e9ussite son examen d&#039;anglais TOEIC il faut une bonne pr\u00e9paration. N&#039;h\u00e9sitez pas \u00e0 consulter les articles de GlobalExam sur la pr\u00e9sentation du test TOEIC.\" \/>\n<meta property=\"og:url\" content=\"https:\/\/global-exam.com\/blog\/fr\/examens\/toeic\/categorie-presentation-toeic\/\" \/>\n<meta property=\"og:site_name\" content=\"GlobalExam Blog\" \/>\n<meta property=\"article:publisher\" content=\"https:\/\/www.facebook.com\/Global.Exam\" \/>\n<meta property=\"article:modified_time\" content=\"2022-07-20T14:18:15+00:00\" \/>\n<meta name=\"twitter:card\" content=\"summary_large_image\" \/>\n<meta name=\"twitter:site\" content=\"@Global_Exam\" \/>\n<meta name=\"twitter:label1\" content=\"Dur\u00e9e de lecture estim\u00e9e\" \/>\n\t<meta name=\"twitter:data1\" content=\"3 minutes\" \/>\n<script type=\"application\/ld+json\" class=\"yoast-schema-graph\">{\"@context\":\"https:\/\/schema.org\",\"@graph\":[{\"@type\":\"WebSite\",\"@id\":\"https:\/\/global-exam.com\/blog\/#website\",\"url\":\"https:\/\/global-exam.com\/blog\/\",\"name\":\"GlobalExam Blog\",\"description\":\"Le blog du sp\\u00e9cialiste de la certification linguistique\",\"potentialAction\":[{\"@type\":\"SearchAction\",\"target\":{\"@type\":\"EntryPoint\",\"urlTemplate\":\"https:\/\/global-exam.com\/blog\/?s={search_term_string}\"},\"query-input\":\"required name=search_term_string\"}],\"inLanguage\":\"fr-FR\"},{\"@type\":\"WebPage\",\"@id\":\"https:\/\/global-exam.com\/blog\/fr\/examens\/toeic\/categorie-presentation-toeic\/#webpage\",\"url\":\"https:\/\/global-exam.com\/blog\/fr\/examens\/toeic\/categorie-presentation-toeic\/\",\"name\":\"Pr\\u00e9sentation du test TOEIC\",\"isPartOf\":{\"@id\":\"https:\/\/global-exam.com\/blog\/#website\"},\"datePublished\":\"2021-08-09T15:26:05+00:00\",\"dateModified\":\"2022-07-20T14:18:15+00:00\",\"description\":\"Pour r\\u00e9ussite son examen d'anglais TOEIC il faut une bonne pr\\u00e9paration. N'h\\u00e9sitez pas \\u00e0 consulter les articles de GlobalExam sur la pr\\u00e9sentation du test TOEIC.\",\"breadcrumb\":{\"@id\":\"https:\/\/global-exam.com\/blog\/fr\/examens\/toeic\/categorie-presentation-toeic\/#breadcrumb\"},\"inLanguage\":\"fr-FR\",\"potentialAction\":[{\"@type\":\"ReadAction\",\"target\":[\"https:\/\/global-exam.com\/blog\/fr\/examens\/toeic\/categorie-presentation-toeic\/\"]}]},{\"@type\":\"BreadcrumbList\",\"@id\":\"https:\/\/global-exam.com\/blog\/fr\/examens\/toeic\/categorie-presentation-toeic\/#breadcrumb\",\"itemListElement\":[{\"@type\":\"ListItem\",\"position\":1,\"name\":\"Les examens de langue\",\"item\":\"https:\/\/global-exam.com\/blog\/fr\/examens\/\"},{\"@type\":\"ListItem\",\"position\":2,\"name\":\"TOEIC : pr\\u00e9parer le test\",\"item\":\"https:\/\/global-exam.com\/blog\/fr\/examens\/toeic\/\"},{\"@type\":\"ListItem\",\"position\":3,\"name\":\"Pr\\u00e9sentation du test TOEIC\"}]}]}<\/script>\n<!-- \/ Yoast SEO plugin. -->","yoast_head_json":{"title":"Pr\u00e9sentation du test TOEIC","description":"Pour r\u00e9ussite son examen d'anglais TOEIC il faut une bonne pr\u00e9paration. N'h\u00e9sitez pas \u00e0 consulter les articles de GlobalExam sur la pr\u00e9sentation du test TOEIC.","robots":{"index":"index","follow":"follow","max-snippet":"max-snippet:-1","max-image-preview":"max-image-preview:large","max-video-preview":"max-video-preview:-1"},"canonical":"https:\/\/global-exam.com\/blog\/fr\/examens\/toeic\/categorie-presentation-toeic\/","og_locale":"fr_FR","og_type":"article","og_title":"Pr\u00e9sentation du test TOEIC","og_description":"Pour r\u00e9ussite son examen d'anglais TOEIC il faut une bonne pr\u00e9paration. N'h\u00e9sitez pas \u00e0 consulter les articles de GlobalExam sur la pr\u00e9sentation du test TOEIC.","og_url":"https:\/\/global-exam.com\/blog\/fr\/examens\/toeic\/categorie-presentation-toeic\/","og_site_name":"GlobalExam Blog","article_publisher":"https:\/\/www.facebook.com\/Global.Exam","article_modified_time":"2022-07-20T14:18:15+00:00","twitter_card":"summary_large_image","twitter_site":"@Global_Exam","twitter_misc":{"Dur\u00e9e de lecture estim\u00e9e":"3 minutes"},"schema":{"@context":"https:\/\/schema.org","@graph":[{"@type":"WebSite","@id":"https:\/\/global-exam.com\/blog\/#website","url":"https:\/\/global-exam.com\/blog\/","name":"GlobalExam Blog","description":"Le blog du sp\u00e9cialiste de la certification linguistique","potentialAction":[{"@type":"SearchAction","target":{"@type":"EntryPoint","urlTemplate":"https:\/\/global-exam.com\/blog\/?s={search_term_string}"},"query-input":"required name=search_term_string"}],"inLanguage":"fr-FR"},{"@type":"WebPage","@id":"https:\/\/global-exam.com\/blog\/fr\/examens\/toeic\/categorie-presentation-toeic\/#webpage","url":"https:\/\/global-exam.com\/blog\/fr\/examens\/toeic\/categorie-presentation-toeic\/","name":"Pr\u00e9sentation du test TOEIC","isPartOf":{"@id":"https:\/\/global-exam.com\/blog\/#website"},"datePublished":"2021-08-09T15:26:05+00:00","dateModified":"2022-07-20T14:18:15+00:00","description":"Pour r\u00e9ussite son examen d'anglais TOEIC il faut une bonne pr\u00e9paration. N'h\u00e9sitez pas \u00e0 consulter les articles de GlobalExam sur la pr\u00e9sentation du test TOEIC.","breadcrumb":{"@id":"https:\/\/global-exam.com\/blog\/fr\/examens\/toeic\/categorie-presentation-toeic\/#breadcrumb"},"inLanguage":"fr-FR","potentialAction":[{"@type":"ReadAction","target":["https:\/\/global-exam.com\/blog\/fr\/examens\/toeic\/categorie-presentation-toeic\/"]}]},{"@type":"BreadcrumbList","@id":"https:\/\/global-exam.com\/blog\/fr\/examens\/toeic\/categorie-presentation-toeic\/#breadcrumb","itemListElement":[{"@type":"ListItem","position":1,"name":"Les examens de langue","item":"https:\/\/global-exam.com\/blog\/fr\/examens\/"},{"@type":"ListItem","position":2,"name":"TOEIC : pr\u00e9parer le test","item":"https:\/\/global-exam.com\/blog\/fr\/examens\/toeic\/"},{"@type":"ListItem","position":3,"name":"Pr\u00e9sentation du test TOEIC"}]}]}},"lang":"fr","translations":{"fr":58758},"pll_sync_post":[],"_links":{"self":[{"href":"https:\/\/global-exam.com\/blog\/wp-json\/wp\/v2\/pages\/58758"}],"collection":[{"href":"https:\/\/global-exam.com\/blog\/wp-json\/wp\/v2\/pages"}],"about":[{"href":"https:\/\/global-exam.com\/blog\/wp-json\/wp\/v2\/types\/page"}],"author":[{"embeddable":true,"href":"https:\/\/global-exam.com\/blog\/wp-json\/wp\/v2\/users\/2"}],"replies":[{"embeddable":true,"href":"https:\/\/global-exam.com\/blog\/wp-json\/wp\/v2\/comments?post=58758"}],"version-history":[{"count":15,"href":"https:\/\/global-exam.com\/blog\/wp-json\/wp\/v2\/pages\/58758\/revisions"}],"predecessor-version":[{"id":78025,"href":"https:\/\/global-exam.com\/blog\/wp-json\/wp\/v2\/pages\/58758\/revisions\/78025"}],"up":[{"embeddable":true,"href":"https:\/\/global-exam.com\/blog\/wp-json\/wp\/v2\/pages\/2986"}],"wp:attachment":[{"href":"https:\/\/global-exam.com\/blog\/wp-json\/wp\/v2\/media?parent=58758"}],"curies":[{"name":"wp","href":"https:\/\/api.w.org\/{rel}","templated":true}]}}