{"id":59286,"date":"2021-08-11T09:41:36","date_gmt":"2021-08-11T07:41:36","guid":{"rendered":"https:\/\/global-exam.com\/blog\/?page_id=59286"},"modified":"2022-07-20T16:10:47","modified_gmt":"2022-07-20T14:10:47","slug":"categorie-avoir-un-bon-score-au-toeic","status":"publish","type":"page","link":"https:\/\/global-exam.com\/blog\/fr\/examens\/toeic\/categorie-avoir-un-bon-score-au-toeic\/","title":{"rendered":"Avoir un bon score au TOEIC"},"content":{"rendered":"<p>Comprendre et am\u00e9liorer votre score<\/p>\n<p style=\"text-align: center;\">Dans cette cat\u00e9gorie, on vous explique comment interpr\u00e9ter votre score TOEIC ! Pour am\u00e9liorer votre score, d\u00e9couvrez l&rsquo;offre de <a href=\"https:\/\/global-exam.com\/fr\/exam\/toeic\" target=\"_blank\" rel=\"noopener\">pr\u00e9paration au TOEIC<\/a> de GlobalExam.<\/p>\n<p style=\"text-align: center;\">Le test\u00a0<strong>TOEIC Listening &amp; Reading<\/strong>\u00a0comprend deux sections\u00a0:\u00a0<b>compr\u00e9hension orale et compr\u00e9hension \u00e9crite<\/b>. Chacune des deux sections est divis\u00e9e en\u00a0<strong>100 questions et est not\u00e9e sur 495<\/strong>. La note globale est la somme des deux notes.\u00a0<strong>Le meilleur score possible est donc de 990<\/strong>, le moins bon \u00e9tant de 10.<\/p>\n<p style=\"text-align: center;\">Pour\u00a0<strong>convertir votre score TOEIC<\/strong>, dans le cadre d\u2019un examen blanc par exemple, vous aurez besoin d\u2019une\u00a0<strong>grille de score<\/strong>. Celle-ci permet d\u2019obtenir l\u2019\u00e9quivalence entre le nombre de bonnes r\u00e9ponses et la note au TOEIC.<\/p>\n<p style=\"text-align: center;\">D\u00e9couvrez nos dossiers complets\u00a0pour tout savoir sur le score TOEIC\u00a0!<\/p>\n","protected":false},"excerpt":{"rendered":"<p>Comprendre et am\u00e9liorer votre score Dans cette cat\u00e9gorie, on vous explique comment interpr\u00e9ter votre score TOEIC ! Pour am\u00e9liorer votre score, d\u00e9couvrez [&hellip;]<\/p>\n","protected":false},"author":2,"featured_media":0,"parent":2986,"menu_order":0,"comment_status":"closed","ping_status":"closed","template":"","meta":[],"acf":[],"yoast_head":"<!-- This site is optimized with the Yoast SEO plugin v17.2.1 - https:\/\/yoast.com\/wordpress\/plugins\/seo\/ -->\n<title>Avoir un bon score au TOEIC<\/title>\n<meta name=\"description\" content=\"Pour avoir un bon score au TOEIC, il faut avoir connaissance du syst\u00e8me de notation du TOEIC. GlobalExam vous propose des articles pour am\u00e9liorer votre score.\" \/>\n<meta name=\"robots\" content=\"index, follow, max-snippet:-1, max-image-preview:large, max-video-preview:-1\" \/>\n<link rel=\"canonical\" href=\"https:\/\/global-exam.com\/blog\/fr\/examens\/toeic\/categorie-avoir-un-bon-score-au-toeic\/\" \/>\n<meta property=\"og:locale\" content=\"fr_FR\" \/>\n<meta property=\"og:type\" content=\"article\" \/>\n<meta property=\"og:title\" content=\"Avoir un bon score au TOEIC\" \/>\n<meta property=\"og:description\" content=\"Pour avoir un bon score au TOEIC, il faut avoir connaissance du syst\u00e8me de notation du TOEIC. GlobalExam vous propose des articles pour am\u00e9liorer votre score.\" \/>\n<meta property=\"og:url\" content=\"https:\/\/global-exam.com\/blog\/fr\/examens\/toeic\/categorie-avoir-un-bon-score-au-toeic\/\" \/>\n<meta property=\"og:site_name\" content=\"GlobalExam Blog\" \/>\n<meta property=\"article:publisher\" content=\"https:\/\/www.facebook.com\/Global.Exam\" \/>\n<meta property=\"article:modified_time\" content=\"2022-07-20T14:10:47+00:00\" \/>\n<meta name=\"twitter:card\" content=\"summary_large_image\" \/>\n<meta name=\"twitter:site\" content=\"@Global_Exam\" \/>\n<meta name=\"twitter:label1\" content=\"Dur\u00e9e de lecture estim\u00e9e\" \/>\n\t<meta name=\"twitter:data1\" content=\"2 minutes\" \/>\n<script type=\"application\/ld+json\" class=\"yoast-schema-graph\">{\"@context\":\"https:\/\/schema.org\",\"@graph\":[{\"@type\":\"WebSite\",\"@id\":\"https:\/\/global-exam.com\/blog\/#website\",\"url\":\"https:\/\/global-exam.com\/blog\/\",\"name\":\"GlobalExam Blog\",\"description\":\"Le blog du sp\\u00e9cialiste de la certification linguistique\",\"potentialAction\":[{\"@type\":\"SearchAction\",\"target\":{\"@type\":\"EntryPoint\",\"urlTemplate\":\"https:\/\/global-exam.com\/blog\/?s={search_term_string}\"},\"query-input\":\"required name=search_term_string\"}],\"inLanguage\":\"fr-FR\"},{\"@type\":\"WebPage\",\"@id\":\"https:\/\/global-exam.com\/blog\/fr\/examens\/toeic\/categorie-avoir-un-bon-score-au-toeic\/#webpage\",\"url\":\"https:\/\/global-exam.com\/blog\/fr\/examens\/toeic\/categorie-avoir-un-bon-score-au-toeic\/\",\"name\":\"Avoir un bon score au TOEIC\",\"isPartOf\":{\"@id\":\"https:\/\/global-exam.com\/blog\/#website\"},\"datePublished\":\"2021-08-11T07:41:36+00:00\",\"dateModified\":\"2022-07-20T14:10:47+00:00\",\"description\":\"Pour avoir un bon score au TOEIC, il faut avoir connaissance du syst\\u00e8me de notation du TOEIC. GlobalExam vous propose des articles pour am\\u00e9liorer votre score.\",\"breadcrumb\":{\"@id\":\"https:\/\/global-exam.com\/blog\/fr\/examens\/toeic\/categorie-avoir-un-bon-score-au-toeic\/#breadcrumb\"},\"inLanguage\":\"fr-FR\",\"potentialAction\":[{\"@type\":\"ReadAction\",\"target\":[\"https:\/\/global-exam.com\/blog\/fr\/examens\/toeic\/categorie-avoir-un-bon-score-au-toeic\/\"]}]},{\"@type\":\"BreadcrumbList\",\"@id\":\"https:\/\/global-exam.com\/blog\/fr\/examens\/toeic\/categorie-avoir-un-bon-score-au-toeic\/#breadcrumb\",\"itemListElement\":[{\"@type\":\"ListItem\",\"position\":1,\"name\":\"Les examens de langue\",\"item\":\"https:\/\/global-exam.com\/blog\/fr\/examens\/\"},{\"@type\":\"ListItem\",\"position\":2,\"name\":\"TOEIC : pr\\u00e9parer le test\",\"item\":\"https:\/\/global-exam.com\/blog\/fr\/examens\/toeic\/\"},{\"@type\":\"ListItem\",\"position\":3,\"name\":\"Avoir un bon score au TOEIC\"}]}]}<\/script>\n<!-- \/ Yoast SEO plugin. -->","yoast_head_json":{"title":"Avoir un bon score au TOEIC","description":"Pour avoir un bon score au TOEIC, il faut avoir connaissance du syst\u00e8me de notation du TOEIC. GlobalExam vous propose des articles pour am\u00e9liorer votre score.","robots":{"index":"index","follow":"follow","max-snippet":"max-snippet:-1","max-image-preview":"max-image-preview:large","max-video-preview":"max-video-preview:-1"},"canonical":"https:\/\/global-exam.com\/blog\/fr\/examens\/toeic\/categorie-avoir-un-bon-score-au-toeic\/","og_locale":"fr_FR","og_type":"article","og_title":"Avoir un bon score au TOEIC","og_description":"Pour avoir un bon score au TOEIC, il faut avoir connaissance du syst\u00e8me de notation du TOEIC. GlobalExam vous propose des articles pour am\u00e9liorer votre score.","og_url":"https:\/\/global-exam.com\/blog\/fr\/examens\/toeic\/categorie-avoir-un-bon-score-au-toeic\/","og_site_name":"GlobalExam Blog","article_publisher":"https:\/\/www.facebook.com\/Global.Exam","article_modified_time":"2022-07-20T14:10:47+00:00","twitter_card":"summary_large_image","twitter_site":"@Global_Exam","twitter_misc":{"Dur\u00e9e de lecture estim\u00e9e":"2 minutes"},"schema":{"@context":"https:\/\/schema.org","@graph":[{"@type":"WebSite","@id":"https:\/\/global-exam.com\/blog\/#website","url":"https:\/\/global-exam.com\/blog\/","name":"GlobalExam Blog","description":"Le blog du sp\u00e9cialiste de la certification linguistique","potentialAction":[{"@type":"SearchAction","target":{"@type":"EntryPoint","urlTemplate":"https:\/\/global-exam.com\/blog\/?s={search_term_string}"},"query-input":"required name=search_term_string"}],"inLanguage":"fr-FR"},{"@type":"WebPage","@id":"https:\/\/global-exam.com\/blog\/fr\/examens\/toeic\/categorie-avoir-un-bon-score-au-toeic\/#webpage","url":"https:\/\/global-exam.com\/blog\/fr\/examens\/toeic\/categorie-avoir-un-bon-score-au-toeic\/","name":"Avoir un bon score au TOEIC","isPartOf":{"@id":"https:\/\/global-exam.com\/blog\/#website"},"datePublished":"2021-08-11T07:41:36+00:00","dateModified":"2022-07-20T14:10:47+00:00","description":"Pour avoir un bon score au TOEIC, il faut avoir connaissance du syst\u00e8me de notation du TOEIC. GlobalExam vous propose des articles pour am\u00e9liorer votre score.","breadcrumb":{"@id":"https:\/\/global-exam.com\/blog\/fr\/examens\/toeic\/categorie-avoir-un-bon-score-au-toeic\/#breadcrumb"},"inLanguage":"fr-FR","potentialAction":[{"@type":"ReadAction","target":["https:\/\/global-exam.com\/blog\/fr\/examens\/toeic\/categorie-avoir-un-bon-score-au-toeic\/"]}]},{"@type":"BreadcrumbList","@id":"https:\/\/global-exam.com\/blog\/fr\/examens\/toeic\/categorie-avoir-un-bon-score-au-toeic\/#breadcrumb","itemListElement":[{"@type":"ListItem","position":1,"name":"Les examens de langue","item":"https:\/\/global-exam.com\/blog\/fr\/examens\/"},{"@type":"ListItem","position":2,"name":"TOEIC : pr\u00e9parer le test","item":"https:\/\/global-exam.com\/blog\/fr\/examens\/toeic\/"},{"@type":"ListItem","position":3,"name":"Avoir un bon score au TOEIC"}]}]}},"lang":"fr","translations":{"fr":59286},"pll_sync_post":[],"_links":{"self":[{"href":"https:\/\/global-exam.com\/blog\/wp-json\/wp\/v2\/pages\/59286"}],"collection":[{"href":"https:\/\/global-exam.com\/blog\/wp-json\/wp\/v2\/pages"}],"about":[{"href":"https:\/\/global-exam.com\/blog\/wp-json\/wp\/v2\/types\/page"}],"author":[{"embeddable":true,"href":"https:\/\/global-exam.com\/blog\/wp-json\/wp\/v2\/users\/2"}],"replies":[{"embeddable":true,"href":"https:\/\/global-exam.com\/blog\/wp-json\/wp\/v2\/comments?post=59286"}],"version-history":[{"count":10,"href":"https:\/\/global-exam.com\/blog\/wp-json\/wp\/v2\/pages\/59286\/revisions"}],"predecessor-version":[{"id":78017,"href":"https:\/\/global-exam.com\/blog\/wp-json\/wp\/v2\/pages\/59286\/revisions\/78017"}],"up":[{"embeddable":true,"href":"https:\/\/global-exam.com\/blog\/wp-json\/wp\/v2\/pages\/2986"}],"wp:attachment":[{"href":"https:\/\/global-exam.com\/blog\/wp-json\/wp\/v2\/media?parent=59286"}],"curies":[{"name":"wp","href":"https:\/\/api.w.org\/{rel}","templated":true}]}}