{"id":59293,"date":"2021-08-11T09:47:16","date_gmt":"2021-08-11T07:47:16","guid":{"rendered":"https:\/\/global-exam.com\/blog\/?page_id=59293"},"modified":"2022-07-20T16:12:24","modified_gmt":"2022-07-20T14:12:24","slug":"categorie-centres-dexamens-toeic","status":"publish","type":"page","link":"https:\/\/global-exam.com\/blog\/fr\/examens\/toeic\/categorie-centres-dexamens-toeic\/","title":{"rendered":"Centres d&rsquo;examens TOEIC"},"content":{"rendered":"<p>Trouvez un centre d&rsquo;examen TOEIC<\/p>\n<p style=\"text-align: center;\">Si vous cherchez des informations sur les\u00a0<strong>centres d\u2019examens TOEIC en France<\/strong>, vous \u00eates au bon endroit. Dans cette cat\u00e9gorie, vous aurez acc\u00e8s \u00e0 toutes les\u00a0<strong>informations sur les centres de tests TOEIC<\/strong>\u00a0!<\/p>\n<p style=\"text-align: center;\">Le TOEIC est le meilleur atout pour <strong>prouver son niveau d\u2019anglais en entreprise<\/strong> mais aussi pour <strong>acc\u00e9der \u00e0 certaines universit\u00e9s<\/strong> ou encore dans sa vie personnelle. Ce test permet d\u2019obtenir une certification officielle mondialement reconnue, qui peut \u00eatre particuli\u00e8rement int\u00e9ressante dans le cadre d\u2019une <strong>carri\u00e8re internationale<\/strong>. Avant de passer votre examen, profitez d&rsquo;un <a href=\"https:\/\/global-exam.com\/fr\/exam\/toeic\" target=\"_blank\" rel=\"noopener\">entra\u00eenement TOEIC<\/a> d\u00e9di\u00e9, pour vous donner les meilleures chances d&rsquo;obtenir un bon score.<\/p>\n<p style=\"text-align: center;\">Il existe de nombreux centres d\u2019examens TOEIC partout en France et dans les DOM-TOM.<\/p>\n<p style=\"text-align: center;\">Sachez que\u00a0<strong>l\u2019inscription au test ne peut se faire que sur internet<\/strong>. En effet, inutile de se rendre sur place : vous ne pourrez pas vous inscrire. L\u2019inscription au test doit se faire au\u00a0<strong>minimum 10 jours avant<\/strong>\u00a0le passage de l\u2019examen.<\/p>\n","protected":false},"excerpt":{"rendered":"<p>Trouvez un centre d&rsquo;examen TOEIC Si vous cherchez des informations sur les\u00a0centres d\u2019examens TOEIC en France, vous \u00eates au bon endroit. Dans [&hellip;]<\/p>\n","protected":false},"author":2,"featured_media":0,"parent":2986,"menu_order":0,"comment_status":"closed","ping_status":"closed","template":"","meta":[],"acf":[],"yoast_head":"<!-- This site is optimized with the Yoast SEO plugin v17.2.1 - https:\/\/yoast.com\/wordpress\/plugins\/seo\/ -->\n<title>Centres d&#039;examens TOEIC<\/title>\n<meta name=\"description\" content=\"Les centres d&#039;examens TOEIC en France sont nombreux. Savez-vous lequel est le plus proche de chez vous ? GlobalExam r\u00e9pond \u00e0 vos questions.\" \/>\n<meta name=\"robots\" content=\"index, follow, max-snippet:-1, max-image-preview:large, max-video-preview:-1\" \/>\n<link rel=\"canonical\" href=\"https:\/\/global-exam.com\/blog\/fr\/examens\/toeic\/categorie-centres-dexamens-toeic\/\" \/>\n<meta property=\"og:locale\" content=\"fr_FR\" \/>\n<meta property=\"og:type\" content=\"article\" \/>\n<meta property=\"og:title\" content=\"Centres d&#039;examens TOEIC\" \/>\n<meta property=\"og:description\" content=\"Les centres d&#039;examens TOEIC en France sont nombreux. Savez-vous lequel est le plus proche de chez vous ? GlobalExam r\u00e9pond \u00e0 vos questions.\" \/>\n<meta property=\"og:url\" content=\"https:\/\/global-exam.com\/blog\/fr\/examens\/toeic\/categorie-centres-dexamens-toeic\/\" \/>\n<meta property=\"og:site_name\" content=\"GlobalExam Blog\" \/>\n<meta property=\"article:publisher\" content=\"https:\/\/www.facebook.com\/Global.Exam\" \/>\n<meta property=\"article:modified_time\" content=\"2022-07-20T14:12:24+00:00\" \/>\n<meta name=\"twitter:card\" content=\"summary_large_image\" \/>\n<meta name=\"twitter:site\" content=\"@Global_Exam\" \/>\n<meta name=\"twitter:label1\" content=\"Dur\u00e9e de lecture estim\u00e9e\" \/>\n\t<meta name=\"twitter:data1\" content=\"1 minute\" \/>\n<script type=\"application\/ld+json\" class=\"yoast-schema-graph\">{\"@context\":\"https:\/\/schema.org\",\"@graph\":[{\"@type\":\"WebSite\",\"@id\":\"https:\/\/global-exam.com\/blog\/#website\",\"url\":\"https:\/\/global-exam.com\/blog\/\",\"name\":\"GlobalExam Blog\",\"description\":\"Le blog du sp\\u00e9cialiste de la certification linguistique\",\"potentialAction\":[{\"@type\":\"SearchAction\",\"target\":{\"@type\":\"EntryPoint\",\"urlTemplate\":\"https:\/\/global-exam.com\/blog\/?s={search_term_string}\"},\"query-input\":\"required name=search_term_string\"}],\"inLanguage\":\"fr-FR\"},{\"@type\":\"WebPage\",\"@id\":\"https:\/\/global-exam.com\/blog\/fr\/examens\/toeic\/categorie-centres-dexamens-toeic\/#webpage\",\"url\":\"https:\/\/global-exam.com\/blog\/fr\/examens\/toeic\/categorie-centres-dexamens-toeic\/\",\"name\":\"Centres d'examens TOEIC\",\"isPartOf\":{\"@id\":\"https:\/\/global-exam.com\/blog\/#website\"},\"datePublished\":\"2021-08-11T07:47:16+00:00\",\"dateModified\":\"2022-07-20T14:12:24+00:00\",\"description\":\"Les centres d'examens TOEIC en France sont nombreux. Savez-vous lequel est le plus proche de chez vous ? GlobalExam r\\u00e9pond \\u00e0 vos questions.\",\"breadcrumb\":{\"@id\":\"https:\/\/global-exam.com\/blog\/fr\/examens\/toeic\/categorie-centres-dexamens-toeic\/#breadcrumb\"},\"inLanguage\":\"fr-FR\",\"potentialAction\":[{\"@type\":\"ReadAction\",\"target\":[\"https:\/\/global-exam.com\/blog\/fr\/examens\/toeic\/categorie-centres-dexamens-toeic\/\"]}]},{\"@type\":\"BreadcrumbList\",\"@id\":\"https:\/\/global-exam.com\/blog\/fr\/examens\/toeic\/categorie-centres-dexamens-toeic\/#breadcrumb\",\"itemListElement\":[{\"@type\":\"ListItem\",\"position\":1,\"name\":\"Les examens de langue\",\"item\":\"https:\/\/global-exam.com\/blog\/fr\/examens\/\"},{\"@type\":\"ListItem\",\"position\":2,\"name\":\"TOEIC : pr\\u00e9parer le test\",\"item\":\"https:\/\/global-exam.com\/blog\/fr\/examens\/toeic\/\"},{\"@type\":\"ListItem\",\"position\":3,\"name\":\"Centres d&rsquo;examens TOEIC\"}]}]}<\/script>\n<!-- \/ Yoast SEO plugin. -->","yoast_head_json":{"title":"Centres d'examens TOEIC","description":"Les centres d'examens TOEIC en France sont nombreux. Savez-vous lequel est le plus proche de chez vous ? GlobalExam r\u00e9pond \u00e0 vos questions.","robots":{"index":"index","follow":"follow","max-snippet":"max-snippet:-1","max-image-preview":"max-image-preview:large","max-video-preview":"max-video-preview:-1"},"canonical":"https:\/\/global-exam.com\/blog\/fr\/examens\/toeic\/categorie-centres-dexamens-toeic\/","og_locale":"fr_FR","og_type":"article","og_title":"Centres d'examens TOEIC","og_description":"Les centres d'examens TOEIC en France sont nombreux. Savez-vous lequel est le plus proche de chez vous ? GlobalExam r\u00e9pond \u00e0 vos questions.","og_url":"https:\/\/global-exam.com\/blog\/fr\/examens\/toeic\/categorie-centres-dexamens-toeic\/","og_site_name":"GlobalExam Blog","article_publisher":"https:\/\/www.facebook.com\/Global.Exam","article_modified_time":"2022-07-20T14:12:24+00:00","twitter_card":"summary_large_image","twitter_site":"@Global_Exam","twitter_misc":{"Dur\u00e9e de lecture estim\u00e9e":"1 minute"},"schema":{"@context":"https:\/\/schema.org","@graph":[{"@type":"WebSite","@id":"https:\/\/global-exam.com\/blog\/#website","url":"https:\/\/global-exam.com\/blog\/","name":"GlobalExam Blog","description":"Le blog du sp\u00e9cialiste de la certification linguistique","potentialAction":[{"@type":"SearchAction","target":{"@type":"EntryPoint","urlTemplate":"https:\/\/global-exam.com\/blog\/?s={search_term_string}"},"query-input":"required name=search_term_string"}],"inLanguage":"fr-FR"},{"@type":"WebPage","@id":"https:\/\/global-exam.com\/blog\/fr\/examens\/toeic\/categorie-centres-dexamens-toeic\/#webpage","url":"https:\/\/global-exam.com\/blog\/fr\/examens\/toeic\/categorie-centres-dexamens-toeic\/","name":"Centres d'examens TOEIC","isPartOf":{"@id":"https:\/\/global-exam.com\/blog\/#website"},"datePublished":"2021-08-11T07:47:16+00:00","dateModified":"2022-07-20T14:12:24+00:00","description":"Les centres d'examens TOEIC en France sont nombreux. Savez-vous lequel est le plus proche de chez vous ? GlobalExam r\u00e9pond \u00e0 vos questions.","breadcrumb":{"@id":"https:\/\/global-exam.com\/blog\/fr\/examens\/toeic\/categorie-centres-dexamens-toeic\/#breadcrumb"},"inLanguage":"fr-FR","potentialAction":[{"@type":"ReadAction","target":["https:\/\/global-exam.com\/blog\/fr\/examens\/toeic\/categorie-centres-dexamens-toeic\/"]}]},{"@type":"BreadcrumbList","@id":"https:\/\/global-exam.com\/blog\/fr\/examens\/toeic\/categorie-centres-dexamens-toeic\/#breadcrumb","itemListElement":[{"@type":"ListItem","position":1,"name":"Les examens de langue","item":"https:\/\/global-exam.com\/blog\/fr\/examens\/"},{"@type":"ListItem","position":2,"name":"TOEIC : pr\u00e9parer le test","item":"https:\/\/global-exam.com\/blog\/fr\/examens\/toeic\/"},{"@type":"ListItem","position":3,"name":"Centres d&rsquo;examens TOEIC"}]}]}},"lang":"fr","translations":{"fr":59293},"pll_sync_post":[],"_links":{"self":[{"href":"https:\/\/global-exam.com\/blog\/wp-json\/wp\/v2\/pages\/59293"}],"collection":[{"href":"https:\/\/global-exam.com\/blog\/wp-json\/wp\/v2\/pages"}],"about":[{"href":"https:\/\/global-exam.com\/blog\/wp-json\/wp\/v2\/types\/page"}],"author":[{"embeddable":true,"href":"https:\/\/global-exam.com\/blog\/wp-json\/wp\/v2\/users\/2"}],"replies":[{"embeddable":true,"href":"https:\/\/global-exam.com\/blog\/wp-json\/wp\/v2\/comments?post=59293"}],"version-history":[{"count":10,"href":"https:\/\/global-exam.com\/blog\/wp-json\/wp\/v2\/pages\/59293\/revisions"}],"predecessor-version":[{"id":78018,"href":"https:\/\/global-exam.com\/blog\/wp-json\/wp\/v2\/pages\/59293\/revisions\/78018"}],"up":[{"embeddable":true,"href":"https:\/\/global-exam.com\/blog\/wp-json\/wp\/v2\/pages\/2986"}],"wp:attachment":[{"href":"https:\/\/global-exam.com\/blog\/wp-json\/wp\/v2\/media?parent=59293"}],"curies":[{"name":"wp","href":"https:\/\/api.w.org\/{rel}","templated":true}]}}