{"id":59305,"date":"2021-08-11T09:57:36","date_gmt":"2021-08-11T07:57:36","guid":{"rendered":"https:\/\/global-exam.com\/blog\/?page_id=59305"},"modified":"2022-07-20T16:13:14","modified_gmt":"2022-07-20T14:13:14","slug":"categorie-consignes-du-toeic","status":"publish","type":"page","link":"https:\/\/global-exam.com\/blog\/fr\/examens\/toeic\/categorie-consignes-du-toeic\/","title":{"rendered":"Consignes du TOEIC"},"content":{"rendered":"<p>Conna\u00eetre la structure du test<\/p>\n<p style=\"text-align: center;\">Dans cette cat\u00e9gorie, vous trouverez tous nos conseils pour un <a href=\"https:\/\/global-exam.com\/fr\/exam\/toeic\" target=\"_blank\" rel=\"noopener\">entra\u00eenement au TOEIC<\/a> dans de bonnes conditions, avec des <strong>consignes et des exemples pour chaque section du test<\/strong>.<\/p>\n<p style=\"text-align: center;\">La partie\u00a0<strong>Listening<\/strong>\u00a0est la premi\u00e8re section de l\u2019examen. Cette section permet d\u2019\u00e9valuer votre niveau en\u00a0<strong>compr\u00e9hension orale<\/strong>. Elle est compos\u00e9e de\u00a0<strong>4 parties et de 100 questions, et dure environ 45 minutes<\/strong>. Les consignes seront donn\u00e9es oralement pour chaque partie.<\/p>\n<p style=\"text-align: center;\">La partie\u00a0<strong>Reading<\/strong> est la deuxi\u00e8me et ultime section de l\u2019examen. Cette partie a pour but d\u2019\u00e9valuer votre <strong>compr\u00e9hension \u00e9crite<\/strong>\u00a0en anglais. Elle est \u00e9galement compos\u00e9e de\u00a0<strong>4 parties et de 100 questions<\/strong> en tout. La section Reading dure environ <strong>75 minutes<\/strong>. Les consignes seront \u00e9galement donn\u00e9es \u00e0 l&rsquo;oral.<\/p>\n<p style=\"text-align: center;\">Faites confiance \u00e0 GlobalExam pour vous entra\u00eener au TOEIC et optimiser vos chances de r\u00e9ussite !<\/p>\n","protected":false},"excerpt":{"rendered":"<p>Conna\u00eetre la structure du test Dans cette cat\u00e9gorie, vous trouverez tous nos conseils pour un entra\u00eenement au TOEIC dans de bonnes conditions, [&hellip;]<\/p>\n","protected":false},"author":2,"featured_media":0,"parent":2986,"menu_order":0,"comment_status":"closed","ping_status":"closed","template":"","meta":[],"acf":[],"yoast_head":"<!-- This site is optimized with the Yoast SEO plugin v17.2.1 - https:\/\/yoast.com\/wordpress\/plugins\/seo\/ -->\n<title>Les consignes du TOEIC \u00e0 conna\u00eetre<\/title>\n<meta name=\"description\" content=\"Pour r\u00e9ussir le test TOEIC, une bonne connaissance de l&#039;ensemble des consignes est n\u00e9cessaire. GlobalExam vous pr\u00e9pare dans votre r\u00e9ussite !\" \/>\n<meta name=\"robots\" content=\"index, follow, max-snippet:-1, max-image-preview:large, max-video-preview:-1\" \/>\n<link rel=\"canonical\" href=\"https:\/\/global-exam.com\/blog\/fr\/examens\/toeic\/categorie-consignes-du-toeic\/\" \/>\n<meta property=\"og:locale\" content=\"fr_FR\" \/>\n<meta property=\"og:type\" content=\"article\" \/>\n<meta property=\"og:title\" content=\"Les consignes du TOEIC \u00e0 conna\u00eetre\" \/>\n<meta property=\"og:description\" content=\"Pour r\u00e9ussir le test TOEIC, une bonne connaissance de l&#039;ensemble des consignes est n\u00e9cessaire. GlobalExam vous pr\u00e9pare dans votre r\u00e9ussite !\" \/>\n<meta property=\"og:url\" content=\"https:\/\/global-exam.com\/blog\/fr\/examens\/toeic\/categorie-consignes-du-toeic\/\" \/>\n<meta property=\"og:site_name\" content=\"GlobalExam Blog\" \/>\n<meta property=\"article:publisher\" content=\"https:\/\/www.facebook.com\/Global.Exam\" \/>\n<meta property=\"article:modified_time\" content=\"2022-07-20T14:13:14+00:00\" \/>\n<meta name=\"twitter:card\" content=\"summary_large_image\" \/>\n<meta name=\"twitter:site\" content=\"@Global_Exam\" \/>\n<meta name=\"twitter:label1\" content=\"Dur\u00e9e de lecture estim\u00e9e\" \/>\n\t<meta name=\"twitter:data1\" content=\"1 minute\" \/>\n<script type=\"application\/ld+json\" class=\"yoast-schema-graph\">{\"@context\":\"https:\/\/schema.org\",\"@graph\":[{\"@type\":\"WebSite\",\"@id\":\"https:\/\/global-exam.com\/blog\/#website\",\"url\":\"https:\/\/global-exam.com\/blog\/\",\"name\":\"GlobalExam Blog\",\"description\":\"Le blog du sp\\u00e9cialiste de la certification linguistique\",\"potentialAction\":[{\"@type\":\"SearchAction\",\"target\":{\"@type\":\"EntryPoint\",\"urlTemplate\":\"https:\/\/global-exam.com\/blog\/?s={search_term_string}\"},\"query-input\":\"required name=search_term_string\"}],\"inLanguage\":\"fr-FR\"},{\"@type\":\"WebPage\",\"@id\":\"https:\/\/global-exam.com\/blog\/fr\/examens\/toeic\/categorie-consignes-du-toeic\/#webpage\",\"url\":\"https:\/\/global-exam.com\/blog\/fr\/examens\/toeic\/categorie-consignes-du-toeic\/\",\"name\":\"Les consignes du TOEIC \\u00e0 conna\\u00eetre\",\"isPartOf\":{\"@id\":\"https:\/\/global-exam.com\/blog\/#website\"},\"datePublished\":\"2021-08-11T07:57:36+00:00\",\"dateModified\":\"2022-07-20T14:13:14+00:00\",\"description\":\"Pour r\\u00e9ussir le test TOEIC, une bonne connaissance de l'ensemble des consignes est n\\u00e9cessaire. GlobalExam vous pr\\u00e9pare dans votre r\\u00e9ussite !\",\"breadcrumb\":{\"@id\":\"https:\/\/global-exam.com\/blog\/fr\/examens\/toeic\/categorie-consignes-du-toeic\/#breadcrumb\"},\"inLanguage\":\"fr-FR\",\"potentialAction\":[{\"@type\":\"ReadAction\",\"target\":[\"https:\/\/global-exam.com\/blog\/fr\/examens\/toeic\/categorie-consignes-du-toeic\/\"]}]},{\"@type\":\"BreadcrumbList\",\"@id\":\"https:\/\/global-exam.com\/blog\/fr\/examens\/toeic\/categorie-consignes-du-toeic\/#breadcrumb\",\"itemListElement\":[{\"@type\":\"ListItem\",\"position\":1,\"name\":\"Les examens de langue\",\"item\":\"https:\/\/global-exam.com\/blog\/fr\/examens\/\"},{\"@type\":\"ListItem\",\"position\":2,\"name\":\"TOEIC : pr\\u00e9parer le test\",\"item\":\"https:\/\/global-exam.com\/blog\/fr\/examens\/toeic\/\"},{\"@type\":\"ListItem\",\"position\":3,\"name\":\"Consignes du TOEIC\"}]}]}<\/script>\n<!-- \/ Yoast SEO plugin. -->","yoast_head_json":{"title":"Les consignes du TOEIC \u00e0 conna\u00eetre","description":"Pour r\u00e9ussir le test TOEIC, une bonne connaissance de l'ensemble des consignes est n\u00e9cessaire. GlobalExam vous pr\u00e9pare dans votre r\u00e9ussite !","robots":{"index":"index","follow":"follow","max-snippet":"max-snippet:-1","max-image-preview":"max-image-preview:large","max-video-preview":"max-video-preview:-1"},"canonical":"https:\/\/global-exam.com\/blog\/fr\/examens\/toeic\/categorie-consignes-du-toeic\/","og_locale":"fr_FR","og_type":"article","og_title":"Les consignes du TOEIC \u00e0 conna\u00eetre","og_description":"Pour r\u00e9ussir le test TOEIC, une bonne connaissance de l'ensemble des consignes est n\u00e9cessaire. GlobalExam vous pr\u00e9pare dans votre r\u00e9ussite !","og_url":"https:\/\/global-exam.com\/blog\/fr\/examens\/toeic\/categorie-consignes-du-toeic\/","og_site_name":"GlobalExam Blog","article_publisher":"https:\/\/www.facebook.com\/Global.Exam","article_modified_time":"2022-07-20T14:13:14+00:00","twitter_card":"summary_large_image","twitter_site":"@Global_Exam","twitter_misc":{"Dur\u00e9e de lecture estim\u00e9e":"1 minute"},"schema":{"@context":"https:\/\/schema.org","@graph":[{"@type":"WebSite","@id":"https:\/\/global-exam.com\/blog\/#website","url":"https:\/\/global-exam.com\/blog\/","name":"GlobalExam Blog","description":"Le blog du sp\u00e9cialiste de la certification linguistique","potentialAction":[{"@type":"SearchAction","target":{"@type":"EntryPoint","urlTemplate":"https:\/\/global-exam.com\/blog\/?s={search_term_string}"},"query-input":"required name=search_term_string"}],"inLanguage":"fr-FR"},{"@type":"WebPage","@id":"https:\/\/global-exam.com\/blog\/fr\/examens\/toeic\/categorie-consignes-du-toeic\/#webpage","url":"https:\/\/global-exam.com\/blog\/fr\/examens\/toeic\/categorie-consignes-du-toeic\/","name":"Les consignes du TOEIC \u00e0 conna\u00eetre","isPartOf":{"@id":"https:\/\/global-exam.com\/blog\/#website"},"datePublished":"2021-08-11T07:57:36+00:00","dateModified":"2022-07-20T14:13:14+00:00","description":"Pour r\u00e9ussir le test TOEIC, une bonne connaissance de l'ensemble des consignes est n\u00e9cessaire. GlobalExam vous pr\u00e9pare dans votre r\u00e9ussite !","breadcrumb":{"@id":"https:\/\/global-exam.com\/blog\/fr\/examens\/toeic\/categorie-consignes-du-toeic\/#breadcrumb"},"inLanguage":"fr-FR","potentialAction":[{"@type":"ReadAction","target":["https:\/\/global-exam.com\/blog\/fr\/examens\/toeic\/categorie-consignes-du-toeic\/"]}]},{"@type":"BreadcrumbList","@id":"https:\/\/global-exam.com\/blog\/fr\/examens\/toeic\/categorie-consignes-du-toeic\/#breadcrumb","itemListElement":[{"@type":"ListItem","position":1,"name":"Les examens de langue","item":"https:\/\/global-exam.com\/blog\/fr\/examens\/"},{"@type":"ListItem","position":2,"name":"TOEIC : pr\u00e9parer le test","item":"https:\/\/global-exam.com\/blog\/fr\/examens\/toeic\/"},{"@type":"ListItem","position":3,"name":"Consignes du TOEIC"}]}]}},"lang":"fr","translations":{"fr":59305},"pll_sync_post":[],"_links":{"self":[{"href":"https:\/\/global-exam.com\/blog\/wp-json\/wp\/v2\/pages\/59305"}],"collection":[{"href":"https:\/\/global-exam.com\/blog\/wp-json\/wp\/v2\/pages"}],"about":[{"href":"https:\/\/global-exam.com\/blog\/wp-json\/wp\/v2\/types\/page"}],"author":[{"embeddable":true,"href":"https:\/\/global-exam.com\/blog\/wp-json\/wp\/v2\/users\/2"}],"replies":[{"embeddable":true,"href":"https:\/\/global-exam.com\/blog\/wp-json\/wp\/v2\/comments?post=59305"}],"version-history":[{"count":13,"href":"https:\/\/global-exam.com\/blog\/wp-json\/wp\/v2\/pages\/59305\/revisions"}],"predecessor-version":[{"id":78019,"href":"https:\/\/global-exam.com\/blog\/wp-json\/wp\/v2\/pages\/59305\/revisions\/78019"}],"up":[{"embeddable":true,"href":"https:\/\/global-exam.com\/blog\/wp-json\/wp\/v2\/pages\/2986"}],"wp:attachment":[{"href":"https:\/\/global-exam.com\/blog\/wp-json\/wp\/v2\/media?parent=59305"}],"curies":[{"name":"wp","href":"https:\/\/api.w.org\/{rel}","templated":true}]}}