{"id":59320,"date":"2021-08-11T10:05:10","date_gmt":"2021-08-11T08:05:10","guid":{"rendered":"https:\/\/global-exam.com\/blog\/?page_id=59320"},"modified":"2022-07-20T16:15:27","modified_gmt":"2022-07-20T14:15:27","slug":"categorie-le-toeic-pour-ses-etudes","status":"publish","type":"page","link":"https:\/\/global-exam.com\/blog\/fr\/examens\/toeic\/categorie-le-toeic-pour-ses-etudes\/","title":{"rendered":"Le TOEIC pour ses \u00e9tudes"},"content":{"rendered":"<p>Passer le TOEIC en tant qu&rsquo;\u00e9tudiant<\/p>\n<p>Vous souhaitez valider des <strong>\u00e9tudes en ing\u00e9nierie<\/strong>, r\u00e9aliser une <strong>ann\u00e9e d\u2019\u00e9tudes \u00e0 l\u2019\u00e9tranger<\/strong> ou encore <strong>am\u00e9liorer votre anglais <\/strong>? Dans cette cat\u00e9gorie, retrouvez tous nos articles concernant les avantages de la certification TOEIC pour ses \u00e9tudes. Pour <a href=\"https:\/\/global-exam.com\/fr\/exam\/toeic\">pr\u00e9parer le TOEIC<\/a>, n&rsquo;h\u00e9sitez pas \u00e0 d\u00e9couvrir les pr\u00e9parations sur-mesure GlobalExam.<\/p>\n<p>Dans le cadre d\u2019\u00e9tudes en ing\u00e9nierie, la <strong>CTI indique que le niveau minimum requis pour obtenir son dipl\u00f4me d\u2019ing\u00e9nieur est le niveau CECRL B2<\/strong>. Aussi, certaines \u00e9coles fixent un score TOEIC minimal pour pr\u00e9tendre \u00e0 une inscription. Dans tous les cas, visez toujours le meilleur score possible. Cela vous permettra de vous d\u00e9marquer des autres candidatures.<\/p>\n<p>Les pays anglophones sont tr\u00e8s pl\u00e9biscit\u00e9s par les \u00e9tudiants souhaitant effectuer une ann\u00e9e d\u2019\u00e9tudes \u00e0 l\u2019\u00e9tranger. Pour pouvoir avoir la chance d\u2019\u00eatre s\u00e9lectionn\u00e9, il peut \u00eatre int\u00e9ressant d\u2019obtenir la certification TOEIC. De <strong style=\"font-size: 16px;\">plus en plus d\u2019universit\u00e9s demandent aux candidats de prouver leur niveau d\u2019anglais<\/strong><span style=\"font-size: 16px;\">.<\/span><\/p>\n<div id=\"category-description-content\">\n<p>La pr\u00e9paration au TOEIC vous permettra d\u2019am\u00e9liorer votre niveau d\u2019anglais \u00e0 coup s\u00fbr.<strong>\u00a0Le test n\u00e9cessite un certain nombre d\u2019heures d\u2019entra\u00eenement<\/strong>, ce qui vous permettra d\u2019am\u00e9liorer vos comp\u00e9tences dans la langue anglaise. Pour vous entra\u00eener efficacement et mettre toutes les chances de votre c\u00f4t\u00e9 le jour J, faites confiance \u00e0 GlobalExam\u00a0!<\/p>\n<\/div>\n","protected":false},"excerpt":{"rendered":"<p>Passer le TOEIC en tant qu&rsquo;\u00e9tudiant Vous souhaitez valider des \u00e9tudes en ing\u00e9nierie, r\u00e9aliser une ann\u00e9e d\u2019\u00e9tudes \u00e0 l\u2019\u00e9tranger ou encore am\u00e9liorer [&hellip;]<\/p>\n","protected":false},"author":2,"featured_media":0,"parent":2986,"menu_order":0,"comment_status":"closed","ping_status":"closed","template":"","meta":[],"acf":[],"yoast_head":"<!-- This site is optimized with the Yoast SEO plugin v17.2.1 - https:\/\/yoast.com\/wordpress\/plugins\/seo\/ -->\n<title>Le TOEIC pour ses \u00e9tudes<\/title>\n<meta name=\"description\" content=\"De nombreuses \u00e9coles demandent un score TOEIC pour acc\u00e9der \u00e0 leurs programmes. Pour en savoir plus, n&#039;h\u00e9sitez pas \u00e0 consulter nos articles !\" \/>\n<meta name=\"robots\" content=\"index, follow, max-snippet:-1, max-image-preview:large, max-video-preview:-1\" \/>\n<link rel=\"canonical\" href=\"https:\/\/global-exam.com\/blog\/fr\/examens\/toeic\/categorie-le-toeic-pour-ses-etudes\/\" \/>\n<meta property=\"og:locale\" content=\"fr_FR\" \/>\n<meta property=\"og:type\" content=\"article\" \/>\n<meta property=\"og:title\" content=\"Le TOEIC pour ses \u00e9tudes\" \/>\n<meta property=\"og:description\" content=\"De nombreuses \u00e9coles demandent un score TOEIC pour acc\u00e9der \u00e0 leurs programmes. Pour en savoir plus, n&#039;h\u00e9sitez pas \u00e0 consulter nos articles !\" \/>\n<meta property=\"og:url\" content=\"https:\/\/global-exam.com\/blog\/fr\/examens\/toeic\/categorie-le-toeic-pour-ses-etudes\/\" \/>\n<meta property=\"og:site_name\" content=\"GlobalExam Blog\" \/>\n<meta property=\"article:publisher\" content=\"https:\/\/www.facebook.com\/Global.Exam\" \/>\n<meta property=\"article:modified_time\" content=\"2022-07-20T14:15:27+00:00\" \/>\n<meta name=\"twitter:card\" content=\"summary_large_image\" \/>\n<meta name=\"twitter:site\" content=\"@Global_Exam\" \/>\n<meta name=\"twitter:label1\" content=\"Dur\u00e9e de lecture estim\u00e9e\" \/>\n\t<meta name=\"twitter:data1\" content=\"1 minute\" \/>\n<script type=\"application\/ld+json\" class=\"yoast-schema-graph\">{\"@context\":\"https:\/\/schema.org\",\"@graph\":[{\"@type\":\"WebSite\",\"@id\":\"https:\/\/global-exam.com\/blog\/#website\",\"url\":\"https:\/\/global-exam.com\/blog\/\",\"name\":\"GlobalExam Blog\",\"description\":\"Le blog du sp\\u00e9cialiste de la certification linguistique\",\"potentialAction\":[{\"@type\":\"SearchAction\",\"target\":{\"@type\":\"EntryPoint\",\"urlTemplate\":\"https:\/\/global-exam.com\/blog\/?s={search_term_string}\"},\"query-input\":\"required name=search_term_string\"}],\"inLanguage\":\"fr-FR\"},{\"@type\":\"WebPage\",\"@id\":\"https:\/\/global-exam.com\/blog\/fr\/examens\/toeic\/categorie-le-toeic-pour-ses-etudes\/#webpage\",\"url\":\"https:\/\/global-exam.com\/blog\/fr\/examens\/toeic\/categorie-le-toeic-pour-ses-etudes\/\",\"name\":\"Le TOEIC pour ses \\u00e9tudes\",\"isPartOf\":{\"@id\":\"https:\/\/global-exam.com\/blog\/#website\"},\"datePublished\":\"2021-08-11T08:05:10+00:00\",\"dateModified\":\"2022-07-20T14:15:27+00:00\",\"description\":\"De nombreuses \\u00e9coles demandent un score TOEIC pour acc\\u00e9der \\u00e0 leurs programmes. Pour en savoir plus, n'h\\u00e9sitez pas \\u00e0 consulter nos articles !\",\"breadcrumb\":{\"@id\":\"https:\/\/global-exam.com\/blog\/fr\/examens\/toeic\/categorie-le-toeic-pour-ses-etudes\/#breadcrumb\"},\"inLanguage\":\"fr-FR\",\"potentialAction\":[{\"@type\":\"ReadAction\",\"target\":[\"https:\/\/global-exam.com\/blog\/fr\/examens\/toeic\/categorie-le-toeic-pour-ses-etudes\/\"]}]},{\"@type\":\"BreadcrumbList\",\"@id\":\"https:\/\/global-exam.com\/blog\/fr\/examens\/toeic\/categorie-le-toeic-pour-ses-etudes\/#breadcrumb\",\"itemListElement\":[{\"@type\":\"ListItem\",\"position\":1,\"name\":\"Les examens de langue\",\"item\":\"https:\/\/global-exam.com\/blog\/fr\/examens\/\"},{\"@type\":\"ListItem\",\"position\":2,\"name\":\"TOEIC : pr\\u00e9parer le test\",\"item\":\"https:\/\/global-exam.com\/blog\/fr\/examens\/toeic\/\"},{\"@type\":\"ListItem\",\"position\":3,\"name\":\"Le TOEIC pour ses \\u00e9tudes\"}]}]}<\/script>\n<!-- \/ Yoast SEO plugin. -->","yoast_head_json":{"title":"Le TOEIC pour ses \u00e9tudes","description":"De nombreuses \u00e9coles demandent un score TOEIC pour acc\u00e9der \u00e0 leurs programmes. Pour en savoir plus, n'h\u00e9sitez pas \u00e0 consulter nos articles !","robots":{"index":"index","follow":"follow","max-snippet":"max-snippet:-1","max-image-preview":"max-image-preview:large","max-video-preview":"max-video-preview:-1"},"canonical":"https:\/\/global-exam.com\/blog\/fr\/examens\/toeic\/categorie-le-toeic-pour-ses-etudes\/","og_locale":"fr_FR","og_type":"article","og_title":"Le TOEIC pour ses \u00e9tudes","og_description":"De nombreuses \u00e9coles demandent un score TOEIC pour acc\u00e9der \u00e0 leurs programmes. Pour en savoir plus, n'h\u00e9sitez pas \u00e0 consulter nos articles !","og_url":"https:\/\/global-exam.com\/blog\/fr\/examens\/toeic\/categorie-le-toeic-pour-ses-etudes\/","og_site_name":"GlobalExam Blog","article_publisher":"https:\/\/www.facebook.com\/Global.Exam","article_modified_time":"2022-07-20T14:15:27+00:00","twitter_card":"summary_large_image","twitter_site":"@Global_Exam","twitter_misc":{"Dur\u00e9e de lecture estim\u00e9e":"1 minute"},"schema":{"@context":"https:\/\/schema.org","@graph":[{"@type":"WebSite","@id":"https:\/\/global-exam.com\/blog\/#website","url":"https:\/\/global-exam.com\/blog\/","name":"GlobalExam Blog","description":"Le blog du sp\u00e9cialiste de la certification linguistique","potentialAction":[{"@type":"SearchAction","target":{"@type":"EntryPoint","urlTemplate":"https:\/\/global-exam.com\/blog\/?s={search_term_string}"},"query-input":"required name=search_term_string"}],"inLanguage":"fr-FR"},{"@type":"WebPage","@id":"https:\/\/global-exam.com\/blog\/fr\/examens\/toeic\/categorie-le-toeic-pour-ses-etudes\/#webpage","url":"https:\/\/global-exam.com\/blog\/fr\/examens\/toeic\/categorie-le-toeic-pour-ses-etudes\/","name":"Le TOEIC pour ses \u00e9tudes","isPartOf":{"@id":"https:\/\/global-exam.com\/blog\/#website"},"datePublished":"2021-08-11T08:05:10+00:00","dateModified":"2022-07-20T14:15:27+00:00","description":"De nombreuses \u00e9coles demandent un score TOEIC pour acc\u00e9der \u00e0 leurs programmes. Pour en savoir plus, n'h\u00e9sitez pas \u00e0 consulter nos articles !","breadcrumb":{"@id":"https:\/\/global-exam.com\/blog\/fr\/examens\/toeic\/categorie-le-toeic-pour-ses-etudes\/#breadcrumb"},"inLanguage":"fr-FR","potentialAction":[{"@type":"ReadAction","target":["https:\/\/global-exam.com\/blog\/fr\/examens\/toeic\/categorie-le-toeic-pour-ses-etudes\/"]}]},{"@type":"BreadcrumbList","@id":"https:\/\/global-exam.com\/blog\/fr\/examens\/toeic\/categorie-le-toeic-pour-ses-etudes\/#breadcrumb","itemListElement":[{"@type":"ListItem","position":1,"name":"Les examens de langue","item":"https:\/\/global-exam.com\/blog\/fr\/examens\/"},{"@type":"ListItem","position":2,"name":"TOEIC : pr\u00e9parer le test","item":"https:\/\/global-exam.com\/blog\/fr\/examens\/toeic\/"},{"@type":"ListItem","position":3,"name":"Le TOEIC pour ses \u00e9tudes"}]}]}},"lang":"fr","translations":{"fr":59320},"pll_sync_post":[],"_links":{"self":[{"href":"https:\/\/global-exam.com\/blog\/wp-json\/wp\/v2\/pages\/59320"}],"collection":[{"href":"https:\/\/global-exam.com\/blog\/wp-json\/wp\/v2\/pages"}],"about":[{"href":"https:\/\/global-exam.com\/blog\/wp-json\/wp\/v2\/types\/page"}],"author":[{"embeddable":true,"href":"https:\/\/global-exam.com\/blog\/wp-json\/wp\/v2\/users\/2"}],"replies":[{"embeddable":true,"href":"https:\/\/global-exam.com\/blog\/wp-json\/wp\/v2\/comments?post=59320"}],"version-history":[{"count":9,"href":"https:\/\/global-exam.com\/blog\/wp-json\/wp\/v2\/pages\/59320\/revisions"}],"predecessor-version":[{"id":78022,"href":"https:\/\/global-exam.com\/blog\/wp-json\/wp\/v2\/pages\/59320\/revisions\/78022"}],"up":[{"embeddable":true,"href":"https:\/\/global-exam.com\/blog\/wp-json\/wp\/v2\/pages\/2986"}],"wp:attachment":[{"href":"https:\/\/global-exam.com\/blog\/wp-json\/wp\/v2\/media?parent=59320"}],"curies":[{"name":"wp","href":"https:\/\/api.w.org\/{rel}","templated":true}]}}