{"id":59339,"date":"2021-08-11T10:23:23","date_gmt":"2021-08-11T08:23:23","guid":{"rendered":"https:\/\/global-exam.com\/blog\/?page_id=59339"},"modified":"2022-07-20T16:19:11","modified_gmt":"2022-07-20T14:19:11","slug":"categorie-sinscrire-au-toeic","status":"publish","type":"page","link":"https:\/\/global-exam.com\/blog\/fr\/examens\/toeic\/categorie-sinscrire-au-toeic\/","title":{"rendered":"S&rsquo;inscrire au TOEIC"},"content":{"rendered":"<p>Les d\u00e9marches d&rsquo;inscription au TOEIC<\/p>\n<p>Vous envisagez de\u00a0<strong>vous inscrire au TOEIC<\/strong>\u00a0? Vous \u00eates au bon endroit. Dans cette cat\u00e9gorie, d\u00e9couvrez tous nos articles concernant l\u2019<strong>inscription au TOEIC<\/strong>. Processus d\u2019inscription, tarifs, options et r\u00e9ductions\u2026 Tout y est !<\/p>\n<p>L\u2019inscription au test ne peut se faire que\u00a0<strong>par internet<\/strong>. Seul le site officiel de l\u2019ETS (Educational Testing Service) vous permettra de vous inscrire au test en bonne et due forme. Pr\u00e9parer le <a href=\"https:\/\/global-exam.com\/fr\/exam\/toeic\" target=\"_blank\" rel=\"noopener\">TOEIC gr\u00e2ce \u00e0 un entra\u00eenement<\/a> d\u00e9di\u00e9 am\u00e9liorera vos chances de r\u00e9ussite. Si vous passez ce test dans le cadre scolaire, il y a fort \u00e0 parier que<strong>\u00a0l\u2019\u00e9tablissement se chargera de l\u2019inscription des \u00e9tudiants.<\/strong><\/p>\n<p>Dans cette rubrique, retrouvez nos articles complets concernant l\u2019inscription au TOEIC. En attendant, pourquoi ne pas commencer votre entra\u00eenement avec GlobalExam\u00a0?<\/p>\n","protected":false},"excerpt":{"rendered":"<p>Les d\u00e9marches d&rsquo;inscription au TOEIC Vous envisagez de\u00a0vous inscrire au TOEIC\u00a0? Vous \u00eates au bon endroit. Dans cette cat\u00e9gorie, d\u00e9couvrez tous nos [&hellip;]<\/p>\n","protected":false},"author":2,"featured_media":0,"parent":2986,"menu_order":0,"comment_status":"closed","ping_status":"closed","template":"","meta":[],"acf":[],"yoast_head":"<!-- This site is optimized with the Yoast SEO plugin v17.2.1 - https:\/\/yoast.com\/wordpress\/plugins\/seo\/ -->\n<title>S&#039;inscrire au TOEIC : centres d&#039;examen et infos pratiques<\/title>\n<meta name=\"description\" content=\"Pour s&#039;inscrire au TOEIC, il faut conna\u00eetre les lieux de passage, les adresses des centres d&#039;examen, les dates de passage, etc. GlobalExam vous explique tout !\" \/>\n<meta name=\"robots\" content=\"index, follow, max-snippet:-1, max-image-preview:large, max-video-preview:-1\" \/>\n<link rel=\"canonical\" href=\"https:\/\/global-exam.com\/blog\/fr\/examens\/toeic\/categorie-sinscrire-au-toeic\/\" \/>\n<meta property=\"og:locale\" content=\"fr_FR\" \/>\n<meta property=\"og:type\" content=\"article\" \/>\n<meta property=\"og:title\" content=\"S&#039;inscrire au TOEIC : centres d&#039;examen et infos pratiques\" \/>\n<meta property=\"og:description\" content=\"Pour s&#039;inscrire au TOEIC, il faut conna\u00eetre les lieux de passage, les adresses des centres d&#039;examen, les dates de passage, etc. GlobalExam vous explique tout !\" \/>\n<meta property=\"og:url\" content=\"https:\/\/global-exam.com\/blog\/fr\/examens\/toeic\/categorie-sinscrire-au-toeic\/\" \/>\n<meta property=\"og:site_name\" content=\"GlobalExam Blog\" \/>\n<meta property=\"article:publisher\" content=\"https:\/\/www.facebook.com\/Global.Exam\" \/>\n<meta property=\"article:modified_time\" content=\"2022-07-20T14:19:11+00:00\" \/>\n<meta name=\"twitter:card\" content=\"summary_large_image\" \/>\n<meta name=\"twitter:site\" content=\"@Global_Exam\" \/>\n<meta name=\"twitter:label1\" content=\"Dur\u00e9e de lecture estim\u00e9e\" \/>\n\t<meta name=\"twitter:data1\" content=\"1 minute\" \/>\n<script type=\"application\/ld+json\" class=\"yoast-schema-graph\">{\"@context\":\"https:\/\/schema.org\",\"@graph\":[{\"@type\":\"WebSite\",\"@id\":\"https:\/\/global-exam.com\/blog\/#website\",\"url\":\"https:\/\/global-exam.com\/blog\/\",\"name\":\"GlobalExam Blog\",\"description\":\"Le blog du sp\\u00e9cialiste de la certification linguistique\",\"potentialAction\":[{\"@type\":\"SearchAction\",\"target\":{\"@type\":\"EntryPoint\",\"urlTemplate\":\"https:\/\/global-exam.com\/blog\/?s={search_term_string}\"},\"query-input\":\"required name=search_term_string\"}],\"inLanguage\":\"fr-FR\"},{\"@type\":\"WebPage\",\"@id\":\"https:\/\/global-exam.com\/blog\/fr\/examens\/toeic\/categorie-sinscrire-au-toeic\/#webpage\",\"url\":\"https:\/\/global-exam.com\/blog\/fr\/examens\/toeic\/categorie-sinscrire-au-toeic\/\",\"name\":\"S'inscrire au TOEIC : centres d'examen et infos pratiques\",\"isPartOf\":{\"@id\":\"https:\/\/global-exam.com\/blog\/#website\"},\"datePublished\":\"2021-08-11T08:23:23+00:00\",\"dateModified\":\"2022-07-20T14:19:11+00:00\",\"description\":\"Pour s'inscrire au TOEIC, il faut conna\\u00eetre les lieux de passage, les adresses des centres d'examen, les dates de passage, etc. GlobalExam vous explique tout !\",\"breadcrumb\":{\"@id\":\"https:\/\/global-exam.com\/blog\/fr\/examens\/toeic\/categorie-sinscrire-au-toeic\/#breadcrumb\"},\"inLanguage\":\"fr-FR\",\"potentialAction\":[{\"@type\":\"ReadAction\",\"target\":[\"https:\/\/global-exam.com\/blog\/fr\/examens\/toeic\/categorie-sinscrire-au-toeic\/\"]}]},{\"@type\":\"BreadcrumbList\",\"@id\":\"https:\/\/global-exam.com\/blog\/fr\/examens\/toeic\/categorie-sinscrire-au-toeic\/#breadcrumb\",\"itemListElement\":[{\"@type\":\"ListItem\",\"position\":1,\"name\":\"Les examens de langue\",\"item\":\"https:\/\/global-exam.com\/blog\/fr\/examens\/\"},{\"@type\":\"ListItem\",\"position\":2,\"name\":\"TOEIC : pr\\u00e9parer le test\",\"item\":\"https:\/\/global-exam.com\/blog\/fr\/examens\/toeic\/\"},{\"@type\":\"ListItem\",\"position\":3,\"name\":\"S&rsquo;inscrire au TOEIC\"}]}]}<\/script>\n<!-- \/ Yoast SEO plugin. -->","yoast_head_json":{"title":"S'inscrire au TOEIC : centres d'examen et infos pratiques","description":"Pour s'inscrire au TOEIC, il faut conna\u00eetre les lieux de passage, les adresses des centres d'examen, les dates de passage, etc. GlobalExam vous explique tout !","robots":{"index":"index","follow":"follow","max-snippet":"max-snippet:-1","max-image-preview":"max-image-preview:large","max-video-preview":"max-video-preview:-1"},"canonical":"https:\/\/global-exam.com\/blog\/fr\/examens\/toeic\/categorie-sinscrire-au-toeic\/","og_locale":"fr_FR","og_type":"article","og_title":"S'inscrire au TOEIC : centres d'examen et infos pratiques","og_description":"Pour s'inscrire au TOEIC, il faut conna\u00eetre les lieux de passage, les adresses des centres d'examen, les dates de passage, etc. GlobalExam vous explique tout !","og_url":"https:\/\/global-exam.com\/blog\/fr\/examens\/toeic\/categorie-sinscrire-au-toeic\/","og_site_name":"GlobalExam Blog","article_publisher":"https:\/\/www.facebook.com\/Global.Exam","article_modified_time":"2022-07-20T14:19:11+00:00","twitter_card":"summary_large_image","twitter_site":"@Global_Exam","twitter_misc":{"Dur\u00e9e de lecture estim\u00e9e":"1 minute"},"schema":{"@context":"https:\/\/schema.org","@graph":[{"@type":"WebSite","@id":"https:\/\/global-exam.com\/blog\/#website","url":"https:\/\/global-exam.com\/blog\/","name":"GlobalExam Blog","description":"Le blog du sp\u00e9cialiste de la certification linguistique","potentialAction":[{"@type":"SearchAction","target":{"@type":"EntryPoint","urlTemplate":"https:\/\/global-exam.com\/blog\/?s={search_term_string}"},"query-input":"required name=search_term_string"}],"inLanguage":"fr-FR"},{"@type":"WebPage","@id":"https:\/\/global-exam.com\/blog\/fr\/examens\/toeic\/categorie-sinscrire-au-toeic\/#webpage","url":"https:\/\/global-exam.com\/blog\/fr\/examens\/toeic\/categorie-sinscrire-au-toeic\/","name":"S'inscrire au TOEIC : centres d'examen et infos pratiques","isPartOf":{"@id":"https:\/\/global-exam.com\/blog\/#website"},"datePublished":"2021-08-11T08:23:23+00:00","dateModified":"2022-07-20T14:19:11+00:00","description":"Pour s'inscrire au TOEIC, il faut conna\u00eetre les lieux de passage, les adresses des centres d'examen, les dates de passage, etc. GlobalExam vous explique tout !","breadcrumb":{"@id":"https:\/\/global-exam.com\/blog\/fr\/examens\/toeic\/categorie-sinscrire-au-toeic\/#breadcrumb"},"inLanguage":"fr-FR","potentialAction":[{"@type":"ReadAction","target":["https:\/\/global-exam.com\/blog\/fr\/examens\/toeic\/categorie-sinscrire-au-toeic\/"]}]},{"@type":"BreadcrumbList","@id":"https:\/\/global-exam.com\/blog\/fr\/examens\/toeic\/categorie-sinscrire-au-toeic\/#breadcrumb","itemListElement":[{"@type":"ListItem","position":1,"name":"Les examens de langue","item":"https:\/\/global-exam.com\/blog\/fr\/examens\/"},{"@type":"ListItem","position":2,"name":"TOEIC : pr\u00e9parer le test","item":"https:\/\/global-exam.com\/blog\/fr\/examens\/toeic\/"},{"@type":"ListItem","position":3,"name":"S&rsquo;inscrire au TOEIC"}]}]}},"lang":"fr","translations":{"fr":59339},"pll_sync_post":[],"_links":{"self":[{"href":"https:\/\/global-exam.com\/blog\/wp-json\/wp\/v2\/pages\/59339"}],"collection":[{"href":"https:\/\/global-exam.com\/blog\/wp-json\/wp\/v2\/pages"}],"about":[{"href":"https:\/\/global-exam.com\/blog\/wp-json\/wp\/v2\/types\/page"}],"author":[{"embeddable":true,"href":"https:\/\/global-exam.com\/blog\/wp-json\/wp\/v2\/users\/2"}],"replies":[{"embeddable":true,"href":"https:\/\/global-exam.com\/blog\/wp-json\/wp\/v2\/comments?post=59339"}],"version-history":[{"count":7,"href":"https:\/\/global-exam.com\/blog\/wp-json\/wp\/v2\/pages\/59339\/revisions"}],"predecessor-version":[{"id":78026,"href":"https:\/\/global-exam.com\/blog\/wp-json\/wp\/v2\/pages\/59339\/revisions\/78026"}],"up":[{"embeddable":true,"href":"https:\/\/global-exam.com\/blog\/wp-json\/wp\/v2\/pages\/2986"}],"wp:attachment":[{"href":"https:\/\/global-exam.com\/blog\/wp-json\/wp\/v2\/media?parent=59339"}],"curies":[{"name":"wp","href":"https:\/\/api.w.org\/{rel}","templated":true}]}}