{"id":59358,"date":"2021-08-11T10:33:54","date_gmt":"2021-08-11T08:33:54","guid":{"rendered":"https:\/\/global-exam.com\/blog\/?page_id=59358"},"modified":"2022-07-20T16:17:15","modified_gmt":"2022-07-20T14:17:15","slug":"categorie-temoignages-toeic","status":"publish","type":"page","link":"https:\/\/global-exam.com\/blog\/fr\/examens\/toeic\/categorie-temoignages-toeic\/","title":{"rendered":"Passage du TOEIC : les t\u00e9moignages"},"content":{"rendered":"<p>Choisir la formation GlobalExam<\/p>\n<p>Vous avez besoin de\u00a0<strong>certifier votre niveau de langue<\/strong>\u00a0pour votre\u00a0<strong>scolarit\u00e9<\/strong>\u00a0ou pour votre\u00a0<strong>vie professionnelle<\/strong>\u00a0et vous cherchez une\u00a0<strong>plateforme e-learning 100% d\u00e9di\u00e9e \u00e0 la pr\u00e9paration de tests de langue<\/strong>\u00a0? Quoi de mieux que des\u00a0<strong>t\u00e9moignages<\/strong>\u00a0pour faire le bon choix ?<\/p>\n<p>Chez\u00a0<strong>GlobalExam<\/strong>, nous avons \u00e0 c\u0153ur de vous proposer des\u00a0<a href=\"https:\/\/global-exam.com\/fr\/exam\/toeic\" target=\"_blank\" rel=\"noopener\"><strong>entra\u00eenements TOEIC complets<\/strong><\/a> pour pr\u00e9parer votre examen et le <strong>r\u00e9ussir haut la main<\/strong>. Nous obtenons la note de\u00a0<strong>4,5\/5 sur TrustPilot<\/strong> sur la base de plus de 500 avis.<\/p>\n<p>Dans cette cat\u00e9gorie, retrouvez tous les<strong>\u00a0t\u00e9moignages de Global Players<\/strong>, lesquels ont d\u00e9j\u00e0 r\u00e9ussi leur certification haut la main.<\/p>\n<p>Vous souhaitez certifier votre niveau d\u2019anglais rapidement, avec l\u2019aide d\u2019un entra\u00eenement efficace et personnalis\u00e9 ? Faites confiance \u00e0 GlobalExam pour votre TOEIC !<\/p>\n","protected":false},"excerpt":{"rendered":"<p>Choisir la formation GlobalExam Vous avez besoin de\u00a0certifier votre niveau de langue\u00a0pour votre\u00a0scolarit\u00e9\u00a0ou pour votre\u00a0vie professionnelle\u00a0et vous cherchez une\u00a0plateforme e-learning 100% d\u00e9di\u00e9e [&hellip;]<\/p>\n","protected":false},"author":2,"featured_media":0,"parent":2986,"menu_order":0,"comment_status":"closed","ping_status":"closed","template":"","meta":[],"acf":[],"yoast_head":"<!-- This site is optimized with the Yoast SEO plugin v17.2.1 - https:\/\/yoast.com\/wordpress\/plugins\/seo\/ -->\n<title>Passage du TOEIC : les t\u00e9moignages<\/title>\n<meta name=\"description\" content=\"Vous allez passer le TOEIC et aimeriez conna\u00eetre le ressenti de personnes l&#039;ayant d\u00e9j\u00e0 pass\u00e9 ? D\u00e9couvrez les t\u00e9moignages GlobalExam !\" \/>\n<meta name=\"robots\" content=\"index, follow, max-snippet:-1, max-image-preview:large, max-video-preview:-1\" \/>\n<link rel=\"canonical\" href=\"https:\/\/global-exam.com\/blog\/fr\/examens\/toeic\/categorie-temoignages-toeic\/\" \/>\n<meta property=\"og:locale\" content=\"fr_FR\" \/>\n<meta property=\"og:type\" content=\"article\" \/>\n<meta property=\"og:title\" content=\"Passage du TOEIC : les t\u00e9moignages\" \/>\n<meta property=\"og:description\" content=\"Vous allez passer le TOEIC et aimeriez conna\u00eetre le ressenti de personnes l&#039;ayant d\u00e9j\u00e0 pass\u00e9 ? D\u00e9couvrez les t\u00e9moignages GlobalExam !\" \/>\n<meta property=\"og:url\" content=\"https:\/\/global-exam.com\/blog\/fr\/examens\/toeic\/categorie-temoignages-toeic\/\" \/>\n<meta property=\"og:site_name\" content=\"GlobalExam Blog\" \/>\n<meta property=\"article:publisher\" content=\"https:\/\/www.facebook.com\/Global.Exam\" \/>\n<meta property=\"article:modified_time\" content=\"2022-07-20T14:17:15+00:00\" \/>\n<meta name=\"twitter:card\" content=\"summary_large_image\" \/>\n<meta name=\"twitter:site\" content=\"@Global_Exam\" \/>\n<meta name=\"twitter:label1\" content=\"Dur\u00e9e de lecture estim\u00e9e\" \/>\n\t<meta name=\"twitter:data1\" content=\"1 minute\" \/>\n<script type=\"application\/ld+json\" class=\"yoast-schema-graph\">{\"@context\":\"https:\/\/schema.org\",\"@graph\":[{\"@type\":\"WebSite\",\"@id\":\"https:\/\/global-exam.com\/blog\/#website\",\"url\":\"https:\/\/global-exam.com\/blog\/\",\"name\":\"GlobalExam Blog\",\"description\":\"Le blog du sp\\u00e9cialiste de la certification linguistique\",\"potentialAction\":[{\"@type\":\"SearchAction\",\"target\":{\"@type\":\"EntryPoint\",\"urlTemplate\":\"https:\/\/global-exam.com\/blog\/?s={search_term_string}\"},\"query-input\":\"required name=search_term_string\"}],\"inLanguage\":\"fr-FR\"},{\"@type\":\"WebPage\",\"@id\":\"https:\/\/global-exam.com\/blog\/fr\/examens\/toeic\/categorie-temoignages-toeic\/#webpage\",\"url\":\"https:\/\/global-exam.com\/blog\/fr\/examens\/toeic\/categorie-temoignages-toeic\/\",\"name\":\"Passage du TOEIC : les t\\u00e9moignages\",\"isPartOf\":{\"@id\":\"https:\/\/global-exam.com\/blog\/#website\"},\"datePublished\":\"2021-08-11T08:33:54+00:00\",\"dateModified\":\"2022-07-20T14:17:15+00:00\",\"description\":\"Vous allez passer le TOEIC et aimeriez conna\\u00eetre le ressenti de personnes l'ayant d\\u00e9j\\u00e0 pass\\u00e9 ? D\\u00e9couvrez les t\\u00e9moignages GlobalExam !\",\"breadcrumb\":{\"@id\":\"https:\/\/global-exam.com\/blog\/fr\/examens\/toeic\/categorie-temoignages-toeic\/#breadcrumb\"},\"inLanguage\":\"fr-FR\",\"potentialAction\":[{\"@type\":\"ReadAction\",\"target\":[\"https:\/\/global-exam.com\/blog\/fr\/examens\/toeic\/categorie-temoignages-toeic\/\"]}]},{\"@type\":\"BreadcrumbList\",\"@id\":\"https:\/\/global-exam.com\/blog\/fr\/examens\/toeic\/categorie-temoignages-toeic\/#breadcrumb\",\"itemListElement\":[{\"@type\":\"ListItem\",\"position\":1,\"name\":\"Les examens de langue\",\"item\":\"https:\/\/global-exam.com\/blog\/fr\/examens\/\"},{\"@type\":\"ListItem\",\"position\":2,\"name\":\"TOEIC : pr\\u00e9parer le test\",\"item\":\"https:\/\/global-exam.com\/blog\/fr\/examens\/toeic\/\"},{\"@type\":\"ListItem\",\"position\":3,\"name\":\"Passage du TOEIC : les t\\u00e9moignages\"}]}]}<\/script>\n<!-- \/ Yoast SEO plugin. -->","yoast_head_json":{"title":"Passage du TOEIC : les t\u00e9moignages","description":"Vous allez passer le TOEIC et aimeriez conna\u00eetre le ressenti de personnes l'ayant d\u00e9j\u00e0 pass\u00e9 ? D\u00e9couvrez les t\u00e9moignages GlobalExam !","robots":{"index":"index","follow":"follow","max-snippet":"max-snippet:-1","max-image-preview":"max-image-preview:large","max-video-preview":"max-video-preview:-1"},"canonical":"https:\/\/global-exam.com\/blog\/fr\/examens\/toeic\/categorie-temoignages-toeic\/","og_locale":"fr_FR","og_type":"article","og_title":"Passage du TOEIC : les t\u00e9moignages","og_description":"Vous allez passer le TOEIC et aimeriez conna\u00eetre le ressenti de personnes l'ayant d\u00e9j\u00e0 pass\u00e9 ? D\u00e9couvrez les t\u00e9moignages GlobalExam !","og_url":"https:\/\/global-exam.com\/blog\/fr\/examens\/toeic\/categorie-temoignages-toeic\/","og_site_name":"GlobalExam Blog","article_publisher":"https:\/\/www.facebook.com\/Global.Exam","article_modified_time":"2022-07-20T14:17:15+00:00","twitter_card":"summary_large_image","twitter_site":"@Global_Exam","twitter_misc":{"Dur\u00e9e de lecture estim\u00e9e":"1 minute"},"schema":{"@context":"https:\/\/schema.org","@graph":[{"@type":"WebSite","@id":"https:\/\/global-exam.com\/blog\/#website","url":"https:\/\/global-exam.com\/blog\/","name":"GlobalExam Blog","description":"Le blog du sp\u00e9cialiste de la certification linguistique","potentialAction":[{"@type":"SearchAction","target":{"@type":"EntryPoint","urlTemplate":"https:\/\/global-exam.com\/blog\/?s={search_term_string}"},"query-input":"required name=search_term_string"}],"inLanguage":"fr-FR"},{"@type":"WebPage","@id":"https:\/\/global-exam.com\/blog\/fr\/examens\/toeic\/categorie-temoignages-toeic\/#webpage","url":"https:\/\/global-exam.com\/blog\/fr\/examens\/toeic\/categorie-temoignages-toeic\/","name":"Passage du TOEIC : les t\u00e9moignages","isPartOf":{"@id":"https:\/\/global-exam.com\/blog\/#website"},"datePublished":"2021-08-11T08:33:54+00:00","dateModified":"2022-07-20T14:17:15+00:00","description":"Vous allez passer le TOEIC et aimeriez conna\u00eetre le ressenti de personnes l'ayant d\u00e9j\u00e0 pass\u00e9 ? D\u00e9couvrez les t\u00e9moignages GlobalExam !","breadcrumb":{"@id":"https:\/\/global-exam.com\/blog\/fr\/examens\/toeic\/categorie-temoignages-toeic\/#breadcrumb"},"inLanguage":"fr-FR","potentialAction":[{"@type":"ReadAction","target":["https:\/\/global-exam.com\/blog\/fr\/examens\/toeic\/categorie-temoignages-toeic\/"]}]},{"@type":"BreadcrumbList","@id":"https:\/\/global-exam.com\/blog\/fr\/examens\/toeic\/categorie-temoignages-toeic\/#breadcrumb","itemListElement":[{"@type":"ListItem","position":1,"name":"Les examens de langue","item":"https:\/\/global-exam.com\/blog\/fr\/examens\/"},{"@type":"ListItem","position":2,"name":"TOEIC : pr\u00e9parer le test","item":"https:\/\/global-exam.com\/blog\/fr\/examens\/toeic\/"},{"@type":"ListItem","position":3,"name":"Passage du TOEIC : les t\u00e9moignages"}]}]}},"lang":"fr","translations":{"fr":59358},"pll_sync_post":[],"_links":{"self":[{"href":"https:\/\/global-exam.com\/blog\/wp-json\/wp\/v2\/pages\/59358"}],"collection":[{"href":"https:\/\/global-exam.com\/blog\/wp-json\/wp\/v2\/pages"}],"about":[{"href":"https:\/\/global-exam.com\/blog\/wp-json\/wp\/v2\/types\/page"}],"author":[{"embeddable":true,"href":"https:\/\/global-exam.com\/blog\/wp-json\/wp\/v2\/users\/2"}],"replies":[{"embeddable":true,"href":"https:\/\/global-exam.com\/blog\/wp-json\/wp\/v2\/comments?post=59358"}],"version-history":[{"count":7,"href":"https:\/\/global-exam.com\/blog\/wp-json\/wp\/v2\/pages\/59358\/revisions"}],"predecessor-version":[{"id":78024,"href":"https:\/\/global-exam.com\/blog\/wp-json\/wp\/v2\/pages\/59358\/revisions\/78024"}],"up":[{"embeddable":true,"href":"https:\/\/global-exam.com\/blog\/wp-json\/wp\/v2\/pages\/2986"}],"wp:attachment":[{"href":"https:\/\/global-exam.com\/blog\/wp-json\/wp\/v2\/media?parent=59358"}],"curies":[{"name":"wp","href":"https:\/\/api.w.org\/{rel}","templated":true}]}}