{"id":59382,"date":"2021-08-11T10:55:56","date_gmt":"2021-08-11T08:55:56","guid":{"rendered":"https:\/\/global-exam.com\/blog\/?page_id=59382"},"modified":"2022-07-20T16:20:07","modified_gmt":"2022-07-20T14:20:07","slug":"categorie-vocabulaire-toeic","status":"publish","type":"page","link":"https:\/\/global-exam.com\/blog\/fr\/examens\/toeic\/categorie-vocabulaire-toeic\/","title":{"rendered":"Vocabulaire TOEIC"},"content":{"rendered":"<p>Am\u00e9liorez votre vocabulaire en anglais<\/p>\n<p>Pour s\u2019exprimer en anglais de mani\u00e8re convenable, un certain nombre de mots de vocabulaire est n\u00e9cessaire. Chez GlobalExam, nous vous proposons des<strong>\u00a0fiches de r\u00e9visions portant sur le vocabulaire <\/strong><strong>anglais<\/strong> en compl\u00e9ment de notre service de <a href=\"https:\/\/global-exam.com\/fr\/exam\/toeic\" target=\"_blank\" rel=\"noopener\">pr\u00e9paration au TOEIC<\/a>.<\/p>\n<p>Chaque fiche porte sur un th\u00e8me particulier, ce qui vous permet de travailler en profondeur sur un\u00a0<strong>champ lexical pr\u00e9cis<\/strong>. Bien s\u00fbr, chaque th\u00e8me correspond aux\u00a0<strong>th\u00e8mes du TOEIC<\/strong>. Elles vous permettront d\u2019appr\u00e9hender le monde professionnel en anglais et d\u2019<strong>augmenter votre score TOEIC.<\/strong><\/p>\n<p>Pour\u00a0<strong>augmenter votre score TOEIC<\/strong>\u00a0gr\u00e2ce \u00e0 un vocabulaire irr\u00e9prochable, faites confiance \u00e0 GlobalExam, la premi\u00e8re plateforme e-learning 100 % d\u00e9di\u00e9e \u00e0 la\u00a0<strong>pr\u00e9paration des tests de langue<\/strong>\u00a0!<\/p>\n","protected":false},"excerpt":{"rendered":"<p>Am\u00e9liorez votre vocabulaire en anglais Pour s\u2019exprimer en anglais de mani\u00e8re convenable, un certain nombre de mots de vocabulaire est n\u00e9cessaire. Chez [&hellip;]<\/p>\n","protected":false},"author":2,"featured_media":0,"parent":2986,"menu_order":0,"comment_status":"closed","ping_status":"closed","template":"","meta":[],"acf":[],"yoast_head":"<!-- This site is optimized with the Yoast SEO plugin v17.2.1 - https:\/\/yoast.com\/wordpress\/plugins\/seo\/ -->\n<title>Vocabulaire TOEIC<\/title>\n<meta name=\"description\" content=\"Pour am\u00e9liorer votre vocabulaire d&#039;anglais pour le TOEIC, GlobalExam propose des fiches sur diff\u00e9rents th\u00e8mes pour r\u00e9viser le TOEIC.\" \/>\n<meta name=\"robots\" content=\"index, follow, max-snippet:-1, max-image-preview:large, max-video-preview:-1\" \/>\n<link rel=\"canonical\" href=\"https:\/\/global-exam.com\/blog\/fr\/examens\/toeic\/categorie-vocabulaire-toeic\/\" \/>\n<meta property=\"og:locale\" content=\"fr_FR\" \/>\n<meta property=\"og:type\" content=\"article\" \/>\n<meta property=\"og:title\" content=\"Vocabulaire TOEIC\" \/>\n<meta property=\"og:description\" content=\"Pour am\u00e9liorer votre vocabulaire d&#039;anglais pour le TOEIC, GlobalExam propose des fiches sur diff\u00e9rents th\u00e8mes pour r\u00e9viser le TOEIC.\" \/>\n<meta property=\"og:url\" content=\"https:\/\/global-exam.com\/blog\/fr\/examens\/toeic\/categorie-vocabulaire-toeic\/\" \/>\n<meta property=\"og:site_name\" content=\"GlobalExam Blog\" \/>\n<meta property=\"article:publisher\" content=\"https:\/\/www.facebook.com\/Global.Exam\" \/>\n<meta property=\"article:modified_time\" content=\"2022-07-20T14:20:07+00:00\" \/>\n<meta name=\"twitter:card\" content=\"summary_large_image\" \/>\n<meta name=\"twitter:site\" content=\"@Global_Exam\" \/>\n<meta name=\"twitter:label1\" content=\"Dur\u00e9e de lecture estim\u00e9e\" \/>\n\t<meta name=\"twitter:data1\" content=\"1 minute\" \/>\n<script type=\"application\/ld+json\" class=\"yoast-schema-graph\">{\"@context\":\"https:\/\/schema.org\",\"@graph\":[{\"@type\":\"WebSite\",\"@id\":\"https:\/\/global-exam.com\/blog\/#website\",\"url\":\"https:\/\/global-exam.com\/blog\/\",\"name\":\"GlobalExam Blog\",\"description\":\"Le blog du sp\\u00e9cialiste de la certification linguistique\",\"potentialAction\":[{\"@type\":\"SearchAction\",\"target\":{\"@type\":\"EntryPoint\",\"urlTemplate\":\"https:\/\/global-exam.com\/blog\/?s={search_term_string}\"},\"query-input\":\"required name=search_term_string\"}],\"inLanguage\":\"fr-FR\"},{\"@type\":\"WebPage\",\"@id\":\"https:\/\/global-exam.com\/blog\/fr\/examens\/toeic\/categorie-vocabulaire-toeic\/#webpage\",\"url\":\"https:\/\/global-exam.com\/blog\/fr\/examens\/toeic\/categorie-vocabulaire-toeic\/\",\"name\":\"Vocabulaire TOEIC\",\"isPartOf\":{\"@id\":\"https:\/\/global-exam.com\/blog\/#website\"},\"datePublished\":\"2021-08-11T08:55:56+00:00\",\"dateModified\":\"2022-07-20T14:20:07+00:00\",\"description\":\"Pour am\\u00e9liorer votre vocabulaire d'anglais pour le TOEIC, GlobalExam propose des fiches sur diff\\u00e9rents th\\u00e8mes pour r\\u00e9viser le TOEIC.\",\"breadcrumb\":{\"@id\":\"https:\/\/global-exam.com\/blog\/fr\/examens\/toeic\/categorie-vocabulaire-toeic\/#breadcrumb\"},\"inLanguage\":\"fr-FR\",\"potentialAction\":[{\"@type\":\"ReadAction\",\"target\":[\"https:\/\/global-exam.com\/blog\/fr\/examens\/toeic\/categorie-vocabulaire-toeic\/\"]}]},{\"@type\":\"BreadcrumbList\",\"@id\":\"https:\/\/global-exam.com\/blog\/fr\/examens\/toeic\/categorie-vocabulaire-toeic\/#breadcrumb\",\"itemListElement\":[{\"@type\":\"ListItem\",\"position\":1,\"name\":\"Les examens de langue\",\"item\":\"https:\/\/global-exam.com\/blog\/fr\/examens\/\"},{\"@type\":\"ListItem\",\"position\":2,\"name\":\"TOEIC : pr\\u00e9parer le test\",\"item\":\"https:\/\/global-exam.com\/blog\/fr\/examens\/toeic\/\"},{\"@type\":\"ListItem\",\"position\":3,\"name\":\"Vocabulaire TOEIC\"}]}]}<\/script>\n<!-- \/ Yoast SEO plugin. -->","yoast_head_json":{"title":"Vocabulaire TOEIC","description":"Pour am\u00e9liorer votre vocabulaire d'anglais pour le TOEIC, GlobalExam propose des fiches sur diff\u00e9rents th\u00e8mes pour r\u00e9viser le TOEIC.","robots":{"index":"index","follow":"follow","max-snippet":"max-snippet:-1","max-image-preview":"max-image-preview:large","max-video-preview":"max-video-preview:-1"},"canonical":"https:\/\/global-exam.com\/blog\/fr\/examens\/toeic\/categorie-vocabulaire-toeic\/","og_locale":"fr_FR","og_type":"article","og_title":"Vocabulaire TOEIC","og_description":"Pour am\u00e9liorer votre vocabulaire d'anglais pour le TOEIC, GlobalExam propose des fiches sur diff\u00e9rents th\u00e8mes pour r\u00e9viser le TOEIC.","og_url":"https:\/\/global-exam.com\/blog\/fr\/examens\/toeic\/categorie-vocabulaire-toeic\/","og_site_name":"GlobalExam Blog","article_publisher":"https:\/\/www.facebook.com\/Global.Exam","article_modified_time":"2022-07-20T14:20:07+00:00","twitter_card":"summary_large_image","twitter_site":"@Global_Exam","twitter_misc":{"Dur\u00e9e de lecture estim\u00e9e":"1 minute"},"schema":{"@context":"https:\/\/schema.org","@graph":[{"@type":"WebSite","@id":"https:\/\/global-exam.com\/blog\/#website","url":"https:\/\/global-exam.com\/blog\/","name":"GlobalExam Blog","description":"Le blog du sp\u00e9cialiste de la certification linguistique","potentialAction":[{"@type":"SearchAction","target":{"@type":"EntryPoint","urlTemplate":"https:\/\/global-exam.com\/blog\/?s={search_term_string}"},"query-input":"required name=search_term_string"}],"inLanguage":"fr-FR"},{"@type":"WebPage","@id":"https:\/\/global-exam.com\/blog\/fr\/examens\/toeic\/categorie-vocabulaire-toeic\/#webpage","url":"https:\/\/global-exam.com\/blog\/fr\/examens\/toeic\/categorie-vocabulaire-toeic\/","name":"Vocabulaire TOEIC","isPartOf":{"@id":"https:\/\/global-exam.com\/blog\/#website"},"datePublished":"2021-08-11T08:55:56+00:00","dateModified":"2022-07-20T14:20:07+00:00","description":"Pour am\u00e9liorer votre vocabulaire d'anglais pour le TOEIC, GlobalExam propose des fiches sur diff\u00e9rents th\u00e8mes pour r\u00e9viser le TOEIC.","breadcrumb":{"@id":"https:\/\/global-exam.com\/blog\/fr\/examens\/toeic\/categorie-vocabulaire-toeic\/#breadcrumb"},"inLanguage":"fr-FR","potentialAction":[{"@type":"ReadAction","target":["https:\/\/global-exam.com\/blog\/fr\/examens\/toeic\/categorie-vocabulaire-toeic\/"]}]},{"@type":"BreadcrumbList","@id":"https:\/\/global-exam.com\/blog\/fr\/examens\/toeic\/categorie-vocabulaire-toeic\/#breadcrumb","itemListElement":[{"@type":"ListItem","position":1,"name":"Les examens de langue","item":"https:\/\/global-exam.com\/blog\/fr\/examens\/"},{"@type":"ListItem","position":2,"name":"TOEIC : pr\u00e9parer le test","item":"https:\/\/global-exam.com\/blog\/fr\/examens\/toeic\/"},{"@type":"ListItem","position":3,"name":"Vocabulaire TOEIC"}]}]}},"lang":"fr","translations":{"fr":59382},"pll_sync_post":[],"_links":{"self":[{"href":"https:\/\/global-exam.com\/blog\/wp-json\/wp\/v2\/pages\/59382"}],"collection":[{"href":"https:\/\/global-exam.com\/blog\/wp-json\/wp\/v2\/pages"}],"about":[{"href":"https:\/\/global-exam.com\/blog\/wp-json\/wp\/v2\/types\/page"}],"author":[{"embeddable":true,"href":"https:\/\/global-exam.com\/blog\/wp-json\/wp\/v2\/users\/2"}],"replies":[{"embeddable":true,"href":"https:\/\/global-exam.com\/blog\/wp-json\/wp\/v2\/comments?post=59382"}],"version-history":[{"count":9,"href":"https:\/\/global-exam.com\/blog\/wp-json\/wp\/v2\/pages\/59382\/revisions"}],"predecessor-version":[{"id":78027,"href":"https:\/\/global-exam.com\/blog\/wp-json\/wp\/v2\/pages\/59382\/revisions\/78027"}],"up":[{"embeddable":true,"href":"https:\/\/global-exam.com\/blog\/wp-json\/wp\/v2\/pages\/2986"}],"wp:attachment":[{"href":"https:\/\/global-exam.com\/blog\/wp-json\/wp\/v2\/media?parent=59382"}],"curies":[{"name":"wp","href":"https:\/\/api.w.org\/{rel}","templated":true}]}}