{"id":59538,"date":"2021-08-11T14:09:43","date_gmt":"2021-08-11T12:09:43","guid":{"rendered":"https:\/\/global-exam.com\/blog\/?page_id=59538"},"modified":"2022-08-31T14:32:39","modified_gmt":"2022-08-31T12:32:39","slug":"categorie-pourquoi-passer-le-linguaskill-bulats","status":"publish","type":"page","link":"https:\/\/global-exam.com\/blog\/fr\/examens\/bulats\/categorie-pourquoi-passer-le-linguaskill-bulats\/","title":{"rendered":"Pourquoi passer le Linguaskill (BULATS) ?"},"content":{"rendered":"<p>Les avantages du Linguaskill<\/p>\n<p>Le Linguaskill est, \u00e0 l\u2019instar du TOEIC, un test visant \u00e0 <strong>\u00e9valuer le niveau d\u2019anglais professionnel<\/strong> d\u2019un individu dont la langue maternelle n\u2019est pas l\u2019anglais. Cr\u00e9\u00e9 par Cambridge Language Assessment, il a d\u2019abord \u00e9t\u00e9 cr\u00e9\u00e9 en 4 langues. D\u00e9sormais, il n\u2019existe plus qu\u2019en anglais.<\/p>\n<p>Dans cette cat\u00e9gorie, d\u00e9couvrez tous les<strong> avantages du Linguaskill<\/strong>. Vous souhaitez entrer dans le <strong>monde du travail<\/strong> ou dans une <strong>universit\u00e9 anglophone ?<\/strong> <strong>Obtenir un VISA <\/strong>ou une <strong>promotion<\/strong> visant \u00e0 travailler \u00e0 l\u2019international ? Toutes les r\u00e9ponses \u00e0 vos questions se trouvent dans cette cat\u00e9gorie.<\/p>\n<p>Le Linguaskill est un atout pour les \u00e9tudiants puisqu&rsquo;il peut \u00e9galement s\u2019av\u00e9rer utile si vous souhaitez partir \u00e0 l\u2019\u00e9tranger pour vos \u00e9tudes mais \u00e9galement pour s&rsquo;auto\u00e9valuer. Dans la vie professionnelle, nombre de recruteurs demandent une certification d\u2019anglais. Le Linguaskill peut \u00eatre un atout de taille si vous souhaitez obtenir une promotion ou si vous envisagez de travailler \u00e0 l\u2019international.<\/p>\n","protected":false},"excerpt":{"rendered":"<p>Les avantages du Linguaskill Le Linguaskill est, \u00e0 l\u2019instar du TOEIC, un test visant \u00e0 \u00e9valuer le niveau d\u2019anglais professionnel d\u2019un individu [&hellip;]<\/p>\n","protected":false},"author":2,"featured_media":0,"parent":2843,"menu_order":0,"comment_status":"closed","ping_status":"closed","template":"","meta":[],"acf":[],"yoast_head":"<!-- This site is optimized with the Yoast SEO plugin v17.2.1 - https:\/\/yoast.com\/wordpress\/plugins\/seo\/ -->\n<title>Pourquoi passer le Linguaskill (BULATS) ? - GlobalExam Blog<\/title>\n<meta name=\"description\" content=\"Certifiez votre niveau d&#039;anglais avec le test Linguaskill : d\u00e9couvrez tous les avantages que pr\u00e9sente cet examen reconnu \u00e0 l&#039;international.\" \/>\n<meta name=\"robots\" content=\"index, follow, max-snippet:-1, max-image-preview:large, max-video-preview:-1\" \/>\n<link rel=\"canonical\" href=\"https:\/\/global-exam.com\/blog\/fr\/examens\/bulats\/categorie-pourquoi-passer-le-linguaskill-bulats\/\" \/>\n<meta property=\"og:locale\" content=\"fr_FR\" \/>\n<meta property=\"og:type\" content=\"article\" \/>\n<meta property=\"og:title\" content=\"Pourquoi passer le Linguaskill (BULATS) ? - GlobalExam Blog\" \/>\n<meta property=\"og:description\" content=\"Certifiez votre niveau d&#039;anglais avec le test Linguaskill : d\u00e9couvrez tous les avantages que pr\u00e9sente cet examen reconnu \u00e0 l&#039;international.\" \/>\n<meta property=\"og:url\" content=\"https:\/\/global-exam.com\/blog\/fr\/examens\/bulats\/categorie-pourquoi-passer-le-linguaskill-bulats\/\" \/>\n<meta property=\"og:site_name\" content=\"GlobalExam Blog\" \/>\n<meta property=\"article:publisher\" content=\"https:\/\/www.facebook.com\/Global.Exam\" \/>\n<meta property=\"article:modified_time\" content=\"2022-08-31T12:32:39+00:00\" \/>\n<meta name=\"twitter:card\" content=\"summary_large_image\" \/>\n<meta name=\"twitter:site\" content=\"@Global_Exam\" \/>\n<meta name=\"twitter:label1\" content=\"Dur\u00e9e de lecture estim\u00e9e\" \/>\n\t<meta name=\"twitter:data1\" content=\"1 minute\" \/>\n<script type=\"application\/ld+json\" class=\"yoast-schema-graph\">{\"@context\":\"https:\/\/schema.org\",\"@graph\":[{\"@type\":\"WebSite\",\"@id\":\"https:\/\/global-exam.com\/blog\/#website\",\"url\":\"https:\/\/global-exam.com\/blog\/\",\"name\":\"GlobalExam Blog\",\"description\":\"Le blog du sp\\u00e9cialiste de la certification linguistique\",\"potentialAction\":[{\"@type\":\"SearchAction\",\"target\":{\"@type\":\"EntryPoint\",\"urlTemplate\":\"https:\/\/global-exam.com\/blog\/?s={search_term_string}\"},\"query-input\":\"required name=search_term_string\"}],\"inLanguage\":\"fr-FR\"},{\"@type\":\"WebPage\",\"@id\":\"https:\/\/global-exam.com\/blog\/fr\/examens\/bulats\/categorie-pourquoi-passer-le-linguaskill-bulats\/#webpage\",\"url\":\"https:\/\/global-exam.com\/blog\/fr\/examens\/bulats\/categorie-pourquoi-passer-le-linguaskill-bulats\/\",\"name\":\"Pourquoi passer le Linguaskill (BULATS) ? - GlobalExam Blog\",\"isPartOf\":{\"@id\":\"https:\/\/global-exam.com\/blog\/#website\"},\"datePublished\":\"2021-08-11T12:09:43+00:00\",\"dateModified\":\"2022-08-31T12:32:39+00:00\",\"description\":\"Certifiez votre niveau d'anglais avec le test Linguaskill : d\\u00e9couvrez tous les avantages que pr\\u00e9sente cet examen reconnu \\u00e0 l'international.\",\"breadcrumb\":{\"@id\":\"https:\/\/global-exam.com\/blog\/fr\/examens\/bulats\/categorie-pourquoi-passer-le-linguaskill-bulats\/#breadcrumb\"},\"inLanguage\":\"fr-FR\",\"potentialAction\":[{\"@type\":\"ReadAction\",\"target\":[\"https:\/\/global-exam.com\/blog\/fr\/examens\/bulats\/categorie-pourquoi-passer-le-linguaskill-bulats\/\"]}]},{\"@type\":\"BreadcrumbList\",\"@id\":\"https:\/\/global-exam.com\/blog\/fr\/examens\/bulats\/categorie-pourquoi-passer-le-linguaskill-bulats\/#breadcrumb\",\"itemListElement\":[{\"@type\":\"ListItem\",\"position\":1,\"name\":\"Les examens de langue\",\"item\":\"https:\/\/global-exam.com\/blog\/fr\/examens\/\"},{\"@type\":\"ListItem\",\"position\":2,\"name\":\"Linguaskill (BULATS)\",\"item\":\"https:\/\/global-exam.com\/blog\/fr\/examens\/bulats\/\"},{\"@type\":\"ListItem\",\"position\":3,\"name\":\"Pourquoi passer le Linguaskill (BULATS) ?\"}]}]}<\/script>\n<!-- \/ Yoast SEO plugin. -->","yoast_head_json":{"title":"Pourquoi passer le Linguaskill (BULATS) ? - GlobalExam Blog","description":"Certifiez votre niveau d'anglais avec le test Linguaskill : d\u00e9couvrez tous les avantages que pr\u00e9sente cet examen reconnu \u00e0 l'international.","robots":{"index":"index","follow":"follow","max-snippet":"max-snippet:-1","max-image-preview":"max-image-preview:large","max-video-preview":"max-video-preview:-1"},"canonical":"https:\/\/global-exam.com\/blog\/fr\/examens\/bulats\/categorie-pourquoi-passer-le-linguaskill-bulats\/","og_locale":"fr_FR","og_type":"article","og_title":"Pourquoi passer le Linguaskill (BULATS) ? - GlobalExam Blog","og_description":"Certifiez votre niveau d'anglais avec le test Linguaskill : d\u00e9couvrez tous les avantages que pr\u00e9sente cet examen reconnu \u00e0 l'international.","og_url":"https:\/\/global-exam.com\/blog\/fr\/examens\/bulats\/categorie-pourquoi-passer-le-linguaskill-bulats\/","og_site_name":"GlobalExam Blog","article_publisher":"https:\/\/www.facebook.com\/Global.Exam","article_modified_time":"2022-08-31T12:32:39+00:00","twitter_card":"summary_large_image","twitter_site":"@Global_Exam","twitter_misc":{"Dur\u00e9e de lecture estim\u00e9e":"1 minute"},"schema":{"@context":"https:\/\/schema.org","@graph":[{"@type":"WebSite","@id":"https:\/\/global-exam.com\/blog\/#website","url":"https:\/\/global-exam.com\/blog\/","name":"GlobalExam Blog","description":"Le blog du sp\u00e9cialiste de la certification linguistique","potentialAction":[{"@type":"SearchAction","target":{"@type":"EntryPoint","urlTemplate":"https:\/\/global-exam.com\/blog\/?s={search_term_string}"},"query-input":"required name=search_term_string"}],"inLanguage":"fr-FR"},{"@type":"WebPage","@id":"https:\/\/global-exam.com\/blog\/fr\/examens\/bulats\/categorie-pourquoi-passer-le-linguaskill-bulats\/#webpage","url":"https:\/\/global-exam.com\/blog\/fr\/examens\/bulats\/categorie-pourquoi-passer-le-linguaskill-bulats\/","name":"Pourquoi passer le Linguaskill (BULATS) ? - GlobalExam Blog","isPartOf":{"@id":"https:\/\/global-exam.com\/blog\/#website"},"datePublished":"2021-08-11T12:09:43+00:00","dateModified":"2022-08-31T12:32:39+00:00","description":"Certifiez votre niveau d'anglais avec le test Linguaskill : d\u00e9couvrez tous les avantages que pr\u00e9sente cet examen reconnu \u00e0 l'international.","breadcrumb":{"@id":"https:\/\/global-exam.com\/blog\/fr\/examens\/bulats\/categorie-pourquoi-passer-le-linguaskill-bulats\/#breadcrumb"},"inLanguage":"fr-FR","potentialAction":[{"@type":"ReadAction","target":["https:\/\/global-exam.com\/blog\/fr\/examens\/bulats\/categorie-pourquoi-passer-le-linguaskill-bulats\/"]}]},{"@type":"BreadcrumbList","@id":"https:\/\/global-exam.com\/blog\/fr\/examens\/bulats\/categorie-pourquoi-passer-le-linguaskill-bulats\/#breadcrumb","itemListElement":[{"@type":"ListItem","position":1,"name":"Les examens de langue","item":"https:\/\/global-exam.com\/blog\/fr\/examens\/"},{"@type":"ListItem","position":2,"name":"Linguaskill (BULATS)","item":"https:\/\/global-exam.com\/blog\/fr\/examens\/bulats\/"},{"@type":"ListItem","position":3,"name":"Pourquoi passer le Linguaskill (BULATS) ?"}]}]}},"lang":"fr","translations":{"fr":59538},"pll_sync_post":[],"_links":{"self":[{"href":"https:\/\/global-exam.com\/blog\/wp-json\/wp\/v2\/pages\/59538"}],"collection":[{"href":"https:\/\/global-exam.com\/blog\/wp-json\/wp\/v2\/pages"}],"about":[{"href":"https:\/\/global-exam.com\/blog\/wp-json\/wp\/v2\/types\/page"}],"author":[{"embeddable":true,"href":"https:\/\/global-exam.com\/blog\/wp-json\/wp\/v2\/users\/2"}],"replies":[{"embeddable":true,"href":"https:\/\/global-exam.com\/blog\/wp-json\/wp\/v2\/comments?post=59538"}],"version-history":[{"count":9,"href":"https:\/\/global-exam.com\/blog\/wp-json\/wp\/v2\/pages\/59538\/revisions"}],"predecessor-version":[{"id":79198,"href":"https:\/\/global-exam.com\/blog\/wp-json\/wp\/v2\/pages\/59538\/revisions\/79198"}],"up":[{"embeddable":true,"href":"https:\/\/global-exam.com\/blog\/wp-json\/wp\/v2\/pages\/2843"}],"wp:attachment":[{"href":"https:\/\/global-exam.com\/blog\/wp-json\/wp\/v2\/media?parent=59538"}],"curies":[{"name":"wp","href":"https:\/\/api.w.org\/{rel}","templated":true}]}}