{"id":59547,"date":"2021-08-11T14:12:46","date_gmt":"2021-08-11T12:12:46","guid":{"rendered":"https:\/\/global-exam.com\/blog\/?page_id=59547"},"modified":"2022-08-31T14:28:35","modified_gmt":"2022-08-31T12:28:35","slug":"categorie-avoir-un-bon-score-au-linguaskill-bulats","status":"publish","type":"page","link":"https:\/\/global-exam.com\/blog\/fr\/examens\/bulats\/categorie-avoir-un-bon-score-au-linguaskill-bulats\/","title":{"rendered":"Avoir un bon score au Linguaskill (BULATS)"},"content":{"rendered":"<p>Obtenir un bon score au Linguaskill<\/p>\n<p>Dans cette cat\u00e9gorie, d\u00e9couvrez <strong>toutes nos informations sur le score Linguaskill<\/strong>. Comment obtenir un bon score\u00a0? Comment le score est-il calcul\u00e9\u00a0? Dans cette section, vous trouverez toutes les informations recherch\u00e9es.<\/p>\n<p>Le <strong>score Linguaskill va de 1 \u00e0 100<\/strong>, 1 \u00e9tant la moins bonne note et 100 la meilleure note. Si le test Linguaskill a une dur\u00e9e de validit\u00e9 illimit\u00e9e, certaines entreprises peuvent toutefois vous demander de pr\u00e9senter une certification datant de <strong>moins de 2 ans<\/strong>. Un grand nombre d\u2019entreprises demande un score Linguaskill \u00e0 l\u2019entretien d\u2019embauche. D\u00e9couvrez les nombreux avantages de ce test et comment obtenir un bon score le jour de l&rsquo;examen.<\/p>\n<p>Pour vous entra\u00eener au BULATS, faites confiance \u00e0 GlobalExam, premi\u00e8re plateforme e-learning 100% d\u00e9di\u00e9e \u00e0 la pr\u00e9paration des tests linguistiques. Au programme, <strong>des entra\u00eenements, des examens blancs et des fiches de r\u00e9visions, afin d\u2019optimiser vos chances de r\u00e9ussite.<\/strong><\/p>\n","protected":false},"excerpt":{"rendered":"<p>Obtenir un bon score au Linguaskill Dans cette cat\u00e9gorie, d\u00e9couvrez toutes nos informations sur le score Linguaskill. Comment obtenir un bon score\u00a0? [&hellip;]<\/p>\n","protected":false},"author":2,"featured_media":0,"parent":2843,"menu_order":0,"comment_status":"closed","ping_status":"closed","template":"","meta":[],"acf":[],"yoast_head":"<!-- This site is optimized with the Yoast SEO plugin v17.2.1 - https:\/\/yoast.com\/wordpress\/plugins\/seo\/ -->\n<title>Avoir un bon score au Linguaskill (BULATS)<\/title>\n<meta name=\"description\" content=\"Obtenez un bon score au Linguaskill en suivant les conseils de GlobalExam disponibles dans notre blog d\u00e9di\u00e9 aux certifications en langues.\" \/>\n<meta name=\"robots\" content=\"index, follow, max-snippet:-1, max-image-preview:large, max-video-preview:-1\" \/>\n<link rel=\"canonical\" href=\"https:\/\/global-exam.com\/blog\/fr\/examens\/bulats\/categorie-avoir-un-bon-score-au-linguaskill-bulats\/\" \/>\n<meta property=\"og:locale\" content=\"fr_FR\" \/>\n<meta property=\"og:type\" content=\"article\" \/>\n<meta property=\"og:title\" content=\"Avoir un bon score au Linguaskill (BULATS)\" \/>\n<meta property=\"og:description\" content=\"Obtenez un bon score au Linguaskill en suivant les conseils de GlobalExam disponibles dans notre blog d\u00e9di\u00e9 aux certifications en langues.\" \/>\n<meta property=\"og:url\" content=\"https:\/\/global-exam.com\/blog\/fr\/examens\/bulats\/categorie-avoir-un-bon-score-au-linguaskill-bulats\/\" \/>\n<meta property=\"og:site_name\" content=\"GlobalExam Blog\" \/>\n<meta property=\"article:publisher\" content=\"https:\/\/www.facebook.com\/Global.Exam\" \/>\n<meta property=\"article:modified_time\" content=\"2022-08-31T12:28:35+00:00\" \/>\n<meta name=\"twitter:card\" content=\"summary_large_image\" \/>\n<meta name=\"twitter:site\" content=\"@Global_Exam\" \/>\n<meta name=\"twitter:label1\" content=\"Dur\u00e9e de lecture estim\u00e9e\" \/>\n\t<meta name=\"twitter:data1\" content=\"1 minute\" \/>\n<script type=\"application\/ld+json\" class=\"yoast-schema-graph\">{\"@context\":\"https:\/\/schema.org\",\"@graph\":[{\"@type\":\"WebSite\",\"@id\":\"https:\/\/global-exam.com\/blog\/#website\",\"url\":\"https:\/\/global-exam.com\/blog\/\",\"name\":\"GlobalExam Blog\",\"description\":\"Le blog du sp\\u00e9cialiste de la certification linguistique\",\"potentialAction\":[{\"@type\":\"SearchAction\",\"target\":{\"@type\":\"EntryPoint\",\"urlTemplate\":\"https:\/\/global-exam.com\/blog\/?s={search_term_string}\"},\"query-input\":\"required name=search_term_string\"}],\"inLanguage\":\"fr-FR\"},{\"@type\":\"WebPage\",\"@id\":\"https:\/\/global-exam.com\/blog\/fr\/examens\/bulats\/categorie-avoir-un-bon-score-au-linguaskill-bulats\/#webpage\",\"url\":\"https:\/\/global-exam.com\/blog\/fr\/examens\/bulats\/categorie-avoir-un-bon-score-au-linguaskill-bulats\/\",\"name\":\"Avoir un bon score au Linguaskill (BULATS)\",\"isPartOf\":{\"@id\":\"https:\/\/global-exam.com\/blog\/#website\"},\"datePublished\":\"2021-08-11T12:12:46+00:00\",\"dateModified\":\"2022-08-31T12:28:35+00:00\",\"description\":\"Obtenez un bon score au Linguaskill en suivant les conseils de GlobalExam disponibles dans notre blog d\\u00e9di\\u00e9 aux certifications en langues.\",\"breadcrumb\":{\"@id\":\"https:\/\/global-exam.com\/blog\/fr\/examens\/bulats\/categorie-avoir-un-bon-score-au-linguaskill-bulats\/#breadcrumb\"},\"inLanguage\":\"fr-FR\",\"potentialAction\":[{\"@type\":\"ReadAction\",\"target\":[\"https:\/\/global-exam.com\/blog\/fr\/examens\/bulats\/categorie-avoir-un-bon-score-au-linguaskill-bulats\/\"]}]},{\"@type\":\"BreadcrumbList\",\"@id\":\"https:\/\/global-exam.com\/blog\/fr\/examens\/bulats\/categorie-avoir-un-bon-score-au-linguaskill-bulats\/#breadcrumb\",\"itemListElement\":[{\"@type\":\"ListItem\",\"position\":1,\"name\":\"Les examens de langue\",\"item\":\"https:\/\/global-exam.com\/blog\/fr\/examens\/\"},{\"@type\":\"ListItem\",\"position\":2,\"name\":\"Linguaskill (BULATS)\",\"item\":\"https:\/\/global-exam.com\/blog\/fr\/examens\/bulats\/\"},{\"@type\":\"ListItem\",\"position\":3,\"name\":\"Avoir un bon score au Linguaskill (BULATS)\"}]}]}<\/script>\n<!-- \/ Yoast SEO plugin. -->","yoast_head_json":{"title":"Avoir un bon score au Linguaskill (BULATS)","description":"Obtenez un bon score au Linguaskill en suivant les conseils de GlobalExam disponibles dans notre blog d\u00e9di\u00e9 aux certifications en langues.","robots":{"index":"index","follow":"follow","max-snippet":"max-snippet:-1","max-image-preview":"max-image-preview:large","max-video-preview":"max-video-preview:-1"},"canonical":"https:\/\/global-exam.com\/blog\/fr\/examens\/bulats\/categorie-avoir-un-bon-score-au-linguaskill-bulats\/","og_locale":"fr_FR","og_type":"article","og_title":"Avoir un bon score au Linguaskill (BULATS)","og_description":"Obtenez un bon score au Linguaskill en suivant les conseils de GlobalExam disponibles dans notre blog d\u00e9di\u00e9 aux certifications en langues.","og_url":"https:\/\/global-exam.com\/blog\/fr\/examens\/bulats\/categorie-avoir-un-bon-score-au-linguaskill-bulats\/","og_site_name":"GlobalExam Blog","article_publisher":"https:\/\/www.facebook.com\/Global.Exam","article_modified_time":"2022-08-31T12:28:35+00:00","twitter_card":"summary_large_image","twitter_site":"@Global_Exam","twitter_misc":{"Dur\u00e9e de lecture estim\u00e9e":"1 minute"},"schema":{"@context":"https:\/\/schema.org","@graph":[{"@type":"WebSite","@id":"https:\/\/global-exam.com\/blog\/#website","url":"https:\/\/global-exam.com\/blog\/","name":"GlobalExam Blog","description":"Le blog du sp\u00e9cialiste de la certification linguistique","potentialAction":[{"@type":"SearchAction","target":{"@type":"EntryPoint","urlTemplate":"https:\/\/global-exam.com\/blog\/?s={search_term_string}"},"query-input":"required name=search_term_string"}],"inLanguage":"fr-FR"},{"@type":"WebPage","@id":"https:\/\/global-exam.com\/blog\/fr\/examens\/bulats\/categorie-avoir-un-bon-score-au-linguaskill-bulats\/#webpage","url":"https:\/\/global-exam.com\/blog\/fr\/examens\/bulats\/categorie-avoir-un-bon-score-au-linguaskill-bulats\/","name":"Avoir un bon score au Linguaskill (BULATS)","isPartOf":{"@id":"https:\/\/global-exam.com\/blog\/#website"},"datePublished":"2021-08-11T12:12:46+00:00","dateModified":"2022-08-31T12:28:35+00:00","description":"Obtenez un bon score au Linguaskill en suivant les conseils de GlobalExam disponibles dans notre blog d\u00e9di\u00e9 aux certifications en langues.","breadcrumb":{"@id":"https:\/\/global-exam.com\/blog\/fr\/examens\/bulats\/categorie-avoir-un-bon-score-au-linguaskill-bulats\/#breadcrumb"},"inLanguage":"fr-FR","potentialAction":[{"@type":"ReadAction","target":["https:\/\/global-exam.com\/blog\/fr\/examens\/bulats\/categorie-avoir-un-bon-score-au-linguaskill-bulats\/"]}]},{"@type":"BreadcrumbList","@id":"https:\/\/global-exam.com\/blog\/fr\/examens\/bulats\/categorie-avoir-un-bon-score-au-linguaskill-bulats\/#breadcrumb","itemListElement":[{"@type":"ListItem","position":1,"name":"Les examens de langue","item":"https:\/\/global-exam.com\/blog\/fr\/examens\/"},{"@type":"ListItem","position":2,"name":"Linguaskill (BULATS)","item":"https:\/\/global-exam.com\/blog\/fr\/examens\/bulats\/"},{"@type":"ListItem","position":3,"name":"Avoir un bon score au Linguaskill (BULATS)"}]}]}},"lang":"fr","translations":{"fr":59547},"pll_sync_post":[],"_links":{"self":[{"href":"https:\/\/global-exam.com\/blog\/wp-json\/wp\/v2\/pages\/59547"}],"collection":[{"href":"https:\/\/global-exam.com\/blog\/wp-json\/wp\/v2\/pages"}],"about":[{"href":"https:\/\/global-exam.com\/blog\/wp-json\/wp\/v2\/types\/page"}],"author":[{"embeddable":true,"href":"https:\/\/global-exam.com\/blog\/wp-json\/wp\/v2\/users\/2"}],"replies":[{"embeddable":true,"href":"https:\/\/global-exam.com\/blog\/wp-json\/wp\/v2\/comments?post=59547"}],"version-history":[{"count":9,"href":"https:\/\/global-exam.com\/blog\/wp-json\/wp\/v2\/pages\/59547\/revisions"}],"predecessor-version":[{"id":79193,"href":"https:\/\/global-exam.com\/blog\/wp-json\/wp\/v2\/pages\/59547\/revisions\/79193"}],"up":[{"embeddable":true,"href":"https:\/\/global-exam.com\/blog\/wp-json\/wp\/v2\/pages\/2843"}],"wp:attachment":[{"href":"https:\/\/global-exam.com\/blog\/wp-json\/wp\/v2\/media?parent=59547"}],"curies":[{"name":"wp","href":"https:\/\/api.w.org\/{rel}","templated":true}]}}