{"id":59576,"date":"2021-08-11T14:20:43","date_gmt":"2021-08-11T12:20:43","guid":{"rendered":"https:\/\/global-exam.com\/blog\/?page_id=59576"},"modified":"2022-08-31T14:30:05","modified_gmt":"2022-08-31T12:30:05","slug":"categorie-conseils-pour-sentrainer-au-linguaskill-bulats","status":"publish","type":"page","link":"https:\/\/global-exam.com\/blog\/fr\/examens\/bulats\/categorie-conseils-pour-sentrainer-au-linguaskill-bulats\/","title":{"rendered":"Conseils pour s&rsquo;entra\u00eener au Linguaskill (BULATS)"},"content":{"rendered":"<p>Pr\u00e9parer le Linguaskill<\/p>\n<p>Le <strong>Linguaskill <\/strong>(anciennement BULATS) est un <strong>test reconnu dans de nombreux pays<\/strong>, visant \u00e0 prouver son <strong>niveau d\u2019anglais professionnel.<\/strong> Le test est <strong>divis\u00e9 en 3 parties<\/strong> (Listening, Speaking, Writing) et permet \u00e0 un individu de certifier son niveau d\u2019anglais, dans le cadre <strong>scolaire<\/strong> comme <strong>professionnel<\/strong>. Dans cette cat\u00e9gorie, d\u00e9couvrez nos <strong>conseils d\u2019experts<\/strong> pour vous <strong>entra\u00eener au Linguaskill <\/strong>et maximiser vos chances de r\u00e9ussite !<\/p>\n<p>L\u2019\u00e9quipe GlobalExam vous a concoct\u00e9<strong> 3 strat\u00e9gies<\/strong> pour vous entra\u00eener efficacement au BULATS, et obtenir un bon score : bien conna\u00eetre la structure de l&rsquo;examen, se fixer un objectif r\u00e9alisable et bien planifier son entra\u00eenement.<\/p>\n<p>Vous trouverez <strong>plus de d\u00e9tails et de conseils dans les articles de cette cat\u00e9gorie<\/strong> !<\/p>\n","protected":false},"excerpt":{"rendered":"<p>Pr\u00e9parer le Linguaskill Le Linguaskill (anciennement BULATS) est un test reconnu dans de nombreux pays, visant \u00e0 prouver son niveau d\u2019anglais professionnel. [&hellip;]<\/p>\n","protected":false},"author":2,"featured_media":0,"parent":2843,"menu_order":0,"comment_status":"closed","ping_status":"closed","template":"","meta":[],"acf":[],"yoast_head":"<!-- This site is optimized with the Yoast SEO plugin v17.2.1 - https:\/\/yoast.com\/wordpress\/plugins\/seo\/ -->\n<title>Conseils pour s&#039;entra\u00eener au Linguaskill (BULATS)<\/title>\n<meta name=\"description\" content=\"Test d&#039;anglais Linguaskill : GlobalExam vous donne ses conseils et astuces pour pr\u00e9parer et r\u00e9ussir l&#039;examen haut la main !\" \/>\n<meta name=\"robots\" content=\"index, follow, max-snippet:-1, max-image-preview:large, max-video-preview:-1\" \/>\n<link rel=\"canonical\" href=\"https:\/\/global-exam.com\/blog\/fr\/examens\/bulats\/categorie-conseils-pour-sentrainer-au-linguaskill-bulats\/\" \/>\n<meta property=\"og:locale\" content=\"fr_FR\" \/>\n<meta property=\"og:type\" content=\"article\" \/>\n<meta property=\"og:title\" content=\"Conseils pour s&#039;entra\u00eener au Linguaskill (BULATS)\" \/>\n<meta property=\"og:description\" content=\"Test d&#039;anglais Linguaskill : GlobalExam vous donne ses conseils et astuces pour pr\u00e9parer et r\u00e9ussir l&#039;examen haut la main !\" \/>\n<meta property=\"og:url\" content=\"https:\/\/global-exam.com\/blog\/fr\/examens\/bulats\/categorie-conseils-pour-sentrainer-au-linguaskill-bulats\/\" \/>\n<meta property=\"og:site_name\" content=\"GlobalExam Blog\" \/>\n<meta property=\"article:publisher\" content=\"https:\/\/www.facebook.com\/Global.Exam\" \/>\n<meta property=\"article:modified_time\" content=\"2022-08-31T12:30:05+00:00\" \/>\n<meta name=\"twitter:card\" content=\"summary_large_image\" \/>\n<meta name=\"twitter:site\" content=\"@Global_Exam\" \/>\n<meta name=\"twitter:label1\" content=\"Dur\u00e9e de lecture estim\u00e9e\" \/>\n\t<meta name=\"twitter:data1\" content=\"1 minute\" \/>\n<script type=\"application\/ld+json\" class=\"yoast-schema-graph\">{\"@context\":\"https:\/\/schema.org\",\"@graph\":[{\"@type\":\"WebSite\",\"@id\":\"https:\/\/global-exam.com\/blog\/#website\",\"url\":\"https:\/\/global-exam.com\/blog\/\",\"name\":\"GlobalExam Blog\",\"description\":\"Le blog du sp\\u00e9cialiste de la certification linguistique\",\"potentialAction\":[{\"@type\":\"SearchAction\",\"target\":{\"@type\":\"EntryPoint\",\"urlTemplate\":\"https:\/\/global-exam.com\/blog\/?s={search_term_string}\"},\"query-input\":\"required name=search_term_string\"}],\"inLanguage\":\"fr-FR\"},{\"@type\":\"WebPage\",\"@id\":\"https:\/\/global-exam.com\/blog\/fr\/examens\/bulats\/categorie-conseils-pour-sentrainer-au-linguaskill-bulats\/#webpage\",\"url\":\"https:\/\/global-exam.com\/blog\/fr\/examens\/bulats\/categorie-conseils-pour-sentrainer-au-linguaskill-bulats\/\",\"name\":\"Conseils pour s'entra\\u00eener au Linguaskill (BULATS)\",\"isPartOf\":{\"@id\":\"https:\/\/global-exam.com\/blog\/#website\"},\"datePublished\":\"2021-08-11T12:20:43+00:00\",\"dateModified\":\"2022-08-31T12:30:05+00:00\",\"description\":\"Test d'anglais Linguaskill : GlobalExam vous donne ses conseils et astuces pour pr\\u00e9parer et r\\u00e9ussir l'examen haut la main !\",\"breadcrumb\":{\"@id\":\"https:\/\/global-exam.com\/blog\/fr\/examens\/bulats\/categorie-conseils-pour-sentrainer-au-linguaskill-bulats\/#breadcrumb\"},\"inLanguage\":\"fr-FR\",\"potentialAction\":[{\"@type\":\"ReadAction\",\"target\":[\"https:\/\/global-exam.com\/blog\/fr\/examens\/bulats\/categorie-conseils-pour-sentrainer-au-linguaskill-bulats\/\"]}]},{\"@type\":\"BreadcrumbList\",\"@id\":\"https:\/\/global-exam.com\/blog\/fr\/examens\/bulats\/categorie-conseils-pour-sentrainer-au-linguaskill-bulats\/#breadcrumb\",\"itemListElement\":[{\"@type\":\"ListItem\",\"position\":1,\"name\":\"Les examens de langue\",\"item\":\"https:\/\/global-exam.com\/blog\/fr\/examens\/\"},{\"@type\":\"ListItem\",\"position\":2,\"name\":\"Linguaskill (BULATS)\",\"item\":\"https:\/\/global-exam.com\/blog\/fr\/examens\/bulats\/\"},{\"@type\":\"ListItem\",\"position\":3,\"name\":\"Conseils pour s&rsquo;entra\\u00eener au Linguaskill (BULATS)\"}]}]}<\/script>\n<!-- \/ Yoast SEO plugin. -->","yoast_head_json":{"title":"Conseils pour s'entra\u00eener au Linguaskill (BULATS)","description":"Test d'anglais Linguaskill : GlobalExam vous donne ses conseils et astuces pour pr\u00e9parer et r\u00e9ussir l'examen haut la main !","robots":{"index":"index","follow":"follow","max-snippet":"max-snippet:-1","max-image-preview":"max-image-preview:large","max-video-preview":"max-video-preview:-1"},"canonical":"https:\/\/global-exam.com\/blog\/fr\/examens\/bulats\/categorie-conseils-pour-sentrainer-au-linguaskill-bulats\/","og_locale":"fr_FR","og_type":"article","og_title":"Conseils pour s'entra\u00eener au Linguaskill (BULATS)","og_description":"Test d'anglais Linguaskill : GlobalExam vous donne ses conseils et astuces pour pr\u00e9parer et r\u00e9ussir l'examen haut la main !","og_url":"https:\/\/global-exam.com\/blog\/fr\/examens\/bulats\/categorie-conseils-pour-sentrainer-au-linguaskill-bulats\/","og_site_name":"GlobalExam Blog","article_publisher":"https:\/\/www.facebook.com\/Global.Exam","article_modified_time":"2022-08-31T12:30:05+00:00","twitter_card":"summary_large_image","twitter_site":"@Global_Exam","twitter_misc":{"Dur\u00e9e de lecture estim\u00e9e":"1 minute"},"schema":{"@context":"https:\/\/schema.org","@graph":[{"@type":"WebSite","@id":"https:\/\/global-exam.com\/blog\/#website","url":"https:\/\/global-exam.com\/blog\/","name":"GlobalExam Blog","description":"Le blog du sp\u00e9cialiste de la certification linguistique","potentialAction":[{"@type":"SearchAction","target":{"@type":"EntryPoint","urlTemplate":"https:\/\/global-exam.com\/blog\/?s={search_term_string}"},"query-input":"required name=search_term_string"}],"inLanguage":"fr-FR"},{"@type":"WebPage","@id":"https:\/\/global-exam.com\/blog\/fr\/examens\/bulats\/categorie-conseils-pour-sentrainer-au-linguaskill-bulats\/#webpage","url":"https:\/\/global-exam.com\/blog\/fr\/examens\/bulats\/categorie-conseils-pour-sentrainer-au-linguaskill-bulats\/","name":"Conseils pour s'entra\u00eener au Linguaskill (BULATS)","isPartOf":{"@id":"https:\/\/global-exam.com\/blog\/#website"},"datePublished":"2021-08-11T12:20:43+00:00","dateModified":"2022-08-31T12:30:05+00:00","description":"Test d'anglais Linguaskill : GlobalExam vous donne ses conseils et astuces pour pr\u00e9parer et r\u00e9ussir l'examen haut la main !","breadcrumb":{"@id":"https:\/\/global-exam.com\/blog\/fr\/examens\/bulats\/categorie-conseils-pour-sentrainer-au-linguaskill-bulats\/#breadcrumb"},"inLanguage":"fr-FR","potentialAction":[{"@type":"ReadAction","target":["https:\/\/global-exam.com\/blog\/fr\/examens\/bulats\/categorie-conseils-pour-sentrainer-au-linguaskill-bulats\/"]}]},{"@type":"BreadcrumbList","@id":"https:\/\/global-exam.com\/blog\/fr\/examens\/bulats\/categorie-conseils-pour-sentrainer-au-linguaskill-bulats\/#breadcrumb","itemListElement":[{"@type":"ListItem","position":1,"name":"Les examens de langue","item":"https:\/\/global-exam.com\/blog\/fr\/examens\/"},{"@type":"ListItem","position":2,"name":"Linguaskill (BULATS)","item":"https:\/\/global-exam.com\/blog\/fr\/examens\/bulats\/"},{"@type":"ListItem","position":3,"name":"Conseils pour s&rsquo;entra\u00eener au Linguaskill (BULATS)"}]}]}},"lang":"fr","translations":{"fr":59576},"pll_sync_post":[],"_links":{"self":[{"href":"https:\/\/global-exam.com\/blog\/wp-json\/wp\/v2\/pages\/59576"}],"collection":[{"href":"https:\/\/global-exam.com\/blog\/wp-json\/wp\/v2\/pages"}],"about":[{"href":"https:\/\/global-exam.com\/blog\/wp-json\/wp\/v2\/types\/page"}],"author":[{"embeddable":true,"href":"https:\/\/global-exam.com\/blog\/wp-json\/wp\/v2\/users\/2"}],"replies":[{"embeddable":true,"href":"https:\/\/global-exam.com\/blog\/wp-json\/wp\/v2\/comments?post=59576"}],"version-history":[{"count":9,"href":"https:\/\/global-exam.com\/blog\/wp-json\/wp\/v2\/pages\/59576\/revisions"}],"predecessor-version":[{"id":79195,"href":"https:\/\/global-exam.com\/blog\/wp-json\/wp\/v2\/pages\/59576\/revisions\/79195"}],"up":[{"embeddable":true,"href":"https:\/\/global-exam.com\/blog\/wp-json\/wp\/v2\/pages\/2843"}],"wp:attachment":[{"href":"https:\/\/global-exam.com\/blog\/wp-json\/wp\/v2\/media?parent=59576"}],"curies":[{"name":"wp","href":"https:\/\/api.w.org\/{rel}","templated":true}]}}