{"id":59585,"date":"2021-08-11T14:25:20","date_gmt":"2021-08-11T12:25:20","guid":{"rendered":"https:\/\/global-exam.com\/blog\/?page_id=59585"},"modified":"2022-08-31T14:34:24","modified_gmt":"2022-08-31T12:34:24","slug":"categorie-supports-pour-sentrainer-au-linguaskill-bulats","status":"publish","type":"page","link":"https:\/\/global-exam.com\/blog\/fr\/examens\/bulats\/categorie-supports-pour-sentrainer-au-linguaskill-bulats\/","title":{"rendered":"Supports pour s&rsquo;entra\u00eener au Linguaskill (BULATS)"},"content":{"rendered":"<p>Choisir ses supports pour s&rsquo;entra\u00eener au Linguaskill<\/p>\n<p>Le <strong>Linguaskill <\/strong>est un <strong>test d\u2019anglais<\/strong> de plus en plus utilis\u00e9 par les universit\u00e9s et les recruteurs pour s\u00e9lectionner les candidats. Dans cette cat\u00e9gorie, d\u00e9couvrez tous <strong>les supports pour vous entra\u00eener<\/strong> efficacement au Linguaskill.<\/p>\n<p>Il existe de nombreux supports pour s&rsquo;entra\u00eener au Linguaskill, aussi diff\u00e9rents que compl\u00e9mentaires. Nous vous recommandons vivement de <strong>varier les supports<\/strong> au maximum (audio, vid\u00e9o, texte&#8230;) afin de vous familiariser avec l\u2019examen de mani\u00e8re optimale et d\u2019augmenter vos chances de r\u00e9ussite.<\/p>\n<p>Dans cette cat\u00e9gorie, vous trouverez les pr\u00e9sentations d\u00e9taill\u00e9es de chaque support d\u2019entra\u00eenement, leurs avantages ainsi que leurs inconv\u00e9nients. Nous vous livrons \u00e9galement nos conseils sur les livres \u00e0 adopter, si vous souhaitez vous entra\u00eener avec des ouvrages.<\/p>\n","protected":false},"excerpt":{"rendered":"<p>Choisir ses supports pour s&rsquo;entra\u00eener au Linguaskill Le Linguaskill est un test d\u2019anglais de plus en plus utilis\u00e9 par les universit\u00e9s et [&hellip;]<\/p>\n","protected":false},"author":2,"featured_media":0,"parent":2843,"menu_order":0,"comment_status":"closed","ping_status":"closed","template":"","meta":[],"acf":[],"yoast_head":"<!-- This site is optimized with the Yoast SEO plugin v17.2.1 - https:\/\/yoast.com\/wordpress\/plugins\/seo\/ -->\n<title>Supports pour s&#039;entra\u00eener au Linguaskill (BULATS)<\/title>\n<meta name=\"description\" content=\"Vous cherchez des supports pour pr\u00e9parer le Linguaskill ? D\u00e9couvrez notre s\u00e9lection de supports pour s&#039;entra\u00eener efficacement \u00e0 ce test.\" \/>\n<meta name=\"robots\" content=\"index, follow, max-snippet:-1, max-image-preview:large, max-video-preview:-1\" \/>\n<link rel=\"canonical\" href=\"https:\/\/global-exam.com\/blog\/fr\/examens\/bulats\/categorie-supports-pour-sentrainer-au-linguaskill-bulats\/\" \/>\n<meta property=\"og:locale\" content=\"fr_FR\" \/>\n<meta property=\"og:type\" content=\"article\" \/>\n<meta property=\"og:title\" content=\"Supports pour s&#039;entra\u00eener au Linguaskill (BULATS)\" \/>\n<meta property=\"og:description\" content=\"Vous cherchez des supports pour pr\u00e9parer le Linguaskill ? D\u00e9couvrez notre s\u00e9lection de supports pour s&#039;entra\u00eener efficacement \u00e0 ce test.\" \/>\n<meta property=\"og:url\" content=\"https:\/\/global-exam.com\/blog\/fr\/examens\/bulats\/categorie-supports-pour-sentrainer-au-linguaskill-bulats\/\" \/>\n<meta property=\"og:site_name\" content=\"GlobalExam Blog\" \/>\n<meta property=\"article:publisher\" content=\"https:\/\/www.facebook.com\/Global.Exam\" \/>\n<meta property=\"article:modified_time\" content=\"2022-08-31T12:34:24+00:00\" \/>\n<meta name=\"twitter:card\" content=\"summary_large_image\" \/>\n<meta name=\"twitter:site\" content=\"@Global_Exam\" \/>\n<meta name=\"twitter:label1\" content=\"Dur\u00e9e de lecture estim\u00e9e\" \/>\n\t<meta name=\"twitter:data1\" content=\"1 minute\" \/>\n<script type=\"application\/ld+json\" class=\"yoast-schema-graph\">{\"@context\":\"https:\/\/schema.org\",\"@graph\":[{\"@type\":\"WebSite\",\"@id\":\"https:\/\/global-exam.com\/blog\/#website\",\"url\":\"https:\/\/global-exam.com\/blog\/\",\"name\":\"GlobalExam Blog\",\"description\":\"Le blog du sp\\u00e9cialiste de la certification linguistique\",\"potentialAction\":[{\"@type\":\"SearchAction\",\"target\":{\"@type\":\"EntryPoint\",\"urlTemplate\":\"https:\/\/global-exam.com\/blog\/?s={search_term_string}\"},\"query-input\":\"required name=search_term_string\"}],\"inLanguage\":\"fr-FR\"},{\"@type\":\"WebPage\",\"@id\":\"https:\/\/global-exam.com\/blog\/fr\/examens\/bulats\/categorie-supports-pour-sentrainer-au-linguaskill-bulats\/#webpage\",\"url\":\"https:\/\/global-exam.com\/blog\/fr\/examens\/bulats\/categorie-supports-pour-sentrainer-au-linguaskill-bulats\/\",\"name\":\"Supports pour s'entra\\u00eener au Linguaskill (BULATS)\",\"isPartOf\":{\"@id\":\"https:\/\/global-exam.com\/blog\/#website\"},\"datePublished\":\"2021-08-11T12:25:20+00:00\",\"dateModified\":\"2022-08-31T12:34:24+00:00\",\"description\":\"Vous cherchez des supports pour pr\\u00e9parer le Linguaskill ? D\\u00e9couvrez notre s\\u00e9lection de supports pour s'entra\\u00eener efficacement \\u00e0 ce test.\",\"breadcrumb\":{\"@id\":\"https:\/\/global-exam.com\/blog\/fr\/examens\/bulats\/categorie-supports-pour-sentrainer-au-linguaskill-bulats\/#breadcrumb\"},\"inLanguage\":\"fr-FR\",\"potentialAction\":[{\"@type\":\"ReadAction\",\"target\":[\"https:\/\/global-exam.com\/blog\/fr\/examens\/bulats\/categorie-supports-pour-sentrainer-au-linguaskill-bulats\/\"]}]},{\"@type\":\"BreadcrumbList\",\"@id\":\"https:\/\/global-exam.com\/blog\/fr\/examens\/bulats\/categorie-supports-pour-sentrainer-au-linguaskill-bulats\/#breadcrumb\",\"itemListElement\":[{\"@type\":\"ListItem\",\"position\":1,\"name\":\"Les examens de langue\",\"item\":\"https:\/\/global-exam.com\/blog\/fr\/examens\/\"},{\"@type\":\"ListItem\",\"position\":2,\"name\":\"Linguaskill (BULATS)\",\"item\":\"https:\/\/global-exam.com\/blog\/fr\/examens\/bulats\/\"},{\"@type\":\"ListItem\",\"position\":3,\"name\":\"Supports pour s&rsquo;entra\\u00eener au Linguaskill (BULATS)\"}]}]}<\/script>\n<!-- \/ Yoast SEO plugin. -->","yoast_head_json":{"title":"Supports pour s'entra\u00eener au Linguaskill (BULATS)","description":"Vous cherchez des supports pour pr\u00e9parer le Linguaskill ? D\u00e9couvrez notre s\u00e9lection de supports pour s'entra\u00eener efficacement \u00e0 ce test.","robots":{"index":"index","follow":"follow","max-snippet":"max-snippet:-1","max-image-preview":"max-image-preview:large","max-video-preview":"max-video-preview:-1"},"canonical":"https:\/\/global-exam.com\/blog\/fr\/examens\/bulats\/categorie-supports-pour-sentrainer-au-linguaskill-bulats\/","og_locale":"fr_FR","og_type":"article","og_title":"Supports pour s'entra\u00eener au Linguaskill (BULATS)","og_description":"Vous cherchez des supports pour pr\u00e9parer le Linguaskill ? D\u00e9couvrez notre s\u00e9lection de supports pour s'entra\u00eener efficacement \u00e0 ce test.","og_url":"https:\/\/global-exam.com\/blog\/fr\/examens\/bulats\/categorie-supports-pour-sentrainer-au-linguaskill-bulats\/","og_site_name":"GlobalExam Blog","article_publisher":"https:\/\/www.facebook.com\/Global.Exam","article_modified_time":"2022-08-31T12:34:24+00:00","twitter_card":"summary_large_image","twitter_site":"@Global_Exam","twitter_misc":{"Dur\u00e9e de lecture estim\u00e9e":"1 minute"},"schema":{"@context":"https:\/\/schema.org","@graph":[{"@type":"WebSite","@id":"https:\/\/global-exam.com\/blog\/#website","url":"https:\/\/global-exam.com\/blog\/","name":"GlobalExam Blog","description":"Le blog du sp\u00e9cialiste de la certification linguistique","potentialAction":[{"@type":"SearchAction","target":{"@type":"EntryPoint","urlTemplate":"https:\/\/global-exam.com\/blog\/?s={search_term_string}"},"query-input":"required name=search_term_string"}],"inLanguage":"fr-FR"},{"@type":"WebPage","@id":"https:\/\/global-exam.com\/blog\/fr\/examens\/bulats\/categorie-supports-pour-sentrainer-au-linguaskill-bulats\/#webpage","url":"https:\/\/global-exam.com\/blog\/fr\/examens\/bulats\/categorie-supports-pour-sentrainer-au-linguaskill-bulats\/","name":"Supports pour s'entra\u00eener au Linguaskill (BULATS)","isPartOf":{"@id":"https:\/\/global-exam.com\/blog\/#website"},"datePublished":"2021-08-11T12:25:20+00:00","dateModified":"2022-08-31T12:34:24+00:00","description":"Vous cherchez des supports pour pr\u00e9parer le Linguaskill ? D\u00e9couvrez notre s\u00e9lection de supports pour s'entra\u00eener efficacement \u00e0 ce test.","breadcrumb":{"@id":"https:\/\/global-exam.com\/blog\/fr\/examens\/bulats\/categorie-supports-pour-sentrainer-au-linguaskill-bulats\/#breadcrumb"},"inLanguage":"fr-FR","potentialAction":[{"@type":"ReadAction","target":["https:\/\/global-exam.com\/blog\/fr\/examens\/bulats\/categorie-supports-pour-sentrainer-au-linguaskill-bulats\/"]}]},{"@type":"BreadcrumbList","@id":"https:\/\/global-exam.com\/blog\/fr\/examens\/bulats\/categorie-supports-pour-sentrainer-au-linguaskill-bulats\/#breadcrumb","itemListElement":[{"@type":"ListItem","position":1,"name":"Les examens de langue","item":"https:\/\/global-exam.com\/blog\/fr\/examens\/"},{"@type":"ListItem","position":2,"name":"Linguaskill (BULATS)","item":"https:\/\/global-exam.com\/blog\/fr\/examens\/bulats\/"},{"@type":"ListItem","position":3,"name":"Supports pour s&rsquo;entra\u00eener au Linguaskill (BULATS)"}]}]}},"lang":"fr","translations":{"fr":59585},"pll_sync_post":[],"_links":{"self":[{"href":"https:\/\/global-exam.com\/blog\/wp-json\/wp\/v2\/pages\/59585"}],"collection":[{"href":"https:\/\/global-exam.com\/blog\/wp-json\/wp\/v2\/pages"}],"about":[{"href":"https:\/\/global-exam.com\/blog\/wp-json\/wp\/v2\/types\/page"}],"author":[{"embeddable":true,"href":"https:\/\/global-exam.com\/blog\/wp-json\/wp\/v2\/users\/2"}],"replies":[{"embeddable":true,"href":"https:\/\/global-exam.com\/blog\/wp-json\/wp\/v2\/comments?post=59585"}],"version-history":[{"count":8,"href":"https:\/\/global-exam.com\/blog\/wp-json\/wp\/v2\/pages\/59585\/revisions"}],"predecessor-version":[{"id":79201,"href":"https:\/\/global-exam.com\/blog\/wp-json\/wp\/v2\/pages\/59585\/revisions\/79201"}],"up":[{"embeddable":true,"href":"https:\/\/global-exam.com\/blog\/wp-json\/wp\/v2\/pages\/2843"}],"wp:attachment":[{"href":"https:\/\/global-exam.com\/blog\/wp-json\/wp\/v2\/media?parent=59585"}],"curies":[{"name":"wp","href":"https:\/\/api.w.org\/{rel}","templated":true}]}}