{"id":59595,"date":"2021-08-11T14:29:53","date_gmt":"2021-08-11T12:29:53","guid":{"rendered":"https:\/\/global-exam.com\/blog\/?page_id=59595"},"modified":"2022-08-31T14:35:07","modified_gmt":"2022-08-31T12:35:07","slug":"categorie-temoignages-passage-du-linguaskill-bulats","status":"publish","type":"page","link":"https:\/\/global-exam.com\/blog\/fr\/examens\/bulats\/categorie-temoignages-passage-du-linguaskill-bulats\/","title":{"rendered":"T\u00e9moignages : passage du Linguaskill (BULATS)"},"content":{"rendered":"<p>Choisir GlobalExam pour pr\u00e9parer le Linguaskill<\/p>\n<p>Si vous \u00eates sur cette page, c\u2019est certainement parce que vous souhaitez obtenir des informations sur <strong>l\u2019efficacit\u00e9 de notre plateforme d\u2019entra\u00eenement<\/strong> et sur <strong>le contenu de nos prestations<\/strong>. Quoi de mieux que des <strong>avis de personnes<\/strong> r\u00e9ellement concern\u00e9es, s\u2019\u00e9tant entra\u00een\u00e9es sur la plateforme ? Dans cette cat\u00e9gorie, d\u00e9couvrez<strong> les t\u00e9moignages de nos apprenants<\/strong> ayant pass\u00e9 le Linguaskill.<\/p>\n<p><strong>GlobalExam<\/strong> vous permet de conna\u00eetre votre <strong>niveau d\u2019anglais<\/strong> gr\u00e2ce \u00e0 un <strong>test gratuit<\/strong>, de vous <strong>entra\u00eener<\/strong> quotidiennement \u00e0 l\u2019aide d\u2019exercices, d\u2019exercices corrig\u00e9s et d\u2019examens blancs et d\u2019avoir acc\u00e8s \u00e0 des fiches de r\u00e9vision. Dans cette cat\u00e9gorie, vous pourrez retrouver les <strong>t\u00e9moignages<\/strong> de tous ceux qui nous ont fait confiance pour <strong>am\u00e9liorer leur niveau d\u2019anglais<\/strong> et r\u00e9ussir leurs tests de langue.<\/p>\n<p>Merci \u00e0 tous ceux qui contribuent \u00e0 faire conna\u00eetre <strong>GlobalExam<\/strong> au quotidien ! Nous sommes heureux de vous <strong>aider \u00e0 progresser<\/strong> en langues \u00e9trang\u00e8res, et de vous compter toujours plus nombreux.<\/p>\n","protected":false},"excerpt":{"rendered":"<p>Choisir GlobalExam pour pr\u00e9parer le Linguaskill Si vous \u00eates sur cette page, c\u2019est certainement parce que vous souhaitez obtenir des informations sur [&hellip;]<\/p>\n","protected":false},"author":2,"featured_media":0,"parent":2843,"menu_order":0,"comment_status":"closed","ping_status":"closed","template":"","meta":[],"acf":[],"yoast_head":"<!-- This site is optimized with the Yoast SEO plugin v17.2.1 - https:\/\/yoast.com\/wordpress\/plugins\/seo\/ -->\n<title>T\u00e9moignages : passage du Linguaskill (BULATS)<\/title>\n<meta name=\"description\" content=\"Pr\u00e9paration au Linguaskill : nos apprenants t\u00e9moignent de leur exp\u00e9rience avec GlobalExam. Vous aussi, entra\u00eenez-vous pour votre test !\" \/>\n<meta name=\"robots\" content=\"index, follow, max-snippet:-1, max-image-preview:large, max-video-preview:-1\" \/>\n<link rel=\"canonical\" href=\"https:\/\/global-exam.com\/blog\/fr\/examens\/bulats\/categorie-temoignages-passage-du-linguaskill-bulats\/\" \/>\n<meta property=\"og:locale\" content=\"fr_FR\" \/>\n<meta property=\"og:type\" content=\"article\" \/>\n<meta property=\"og:title\" content=\"T\u00e9moignages : passage du Linguaskill (BULATS)\" \/>\n<meta property=\"og:description\" content=\"Pr\u00e9paration au Linguaskill : nos apprenants t\u00e9moignent de leur exp\u00e9rience avec GlobalExam. Vous aussi, entra\u00eenez-vous pour votre test !\" \/>\n<meta property=\"og:url\" content=\"https:\/\/global-exam.com\/blog\/fr\/examens\/bulats\/categorie-temoignages-passage-du-linguaskill-bulats\/\" \/>\n<meta property=\"og:site_name\" content=\"GlobalExam Blog\" \/>\n<meta property=\"article:publisher\" content=\"https:\/\/www.facebook.com\/Global.Exam\" \/>\n<meta property=\"article:modified_time\" content=\"2022-08-31T12:35:07+00:00\" \/>\n<meta name=\"twitter:card\" content=\"summary_large_image\" \/>\n<meta name=\"twitter:site\" content=\"@Global_Exam\" \/>\n<meta name=\"twitter:label1\" content=\"Dur\u00e9e de lecture estim\u00e9e\" \/>\n\t<meta name=\"twitter:data1\" content=\"3 minutes\" \/>\n<script type=\"application\/ld+json\" class=\"yoast-schema-graph\">{\"@context\":\"https:\/\/schema.org\",\"@graph\":[{\"@type\":\"WebSite\",\"@id\":\"https:\/\/global-exam.com\/blog\/#website\",\"url\":\"https:\/\/global-exam.com\/blog\/\",\"name\":\"GlobalExam Blog\",\"description\":\"Le blog du sp\\u00e9cialiste de la certification linguistique\",\"potentialAction\":[{\"@type\":\"SearchAction\",\"target\":{\"@type\":\"EntryPoint\",\"urlTemplate\":\"https:\/\/global-exam.com\/blog\/?s={search_term_string}\"},\"query-input\":\"required name=search_term_string\"}],\"inLanguage\":\"fr-FR\"},{\"@type\":\"WebPage\",\"@id\":\"https:\/\/global-exam.com\/blog\/fr\/examens\/bulats\/categorie-temoignages-passage-du-linguaskill-bulats\/#webpage\",\"url\":\"https:\/\/global-exam.com\/blog\/fr\/examens\/bulats\/categorie-temoignages-passage-du-linguaskill-bulats\/\",\"name\":\"T\\u00e9moignages : passage du Linguaskill (BULATS)\",\"isPartOf\":{\"@id\":\"https:\/\/global-exam.com\/blog\/#website\"},\"datePublished\":\"2021-08-11T12:29:53+00:00\",\"dateModified\":\"2022-08-31T12:35:07+00:00\",\"description\":\"Pr\\u00e9paration au Linguaskill : nos apprenants t\\u00e9moignent de leur exp\\u00e9rience avec GlobalExam. Vous aussi, entra\\u00eenez-vous pour votre test !\",\"breadcrumb\":{\"@id\":\"https:\/\/global-exam.com\/blog\/fr\/examens\/bulats\/categorie-temoignages-passage-du-linguaskill-bulats\/#breadcrumb\"},\"inLanguage\":\"fr-FR\",\"potentialAction\":[{\"@type\":\"ReadAction\",\"target\":[\"https:\/\/global-exam.com\/blog\/fr\/examens\/bulats\/categorie-temoignages-passage-du-linguaskill-bulats\/\"]}]},{\"@type\":\"BreadcrumbList\",\"@id\":\"https:\/\/global-exam.com\/blog\/fr\/examens\/bulats\/categorie-temoignages-passage-du-linguaskill-bulats\/#breadcrumb\",\"itemListElement\":[{\"@type\":\"ListItem\",\"position\":1,\"name\":\"Les examens de langue\",\"item\":\"https:\/\/global-exam.com\/blog\/fr\/examens\/\"},{\"@type\":\"ListItem\",\"position\":2,\"name\":\"Linguaskill (BULATS)\",\"item\":\"https:\/\/global-exam.com\/blog\/fr\/examens\/bulats\/\"},{\"@type\":\"ListItem\",\"position\":3,\"name\":\"T\\u00e9moignages : passage du Linguaskill (BULATS)\"}]}]}<\/script>\n<!-- \/ Yoast SEO plugin. -->","yoast_head_json":{"title":"T\u00e9moignages : passage du Linguaskill (BULATS)","description":"Pr\u00e9paration au Linguaskill : nos apprenants t\u00e9moignent de leur exp\u00e9rience avec GlobalExam. Vous aussi, entra\u00eenez-vous pour votre test !","robots":{"index":"index","follow":"follow","max-snippet":"max-snippet:-1","max-image-preview":"max-image-preview:large","max-video-preview":"max-video-preview:-1"},"canonical":"https:\/\/global-exam.com\/blog\/fr\/examens\/bulats\/categorie-temoignages-passage-du-linguaskill-bulats\/","og_locale":"fr_FR","og_type":"article","og_title":"T\u00e9moignages : passage du Linguaskill (BULATS)","og_description":"Pr\u00e9paration au Linguaskill : nos apprenants t\u00e9moignent de leur exp\u00e9rience avec GlobalExam. Vous aussi, entra\u00eenez-vous pour votre test !","og_url":"https:\/\/global-exam.com\/blog\/fr\/examens\/bulats\/categorie-temoignages-passage-du-linguaskill-bulats\/","og_site_name":"GlobalExam Blog","article_publisher":"https:\/\/www.facebook.com\/Global.Exam","article_modified_time":"2022-08-31T12:35:07+00:00","twitter_card":"summary_large_image","twitter_site":"@Global_Exam","twitter_misc":{"Dur\u00e9e de lecture estim\u00e9e":"3 minutes"},"schema":{"@context":"https:\/\/schema.org","@graph":[{"@type":"WebSite","@id":"https:\/\/global-exam.com\/blog\/#website","url":"https:\/\/global-exam.com\/blog\/","name":"GlobalExam Blog","description":"Le blog du sp\u00e9cialiste de la certification linguistique","potentialAction":[{"@type":"SearchAction","target":{"@type":"EntryPoint","urlTemplate":"https:\/\/global-exam.com\/blog\/?s={search_term_string}"},"query-input":"required name=search_term_string"}],"inLanguage":"fr-FR"},{"@type":"WebPage","@id":"https:\/\/global-exam.com\/blog\/fr\/examens\/bulats\/categorie-temoignages-passage-du-linguaskill-bulats\/#webpage","url":"https:\/\/global-exam.com\/blog\/fr\/examens\/bulats\/categorie-temoignages-passage-du-linguaskill-bulats\/","name":"T\u00e9moignages : passage du Linguaskill (BULATS)","isPartOf":{"@id":"https:\/\/global-exam.com\/blog\/#website"},"datePublished":"2021-08-11T12:29:53+00:00","dateModified":"2022-08-31T12:35:07+00:00","description":"Pr\u00e9paration au Linguaskill : nos apprenants t\u00e9moignent de leur exp\u00e9rience avec GlobalExam. Vous aussi, entra\u00eenez-vous pour votre test !","breadcrumb":{"@id":"https:\/\/global-exam.com\/blog\/fr\/examens\/bulats\/categorie-temoignages-passage-du-linguaskill-bulats\/#breadcrumb"},"inLanguage":"fr-FR","potentialAction":[{"@type":"ReadAction","target":["https:\/\/global-exam.com\/blog\/fr\/examens\/bulats\/categorie-temoignages-passage-du-linguaskill-bulats\/"]}]},{"@type":"BreadcrumbList","@id":"https:\/\/global-exam.com\/blog\/fr\/examens\/bulats\/categorie-temoignages-passage-du-linguaskill-bulats\/#breadcrumb","itemListElement":[{"@type":"ListItem","position":1,"name":"Les examens de langue","item":"https:\/\/global-exam.com\/blog\/fr\/examens\/"},{"@type":"ListItem","position":2,"name":"Linguaskill (BULATS)","item":"https:\/\/global-exam.com\/blog\/fr\/examens\/bulats\/"},{"@type":"ListItem","position":3,"name":"T\u00e9moignages : passage du Linguaskill (BULATS)"}]}]}},"lang":"fr","translations":{"fr":59595},"pll_sync_post":[],"_links":{"self":[{"href":"https:\/\/global-exam.com\/blog\/wp-json\/wp\/v2\/pages\/59595"}],"collection":[{"href":"https:\/\/global-exam.com\/blog\/wp-json\/wp\/v2\/pages"}],"about":[{"href":"https:\/\/global-exam.com\/blog\/wp-json\/wp\/v2\/types\/page"}],"author":[{"embeddable":true,"href":"https:\/\/global-exam.com\/blog\/wp-json\/wp\/v2\/users\/2"}],"replies":[{"embeddable":true,"href":"https:\/\/global-exam.com\/blog\/wp-json\/wp\/v2\/comments?post=59595"}],"version-history":[{"count":12,"href":"https:\/\/global-exam.com\/blog\/wp-json\/wp\/v2\/pages\/59595\/revisions"}],"predecessor-version":[{"id":79202,"href":"https:\/\/global-exam.com\/blog\/wp-json\/wp\/v2\/pages\/59595\/revisions\/79202"}],"up":[{"embeddable":true,"href":"https:\/\/global-exam.com\/blog\/wp-json\/wp\/v2\/pages\/2843"}],"wp:attachment":[{"href":"https:\/\/global-exam.com\/blog\/wp-json\/wp\/v2\/media?parent=59595"}],"curies":[{"name":"wp","href":"https:\/\/api.w.org\/{rel}","templated":true}]}}