{"id":59614,"date":"2021-08-11T14:34:42","date_gmt":"2021-08-11T12:34:42","guid":{"rendered":"https:\/\/global-exam.com\/blog\/?page_id=59614"},"modified":"2022-08-31T14:32:10","modified_gmt":"2022-08-31T12:32:10","slug":"categorie-grammaire-linguaskill-bulats","status":"publish","type":"page","link":"https:\/\/global-exam.com\/blog\/fr\/examens\/bulats\/categorie-grammaire-linguaskill-bulats\/","title":{"rendered":"Grammaire Linguaskill (BULATS)"},"content":{"rendered":"<p>Ma\u00eetriser la grammaire du Linguaskill<\/p>\n<p><span style=\"font-weight: 400;\">Si vous \u00eates sur cette page, c\u2019est certainement parce que vous \u00eates sur le point de vous lancer dans la <strong>pr\u00e9paration du Linguaskill <\/strong>(anciennement BULATS), ou que vous \u00eates d\u00e9j\u00e0 de la partie. Pour les non-initi\u00e9s, le Linguaskill est le dernier test d\u2019anglais cr\u00e9\u00e9 par Cambridge. Il pr\u00e9sente de nombreux avantages, \u00e0 commencer par son co\u00fbt.<\/span><\/p>\n<p><span style=\"font-weight: 400;\">Vous souhaitez r\u00e9viser efficacement le Linguaskill, afin de prouver votre niveau d\u2019anglais aux recruteurs ou aux universit\u00e9s \u00e9trang\u00e8res ? GlobalExam est en mesure de vous aider \u00e0 pr\u00e9parer efficacement l\u2019examen gr\u00e2ce \u00e0 de nombreux entra\u00eenements en ligne, examens blancs, exercices corrig\u00e9s, fiches de r\u00e9vision et bien plus encore.<\/span><\/p>\n<p>D\u00e9couvrez dans cette cat\u00e9gorie <strong>nos fiches de grammaire gratuites<\/strong> pour progresser avant le passage de votre examen Linguaskill !<\/p>\n<p><span style=\"font-weight: 400;\">Dans cette rubrique, vous d\u00e9couvrirez toutes nos <strong>fiches de grammaire BULATS<\/strong>. Ces fiches de r\u00e9vision ont \u00e9t\u00e9 \u00e9labor\u00e9es par des <strong>sp\u00e9cialistes en langue anglaise<\/strong>. Elles vous seront utiles pour r\u00e9viser o\u00f9 que vous soyez.\u00a0<\/span><\/p>\n","protected":false},"excerpt":{"rendered":"<p>Ma\u00eetriser la grammaire du Linguaskill Si vous \u00eates sur cette page, c\u2019est certainement parce que vous \u00eates sur le point de vous [&hellip;]<\/p>\n","protected":false},"author":2,"featured_media":0,"parent":2843,"menu_order":0,"comment_status":"closed","ping_status":"closed","template":"","meta":[],"acf":[],"yoast_head":"<!-- This site is optimized with the Yoast SEO plugin v17.2.1 - https:\/\/yoast.com\/wordpress\/plugins\/seo\/ -->\n<title>Grammaire Linguaskill (BULATS)<\/title>\n<meta name=\"description\" content=\"Progressez en grammaire anglaise gr\u00e2ce \u00e0 nos fiches de grammaire gratuites pour passer le Linguaskill haut la main.\" \/>\n<meta name=\"robots\" content=\"index, follow, max-snippet:-1, max-image-preview:large, max-video-preview:-1\" \/>\n<link rel=\"canonical\" href=\"https:\/\/global-exam.com\/blog\/fr\/examens\/bulats\/categorie-grammaire-linguaskill-bulats\/\" \/>\n<meta property=\"og:locale\" content=\"fr_FR\" \/>\n<meta property=\"og:type\" content=\"article\" \/>\n<meta property=\"og:title\" content=\"Grammaire Linguaskill (BULATS)\" \/>\n<meta property=\"og:description\" content=\"Progressez en grammaire anglaise gr\u00e2ce \u00e0 nos fiches de grammaire gratuites pour passer le Linguaskill haut la main.\" \/>\n<meta property=\"og:url\" content=\"https:\/\/global-exam.com\/blog\/fr\/examens\/bulats\/categorie-grammaire-linguaskill-bulats\/\" \/>\n<meta property=\"og:site_name\" content=\"GlobalExam Blog\" \/>\n<meta property=\"article:publisher\" content=\"https:\/\/www.facebook.com\/Global.Exam\" \/>\n<meta property=\"article:modified_time\" content=\"2022-08-31T12:32:10+00:00\" \/>\n<meta name=\"twitter:card\" content=\"summary_large_image\" \/>\n<meta name=\"twitter:site\" content=\"@Global_Exam\" \/>\n<meta name=\"twitter:label1\" content=\"Dur\u00e9e de lecture estim\u00e9e\" \/>\n\t<meta name=\"twitter:data1\" content=\"1 minute\" \/>\n<script type=\"application\/ld+json\" class=\"yoast-schema-graph\">{\"@context\":\"https:\/\/schema.org\",\"@graph\":[{\"@type\":\"WebSite\",\"@id\":\"https:\/\/global-exam.com\/blog\/#website\",\"url\":\"https:\/\/global-exam.com\/blog\/\",\"name\":\"GlobalExam Blog\",\"description\":\"Le blog du sp\\u00e9cialiste de la certification linguistique\",\"potentialAction\":[{\"@type\":\"SearchAction\",\"target\":{\"@type\":\"EntryPoint\",\"urlTemplate\":\"https:\/\/global-exam.com\/blog\/?s={search_term_string}\"},\"query-input\":\"required name=search_term_string\"}],\"inLanguage\":\"fr-FR\"},{\"@type\":\"WebPage\",\"@id\":\"https:\/\/global-exam.com\/blog\/fr\/examens\/bulats\/categorie-grammaire-linguaskill-bulats\/#webpage\",\"url\":\"https:\/\/global-exam.com\/blog\/fr\/examens\/bulats\/categorie-grammaire-linguaskill-bulats\/\",\"name\":\"Grammaire Linguaskill (BULATS)\",\"isPartOf\":{\"@id\":\"https:\/\/global-exam.com\/blog\/#website\"},\"datePublished\":\"2021-08-11T12:34:42+00:00\",\"dateModified\":\"2022-08-31T12:32:10+00:00\",\"description\":\"Progressez en grammaire anglaise gr\\u00e2ce \\u00e0 nos fiches de grammaire gratuites pour passer le Linguaskill haut la main.\",\"breadcrumb\":{\"@id\":\"https:\/\/global-exam.com\/blog\/fr\/examens\/bulats\/categorie-grammaire-linguaskill-bulats\/#breadcrumb\"},\"inLanguage\":\"fr-FR\",\"potentialAction\":[{\"@type\":\"ReadAction\",\"target\":[\"https:\/\/global-exam.com\/blog\/fr\/examens\/bulats\/categorie-grammaire-linguaskill-bulats\/\"]}]},{\"@type\":\"BreadcrumbList\",\"@id\":\"https:\/\/global-exam.com\/blog\/fr\/examens\/bulats\/categorie-grammaire-linguaskill-bulats\/#breadcrumb\",\"itemListElement\":[{\"@type\":\"ListItem\",\"position\":1,\"name\":\"Les examens de langue\",\"item\":\"https:\/\/global-exam.com\/blog\/fr\/examens\/\"},{\"@type\":\"ListItem\",\"position\":2,\"name\":\"Linguaskill (BULATS)\",\"item\":\"https:\/\/global-exam.com\/blog\/fr\/examens\/bulats\/\"},{\"@type\":\"ListItem\",\"position\":3,\"name\":\"Grammaire Linguaskill (BULATS)\"}]}]}<\/script>\n<!-- \/ Yoast SEO plugin. -->","yoast_head_json":{"title":"Grammaire Linguaskill (BULATS)","description":"Progressez en grammaire anglaise gr\u00e2ce \u00e0 nos fiches de grammaire gratuites pour passer le Linguaskill haut la main.","robots":{"index":"index","follow":"follow","max-snippet":"max-snippet:-1","max-image-preview":"max-image-preview:large","max-video-preview":"max-video-preview:-1"},"canonical":"https:\/\/global-exam.com\/blog\/fr\/examens\/bulats\/categorie-grammaire-linguaskill-bulats\/","og_locale":"fr_FR","og_type":"article","og_title":"Grammaire Linguaskill (BULATS)","og_description":"Progressez en grammaire anglaise gr\u00e2ce \u00e0 nos fiches de grammaire gratuites pour passer le Linguaskill haut la main.","og_url":"https:\/\/global-exam.com\/blog\/fr\/examens\/bulats\/categorie-grammaire-linguaskill-bulats\/","og_site_name":"GlobalExam Blog","article_publisher":"https:\/\/www.facebook.com\/Global.Exam","article_modified_time":"2022-08-31T12:32:10+00:00","twitter_card":"summary_large_image","twitter_site":"@Global_Exam","twitter_misc":{"Dur\u00e9e de lecture estim\u00e9e":"1 minute"},"schema":{"@context":"https:\/\/schema.org","@graph":[{"@type":"WebSite","@id":"https:\/\/global-exam.com\/blog\/#website","url":"https:\/\/global-exam.com\/blog\/","name":"GlobalExam Blog","description":"Le blog du sp\u00e9cialiste de la certification linguistique","potentialAction":[{"@type":"SearchAction","target":{"@type":"EntryPoint","urlTemplate":"https:\/\/global-exam.com\/blog\/?s={search_term_string}"},"query-input":"required name=search_term_string"}],"inLanguage":"fr-FR"},{"@type":"WebPage","@id":"https:\/\/global-exam.com\/blog\/fr\/examens\/bulats\/categorie-grammaire-linguaskill-bulats\/#webpage","url":"https:\/\/global-exam.com\/blog\/fr\/examens\/bulats\/categorie-grammaire-linguaskill-bulats\/","name":"Grammaire Linguaskill (BULATS)","isPartOf":{"@id":"https:\/\/global-exam.com\/blog\/#website"},"datePublished":"2021-08-11T12:34:42+00:00","dateModified":"2022-08-31T12:32:10+00:00","description":"Progressez en grammaire anglaise gr\u00e2ce \u00e0 nos fiches de grammaire gratuites pour passer le Linguaskill haut la main.","breadcrumb":{"@id":"https:\/\/global-exam.com\/blog\/fr\/examens\/bulats\/categorie-grammaire-linguaskill-bulats\/#breadcrumb"},"inLanguage":"fr-FR","potentialAction":[{"@type":"ReadAction","target":["https:\/\/global-exam.com\/blog\/fr\/examens\/bulats\/categorie-grammaire-linguaskill-bulats\/"]}]},{"@type":"BreadcrumbList","@id":"https:\/\/global-exam.com\/blog\/fr\/examens\/bulats\/categorie-grammaire-linguaskill-bulats\/#breadcrumb","itemListElement":[{"@type":"ListItem","position":1,"name":"Les examens de langue","item":"https:\/\/global-exam.com\/blog\/fr\/examens\/"},{"@type":"ListItem","position":2,"name":"Linguaskill (BULATS)","item":"https:\/\/global-exam.com\/blog\/fr\/examens\/bulats\/"},{"@type":"ListItem","position":3,"name":"Grammaire Linguaskill (BULATS)"}]}]}},"lang":"fr","translations":{"fr":59614},"pll_sync_post":[],"_links":{"self":[{"href":"https:\/\/global-exam.com\/blog\/wp-json\/wp\/v2\/pages\/59614"}],"collection":[{"href":"https:\/\/global-exam.com\/blog\/wp-json\/wp\/v2\/pages"}],"about":[{"href":"https:\/\/global-exam.com\/blog\/wp-json\/wp\/v2\/types\/page"}],"author":[{"embeddable":true,"href":"https:\/\/global-exam.com\/blog\/wp-json\/wp\/v2\/users\/2"}],"replies":[{"embeddable":true,"href":"https:\/\/global-exam.com\/blog\/wp-json\/wp\/v2\/comments?post=59614"}],"version-history":[{"count":9,"href":"https:\/\/global-exam.com\/blog\/wp-json\/wp\/v2\/pages\/59614\/revisions"}],"predecessor-version":[{"id":79197,"href":"https:\/\/global-exam.com\/blog\/wp-json\/wp\/v2\/pages\/59614\/revisions\/79197"}],"up":[{"embeddable":true,"href":"https:\/\/global-exam.com\/blog\/wp-json\/wp\/v2\/pages\/2843"}],"wp:attachment":[{"href":"https:\/\/global-exam.com\/blog\/wp-json\/wp\/v2\/media?parent=59614"}],"curies":[{"name":"wp","href":"https:\/\/api.w.org\/{rel}","templated":true}]}}