{"id":59623,"date":"2021-08-11T14:38:02","date_gmt":"2021-08-11T12:38:02","guid":{"rendered":"https:\/\/global-exam.com\/blog\/?page_id=59623"},"modified":"2022-08-31T14:36:24","modified_gmt":"2022-08-31T12:36:24","slug":"categorie-vocabulaire-linguaskill-bulats","status":"publish","type":"page","link":"https:\/\/global-exam.com\/blog\/fr\/examens\/bulats\/categorie-vocabulaire-linguaskill-bulats\/","title":{"rendered":"Vocabulaire Linguaskill (BULATS)"},"content":{"rendered":"<p>Ma\u00eetriser le vocabulaire du Linguaskill<\/p>\n<p>L\u2019obtention d\u2019un bon score au Linguaskill n\u00e9cessite <strong>une bonne ma\u00eetrise de l\u2019anglais des affaires<\/strong>. Naturellement, <strong>conna\u00eetre le vocabulaire<\/strong> est primordial. Pour passer ce test haut la main, il y a des mots g\u00e9n\u00e9riques en anglais indispensables qu\u2019il vous faut conna\u00eetre sur le bout des doigts !<\/p>\n<p>Ces m\u00eames mots vous seront utiles dans toutes vos discussions professionnelles en anglais. Les th\u00e8mes abord\u00e9s sont nombreux : banque, marketing, publicit\u00e9, vente, finances\u2026 Dans cette cat\u00e9gorie, vous retrouverez toutes nos fiches de vocabulaire BULATS. Ces fiches ont \u00e9t\u00e9 con\u00e7ues par des professionnels de la langue. Vous pourrez les emporter partout avec vous et les lire quand vous le souhaitez, afin de les m\u00e9moriser plus rapidement.<\/p>\n<p>D\u00e9couvrez toutes nos fiches de vocabulaire BULATS dans cette rubrique, et optimisez votre score BULATS !<\/p>\n","protected":false},"excerpt":{"rendered":"<p>Ma\u00eetriser le vocabulaire du Linguaskill L\u2019obtention d\u2019un bon score au Linguaskill n\u00e9cessite une bonne ma\u00eetrise de l\u2019anglais des affaires. Naturellement, conna\u00eetre le [&hellip;]<\/p>\n","protected":false},"author":2,"featured_media":0,"parent":2843,"menu_order":0,"comment_status":"closed","ping_status":"closed","template":"","meta":[],"acf":[],"yoast_head":"<!-- This site is optimized with the Yoast SEO plugin v17.2.1 - https:\/\/yoast.com\/wordpress\/plugins\/seo\/ -->\n<title>Vocabulaire Linguaskill (BULATS)<\/title>\n<meta name=\"description\" content=\"Am\u00e9liorez votre vocabulaire en anglais pour passer le Linguaskill en toute s\u00e9r\u00e9nit\u00e9. D\u00e9couvrez nos fiches de vocabulaire gratuites.\" \/>\n<meta name=\"robots\" content=\"index, follow, max-snippet:-1, max-image-preview:large, max-video-preview:-1\" \/>\n<link rel=\"canonical\" href=\"https:\/\/global-exam.com\/blog\/fr\/examens\/bulats\/categorie-vocabulaire-linguaskill-bulats\/\" \/>\n<meta property=\"og:locale\" content=\"fr_FR\" \/>\n<meta property=\"og:type\" content=\"article\" \/>\n<meta property=\"og:title\" content=\"Vocabulaire Linguaskill (BULATS)\" \/>\n<meta property=\"og:description\" content=\"Am\u00e9liorez votre vocabulaire en anglais pour passer le Linguaskill en toute s\u00e9r\u00e9nit\u00e9. D\u00e9couvrez nos fiches de vocabulaire gratuites.\" \/>\n<meta property=\"og:url\" content=\"https:\/\/global-exam.com\/blog\/fr\/examens\/bulats\/categorie-vocabulaire-linguaskill-bulats\/\" \/>\n<meta property=\"og:site_name\" content=\"GlobalExam Blog\" \/>\n<meta property=\"article:publisher\" content=\"https:\/\/www.facebook.com\/Global.Exam\" \/>\n<meta property=\"article:modified_time\" content=\"2022-08-31T12:36:24+00:00\" \/>\n<meta name=\"twitter:card\" content=\"summary_large_image\" \/>\n<meta name=\"twitter:site\" content=\"@Global_Exam\" \/>\n<meta name=\"twitter:label1\" content=\"Dur\u00e9e de lecture estim\u00e9e\" \/>\n\t<meta name=\"twitter:data1\" content=\"1 minute\" \/>\n<script type=\"application\/ld+json\" class=\"yoast-schema-graph\">{\"@context\":\"https:\/\/schema.org\",\"@graph\":[{\"@type\":\"WebSite\",\"@id\":\"https:\/\/global-exam.com\/blog\/#website\",\"url\":\"https:\/\/global-exam.com\/blog\/\",\"name\":\"GlobalExam Blog\",\"description\":\"Le blog du sp\\u00e9cialiste de la certification linguistique\",\"potentialAction\":[{\"@type\":\"SearchAction\",\"target\":{\"@type\":\"EntryPoint\",\"urlTemplate\":\"https:\/\/global-exam.com\/blog\/?s={search_term_string}\"},\"query-input\":\"required name=search_term_string\"}],\"inLanguage\":\"fr-FR\"},{\"@type\":\"WebPage\",\"@id\":\"https:\/\/global-exam.com\/blog\/fr\/examens\/bulats\/categorie-vocabulaire-linguaskill-bulats\/#webpage\",\"url\":\"https:\/\/global-exam.com\/blog\/fr\/examens\/bulats\/categorie-vocabulaire-linguaskill-bulats\/\",\"name\":\"Vocabulaire Linguaskill (BULATS)\",\"isPartOf\":{\"@id\":\"https:\/\/global-exam.com\/blog\/#website\"},\"datePublished\":\"2021-08-11T12:38:02+00:00\",\"dateModified\":\"2022-08-31T12:36:24+00:00\",\"description\":\"Am\\u00e9liorez votre vocabulaire en anglais pour passer le Linguaskill en toute s\\u00e9r\\u00e9nit\\u00e9. D\\u00e9couvrez nos fiches de vocabulaire gratuites.\",\"breadcrumb\":{\"@id\":\"https:\/\/global-exam.com\/blog\/fr\/examens\/bulats\/categorie-vocabulaire-linguaskill-bulats\/#breadcrumb\"},\"inLanguage\":\"fr-FR\",\"potentialAction\":[{\"@type\":\"ReadAction\",\"target\":[\"https:\/\/global-exam.com\/blog\/fr\/examens\/bulats\/categorie-vocabulaire-linguaskill-bulats\/\"]}]},{\"@type\":\"BreadcrumbList\",\"@id\":\"https:\/\/global-exam.com\/blog\/fr\/examens\/bulats\/categorie-vocabulaire-linguaskill-bulats\/#breadcrumb\",\"itemListElement\":[{\"@type\":\"ListItem\",\"position\":1,\"name\":\"Les examens de langue\",\"item\":\"https:\/\/global-exam.com\/blog\/fr\/examens\/\"},{\"@type\":\"ListItem\",\"position\":2,\"name\":\"Linguaskill (BULATS)\",\"item\":\"https:\/\/global-exam.com\/blog\/fr\/examens\/bulats\/\"},{\"@type\":\"ListItem\",\"position\":3,\"name\":\"Vocabulaire Linguaskill (BULATS)\"}]}]}<\/script>\n<!-- \/ Yoast SEO plugin. -->","yoast_head_json":{"title":"Vocabulaire Linguaskill (BULATS)","description":"Am\u00e9liorez votre vocabulaire en anglais pour passer le Linguaskill en toute s\u00e9r\u00e9nit\u00e9. D\u00e9couvrez nos fiches de vocabulaire gratuites.","robots":{"index":"index","follow":"follow","max-snippet":"max-snippet:-1","max-image-preview":"max-image-preview:large","max-video-preview":"max-video-preview:-1"},"canonical":"https:\/\/global-exam.com\/blog\/fr\/examens\/bulats\/categorie-vocabulaire-linguaskill-bulats\/","og_locale":"fr_FR","og_type":"article","og_title":"Vocabulaire Linguaskill (BULATS)","og_description":"Am\u00e9liorez votre vocabulaire en anglais pour passer le Linguaskill en toute s\u00e9r\u00e9nit\u00e9. D\u00e9couvrez nos fiches de vocabulaire gratuites.","og_url":"https:\/\/global-exam.com\/blog\/fr\/examens\/bulats\/categorie-vocabulaire-linguaskill-bulats\/","og_site_name":"GlobalExam Blog","article_publisher":"https:\/\/www.facebook.com\/Global.Exam","article_modified_time":"2022-08-31T12:36:24+00:00","twitter_card":"summary_large_image","twitter_site":"@Global_Exam","twitter_misc":{"Dur\u00e9e de lecture estim\u00e9e":"1 minute"},"schema":{"@context":"https:\/\/schema.org","@graph":[{"@type":"WebSite","@id":"https:\/\/global-exam.com\/blog\/#website","url":"https:\/\/global-exam.com\/blog\/","name":"GlobalExam Blog","description":"Le blog du sp\u00e9cialiste de la certification linguistique","potentialAction":[{"@type":"SearchAction","target":{"@type":"EntryPoint","urlTemplate":"https:\/\/global-exam.com\/blog\/?s={search_term_string}"},"query-input":"required name=search_term_string"}],"inLanguage":"fr-FR"},{"@type":"WebPage","@id":"https:\/\/global-exam.com\/blog\/fr\/examens\/bulats\/categorie-vocabulaire-linguaskill-bulats\/#webpage","url":"https:\/\/global-exam.com\/blog\/fr\/examens\/bulats\/categorie-vocabulaire-linguaskill-bulats\/","name":"Vocabulaire Linguaskill (BULATS)","isPartOf":{"@id":"https:\/\/global-exam.com\/blog\/#website"},"datePublished":"2021-08-11T12:38:02+00:00","dateModified":"2022-08-31T12:36:24+00:00","description":"Am\u00e9liorez votre vocabulaire en anglais pour passer le Linguaskill en toute s\u00e9r\u00e9nit\u00e9. D\u00e9couvrez nos fiches de vocabulaire gratuites.","breadcrumb":{"@id":"https:\/\/global-exam.com\/blog\/fr\/examens\/bulats\/categorie-vocabulaire-linguaskill-bulats\/#breadcrumb"},"inLanguage":"fr-FR","potentialAction":[{"@type":"ReadAction","target":["https:\/\/global-exam.com\/blog\/fr\/examens\/bulats\/categorie-vocabulaire-linguaskill-bulats\/"]}]},{"@type":"BreadcrumbList","@id":"https:\/\/global-exam.com\/blog\/fr\/examens\/bulats\/categorie-vocabulaire-linguaskill-bulats\/#breadcrumb","itemListElement":[{"@type":"ListItem","position":1,"name":"Les examens de langue","item":"https:\/\/global-exam.com\/blog\/fr\/examens\/"},{"@type":"ListItem","position":2,"name":"Linguaskill (BULATS)","item":"https:\/\/global-exam.com\/blog\/fr\/examens\/bulats\/"},{"@type":"ListItem","position":3,"name":"Vocabulaire Linguaskill (BULATS)"}]}]}},"lang":"fr","translations":{"fr":59623},"pll_sync_post":[],"_links":{"self":[{"href":"https:\/\/global-exam.com\/blog\/wp-json\/wp\/v2\/pages\/59623"}],"collection":[{"href":"https:\/\/global-exam.com\/blog\/wp-json\/wp\/v2\/pages"}],"about":[{"href":"https:\/\/global-exam.com\/blog\/wp-json\/wp\/v2\/types\/page"}],"author":[{"embeddable":true,"href":"https:\/\/global-exam.com\/blog\/wp-json\/wp\/v2\/users\/2"}],"replies":[{"embeddable":true,"href":"https:\/\/global-exam.com\/blog\/wp-json\/wp\/v2\/comments?post=59623"}],"version-history":[{"count":10,"href":"https:\/\/global-exam.com\/blog\/wp-json\/wp\/v2\/pages\/59623\/revisions"}],"predecessor-version":[{"id":79203,"href":"https:\/\/global-exam.com\/blog\/wp-json\/wp\/v2\/pages\/59623\/revisions\/79203"}],"up":[{"embeddable":true,"href":"https:\/\/global-exam.com\/blog\/wp-json\/wp\/v2\/pages\/2843"}],"wp:attachment":[{"href":"https:\/\/global-exam.com\/blog\/wp-json\/wp\/v2\/media?parent=59623"}],"curies":[{"name":"wp","href":"https:\/\/api.w.org\/{rel}","templated":true}]}}