{"id":59648,"date":"2021-08-11T14:53:23","date_gmt":"2021-08-11T12:53:23","guid":{"rendered":"https:\/\/global-exam.com\/blog\/?page_id=59648"},"modified":"2022-08-31T14:15:25","modified_gmt":"2022-08-31T12:15:25","slug":"categorie-avoir-un-bon-score-ielts","status":"publish","type":"page","link":"https:\/\/global-exam.com\/blog\/fr\/examens\/ielts\/categorie-avoir-un-bon-score-ielts\/","title":{"rendered":"Avoir un bon score IELTS"},"content":{"rendered":"<p>Obtenir un bon score \u00e0 l&rsquo;IELTS<\/p>\n<p>Lorsque vous passerez l\u2019<strong>IELTS<\/strong>, vous obtiendrez un score pouvant aller de <strong>0 \u00e0 9<\/strong> r\u00e9sumant la moyenne des diff\u00e9rentes \u00e9preuves pass\u00e9es \u00e0 l\u2019examen. Si vous souhaitez <strong>obtenir un bon score<\/strong>, il faudra vous situer <strong>entre 6 et 9<\/strong>, c\u2019est-\u00e0-dire entre \u00ab Competent user \u00bb (<strong>B2<\/strong>) et \u00ab Expert user \u00bb (<strong>C2<\/strong>).<\/p>\n<p>Pour <strong>am\u00e9liorer votre score<\/strong> et vous <strong>pr\u00e9parer<\/strong> au mieux, il faudra consacrer du <strong>temps aux entrainements<\/strong> \u00e0 et la <strong>formation<\/strong> <strong>propos\u00e9e<\/strong> par <strong>GlobalExam<\/strong>. Cela vous permettra d\u2019am\u00e9liorer votre score pour le jour J. Alors prenez le temps de <strong>parcourir les examens blancs<\/strong>.<\/p>\n<p>Cette cat\u00e9gorie vous permet de d\u00e9couvrir les <strong>diff\u00e9rentes strat\u00e9gies<\/strong> pour bien vous <strong>pr\u00e9parer<\/strong>, tout en maitrisant la <strong>notation du test IELTS<\/strong> afin d\u2019\u00e9tablir une<strong> strat\u00e9gie efficace<\/strong> pour gagner des points et <strong>obtenir votre meilleur score<\/strong> lors de l\u2019examen final du <strong>IELTS<\/strong>.<\/p>\n","protected":false},"excerpt":{"rendered":"<p>Obtenir un bon score \u00e0 l&rsquo;IELTS Lorsque vous passerez l\u2019IELTS, vous obtiendrez un score pouvant aller de 0 \u00e0 9 r\u00e9sumant la [&hellip;]<\/p>\n","protected":false},"author":2,"featured_media":0,"parent":2851,"menu_order":0,"comment_status":"closed","ping_status":"closed","template":"","meta":[],"acf":[],"yoast_head":"<!-- This site is optimized with the Yoast SEO plugin v17.2.1 - https:\/\/yoast.com\/wordpress\/plugins\/seo\/ -->\n<title>Avoir un bon score IELTS<\/title>\n<meta name=\"description\" content=\"Obtenir un bon score \u00e0 l&#039;IELTS demande de l&#039;entra\u00eenement et de la r\u00e9gularit\u00e9. Suivez nos conseils pour booster votre score \u00e0 l&#039;IELTS.\" \/>\n<meta name=\"robots\" content=\"index, follow, max-snippet:-1, max-image-preview:large, max-video-preview:-1\" \/>\n<link rel=\"canonical\" href=\"https:\/\/global-exam.com\/blog\/fr\/examens\/ielts\/categorie-avoir-un-bon-score-ielts\/\" \/>\n<meta property=\"og:locale\" content=\"fr_FR\" \/>\n<meta property=\"og:type\" content=\"article\" \/>\n<meta property=\"og:title\" content=\"Avoir un bon score IELTS\" \/>\n<meta property=\"og:description\" content=\"Obtenir un bon score \u00e0 l&#039;IELTS demande de l&#039;entra\u00eenement et de la r\u00e9gularit\u00e9. Suivez nos conseils pour booster votre score \u00e0 l&#039;IELTS.\" \/>\n<meta property=\"og:url\" content=\"https:\/\/global-exam.com\/blog\/fr\/examens\/ielts\/categorie-avoir-un-bon-score-ielts\/\" \/>\n<meta property=\"og:site_name\" content=\"GlobalExam Blog\" \/>\n<meta property=\"article:publisher\" content=\"https:\/\/www.facebook.com\/Global.Exam\" \/>\n<meta property=\"article:modified_time\" content=\"2022-08-31T12:15:25+00:00\" \/>\n<meta name=\"twitter:card\" content=\"summary_large_image\" \/>\n<meta name=\"twitter:site\" content=\"@Global_Exam\" \/>\n<meta name=\"twitter:label1\" content=\"Dur\u00e9e de lecture estim\u00e9e\" \/>\n\t<meta name=\"twitter:data1\" content=\"1 minute\" \/>\n<script type=\"application\/ld+json\" class=\"yoast-schema-graph\">{\"@context\":\"https:\/\/schema.org\",\"@graph\":[{\"@type\":\"WebSite\",\"@id\":\"https:\/\/global-exam.com\/blog\/#website\",\"url\":\"https:\/\/global-exam.com\/blog\/\",\"name\":\"GlobalExam Blog\",\"description\":\"Le blog du sp\\u00e9cialiste de la certification linguistique\",\"potentialAction\":[{\"@type\":\"SearchAction\",\"target\":{\"@type\":\"EntryPoint\",\"urlTemplate\":\"https:\/\/global-exam.com\/blog\/?s={search_term_string}\"},\"query-input\":\"required name=search_term_string\"}],\"inLanguage\":\"fr-FR\"},{\"@type\":\"WebPage\",\"@id\":\"https:\/\/global-exam.com\/blog\/fr\/examens\/ielts\/categorie-avoir-un-bon-score-ielts\/#webpage\",\"url\":\"https:\/\/global-exam.com\/blog\/fr\/examens\/ielts\/categorie-avoir-un-bon-score-ielts\/\",\"name\":\"Avoir un bon score IELTS\",\"isPartOf\":{\"@id\":\"https:\/\/global-exam.com\/blog\/#website\"},\"datePublished\":\"2021-08-11T12:53:23+00:00\",\"dateModified\":\"2022-08-31T12:15:25+00:00\",\"description\":\"Obtenir un bon score \\u00e0 l'IELTS demande de l'entra\\u00eenement et de la r\\u00e9gularit\\u00e9. Suivez nos conseils pour booster votre score \\u00e0 l'IELTS.\",\"breadcrumb\":{\"@id\":\"https:\/\/global-exam.com\/blog\/fr\/examens\/ielts\/categorie-avoir-un-bon-score-ielts\/#breadcrumb\"},\"inLanguage\":\"fr-FR\",\"potentialAction\":[{\"@type\":\"ReadAction\",\"target\":[\"https:\/\/global-exam.com\/blog\/fr\/examens\/ielts\/categorie-avoir-un-bon-score-ielts\/\"]}]},{\"@type\":\"BreadcrumbList\",\"@id\":\"https:\/\/global-exam.com\/blog\/fr\/examens\/ielts\/categorie-avoir-un-bon-score-ielts\/#breadcrumb\",\"itemListElement\":[{\"@type\":\"ListItem\",\"position\":1,\"name\":\"Les examens de langue\",\"item\":\"https:\/\/global-exam.com\/blog\/fr\/examens\/\"},{\"@type\":\"ListItem\",\"position\":2,\"name\":\"IELTS Test : examen d&rsquo;anglais\",\"item\":\"https:\/\/global-exam.com\/blog\/fr\/examens\/ielts\/\"},{\"@type\":\"ListItem\",\"position\":3,\"name\":\"Avoir un bon score IELTS\"}]}]}<\/script>\n<!-- \/ Yoast SEO plugin. -->","yoast_head_json":{"title":"Avoir un bon score IELTS","description":"Obtenir un bon score \u00e0 l'IELTS demande de l'entra\u00eenement et de la r\u00e9gularit\u00e9. Suivez nos conseils pour booster votre score \u00e0 l'IELTS.","robots":{"index":"index","follow":"follow","max-snippet":"max-snippet:-1","max-image-preview":"max-image-preview:large","max-video-preview":"max-video-preview:-1"},"canonical":"https:\/\/global-exam.com\/blog\/fr\/examens\/ielts\/categorie-avoir-un-bon-score-ielts\/","og_locale":"fr_FR","og_type":"article","og_title":"Avoir un bon score IELTS","og_description":"Obtenir un bon score \u00e0 l'IELTS demande de l'entra\u00eenement et de la r\u00e9gularit\u00e9. Suivez nos conseils pour booster votre score \u00e0 l'IELTS.","og_url":"https:\/\/global-exam.com\/blog\/fr\/examens\/ielts\/categorie-avoir-un-bon-score-ielts\/","og_site_name":"GlobalExam Blog","article_publisher":"https:\/\/www.facebook.com\/Global.Exam","article_modified_time":"2022-08-31T12:15:25+00:00","twitter_card":"summary_large_image","twitter_site":"@Global_Exam","twitter_misc":{"Dur\u00e9e de lecture estim\u00e9e":"1 minute"},"schema":{"@context":"https:\/\/schema.org","@graph":[{"@type":"WebSite","@id":"https:\/\/global-exam.com\/blog\/#website","url":"https:\/\/global-exam.com\/blog\/","name":"GlobalExam Blog","description":"Le blog du sp\u00e9cialiste de la certification linguistique","potentialAction":[{"@type":"SearchAction","target":{"@type":"EntryPoint","urlTemplate":"https:\/\/global-exam.com\/blog\/?s={search_term_string}"},"query-input":"required name=search_term_string"}],"inLanguage":"fr-FR"},{"@type":"WebPage","@id":"https:\/\/global-exam.com\/blog\/fr\/examens\/ielts\/categorie-avoir-un-bon-score-ielts\/#webpage","url":"https:\/\/global-exam.com\/blog\/fr\/examens\/ielts\/categorie-avoir-un-bon-score-ielts\/","name":"Avoir un bon score IELTS","isPartOf":{"@id":"https:\/\/global-exam.com\/blog\/#website"},"datePublished":"2021-08-11T12:53:23+00:00","dateModified":"2022-08-31T12:15:25+00:00","description":"Obtenir un bon score \u00e0 l'IELTS demande de l'entra\u00eenement et de la r\u00e9gularit\u00e9. Suivez nos conseils pour booster votre score \u00e0 l'IELTS.","breadcrumb":{"@id":"https:\/\/global-exam.com\/blog\/fr\/examens\/ielts\/categorie-avoir-un-bon-score-ielts\/#breadcrumb"},"inLanguage":"fr-FR","potentialAction":[{"@type":"ReadAction","target":["https:\/\/global-exam.com\/blog\/fr\/examens\/ielts\/categorie-avoir-un-bon-score-ielts\/"]}]},{"@type":"BreadcrumbList","@id":"https:\/\/global-exam.com\/blog\/fr\/examens\/ielts\/categorie-avoir-un-bon-score-ielts\/#breadcrumb","itemListElement":[{"@type":"ListItem","position":1,"name":"Les examens de langue","item":"https:\/\/global-exam.com\/blog\/fr\/examens\/"},{"@type":"ListItem","position":2,"name":"IELTS Test : examen d&rsquo;anglais","item":"https:\/\/global-exam.com\/blog\/fr\/examens\/ielts\/"},{"@type":"ListItem","position":3,"name":"Avoir un bon score IELTS"}]}]}},"lang":"fr","translations":{"fr":59648},"pll_sync_post":[],"_links":{"self":[{"href":"https:\/\/global-exam.com\/blog\/wp-json\/wp\/v2\/pages\/59648"}],"collection":[{"href":"https:\/\/global-exam.com\/blog\/wp-json\/wp\/v2\/pages"}],"about":[{"href":"https:\/\/global-exam.com\/blog\/wp-json\/wp\/v2\/types\/page"}],"author":[{"embeddable":true,"href":"https:\/\/global-exam.com\/blog\/wp-json\/wp\/v2\/users\/2"}],"replies":[{"embeddable":true,"href":"https:\/\/global-exam.com\/blog\/wp-json\/wp\/v2\/comments?post=59648"}],"version-history":[{"count":9,"href":"https:\/\/global-exam.com\/blog\/wp-json\/wp\/v2\/pages\/59648\/revisions"}],"predecessor-version":[{"id":79179,"href":"https:\/\/global-exam.com\/blog\/wp-json\/wp\/v2\/pages\/59648\/revisions\/79179"}],"up":[{"embeddable":true,"href":"https:\/\/global-exam.com\/blog\/wp-json\/wp\/v2\/pages\/2851"}],"wp:attachment":[{"href":"https:\/\/global-exam.com\/blog\/wp-json\/wp\/v2\/media?parent=59648"}],"curies":[{"name":"wp","href":"https:\/\/api.w.org\/{rel}","templated":true}]}}