{"id":59683,"date":"2021-08-11T15:09:45","date_gmt":"2021-08-11T13:09:45","guid":{"rendered":"https:\/\/global-exam.com\/blog\/?page_id=59683"},"modified":"2022-08-31T14:17:58","modified_gmt":"2022-08-31T12:17:58","slug":"categories-consignes-du-test-ielts","status":"publish","type":"page","link":"https:\/\/global-exam.com\/blog\/fr\/examens\/ielts\/categorie-consignes-du-test-ielts\/","title":{"rendered":"Consignes du test IELTS"},"content":{"rendered":"<p>Conna\u00eetre les consignes de l&rsquo;examen<\/p>\n<p>L\u2019<strong>International English Language Testing System<\/strong>\u00a0(IELTS) est un\u00a0<strong>test d\u2019anglais standardis\u00e9<\/strong>, articul\u00e9 par des consignes tr\u00e8s sp\u00e9cifiques.<\/p>\n<p>Pour se pr\u00e9parer \u00e0 passer l\u2019IELTS, <strong>conna\u00eetre les\u00a0consignes<\/strong>\u00a0de chaque \u00e9preuve est une\u00a0premi\u00e8re \u00e9tape primordiale. \u00catre naturellement bon en anglais ne suffit pas ! Il faut absolument <strong>ma\u00eetriser le fonctionnement du test<\/strong>\u00a0et\u00a0<strong>apprivoiser le mode de raisonnement<\/strong> attendu pour pouvoir r\u00e9ussir. Acc\u00e9dez sans plus tarder \u00e0 nos conseils sur <strong>les consignes de l&rsquo;IELTS<\/strong> !<\/p>\n<p>Pour vous aider \u00e0 vous\u00a0<strong>familiariser avec la structure et les consignes<\/strong>\u00a0particuli\u00e8res de l\u2019<strong>IELTS<\/strong>, nous avons regroup\u00e9 dans cette cat\u00e9gorie tous les\u00a0<strong>articles<\/strong>\u00a0expliquant le\u00a0<strong>d\u00e9roulement d\u00e9taill\u00e9 du test<\/strong>. Vous y trouverez des articles pr\u00e9cis sur les\u00a0<strong>consignes de chaque \u00e9preuve<\/strong>, des exemples d\u2019exercices avec astuces et conseils sur comment g\u00e9rer son temps et gagner un maximum de points, mais aussi des sujets blancs avec corrections et des\u00a0<strong>exercices types pour s\u2019entra\u00eener<\/strong>.<\/p>\n","protected":false},"excerpt":{"rendered":"<p>Conna\u00eetre les consignes de l&rsquo;examen L\u2019International English Language Testing System\u00a0(IELTS) est un\u00a0test d\u2019anglais standardis\u00e9, articul\u00e9 par des consignes tr\u00e8s sp\u00e9cifiques. Pour se [&hellip;]<\/p>\n","protected":false},"author":2,"featured_media":0,"parent":2851,"menu_order":0,"comment_status":"closed","ping_status":"closed","template":"","meta":[],"acf":[],"yoast_head":"<!-- This site is optimized with the Yoast SEO plugin v17.2.1 - https:\/\/yoast.com\/wordpress\/plugins\/seo\/ -->\n<title>Consignes du test IELTS<\/title>\n<meta name=\"description\" content=\"Connaissez-vous le d\u00e9roulement de l&#039;IELTS ? D\u00e9couvrez tous nos articles pour conna\u00eetre les consignes de l&#039;IELTS sur le bout des doigts.\" \/>\n<meta name=\"robots\" content=\"index, follow, max-snippet:-1, max-image-preview:large, max-video-preview:-1\" \/>\n<link rel=\"canonical\" href=\"https:\/\/global-exam.com\/blog\/fr\/examens\/ielts\/categorie-consignes-du-test-ielts\/\" \/>\n<meta property=\"og:locale\" content=\"fr_FR\" \/>\n<meta property=\"og:type\" content=\"article\" \/>\n<meta property=\"og:title\" content=\"Consignes du test IELTS\" \/>\n<meta property=\"og:description\" content=\"Connaissez-vous le d\u00e9roulement de l&#039;IELTS ? D\u00e9couvrez tous nos articles pour conna\u00eetre les consignes de l&#039;IELTS sur le bout des doigts.\" \/>\n<meta property=\"og:url\" content=\"https:\/\/global-exam.com\/blog\/fr\/examens\/ielts\/categorie-consignes-du-test-ielts\/\" \/>\n<meta property=\"og:site_name\" content=\"GlobalExam Blog\" \/>\n<meta property=\"article:publisher\" content=\"https:\/\/www.facebook.com\/Global.Exam\" \/>\n<meta property=\"article:modified_time\" content=\"2022-08-31T12:17:58+00:00\" \/>\n<meta name=\"twitter:card\" content=\"summary_large_image\" \/>\n<meta name=\"twitter:site\" content=\"@Global_Exam\" \/>\n<meta name=\"twitter:label1\" content=\"Dur\u00e9e de lecture estim\u00e9e\" \/>\n\t<meta name=\"twitter:data1\" content=\"1 minute\" \/>\n<script type=\"application\/ld+json\" class=\"yoast-schema-graph\">{\"@context\":\"https:\/\/schema.org\",\"@graph\":[{\"@type\":\"WebSite\",\"@id\":\"https:\/\/global-exam.com\/blog\/#website\",\"url\":\"https:\/\/global-exam.com\/blog\/\",\"name\":\"GlobalExam Blog\",\"description\":\"Le blog du sp\\u00e9cialiste de la certification linguistique\",\"potentialAction\":[{\"@type\":\"SearchAction\",\"target\":{\"@type\":\"EntryPoint\",\"urlTemplate\":\"https:\/\/global-exam.com\/blog\/?s={search_term_string}\"},\"query-input\":\"required name=search_term_string\"}],\"inLanguage\":\"fr-FR\"},{\"@type\":\"WebPage\",\"@id\":\"https:\/\/global-exam.com\/blog\/fr\/examens\/ielts\/categorie-consignes-du-test-ielts\/#webpage\",\"url\":\"https:\/\/global-exam.com\/blog\/fr\/examens\/ielts\/categorie-consignes-du-test-ielts\/\",\"name\":\"Consignes du test IELTS\",\"isPartOf\":{\"@id\":\"https:\/\/global-exam.com\/blog\/#website\"},\"datePublished\":\"2021-08-11T13:09:45+00:00\",\"dateModified\":\"2022-08-31T12:17:58+00:00\",\"description\":\"Connaissez-vous le d\\u00e9roulement de l'IELTS ? D\\u00e9couvrez tous nos articles pour conna\\u00eetre les consignes de l'IELTS sur le bout des doigts.\",\"breadcrumb\":{\"@id\":\"https:\/\/global-exam.com\/blog\/fr\/examens\/ielts\/categorie-consignes-du-test-ielts\/#breadcrumb\"},\"inLanguage\":\"fr-FR\",\"potentialAction\":[{\"@type\":\"ReadAction\",\"target\":[\"https:\/\/global-exam.com\/blog\/fr\/examens\/ielts\/categorie-consignes-du-test-ielts\/\"]}]},{\"@type\":\"BreadcrumbList\",\"@id\":\"https:\/\/global-exam.com\/blog\/fr\/examens\/ielts\/categorie-consignes-du-test-ielts\/#breadcrumb\",\"itemListElement\":[{\"@type\":\"ListItem\",\"position\":1,\"name\":\"Les examens de langue\",\"item\":\"https:\/\/global-exam.com\/blog\/fr\/examens\/\"},{\"@type\":\"ListItem\",\"position\":2,\"name\":\"IELTS Test : examen d&rsquo;anglais\",\"item\":\"https:\/\/global-exam.com\/blog\/fr\/examens\/ielts\/\"},{\"@type\":\"ListItem\",\"position\":3,\"name\":\"Consignes du test IELTS\"}]}]}<\/script>\n<!-- \/ Yoast SEO plugin. -->","yoast_head_json":{"title":"Consignes du test IELTS","description":"Connaissez-vous le d\u00e9roulement de l'IELTS ? D\u00e9couvrez tous nos articles pour conna\u00eetre les consignes de l'IELTS sur le bout des doigts.","robots":{"index":"index","follow":"follow","max-snippet":"max-snippet:-1","max-image-preview":"max-image-preview:large","max-video-preview":"max-video-preview:-1"},"canonical":"https:\/\/global-exam.com\/blog\/fr\/examens\/ielts\/categorie-consignes-du-test-ielts\/","og_locale":"fr_FR","og_type":"article","og_title":"Consignes du test IELTS","og_description":"Connaissez-vous le d\u00e9roulement de l'IELTS ? D\u00e9couvrez tous nos articles pour conna\u00eetre les consignes de l'IELTS sur le bout des doigts.","og_url":"https:\/\/global-exam.com\/blog\/fr\/examens\/ielts\/categorie-consignes-du-test-ielts\/","og_site_name":"GlobalExam Blog","article_publisher":"https:\/\/www.facebook.com\/Global.Exam","article_modified_time":"2022-08-31T12:17:58+00:00","twitter_card":"summary_large_image","twitter_site":"@Global_Exam","twitter_misc":{"Dur\u00e9e de lecture estim\u00e9e":"1 minute"},"schema":{"@context":"https:\/\/schema.org","@graph":[{"@type":"WebSite","@id":"https:\/\/global-exam.com\/blog\/#website","url":"https:\/\/global-exam.com\/blog\/","name":"GlobalExam Blog","description":"Le blog du sp\u00e9cialiste de la certification linguistique","potentialAction":[{"@type":"SearchAction","target":{"@type":"EntryPoint","urlTemplate":"https:\/\/global-exam.com\/blog\/?s={search_term_string}"},"query-input":"required name=search_term_string"}],"inLanguage":"fr-FR"},{"@type":"WebPage","@id":"https:\/\/global-exam.com\/blog\/fr\/examens\/ielts\/categorie-consignes-du-test-ielts\/#webpage","url":"https:\/\/global-exam.com\/blog\/fr\/examens\/ielts\/categorie-consignes-du-test-ielts\/","name":"Consignes du test IELTS","isPartOf":{"@id":"https:\/\/global-exam.com\/blog\/#website"},"datePublished":"2021-08-11T13:09:45+00:00","dateModified":"2022-08-31T12:17:58+00:00","description":"Connaissez-vous le d\u00e9roulement de l'IELTS ? D\u00e9couvrez tous nos articles pour conna\u00eetre les consignes de l'IELTS sur le bout des doigts.","breadcrumb":{"@id":"https:\/\/global-exam.com\/blog\/fr\/examens\/ielts\/categorie-consignes-du-test-ielts\/#breadcrumb"},"inLanguage":"fr-FR","potentialAction":[{"@type":"ReadAction","target":["https:\/\/global-exam.com\/blog\/fr\/examens\/ielts\/categorie-consignes-du-test-ielts\/"]}]},{"@type":"BreadcrumbList","@id":"https:\/\/global-exam.com\/blog\/fr\/examens\/ielts\/categorie-consignes-du-test-ielts\/#breadcrumb","itemListElement":[{"@type":"ListItem","position":1,"name":"Les examens de langue","item":"https:\/\/global-exam.com\/blog\/fr\/examens\/"},{"@type":"ListItem","position":2,"name":"IELTS Test : examen d&rsquo;anglais","item":"https:\/\/global-exam.com\/blog\/fr\/examens\/ielts\/"},{"@type":"ListItem","position":3,"name":"Consignes du test IELTS"}]}]}},"lang":"fr","translations":{"fr":59683},"pll_sync_post":[],"_links":{"self":[{"href":"https:\/\/global-exam.com\/blog\/wp-json\/wp\/v2\/pages\/59683"}],"collection":[{"href":"https:\/\/global-exam.com\/blog\/wp-json\/wp\/v2\/pages"}],"about":[{"href":"https:\/\/global-exam.com\/blog\/wp-json\/wp\/v2\/types\/page"}],"author":[{"embeddable":true,"href":"https:\/\/global-exam.com\/blog\/wp-json\/wp\/v2\/users\/2"}],"replies":[{"embeddable":true,"href":"https:\/\/global-exam.com\/blog\/wp-json\/wp\/v2\/comments?post=59683"}],"version-history":[{"count":8,"href":"https:\/\/global-exam.com\/blog\/wp-json\/wp\/v2\/pages\/59683\/revisions"}],"predecessor-version":[{"id":79182,"href":"https:\/\/global-exam.com\/blog\/wp-json\/wp\/v2\/pages\/59683\/revisions\/79182"}],"up":[{"embeddable":true,"href":"https:\/\/global-exam.com\/blog\/wp-json\/wp\/v2\/pages\/2851"}],"wp:attachment":[{"href":"https:\/\/global-exam.com\/blog\/wp-json\/wp\/v2\/media?parent=59683"}],"curies":[{"name":"wp","href":"https:\/\/api.w.org\/{rel}","templated":true}]}}