{"id":59690,"date":"2021-08-11T15:14:08","date_gmt":"2021-08-11T13:14:08","guid":{"rendered":"https:\/\/global-exam.com\/blog\/?page_id=59690"},"modified":"2022-08-31T14:19:58","modified_gmt":"2022-08-31T12:19:58","slug":"categorie-lielts-pour-sa-carriere","status":"publish","type":"page","link":"https:\/\/global-exam.com\/blog\/fr\/examens\/ielts\/categorie-lielts-pour-sa-carriere\/","title":{"rendered":"L&rsquo;IELTS pour sa carri\u00e8re"},"content":{"rendered":"<p>Passer l&rsquo;IELTS pour sa carri\u00e8re<\/p>\n<p>Passer une\u00a0<strong>certification en anglais<\/strong>\u00a0permet d\u2019\u00e9largir les portes de sa\u00a0<strong>vie<\/strong>\u00a0<strong>professionnelle<\/strong>\u00a0et d\u2019obtenir des opportunit\u00e9s int\u00e9ressantes. L\u2019<strong>IELTS<\/strong>\u00a0(<em>International English Language Testing System<\/em>) est l\u2019un des tests d\u2019anglais les plus\u00a0<strong>reconnus dans le monde<\/strong>. Il existe deux versions de l\u2019examen, selon les objectifs du candidat : l\u2019<strong>IELTS Academic<\/strong>, pour acc\u00e9der \u00e0 des \u00e9tablissements de l\u2019enseignement sup\u00e9rieur et l\u2019<strong>IELTS General Training<\/strong>, pour trouver un emploi ou travailler \u00e0 l\u2019\u00e9tranger.<\/p>\n<p>Chaque ann\u00e9e, pr\u00e8s de 3 millions de candidats se pr\u00e9sentent \u00e0 l\u2019examen qui est valide dans plus d\u2019une\u00a0<strong>centaine de pays<\/strong>\u00a0et recherch\u00e9 par de nombreuses\u00a0<strong>entreprises \u00e0 l\u2019internationale<\/strong>.<\/p>\n<p>Passer l\u2019<strong>IELTS<\/strong>\u00a0est donc un outil efficace pour\u00a0<strong>booster sa carri\u00e8re<\/strong>\u00a0et int\u00e9grer les plus\u00a0<strong>grandes entreprises anglophones<\/strong>. Dans cette cat\u00e9gorie, d\u00e9couvrez comment l\u2019<strong>IELTS<\/strong>\u00a0vous ouvre les portes de l\u2019avenir et vous promet \u00e0 une\u00a0<strong>brillante carri\u00e8re internationale<\/strong>, \u00e0 condition d\u2019\u00eatre bien pr\u00e9par\u00e9 pour r\u00e9ussir !<\/p>\n","protected":false},"excerpt":{"rendered":"<p>Passer l&rsquo;IELTS pour sa carri\u00e8re Passer une\u00a0certification en anglais\u00a0permet d\u2019\u00e9largir les portes de sa\u00a0vie\u00a0professionnelle\u00a0et d\u2019obtenir des opportunit\u00e9s int\u00e9ressantes. L\u2019IELTS\u00a0(International English Language Testing [&hellip;]<\/p>\n","protected":false},"author":2,"featured_media":0,"parent":2851,"menu_order":0,"comment_status":"closed","ping_status":"closed","template":"","meta":[],"acf":[],"yoast_head":"<!-- This site is optimized with the Yoast SEO plugin v17.2.1 - https:\/\/yoast.com\/wordpress\/plugins\/seo\/ -->\n<title>L&#039;IELTS pour sa carri\u00e8re<\/title>\n<meta name=\"description\" content=\"Boostez votre carri\u00e8re gr\u00e2ce \u00e0 la certification en anglais IELTS, reconnue \u00e0 l&#039;international. Obtenez un score proche de 9 avec GlobalExam !\" \/>\n<meta name=\"robots\" content=\"index, follow, max-snippet:-1, max-image-preview:large, max-video-preview:-1\" \/>\n<link rel=\"canonical\" href=\"https:\/\/global-exam.com\/blog\/fr\/examens\/ielts\/categorie-lielts-pour-sa-carriere\/\" \/>\n<meta property=\"og:locale\" content=\"fr_FR\" \/>\n<meta property=\"og:type\" content=\"article\" \/>\n<meta property=\"og:title\" content=\"L&#039;IELTS pour sa carri\u00e8re\" \/>\n<meta property=\"og:description\" content=\"Boostez votre carri\u00e8re gr\u00e2ce \u00e0 la certification en anglais IELTS, reconnue \u00e0 l&#039;international. Obtenez un score proche de 9 avec GlobalExam !\" \/>\n<meta property=\"og:url\" content=\"https:\/\/global-exam.com\/blog\/fr\/examens\/ielts\/categorie-lielts-pour-sa-carriere\/\" \/>\n<meta property=\"og:site_name\" content=\"GlobalExam Blog\" \/>\n<meta property=\"article:publisher\" content=\"https:\/\/www.facebook.com\/Global.Exam\" \/>\n<meta property=\"article:modified_time\" content=\"2022-08-31T12:19:58+00:00\" \/>\n<meta name=\"twitter:card\" content=\"summary_large_image\" \/>\n<meta name=\"twitter:site\" content=\"@Global_Exam\" \/>\n<meta name=\"twitter:label1\" content=\"Dur\u00e9e de lecture estim\u00e9e\" \/>\n\t<meta name=\"twitter:data1\" content=\"1 minute\" \/>\n<script type=\"application\/ld+json\" class=\"yoast-schema-graph\">{\"@context\":\"https:\/\/schema.org\",\"@graph\":[{\"@type\":\"WebSite\",\"@id\":\"https:\/\/global-exam.com\/blog\/#website\",\"url\":\"https:\/\/global-exam.com\/blog\/\",\"name\":\"GlobalExam Blog\",\"description\":\"Le blog du sp\\u00e9cialiste de la certification linguistique\",\"potentialAction\":[{\"@type\":\"SearchAction\",\"target\":{\"@type\":\"EntryPoint\",\"urlTemplate\":\"https:\/\/global-exam.com\/blog\/?s={search_term_string}\"},\"query-input\":\"required name=search_term_string\"}],\"inLanguage\":\"fr-FR\"},{\"@type\":\"WebPage\",\"@id\":\"https:\/\/global-exam.com\/blog\/fr\/examens\/ielts\/categorie-lielts-pour-sa-carriere\/#webpage\",\"url\":\"https:\/\/global-exam.com\/blog\/fr\/examens\/ielts\/categorie-lielts-pour-sa-carriere\/\",\"name\":\"L'IELTS pour sa carri\\u00e8re\",\"isPartOf\":{\"@id\":\"https:\/\/global-exam.com\/blog\/#website\"},\"datePublished\":\"2021-08-11T13:14:08+00:00\",\"dateModified\":\"2022-08-31T12:19:58+00:00\",\"description\":\"Boostez votre carri\\u00e8re gr\\u00e2ce \\u00e0 la certification en anglais IELTS, reconnue \\u00e0 l'international. Obtenez un score proche de 9 avec GlobalExam !\",\"breadcrumb\":{\"@id\":\"https:\/\/global-exam.com\/blog\/fr\/examens\/ielts\/categorie-lielts-pour-sa-carriere\/#breadcrumb\"},\"inLanguage\":\"fr-FR\",\"potentialAction\":[{\"@type\":\"ReadAction\",\"target\":[\"https:\/\/global-exam.com\/blog\/fr\/examens\/ielts\/categorie-lielts-pour-sa-carriere\/\"]}]},{\"@type\":\"BreadcrumbList\",\"@id\":\"https:\/\/global-exam.com\/blog\/fr\/examens\/ielts\/categorie-lielts-pour-sa-carriere\/#breadcrumb\",\"itemListElement\":[{\"@type\":\"ListItem\",\"position\":1,\"name\":\"Les examens de langue\",\"item\":\"https:\/\/global-exam.com\/blog\/fr\/examens\/\"},{\"@type\":\"ListItem\",\"position\":2,\"name\":\"IELTS Test : examen d&rsquo;anglais\",\"item\":\"https:\/\/global-exam.com\/blog\/fr\/examens\/ielts\/\"},{\"@type\":\"ListItem\",\"position\":3,\"name\":\"L&rsquo;IELTS pour sa carri\\u00e8re\"}]}]}<\/script>\n<!-- \/ Yoast SEO plugin. -->","yoast_head_json":{"title":"L'IELTS pour sa carri\u00e8re","description":"Boostez votre carri\u00e8re gr\u00e2ce \u00e0 la certification en anglais IELTS, reconnue \u00e0 l'international. Obtenez un score proche de 9 avec GlobalExam !","robots":{"index":"index","follow":"follow","max-snippet":"max-snippet:-1","max-image-preview":"max-image-preview:large","max-video-preview":"max-video-preview:-1"},"canonical":"https:\/\/global-exam.com\/blog\/fr\/examens\/ielts\/categorie-lielts-pour-sa-carriere\/","og_locale":"fr_FR","og_type":"article","og_title":"L'IELTS pour sa carri\u00e8re","og_description":"Boostez votre carri\u00e8re gr\u00e2ce \u00e0 la certification en anglais IELTS, reconnue \u00e0 l'international. Obtenez un score proche de 9 avec GlobalExam !","og_url":"https:\/\/global-exam.com\/blog\/fr\/examens\/ielts\/categorie-lielts-pour-sa-carriere\/","og_site_name":"GlobalExam Blog","article_publisher":"https:\/\/www.facebook.com\/Global.Exam","article_modified_time":"2022-08-31T12:19:58+00:00","twitter_card":"summary_large_image","twitter_site":"@Global_Exam","twitter_misc":{"Dur\u00e9e de lecture estim\u00e9e":"1 minute"},"schema":{"@context":"https:\/\/schema.org","@graph":[{"@type":"WebSite","@id":"https:\/\/global-exam.com\/blog\/#website","url":"https:\/\/global-exam.com\/blog\/","name":"GlobalExam Blog","description":"Le blog du sp\u00e9cialiste de la certification linguistique","potentialAction":[{"@type":"SearchAction","target":{"@type":"EntryPoint","urlTemplate":"https:\/\/global-exam.com\/blog\/?s={search_term_string}"},"query-input":"required name=search_term_string"}],"inLanguage":"fr-FR"},{"@type":"WebPage","@id":"https:\/\/global-exam.com\/blog\/fr\/examens\/ielts\/categorie-lielts-pour-sa-carriere\/#webpage","url":"https:\/\/global-exam.com\/blog\/fr\/examens\/ielts\/categorie-lielts-pour-sa-carriere\/","name":"L'IELTS pour sa carri\u00e8re","isPartOf":{"@id":"https:\/\/global-exam.com\/blog\/#website"},"datePublished":"2021-08-11T13:14:08+00:00","dateModified":"2022-08-31T12:19:58+00:00","description":"Boostez votre carri\u00e8re gr\u00e2ce \u00e0 la certification en anglais IELTS, reconnue \u00e0 l'international. Obtenez un score proche de 9 avec GlobalExam !","breadcrumb":{"@id":"https:\/\/global-exam.com\/blog\/fr\/examens\/ielts\/categorie-lielts-pour-sa-carriere\/#breadcrumb"},"inLanguage":"fr-FR","potentialAction":[{"@type":"ReadAction","target":["https:\/\/global-exam.com\/blog\/fr\/examens\/ielts\/categorie-lielts-pour-sa-carriere\/"]}]},{"@type":"BreadcrumbList","@id":"https:\/\/global-exam.com\/blog\/fr\/examens\/ielts\/categorie-lielts-pour-sa-carriere\/#breadcrumb","itemListElement":[{"@type":"ListItem","position":1,"name":"Les examens de langue","item":"https:\/\/global-exam.com\/blog\/fr\/examens\/"},{"@type":"ListItem","position":2,"name":"IELTS Test : examen d&rsquo;anglais","item":"https:\/\/global-exam.com\/blog\/fr\/examens\/ielts\/"},{"@type":"ListItem","position":3,"name":"L&rsquo;IELTS pour sa carri\u00e8re"}]}]}},"lang":"fr","translations":{"fr":59690},"pll_sync_post":[],"_links":{"self":[{"href":"https:\/\/global-exam.com\/blog\/wp-json\/wp\/v2\/pages\/59690"}],"collection":[{"href":"https:\/\/global-exam.com\/blog\/wp-json\/wp\/v2\/pages"}],"about":[{"href":"https:\/\/global-exam.com\/blog\/wp-json\/wp\/v2\/types\/page"}],"author":[{"embeddable":true,"href":"https:\/\/global-exam.com\/blog\/wp-json\/wp\/v2\/users\/2"}],"replies":[{"embeddable":true,"href":"https:\/\/global-exam.com\/blog\/wp-json\/wp\/v2\/comments?post=59690"}],"version-history":[{"count":9,"href":"https:\/\/global-exam.com\/blog\/wp-json\/wp\/v2\/pages\/59690\/revisions"}],"predecessor-version":[{"id":79184,"href":"https:\/\/global-exam.com\/blog\/wp-json\/wp\/v2\/pages\/59690\/revisions\/79184"}],"up":[{"embeddable":true,"href":"https:\/\/global-exam.com\/blog\/wp-json\/wp\/v2\/pages\/2851"}],"wp:attachment":[{"href":"https:\/\/global-exam.com\/blog\/wp-json\/wp\/v2\/media?parent=59690"}],"curies":[{"name":"wp","href":"https:\/\/api.w.org\/{rel}","templated":true}]}}