{"id":59697,"date":"2021-08-11T15:17:06","date_gmt":"2021-08-11T13:17:06","guid":{"rendered":"https:\/\/global-exam.com\/blog\/?page_id=59697"},"modified":"2022-08-31T14:20:58","modified_gmt":"2022-08-31T12:20:58","slug":"categorie-lielts-pour-ses-etudes","status":"publish","type":"page","link":"https:\/\/global-exam.com\/blog\/fr\/examens\/ielts\/categorie-lielts-pour-ses-etudes\/","title":{"rendered":"L&rsquo;IELTS pour ses \u00e9tudes"},"content":{"rendered":"<p>Passer l&rsquo;IELTS pour ses \u00e9tudes<\/p>\n<p>L\u2019<strong>IELTS<\/strong>\u00a0(<em>International English Language Testing System<\/em>) est l\u2019un des tests d\u2019anglais les plus\u00a0<strong>reconnus au monde<\/strong>. Pass\u00e9 chaque ann\u00e9e par pr\u00e8s de 3 millions de personnes \u00e0 travers la plan\u00e8te, cet examen \u00e9value les <strong>comp\u00e9tences linguistiques g\u00e9n\u00e9rales<\/strong>\u00a0en anglais des candidats et ouvre de nombreuses portes au niveau professionnel et universitaire.<\/p>\n<p>Recherch\u00e9e par les plus grandes <strong>universit\u00e9s internationales<\/strong>, la\u00a0<strong>certification IELTS<\/strong>\u00a0vous permet d\u2019acc\u00e9der \u00e0 une place privil\u00e9gi\u00e9e dans l\u2019enseignement sup\u00e9rieur ou de valider un cursus. Si vous avez pour objectif de partir\u00a0<strong>\u00e9tudier \u00e0 l\u2019\u00e9tranger<\/strong>\u00a0dans une grande \u00e9cole ou universit\u00e9 anglophone, passer l\u2019IELTS vous permettra de renforcer consid\u00e9rablement votre candidature.<\/p>\n<p>Pour atteindre vos objectifs et r\u00e9ussir vos \u00e9tudes, passer l\u2019IELTS est donc un des meilleurs choix \u00e0 faire. Dans cette cat\u00e9gorie, retrouvez tous les articles n\u00e9cessaires pour bien\u00a0<strong>comprendre les enjeux<\/strong>\u00a0de l\u2019IELTS dans le cadre de vos \u00e9tudes et pour bien vous y pr\u00e9parer.<\/p>\n","protected":false},"excerpt":{"rendered":"<p>Passer l&rsquo;IELTS pour ses \u00e9tudes L\u2019IELTS\u00a0(International English Language Testing System) est l\u2019un des tests d\u2019anglais les plus\u00a0reconnus au monde. Pass\u00e9 chaque ann\u00e9e [&hellip;]<\/p>\n","protected":false},"author":2,"featured_media":0,"parent":2851,"menu_order":0,"comment_status":"closed","ping_status":"closed","template":"","meta":[],"acf":[],"yoast_head":"<!-- This site is optimized with the Yoast SEO plugin v17.2.1 - https:\/\/yoast.com\/wordpress\/plugins\/seo\/ -->\n<title>L&#039;IELTS pour ses \u00e9tudes<\/title>\n<meta name=\"description\" content=\"Passer l&#039;IELTS permet chaque ann\u00e9e \u00e0 de nombreux \u00e9tudiants de valider ou de s&#039;ouvrir \u00e0 de nombreux cursus universitaires \u00e0 l&#039;international.\" \/>\n<meta name=\"robots\" content=\"index, follow, max-snippet:-1, max-image-preview:large, max-video-preview:-1\" \/>\n<link rel=\"canonical\" href=\"https:\/\/global-exam.com\/blog\/fr\/examens\/ielts\/categorie-lielts-pour-ses-etudes\/\" \/>\n<meta property=\"og:locale\" content=\"fr_FR\" \/>\n<meta property=\"og:type\" content=\"article\" \/>\n<meta property=\"og:title\" content=\"L&#039;IELTS pour ses \u00e9tudes\" \/>\n<meta property=\"og:description\" content=\"Passer l&#039;IELTS permet chaque ann\u00e9e \u00e0 de nombreux \u00e9tudiants de valider ou de s&#039;ouvrir \u00e0 de nombreux cursus universitaires \u00e0 l&#039;international.\" \/>\n<meta property=\"og:url\" content=\"https:\/\/global-exam.com\/blog\/fr\/examens\/ielts\/categorie-lielts-pour-ses-etudes\/\" \/>\n<meta property=\"og:site_name\" content=\"GlobalExam Blog\" \/>\n<meta property=\"article:publisher\" content=\"https:\/\/www.facebook.com\/Global.Exam\" \/>\n<meta property=\"article:modified_time\" content=\"2022-08-31T12:20:58+00:00\" \/>\n<meta name=\"twitter:card\" content=\"summary_large_image\" \/>\n<meta name=\"twitter:site\" content=\"@Global_Exam\" \/>\n<meta name=\"twitter:label1\" content=\"Dur\u00e9e de lecture estim\u00e9e\" \/>\n\t<meta name=\"twitter:data1\" content=\"1 minute\" \/>\n<script type=\"application\/ld+json\" class=\"yoast-schema-graph\">{\"@context\":\"https:\/\/schema.org\",\"@graph\":[{\"@type\":\"WebSite\",\"@id\":\"https:\/\/global-exam.com\/blog\/#website\",\"url\":\"https:\/\/global-exam.com\/blog\/\",\"name\":\"GlobalExam Blog\",\"description\":\"Le blog du sp\\u00e9cialiste de la certification linguistique\",\"potentialAction\":[{\"@type\":\"SearchAction\",\"target\":{\"@type\":\"EntryPoint\",\"urlTemplate\":\"https:\/\/global-exam.com\/blog\/?s={search_term_string}\"},\"query-input\":\"required name=search_term_string\"}],\"inLanguage\":\"fr-FR\"},{\"@type\":\"WebPage\",\"@id\":\"https:\/\/global-exam.com\/blog\/fr\/examens\/ielts\/categorie-lielts-pour-ses-etudes\/#webpage\",\"url\":\"https:\/\/global-exam.com\/blog\/fr\/examens\/ielts\/categorie-lielts-pour-ses-etudes\/\",\"name\":\"L'IELTS pour ses \\u00e9tudes\",\"isPartOf\":{\"@id\":\"https:\/\/global-exam.com\/blog\/#website\"},\"datePublished\":\"2021-08-11T13:17:06+00:00\",\"dateModified\":\"2022-08-31T12:20:58+00:00\",\"description\":\"Passer l'IELTS permet chaque ann\\u00e9e \\u00e0 de nombreux \\u00e9tudiants de valider ou de s'ouvrir \\u00e0 de nombreux cursus universitaires \\u00e0 l'international.\",\"breadcrumb\":{\"@id\":\"https:\/\/global-exam.com\/blog\/fr\/examens\/ielts\/categorie-lielts-pour-ses-etudes\/#breadcrumb\"},\"inLanguage\":\"fr-FR\",\"potentialAction\":[{\"@type\":\"ReadAction\",\"target\":[\"https:\/\/global-exam.com\/blog\/fr\/examens\/ielts\/categorie-lielts-pour-ses-etudes\/\"]}]},{\"@type\":\"BreadcrumbList\",\"@id\":\"https:\/\/global-exam.com\/blog\/fr\/examens\/ielts\/categorie-lielts-pour-ses-etudes\/#breadcrumb\",\"itemListElement\":[{\"@type\":\"ListItem\",\"position\":1,\"name\":\"Les examens de langue\",\"item\":\"https:\/\/global-exam.com\/blog\/fr\/examens\/\"},{\"@type\":\"ListItem\",\"position\":2,\"name\":\"IELTS Test : examen d&rsquo;anglais\",\"item\":\"https:\/\/global-exam.com\/blog\/fr\/examens\/ielts\/\"},{\"@type\":\"ListItem\",\"position\":3,\"name\":\"L&rsquo;IELTS pour ses \\u00e9tudes\"}]}]}<\/script>\n<!-- \/ Yoast SEO plugin. -->","yoast_head_json":{"title":"L'IELTS pour ses \u00e9tudes","description":"Passer l'IELTS permet chaque ann\u00e9e \u00e0 de nombreux \u00e9tudiants de valider ou de s'ouvrir \u00e0 de nombreux cursus universitaires \u00e0 l'international.","robots":{"index":"index","follow":"follow","max-snippet":"max-snippet:-1","max-image-preview":"max-image-preview:large","max-video-preview":"max-video-preview:-1"},"canonical":"https:\/\/global-exam.com\/blog\/fr\/examens\/ielts\/categorie-lielts-pour-ses-etudes\/","og_locale":"fr_FR","og_type":"article","og_title":"L'IELTS pour ses \u00e9tudes","og_description":"Passer l'IELTS permet chaque ann\u00e9e \u00e0 de nombreux \u00e9tudiants de valider ou de s'ouvrir \u00e0 de nombreux cursus universitaires \u00e0 l'international.","og_url":"https:\/\/global-exam.com\/blog\/fr\/examens\/ielts\/categorie-lielts-pour-ses-etudes\/","og_site_name":"GlobalExam Blog","article_publisher":"https:\/\/www.facebook.com\/Global.Exam","article_modified_time":"2022-08-31T12:20:58+00:00","twitter_card":"summary_large_image","twitter_site":"@Global_Exam","twitter_misc":{"Dur\u00e9e de lecture estim\u00e9e":"1 minute"},"schema":{"@context":"https:\/\/schema.org","@graph":[{"@type":"WebSite","@id":"https:\/\/global-exam.com\/blog\/#website","url":"https:\/\/global-exam.com\/blog\/","name":"GlobalExam Blog","description":"Le blog du sp\u00e9cialiste de la certification linguistique","potentialAction":[{"@type":"SearchAction","target":{"@type":"EntryPoint","urlTemplate":"https:\/\/global-exam.com\/blog\/?s={search_term_string}"},"query-input":"required name=search_term_string"}],"inLanguage":"fr-FR"},{"@type":"WebPage","@id":"https:\/\/global-exam.com\/blog\/fr\/examens\/ielts\/categorie-lielts-pour-ses-etudes\/#webpage","url":"https:\/\/global-exam.com\/blog\/fr\/examens\/ielts\/categorie-lielts-pour-ses-etudes\/","name":"L'IELTS pour ses \u00e9tudes","isPartOf":{"@id":"https:\/\/global-exam.com\/blog\/#website"},"datePublished":"2021-08-11T13:17:06+00:00","dateModified":"2022-08-31T12:20:58+00:00","description":"Passer l'IELTS permet chaque ann\u00e9e \u00e0 de nombreux \u00e9tudiants de valider ou de s'ouvrir \u00e0 de nombreux cursus universitaires \u00e0 l'international.","breadcrumb":{"@id":"https:\/\/global-exam.com\/blog\/fr\/examens\/ielts\/categorie-lielts-pour-ses-etudes\/#breadcrumb"},"inLanguage":"fr-FR","potentialAction":[{"@type":"ReadAction","target":["https:\/\/global-exam.com\/blog\/fr\/examens\/ielts\/categorie-lielts-pour-ses-etudes\/"]}]},{"@type":"BreadcrumbList","@id":"https:\/\/global-exam.com\/blog\/fr\/examens\/ielts\/categorie-lielts-pour-ses-etudes\/#breadcrumb","itemListElement":[{"@type":"ListItem","position":1,"name":"Les examens de langue","item":"https:\/\/global-exam.com\/blog\/fr\/examens\/"},{"@type":"ListItem","position":2,"name":"IELTS Test : examen d&rsquo;anglais","item":"https:\/\/global-exam.com\/blog\/fr\/examens\/ielts\/"},{"@type":"ListItem","position":3,"name":"L&rsquo;IELTS pour ses \u00e9tudes"}]}]}},"lang":"fr","translations":{"fr":59697},"pll_sync_post":[],"_links":{"self":[{"href":"https:\/\/global-exam.com\/blog\/wp-json\/wp\/v2\/pages\/59697"}],"collection":[{"href":"https:\/\/global-exam.com\/blog\/wp-json\/wp\/v2\/pages"}],"about":[{"href":"https:\/\/global-exam.com\/blog\/wp-json\/wp\/v2\/types\/page"}],"author":[{"embeddable":true,"href":"https:\/\/global-exam.com\/blog\/wp-json\/wp\/v2\/users\/2"}],"replies":[{"embeddable":true,"href":"https:\/\/global-exam.com\/blog\/wp-json\/wp\/v2\/comments?post=59697"}],"version-history":[{"count":8,"href":"https:\/\/global-exam.com\/blog\/wp-json\/wp\/v2\/pages\/59697\/revisions"}],"predecessor-version":[{"id":79185,"href":"https:\/\/global-exam.com\/blog\/wp-json\/wp\/v2\/pages\/59697\/revisions\/79185"}],"up":[{"embeddable":true,"href":"https:\/\/global-exam.com\/blog\/wp-json\/wp\/v2\/pages\/2851"}],"wp:attachment":[{"href":"https:\/\/global-exam.com\/blog\/wp-json\/wp\/v2\/media?parent=59697"}],"curies":[{"name":"wp","href":"https:\/\/api.w.org\/{rel}","templated":true}]}}