{"id":59701,"date":"2021-08-11T15:19:10","date_gmt":"2021-08-11T13:19:10","guid":{"rendered":"https:\/\/global-exam.com\/blog\/?page_id=59701"},"modified":"2022-08-31T14:21:37","modified_gmt":"2022-08-31T12:21:37","slug":"categorie-pourquoi-passer-lielts","status":"publish","type":"page","link":"https:\/\/global-exam.com\/blog\/fr\/examens\/ielts\/categorie-pourquoi-passer-lielts\/","title":{"rendered":"Pourquoi passer l&rsquo;IELTS ?"},"content":{"rendered":"<p>Attester de son niveau d&rsquo;anglais avec l&rsquo;IELTS<\/p>\n<p>\u00c0 quoi sert l\u2019<strong>IELTS<\/strong> ? Quels avantages procure ce test ? Quelles portes ouvre-t-il et \u00e0 quel type d\u2019opportunit\u00e9s donne-t-il acc\u00e8s ? GlobalExam vous donne les r\u00e9ponses \u00e0 toutes ces questions et bien plus encore dans les diff\u00e9rents articles de cette cat\u00e9gorie.<\/p>\n<p>Moins connu que le TOEIC, l\u2019<strong>IELTS<\/strong>\u00a0(<em>International English Language Testing System<\/em>) est pourtant l\u2019un des<strong>\u00a0tests d\u2019anglais les plus reconnus<\/strong>\u00a0<strong>au monde<\/strong>. Il est pass\u00e9 chaque ann\u00e9e par plus de 3 millions de candidats dans de nombreux pays. Dans un\u00a0<strong>contexte universitaire ou professionnel<\/strong>, passer ce test vous ouvrira de nombreuses portes et vous donnera un acc\u00e8s facilit\u00e9 aux meilleures \u00e9coles et entreprises anglophones.<\/p>\n<p>L\u2019<strong>IELTS<\/strong>\u00a0est un test standardis\u00e9, r\u00e9gi par des consignes particuli\u00e8res et un mode de raisonnement pr\u00e9cis. Il convient donc de\u00a0<strong>bien s\u2019y pr\u00e9parer<\/strong>\u00a0\u00e0 l\u2019avance et de\u00a0<strong>planifier un programme<\/strong>\u00a0d\u2019entra\u00eenement rigoureux avant de passer l\u2019examen.<\/p>\n","protected":false},"excerpt":{"rendered":"<p>Attester de son niveau d&rsquo;anglais avec l&rsquo;IELTS \u00c0 quoi sert l\u2019IELTS ? Quels avantages procure ce test ? Quelles portes ouvre-t-il et [&hellip;]<\/p>\n","protected":false},"author":2,"featured_media":0,"parent":2851,"menu_order":0,"comment_status":"closed","ping_status":"closed","template":"","meta":[],"acf":[],"yoast_head":"<!-- This site is optimized with the Yoast SEO plugin v17.2.1 - https:\/\/yoast.com\/wordpress\/plugins\/seo\/ -->\n<title>Pourquoi passer l&#039;IELTS ?<\/title>\n<meta name=\"description\" content=\"Validez votre niveau d&#039;anglais en passant l&#039;IELTS ! D\u00e9couvrez nos articles sur l&#039;IELTS pour comprendre les avantages que pr\u00e9sente ce test.\" \/>\n<meta name=\"robots\" content=\"index, follow, max-snippet:-1, max-image-preview:large, max-video-preview:-1\" \/>\n<link rel=\"canonical\" href=\"https:\/\/global-exam.com\/blog\/fr\/examens\/ielts\/categorie-pourquoi-passer-lielts\/\" \/>\n<meta property=\"og:locale\" content=\"fr_FR\" \/>\n<meta property=\"og:type\" content=\"article\" \/>\n<meta property=\"og:title\" content=\"Pourquoi passer l&#039;IELTS ?\" \/>\n<meta property=\"og:description\" content=\"Validez votre niveau d&#039;anglais en passant l&#039;IELTS ! D\u00e9couvrez nos articles sur l&#039;IELTS pour comprendre les avantages que pr\u00e9sente ce test.\" \/>\n<meta property=\"og:url\" content=\"https:\/\/global-exam.com\/blog\/fr\/examens\/ielts\/categorie-pourquoi-passer-lielts\/\" \/>\n<meta property=\"og:site_name\" content=\"GlobalExam Blog\" \/>\n<meta property=\"article:publisher\" content=\"https:\/\/www.facebook.com\/Global.Exam\" \/>\n<meta property=\"article:modified_time\" content=\"2022-08-31T12:21:37+00:00\" \/>\n<meta name=\"twitter:card\" content=\"summary_large_image\" \/>\n<meta name=\"twitter:site\" content=\"@Global_Exam\" \/>\n<meta name=\"twitter:label1\" content=\"Dur\u00e9e de lecture estim\u00e9e\" \/>\n\t<meta name=\"twitter:data1\" content=\"1 minute\" \/>\n<script type=\"application\/ld+json\" class=\"yoast-schema-graph\">{\"@context\":\"https:\/\/schema.org\",\"@graph\":[{\"@type\":\"WebSite\",\"@id\":\"https:\/\/global-exam.com\/blog\/#website\",\"url\":\"https:\/\/global-exam.com\/blog\/\",\"name\":\"GlobalExam Blog\",\"description\":\"Le blog du sp\\u00e9cialiste de la certification linguistique\",\"potentialAction\":[{\"@type\":\"SearchAction\",\"target\":{\"@type\":\"EntryPoint\",\"urlTemplate\":\"https:\/\/global-exam.com\/blog\/?s={search_term_string}\"},\"query-input\":\"required name=search_term_string\"}],\"inLanguage\":\"fr-FR\"},{\"@type\":\"WebPage\",\"@id\":\"https:\/\/global-exam.com\/blog\/fr\/examens\/ielts\/categorie-pourquoi-passer-lielts\/#webpage\",\"url\":\"https:\/\/global-exam.com\/blog\/fr\/examens\/ielts\/categorie-pourquoi-passer-lielts\/\",\"name\":\"Pourquoi passer l'IELTS ?\",\"isPartOf\":{\"@id\":\"https:\/\/global-exam.com\/blog\/#website\"},\"datePublished\":\"2021-08-11T13:19:10+00:00\",\"dateModified\":\"2022-08-31T12:21:37+00:00\",\"description\":\"Validez votre niveau d'anglais en passant l'IELTS ! D\\u00e9couvrez nos articles sur l'IELTS pour comprendre les avantages que pr\\u00e9sente ce test.\",\"breadcrumb\":{\"@id\":\"https:\/\/global-exam.com\/blog\/fr\/examens\/ielts\/categorie-pourquoi-passer-lielts\/#breadcrumb\"},\"inLanguage\":\"fr-FR\",\"potentialAction\":[{\"@type\":\"ReadAction\",\"target\":[\"https:\/\/global-exam.com\/blog\/fr\/examens\/ielts\/categorie-pourquoi-passer-lielts\/\"]}]},{\"@type\":\"BreadcrumbList\",\"@id\":\"https:\/\/global-exam.com\/blog\/fr\/examens\/ielts\/categorie-pourquoi-passer-lielts\/#breadcrumb\",\"itemListElement\":[{\"@type\":\"ListItem\",\"position\":1,\"name\":\"Les examens de langue\",\"item\":\"https:\/\/global-exam.com\/blog\/fr\/examens\/\"},{\"@type\":\"ListItem\",\"position\":2,\"name\":\"IELTS Test : examen d&rsquo;anglais\",\"item\":\"https:\/\/global-exam.com\/blog\/fr\/examens\/ielts\/\"},{\"@type\":\"ListItem\",\"position\":3,\"name\":\"Pourquoi passer l&rsquo;IELTS ?\"}]}]}<\/script>\n<!-- \/ Yoast SEO plugin. -->","yoast_head_json":{"title":"Pourquoi passer l'IELTS ?","description":"Validez votre niveau d'anglais en passant l'IELTS ! D\u00e9couvrez nos articles sur l'IELTS pour comprendre les avantages que pr\u00e9sente ce test.","robots":{"index":"index","follow":"follow","max-snippet":"max-snippet:-1","max-image-preview":"max-image-preview:large","max-video-preview":"max-video-preview:-1"},"canonical":"https:\/\/global-exam.com\/blog\/fr\/examens\/ielts\/categorie-pourquoi-passer-lielts\/","og_locale":"fr_FR","og_type":"article","og_title":"Pourquoi passer l'IELTS ?","og_description":"Validez votre niveau d'anglais en passant l'IELTS ! D\u00e9couvrez nos articles sur l'IELTS pour comprendre les avantages que pr\u00e9sente ce test.","og_url":"https:\/\/global-exam.com\/blog\/fr\/examens\/ielts\/categorie-pourquoi-passer-lielts\/","og_site_name":"GlobalExam Blog","article_publisher":"https:\/\/www.facebook.com\/Global.Exam","article_modified_time":"2022-08-31T12:21:37+00:00","twitter_card":"summary_large_image","twitter_site":"@Global_Exam","twitter_misc":{"Dur\u00e9e de lecture estim\u00e9e":"1 minute"},"schema":{"@context":"https:\/\/schema.org","@graph":[{"@type":"WebSite","@id":"https:\/\/global-exam.com\/blog\/#website","url":"https:\/\/global-exam.com\/blog\/","name":"GlobalExam Blog","description":"Le blog du sp\u00e9cialiste de la certification linguistique","potentialAction":[{"@type":"SearchAction","target":{"@type":"EntryPoint","urlTemplate":"https:\/\/global-exam.com\/blog\/?s={search_term_string}"},"query-input":"required name=search_term_string"}],"inLanguage":"fr-FR"},{"@type":"WebPage","@id":"https:\/\/global-exam.com\/blog\/fr\/examens\/ielts\/categorie-pourquoi-passer-lielts\/#webpage","url":"https:\/\/global-exam.com\/blog\/fr\/examens\/ielts\/categorie-pourquoi-passer-lielts\/","name":"Pourquoi passer l'IELTS ?","isPartOf":{"@id":"https:\/\/global-exam.com\/blog\/#website"},"datePublished":"2021-08-11T13:19:10+00:00","dateModified":"2022-08-31T12:21:37+00:00","description":"Validez votre niveau d'anglais en passant l'IELTS ! D\u00e9couvrez nos articles sur l'IELTS pour comprendre les avantages que pr\u00e9sente ce test.","breadcrumb":{"@id":"https:\/\/global-exam.com\/blog\/fr\/examens\/ielts\/categorie-pourquoi-passer-lielts\/#breadcrumb"},"inLanguage":"fr-FR","potentialAction":[{"@type":"ReadAction","target":["https:\/\/global-exam.com\/blog\/fr\/examens\/ielts\/categorie-pourquoi-passer-lielts\/"]}]},{"@type":"BreadcrumbList","@id":"https:\/\/global-exam.com\/blog\/fr\/examens\/ielts\/categorie-pourquoi-passer-lielts\/#breadcrumb","itemListElement":[{"@type":"ListItem","position":1,"name":"Les examens de langue","item":"https:\/\/global-exam.com\/blog\/fr\/examens\/"},{"@type":"ListItem","position":2,"name":"IELTS Test : examen d&rsquo;anglais","item":"https:\/\/global-exam.com\/blog\/fr\/examens\/ielts\/"},{"@type":"ListItem","position":3,"name":"Pourquoi passer l&rsquo;IELTS ?"}]}]}},"lang":"fr","translations":{"fr":59701},"pll_sync_post":[],"_links":{"self":[{"href":"https:\/\/global-exam.com\/blog\/wp-json\/wp\/v2\/pages\/59701"}],"collection":[{"href":"https:\/\/global-exam.com\/blog\/wp-json\/wp\/v2\/pages"}],"about":[{"href":"https:\/\/global-exam.com\/blog\/wp-json\/wp\/v2\/types\/page"}],"author":[{"embeddable":true,"href":"https:\/\/global-exam.com\/blog\/wp-json\/wp\/v2\/users\/2"}],"replies":[{"embeddable":true,"href":"https:\/\/global-exam.com\/blog\/wp-json\/wp\/v2\/comments?post=59701"}],"version-history":[{"count":8,"href":"https:\/\/global-exam.com\/blog\/wp-json\/wp\/v2\/pages\/59701\/revisions"}],"predecessor-version":[{"id":79186,"href":"https:\/\/global-exam.com\/blog\/wp-json\/wp\/v2\/pages\/59701\/revisions\/79186"}],"up":[{"embeddable":true,"href":"https:\/\/global-exam.com\/blog\/wp-json\/wp\/v2\/pages\/2851"}],"wp:attachment":[{"href":"https:\/\/global-exam.com\/blog\/wp-json\/wp\/v2\/media?parent=59701"}],"curies":[{"name":"wp","href":"https:\/\/api.w.org\/{rel}","templated":true}]}}